{"id":96,"date":"2008-05-11T20:09:37","date_gmt":"2008-05-11T18:09:37","guid":{"rendered":"http:\/\/la-ex.net\/?page_id=96"},"modified":"2021-08-17T12:03:51","modified_gmt":"2021-08-17T10:03:51","slug":"festival-teatro-concierto-sala","status":"publish","type":"page","link":"https:\/\/xnet-x.net\/es\/herramientas\/eventos-publicos\/festival-teatro-concierto-sala\/","title":{"rendered":"Programo conciertos, festivales, teatro y otros eventos p\u00fablicos."},"content":{"rendered":"<p><em>[Atenci\u00f3n. Todos estos recursos, los de la secci\u00f3n <a href=\"https:\/\/xnet-x.net\/contactanos-para\/portal-de-cultura-libre\/\" rel=\"noopener noreferrer\" target=\"_blank\">Recursos de Cultura Libre <\/a>est\u00e1n desactualizados desde 2010. Aunque muchos todav\u00eda pueden servir, antes de usarlos se deben revisar seg\u00fan la legislaci\u00f3n vigente.]<\/em><br \/>\n&nbsp;<\/p>\n<p style=\"margin-bottom: 0cm;\">Si programas autores\/int\u00e9rpretes socios de SGAE tienes que pagar.<\/p>\n<p style=\"margin-bottom: 0cm;\">Si ninguno de los autores o int\u00e9rpretes que programas est\u00e1n asociados a la SGAE, bajo ning\u00fan concepto tienes por qu\u00e9 pagar a \u00e9sta ninguna recaudaci\u00f3n. Por esto tienes que tener una <a href=\"\/herramientas\/documentos\/declaracion-derechos-no-cedidos\">declaraci\u00f3n firmada, por los artistas, de no pertenecer a ninguna sociedad de gesti\u00f3n<\/a> (Anexo 1) y tenerla a mano para presentarla al comercial de la SGAE juntamente con t\u00fa <a href=\"\/herramientas\/documentos\/no-programo-socios \">declaraci\u00f3n de no contratar a ning\u00fan artista socio de SGAE<\/a>. Si presentas estos documentos no pueden reclamar nada.<\/p>\n<p style=\"margin-bottom: 0cm;\">Si programas autores\/int\u00e9rpretes afiliados a la SGAE y otros que no lo est\u00e1n, debes hacer un desglose y pagar el tanto por ciento correspondiente a los artistas afiliados y no a los otros.<\/p>\n<p style=\"margin-bottom: 0cm;\">Por esto tienes que tener una declaraci\u00f3n firmada, por los artistas, de\u00a0<a href=\"\/herramientas\/documentos\/declaracion-derechos-no-cedidos\"> no pertenencia a la SGAE<\/a><em> <\/em>(Anexo 1) y tenerlas a mano para present\u00e1rselas al comercial de la SGAE juntamente con t\u00fa declaraci\u00f3n de que solo  <a href=\"\/herramientas\/documentos\/programo-algunos-socios\">parte de los artistas por ti contratados son socios de SGAE<\/a>. Si le presentas estos documentos s\u00f3lo pueden reclamarte la cantidad proporcional correspondiente a los artistas afiliados.<\/p>\n<p>Tienes a t\u00fa disposici\u00f3n unas cl\u00e1usulas que puedes introducir en los contratos que firmes con los artistas , para eximirte  del pago a la SGAE y pagar directamente a los artistas sus derechos de autor en el caso no sean socios de SGAE y as\u00ed lo deseen. En el caso sean socios de SGAE puedes detraer de su cachet  la  cantidad correspondiente a los derechos de la obra  para su liquidaci\u00f3n a trav\u00e9s de esta entidad .<\/p>\n<p style=\"margin-bottom: 0cm;\">Distinguimos <a href=\"\/herramientas\/documentos\/clausula-contrato-conciertos\">cl\u00e1usulas para programaci\u00f3n de conciertos<\/a> y <a href=\"\/herramientas\/documentos\/clausula-contrato-teatro-danza\">cl\u00e1usulas para programaci\u00f3n de teatro, danza etc<br \/>\n<\/a><\/p>\n<p style=\"margin-bottom: 0cm;\">\n<p style=\"margin-bottom: 0cm;\">\n<p><\/p>","protected":false},"excerpt":{"rendered":"<p>[Atenci\u00f3n. Todos estos recursos, los de la secci\u00f3n Recursos de Cultura Libre est\u00e1n desactualizados desde 2010. Aunque muchos todav\u00eda pueden servir, antes de usarlos se deben revisar seg\u00fan la legislaci\u00f3n vigente.] &nbsp; Si programas autores\/int\u00e9rpretes socios de SGAE tienes que pagar. Si ninguno de los autores o int\u00e9rpretes que programas est\u00e1n asociados a la SGAE, [&hellip;]<\/p>\n","protected":false},"author":5,"featured_media":0,"parent":2448,"menu_order":0,"comment_status":"open","ping_status":"closed","template":"","meta":{"footnotes":""},"class_list":["post-96","page","type-page","status-publish","hentry"],"yoast_head":"<!-- This site is optimized with the Yoast SEO plugin v26.7 - https:\/\/yoast.com\/wordpress\/plugins\/seo\/ -->\n<title>Programo conciertos, festivales, teatro y otros eventos p\u00fablicos. -<\/title>\n<meta name=\"robots\" content=\"index, follow, max-snippet:-1, max-image-preview:large, max-video-preview:-1\" \/>\n<link rel=\"canonical\" href=\"https:\/\/xnet-x.net\/es\/herramientas\/eventos-publicos\/festival-teatro-concierto-sala\/\" \/>\n<meta name=\"twitter:label1\" content=\"Tiempo de lectura\" \/>\n\t<meta name=\"twitter:data1\" content=\"2 minutos\" \/>\n<script type=\"application\/ld+json\" class=\"yoast-schema-graph\">{\"@context\":\"https:\/\/schema.org\",\"@graph\":[{\"@type\":\"WebPage\",\"@id\":\"https:\/\/xnet-x.net\/es\/herramientas\/eventos-publicos\/festival-teatro-concierto-sala\/\",\"url\":\"https:\/\/xnet-x.net\/es\/herramientas\/eventos-publicos\/festival-teatro-concierto-sala\/\",\"name\":\"Programo conciertos, festivales, teatro y otros eventos p\u00fablicos. -\",\"isPartOf\":{\"@id\":\"https:\/\/xnet-x.net\/es\/#website\"},\"datePublished\":\"2008-05-11T18:09:37+00:00\",\"dateModified\":\"2021-08-17T10:03:51+00:00\",\"breadcrumb\":{\"@id\":\"https:\/\/xnet-x.net\/es\/herramientas\/eventos-publicos\/festival-teatro-concierto-sala\/#breadcrumb\"},\"inLanguage\":\"es\",\"potentialAction\":[{\"@type\":\"ReadAction\",\"target\":[[\"https:\/\/xnet-x.net\/es\/herramientas\/eventos-publicos\/festival-teatro-concierto-sala\/\"]]}]},{\"@type\":\"BreadcrumbList\",\"@id\":\"https:\/\/xnet-x.net\/es\/herramientas\/eventos-publicos\/festival-teatro-concierto-sala\/#breadcrumb\",\"itemListElement\":[{\"@type\":\"ListItem\",\"position\":1,\"name\":\"Portada\",\"item\":\"https:\/\/xnet-x.net\/es\/\"},{\"@type\":\"ListItem\",\"position\":2,\"name\":\"(Es) Herramientas\",\"item\":\"https:\/\/xnet-x.net\/es\/herramientas\/\"},{\"@type\":\"ListItem\",\"position\":3,\"name\":\"Eventos p\u00fablicos\",\"item\":\"https:\/\/xnet-x.net\/es\/herramientas\/eventos-publicos\/\"},{\"@type\":\"ListItem\",\"position\":4,\"name\":\"Programo conciertos, festivales, teatro y otros eventos p\u00fablicos.\"}]},{\"@type\":\"WebSite\",\"@id\":\"https:\/\/xnet-x.net\/es\/#website\",\"url\":\"https:\/\/xnet-x.net\/es\/\",\"name\":\"[:es]Xnet - Internet, derechos y democracia en la era digital[:ca]Xnet - Internet, drets i democr\u00e0cia en l'era digital[:en]Xnet - Internet freedoms & digital rights[:]\",\"description\":\"Xnet: Internet, informaci\u00f3n y cultura libres. Tecnopol\u00edtica. Datos, algoritmos y derechos digitales. Libertad de expresi\u00f3n. Democracia y anticorrupci\u00f3n\",\"publisher\":{\"@id\":\"https:\/\/xnet-x.net\/es\/#organization\"},\"potentialAction\":[{\"@type\":\"SearchAction\",\"target\":{\"@type\":\"EntryPoint\",\"urlTemplate\":\"https:\/\/xnet-x.net\/es\/?s={search_term_string}\"},\"query-input\":{\"@type\":\"PropertyValueSpecification\",\"valueRequired\":true,\"valueName\":\"search_term_string\"}}],\"inLanguage\":\"es\"},{\"@type\":\"Organization\",\"@id\":\"https:\/\/xnet-x.net\/es\/#organization\",\"name\":\"Xnet - Internet, derechos y democracia en la era digital\",\"url\":\"https:\/\/xnet-x.net\/es\/\",\"logo\":{\"@type\":\"ImageObject\",\"inLanguage\":\"es\",\"@id\":\"https:\/\/xnet-x.net\/es\/#\/schema\/logo\/image\/\",\"url\":\"https:\/\/xnet-x.net\/img\/xnet-logo.png\",\"contentUrl\":\"https:\/\/xnet-x.net\/img\/xnet-logo.png\",\"width\":512,\"height\":512,\"caption\":\"Xnet - Internet, derechos y democracia en la era digital\"},\"image\":{\"@id\":\"https:\/\/xnet-x.net\/es\/#\/schema\/logo\/image\/\"},\"sameAs\":[\"http:\/\/facebook.com\/RedX.Net\/\",\"https:\/\/x.com\/x_net_\",\"https:\/\/es.wikipedia.org\/wiki\/Xnet\"]}]}<\/script>\n<!-- \/ Yoast SEO plugin. -->","yoast_head_json":{"title":"Programo conciertos, festivales, teatro y otros eventos p\u00fablicos. -","robots":{"index":"index","follow":"follow","max-snippet":"max-snippet:-1","max-image-preview":"max-image-preview:large","max-video-preview":"max-video-preview:-1"},"canonical":"https:\/\/xnet-x.net\/es\/herramientas\/eventos-publicos\/festival-teatro-concierto-sala\/","twitter_misc":{"Tiempo de lectura":"2 minutos"},"schema":{"@context":"https:\/\/schema.org","@graph":[{"@type":"WebPage","@id":"https:\/\/xnet-x.net\/es\/herramientas\/eventos-publicos\/festival-teatro-concierto-sala\/","url":"https:\/\/xnet-x.net\/es\/herramientas\/eventos-publicos\/festival-teatro-concierto-sala\/","name":"Programo conciertos, festivales, teatro y otros eventos p\u00fablicos. -","isPartOf":{"@id":"https:\/\/xnet-x.net\/es\/#website"},"datePublished":"2008-05-11T18:09:37+00:00","dateModified":"2021-08-17T10:03:51+00:00","breadcrumb":{"@id":"https:\/\/xnet-x.net\/es\/herramientas\/eventos-publicos\/festival-teatro-concierto-sala\/#breadcrumb"},"inLanguage":"es","potentialAction":[{"@type":"ReadAction","target":[["https:\/\/xnet-x.net\/es\/herramientas\/eventos-publicos\/festival-teatro-concierto-sala\/"]]}]},{"@type":"BreadcrumbList","@id":"https:\/\/xnet-x.net\/es\/herramientas\/eventos-publicos\/festival-teatro-concierto-sala\/#breadcrumb","itemListElement":[{"@type":"ListItem","position":1,"name":"Portada","item":"https:\/\/xnet-x.net\/es\/"},{"@type":"ListItem","position":2,"name":"(Es) Herramientas","item":"https:\/\/xnet-x.net\/es\/herramientas\/"},{"@type":"ListItem","position":3,"name":"Eventos p\u00fablicos","item":"https:\/\/xnet-x.net\/es\/herramientas\/eventos-publicos\/"},{"@type":"ListItem","position":4,"name":"Programo conciertos, festivales, teatro y otros eventos p\u00fablicos."}]},{"@type":"WebSite","@id":"https:\/\/xnet-x.net\/es\/#website","url":"https:\/\/xnet-x.net\/es\/","name":"[:es]Xnet - Internet, derechos y democracia en la era digital[:ca]Xnet - Internet, drets i democr\u00e0cia en l'era digital[:en]Xnet - Internet freedoms & digital rights[:]","description":"Xnet: Internet, informaci\u00f3n y cultura libres. Tecnopol\u00edtica. Datos, algoritmos y derechos digitales. Libertad de expresi\u00f3n. Democracia y anticorrupci\u00f3n","publisher":{"@id":"https:\/\/xnet-x.net\/es\/#organization"},"potentialAction":[{"@type":"SearchAction","target":{"@type":"EntryPoint","urlTemplate":"https:\/\/xnet-x.net\/es\/?s={search_term_string}"},"query-input":{"@type":"PropertyValueSpecification","valueRequired":true,"valueName":"search_term_string"}}],"inLanguage":"es"},{"@type":"Organization","@id":"https:\/\/xnet-x.net\/es\/#organization","name":"Xnet - Internet, derechos y democracia en la era digital","url":"https:\/\/xnet-x.net\/es\/","logo":{"@type":"ImageObject","inLanguage":"es","@id":"https:\/\/xnet-x.net\/es\/#\/schema\/logo\/image\/","url":"https:\/\/xnet-x.net\/img\/xnet-logo.png","contentUrl":"https:\/\/xnet-x.net\/img\/xnet-logo.png","width":512,"height":512,"caption":"Xnet - Internet, derechos y democracia en la era digital"},"image":{"@id":"https:\/\/xnet-x.net\/es\/#\/schema\/logo\/image\/"},"sameAs":["http:\/\/facebook.com\/RedX.Net\/","https:\/\/x.com\/x_net_","https:\/\/es.wikipedia.org\/wiki\/Xnet"]}]}},"_links":{"self":[{"href":"https:\/\/xnet-x.net\/es\/wp-json\/wp\/v2\/pages\/96","targetHints":{"allow":["GET"]}}],"collection":[{"href":"https:\/\/xnet-x.net\/es\/wp-json\/wp\/v2\/pages"}],"about":[{"href":"https:\/\/xnet-x.net\/es\/wp-json\/wp\/v2\/types\/page"}],"author":[{"embeddable":true,"href":"https:\/\/xnet-x.net\/es\/wp-json\/wp\/v2\/users\/5"}],"replies":[{"embeddable":true,"href":"https:\/\/xnet-x.net\/es\/wp-json\/wp\/v2\/comments?post=96"}],"version-history":[{"count":5,"href":"https:\/\/xnet-x.net\/es\/wp-json\/wp\/v2\/pages\/96\/revisions"}],"predecessor-version":[{"id":22783,"href":"https:\/\/xnet-x.net\/es\/wp-json\/wp\/v2\/pages\/96\/revisions\/22783"}],"up":[{"embeddable":true,"href":"https:\/\/xnet-x.net\/es\/wp-json\/wp\/v2\/pages\/2448"}],"wp:attachment":[{"href":"https:\/\/xnet-x.net\/es\/wp-json\/wp\/v2\/media?parent=96"}],"curies":[{"name":"wp","href":"https:\/\/api.w.org\/{rel}","templated":true}]}}