{"id":95,"date":"2008-05-11T20:12:35","date_gmt":"2008-05-11T18:12:35","guid":{"rendered":"http:\/\/la-ex.net\/?page_id=95"},"modified":"2021-08-17T12:04:18","modified_gmt":"2021-08-17T10:04:18","slug":"recibo-carta","status":"publish","type":"page","link":"https:\/\/xnet-x.net\/es\/herramientas\/tienda-bar-escuela\/recibo-carta\/","title":{"rendered":"Si recibes una carta de SGAE u otra entidad de gesti\u00f3n"},"content":{"rendered":"<p><em>[Atenci\u00f3n. Todos estos recursos, los de la secci\u00f3n <a href=\"https:\/\/xnet-x.net\/contactanos-para\/portal-de-cultura-libre\/\" rel=\"noopener noreferrer\" target=\"_blank\">Recursos de Cultura Libre <\/a>est\u00e1n desactualizados desde 2010. Aunque muchos todav\u00eda pueden servir, antes de usarlos se deben revisar seg\u00fan la legislaci\u00f3n vigente.]<\/em><br \/>\n&nbsp;<\/p>\n<p>Si recibes una carta de SGAE reclam\u00e1ndote el pago por la difusi\u00f3n de obras pertenecientes al repertorio gestionado por ella, y no est\u00e1s de acuerdo.<\/p>\n<p>1\u00ba.- Formaliza por escrito (carta certificada con acuse de recibo) tu expreso deseo y derecho a no difundir ning\u00fan tipo de producto perteneciente al repertorio gestionado por SGAE y a fin de no da\u00f1ar los derechos econ\u00f3micos de ninguno de sus clientes: Aprovecha la ocasi\u00f3n para\u2026<\/p>\n<p>2\u00ba- Reclamar el repertorio sobre el cual est\u00e1 autorizada a recaudar a fin de poder evitar, con eficacia, las obras que gestiona: Aprovecha la ocasi\u00f3n para\u2026<\/p>\n<p>3\u00ba.- Consultarles amablemente si gestionan los derechos de: Ponles algunos ejemplos de las obras de autores no asociados a ninguna entidad de gesti\u00f3n, que utilizas. A fin de que te respondan con reconocimiento de que NO son gestores de todo el material audiovisual existente y en concreto del utilizado por ti.<\/p>\n<p>Si NO firmas:<\/p>\n<ol>\n<li>Ser\u00e1s libre para decidir el repertorio de audio o v\u00eddeo que quieras utilizar en tu negocio, si decides hacer uso de material perteneciente al repertorio de SGAE, podr\u00e1s asesorarte de cu\u00e1l es la tarifa correcta y exacta que le corresponda a tu negocio.<\/li>\n<li>Podr\u00e1s exigir un contrato a tu medida y no el est\u00e1ndar que alberga multitud de ambiguedades y omisiones que parecen inocentes y nimias, y pueden significar, en caso de pleito, obst\u00e1culos insalvables para tu defensa.<\/li>\n<li>Podr\u00e1s exigir el listado del repertorio en nombre del  cual cobran, lo que te dar\u00e1 la oportunidad de decidir si quieres hacer uso de \u00e9l o no.<\/li>\n<\/ol>\n<p><a href=\"\/herramientas\/documentos\/carta-respuesta-hosteleria\">Ejemplo carta respuesta  para  hosteler\u00eda , escuelas de baile etc<\/a><\/p>\n<p><a href=\"\/herramientas\/documentos\/carta-respuesta-tienda\">Ejemplo carta respuesta comercios en general<\/a><\/p>\n<p>Tambi\u00e9n tienes la opci\u00f3n de no firmar y decidir utilizar s\u00f3lo obras que no est\u00e9n  incluidas en el repertorio de SGAE. En este caso comunica tu decisi\u00f3n y sobre todo proc\u00farate material con estas caracter\u00edsticas.<\/p>\n<p>Muchos establecimientos ya han cancelado sus contratos con SGAE y algunos de ellos han recibido amenazas de \u201csecuestro\u201d de radios y equipos. Viendo c\u00f3mo se le acaba el negocio  apuntan contra la propiedad privada. No te dejes atemorizar!<a href=\"http:\/\/www.sgaecontratraxtore.com\/cms\/index.php?page=sgae-amenaza-con-el-secuestro-de-teles-y-equipos\" target=\"_blank\" rel=\"noopener noreferrer\"> Consulta aqu\u00ed m\u00e1s detalles<\/a><\/p>\n<p>Si firmas:<\/p>\n<ol>\n<li>Asumes a titulo personal la obligaci\u00f3n de pagar mensualmente una cuota por los conceptos especificados en el contrato, hagas o no uso de ellos. Contrato cuya desvinculaci\u00f3n es altamente complicada, hasta el punto de que sirve para documentar reclamaciones en concepto de atrasos sobre negocios que ya no est\u00e1n en activo y la deuda ha seguido creciendo a nombre del firmante, que finalmente es demandado judicialmente por \u201cincumplimiento de contrato\u201d.<\/li>\n<li>Firmar un contrato a SGAE no significa que liquides a todas las entidades que pueden exigirte una cuota. En cambio est\u00e1s reconociendo en ese contrato que haces uso de material protegido por ellas. Pagas a una pero le reconoces el derecho al resto. \u00bfA cuantas entidades estas dispuesto a pagar por lo mismo?<\/li>\n<\/ol>\n<p><\/p>","protected":false},"excerpt":{"rendered":"<p>[Atenci\u00f3n. Todos estos recursos, los de la secci\u00f3n Recursos de Cultura Libre est\u00e1n desactualizados desde 2010. Aunque muchos todav\u00eda pueden servir, antes de usarlos se deben revisar seg\u00fan la legislaci\u00f3n vigente.] &nbsp; Si recibes una carta de SGAE reclam\u00e1ndote el pago por la difusi\u00f3n de obras pertenecientes al repertorio gestionado por ella, y no est\u00e1s [&hellip;]<\/p>\n","protected":false},"author":5,"featured_media":0,"parent":2481,"menu_order":0,"comment_status":"open","ping_status":"closed","template":"","meta":{"footnotes":""},"class_list":["post-95","page","type-page","status-publish","hentry"],"yoast_head":"<!-- This site is optimized with the Yoast SEO plugin v26.7 - https:\/\/yoast.com\/wordpress\/plugins\/seo\/ -->\n<title>Si recibes una carta de SGAE u otra entidad de gesti\u00f3n -<\/title>\n<meta name=\"robots\" content=\"index, follow, max-snippet:-1, max-image-preview:large, max-video-preview:-1\" \/>\n<link rel=\"canonical\" href=\"https:\/\/xnet-x.net\/es\/herramientas\/tienda-bar-escuela\/recibo-carta\/\" \/>\n<meta name=\"twitter:label1\" content=\"Tiempo de lectura\" \/>\n\t<meta name=\"twitter:data1\" content=\"3 minutos\" \/>\n<script type=\"application\/ld+json\" class=\"yoast-schema-graph\">{\"@context\":\"https:\/\/schema.org\",\"@graph\":[{\"@type\":\"WebPage\",\"@id\":\"https:\/\/xnet-x.net\/es\/herramientas\/tienda-bar-escuela\/recibo-carta\/\",\"url\":\"https:\/\/xnet-x.net\/es\/herramientas\/tienda-bar-escuela\/recibo-carta\/\",\"name\":\"Si recibes una carta de SGAE u otra entidad de gesti\u00f3n -\",\"isPartOf\":{\"@id\":\"https:\/\/xnet-x.net\/es\/#website\"},\"datePublished\":\"2008-05-11T18:12:35+00:00\",\"dateModified\":\"2021-08-17T10:04:18+00:00\",\"breadcrumb\":{\"@id\":\"https:\/\/xnet-x.net\/es\/herramientas\/tienda-bar-escuela\/recibo-carta\/#breadcrumb\"},\"inLanguage\":\"es\",\"potentialAction\":[{\"@type\":\"ReadAction\",\"target\":[[\"https:\/\/xnet-x.net\/es\/herramientas\/tienda-bar-escuela\/recibo-carta\/\"]]}]},{\"@type\":\"BreadcrumbList\",\"@id\":\"https:\/\/xnet-x.net\/es\/herramientas\/tienda-bar-escuela\/recibo-carta\/#breadcrumb\",\"itemListElement\":[{\"@type\":\"ListItem\",\"position\":1,\"name\":\"Portada\",\"item\":\"https:\/\/xnet-x.net\/es\/\"},{\"@type\":\"ListItem\",\"position\":2,\"name\":\"(Es) Herramientas\",\"item\":\"https:\/\/xnet-x.net\/es\/herramientas\/\"},{\"@type\":\"ListItem\",\"position\":3,\"name\":\"Tienda, bar, escuela&#8230;\",\"item\":\"https:\/\/xnet-x.net\/es\/herramientas\/tienda-bar-escuela\/\"},{\"@type\":\"ListItem\",\"position\":4,\"name\":\"Si recibes una carta de SGAE u otra entidad de gesti\u00f3n\"}]},{\"@type\":\"WebSite\",\"@id\":\"https:\/\/xnet-x.net\/es\/#website\",\"url\":\"https:\/\/xnet-x.net\/es\/\",\"name\":\"[:es]Xnet - Internet, derechos y democracia en la era digital[:ca]Xnet - Internet, drets i democr\u00e0cia en l'era digital[:en]Xnet - Internet freedoms & digital rights[:]\",\"description\":\"Xnet: Internet, informaci\u00f3n y cultura libres. Tecnopol\u00edtica. Datos, algoritmos y derechos digitales. Libertad de expresi\u00f3n. Democracia y anticorrupci\u00f3n\",\"publisher\":{\"@id\":\"https:\/\/xnet-x.net\/es\/#organization\"},\"potentialAction\":[{\"@type\":\"SearchAction\",\"target\":{\"@type\":\"EntryPoint\",\"urlTemplate\":\"https:\/\/xnet-x.net\/es\/?s={search_term_string}\"},\"query-input\":{\"@type\":\"PropertyValueSpecification\",\"valueRequired\":true,\"valueName\":\"search_term_string\"}}],\"inLanguage\":\"es\"},{\"@type\":\"Organization\",\"@id\":\"https:\/\/xnet-x.net\/es\/#organization\",\"name\":\"Xnet - Internet, derechos y democracia en la era digital\",\"url\":\"https:\/\/xnet-x.net\/es\/\",\"logo\":{\"@type\":\"ImageObject\",\"inLanguage\":\"es\",\"@id\":\"https:\/\/xnet-x.net\/es\/#\/schema\/logo\/image\/\",\"url\":\"https:\/\/xnet-x.net\/img\/xnet-logo.png\",\"contentUrl\":\"https:\/\/xnet-x.net\/img\/xnet-logo.png\",\"width\":512,\"height\":512,\"caption\":\"Xnet - Internet, derechos y democracia en la era digital\"},\"image\":{\"@id\":\"https:\/\/xnet-x.net\/es\/#\/schema\/logo\/image\/\"},\"sameAs\":[\"http:\/\/facebook.com\/RedX.Net\/\",\"https:\/\/x.com\/x_net_\",\"https:\/\/es.wikipedia.org\/wiki\/Xnet\"]}]}<\/script>\n<!-- \/ Yoast SEO plugin. -->","yoast_head_json":{"title":"Si recibes una carta de SGAE u otra entidad de gesti\u00f3n -","robots":{"index":"index","follow":"follow","max-snippet":"max-snippet:-1","max-image-preview":"max-image-preview:large","max-video-preview":"max-video-preview:-1"},"canonical":"https:\/\/xnet-x.net\/es\/herramientas\/tienda-bar-escuela\/recibo-carta\/","twitter_misc":{"Tiempo de lectura":"3 minutos"},"schema":{"@context":"https:\/\/schema.org","@graph":[{"@type":"WebPage","@id":"https:\/\/xnet-x.net\/es\/herramientas\/tienda-bar-escuela\/recibo-carta\/","url":"https:\/\/xnet-x.net\/es\/herramientas\/tienda-bar-escuela\/recibo-carta\/","name":"Si recibes una carta de SGAE u otra entidad de gesti\u00f3n -","isPartOf":{"@id":"https:\/\/xnet-x.net\/es\/#website"},"datePublished":"2008-05-11T18:12:35+00:00","dateModified":"2021-08-17T10:04:18+00:00","breadcrumb":{"@id":"https:\/\/xnet-x.net\/es\/herramientas\/tienda-bar-escuela\/recibo-carta\/#breadcrumb"},"inLanguage":"es","potentialAction":[{"@type":"ReadAction","target":[["https:\/\/xnet-x.net\/es\/herramientas\/tienda-bar-escuela\/recibo-carta\/"]]}]},{"@type":"BreadcrumbList","@id":"https:\/\/xnet-x.net\/es\/herramientas\/tienda-bar-escuela\/recibo-carta\/#breadcrumb","itemListElement":[{"@type":"ListItem","position":1,"name":"Portada","item":"https:\/\/xnet-x.net\/es\/"},{"@type":"ListItem","position":2,"name":"(Es) Herramientas","item":"https:\/\/xnet-x.net\/es\/herramientas\/"},{"@type":"ListItem","position":3,"name":"Tienda, bar, escuela&#8230;","item":"https:\/\/xnet-x.net\/es\/herramientas\/tienda-bar-escuela\/"},{"@type":"ListItem","position":4,"name":"Si recibes una carta de SGAE u otra entidad de gesti\u00f3n"}]},{"@type":"WebSite","@id":"https:\/\/xnet-x.net\/es\/#website","url":"https:\/\/xnet-x.net\/es\/","name":"[:es]Xnet - Internet, derechos y democracia en la era digital[:ca]Xnet - Internet, drets i democr\u00e0cia en l'era digital[:en]Xnet - Internet freedoms & digital rights[:]","description":"Xnet: Internet, informaci\u00f3n y cultura libres. Tecnopol\u00edtica. Datos, algoritmos y derechos digitales. Libertad de expresi\u00f3n. Democracia y anticorrupci\u00f3n","publisher":{"@id":"https:\/\/xnet-x.net\/es\/#organization"},"potentialAction":[{"@type":"SearchAction","target":{"@type":"EntryPoint","urlTemplate":"https:\/\/xnet-x.net\/es\/?s={search_term_string}"},"query-input":{"@type":"PropertyValueSpecification","valueRequired":true,"valueName":"search_term_string"}}],"inLanguage":"es"},{"@type":"Organization","@id":"https:\/\/xnet-x.net\/es\/#organization","name":"Xnet - Internet, derechos y democracia en la era digital","url":"https:\/\/xnet-x.net\/es\/","logo":{"@type":"ImageObject","inLanguage":"es","@id":"https:\/\/xnet-x.net\/es\/#\/schema\/logo\/image\/","url":"https:\/\/xnet-x.net\/img\/xnet-logo.png","contentUrl":"https:\/\/xnet-x.net\/img\/xnet-logo.png","width":512,"height":512,"caption":"Xnet - Internet, derechos y democracia en la era digital"},"image":{"@id":"https:\/\/xnet-x.net\/es\/#\/schema\/logo\/image\/"},"sameAs":["http:\/\/facebook.com\/RedX.Net\/","https:\/\/x.com\/x_net_","https:\/\/es.wikipedia.org\/wiki\/Xnet"]}]}},"_links":{"self":[{"href":"https:\/\/xnet-x.net\/es\/wp-json\/wp\/v2\/pages\/95","targetHints":{"allow":["GET"]}}],"collection":[{"href":"https:\/\/xnet-x.net\/es\/wp-json\/wp\/v2\/pages"}],"about":[{"href":"https:\/\/xnet-x.net\/es\/wp-json\/wp\/v2\/types\/page"}],"author":[{"embeddable":true,"href":"https:\/\/xnet-x.net\/es\/wp-json\/wp\/v2\/users\/5"}],"replies":[{"embeddable":true,"href":"https:\/\/xnet-x.net\/es\/wp-json\/wp\/v2\/comments?post=95"}],"version-history":[{"count":6,"href":"https:\/\/xnet-x.net\/es\/wp-json\/wp\/v2\/pages\/95\/revisions"}],"predecessor-version":[{"id":22785,"href":"https:\/\/xnet-x.net\/es\/wp-json\/wp\/v2\/pages\/95\/revisions\/22785"}],"up":[{"embeddable":true,"href":"https:\/\/xnet-x.net\/es\/wp-json\/wp\/v2\/pages\/2481"}],"wp:attachment":[{"href":"https:\/\/xnet-x.net\/es\/wp-json\/wp\/v2\/media?parent=95"}],"curies":[{"name":"wp","href":"https:\/\/api.w.org\/{rel}","templated":true}]}}