{"id":93,"date":"2008-05-11T20:05:31","date_gmt":"2008-05-11T18:05:31","guid":{"rendered":"http:\/\/la-ex.net\/?page_id=93"},"modified":"2021-08-17T12:03:15","modified_gmt":"2021-08-17T10:03:15","slug":"reclamacion-derechos-cine-tv-radio","status":"publish","type":"page","link":"https:\/\/xnet-x.net\/es\/herramientas\/autores-e-interpretes\/soy-autor-director-guionista-compositor-de-obra-audiovisual-no-soy-socio-de-sgae-y-mis-obras-se-emiten-en-salas-comerciales-de-cine-tv-o-radio\/","title":{"rendered":"Soy autor (director, guionista, compositor) de obra audiovisual, no soy socio de SGAE y mis obras se emiten en salas comerciales de cine, TV o radio."},"content":{"rendered":"<p><em>[Atenci\u00f3n. Todos estos recursos, los de la secci\u00f3n <a href=\"https:\/\/xnet-x.net\/contactanos-para\/portal-de-cultura-libre\/\" rel=\"noopener noreferrer\" target=\"_blank\">Recursos de Cultura Libre <\/a>est\u00e1n desactualizados desde 2010. Aunque muchos todav\u00eda pueden servir, antes de usarlos se deben revisar seg\u00fan la legislaci\u00f3n vigente.]<\/em><br \/>\n&nbsp;<\/p>\n<p>Las entidades de gesti\u00f3n son las \u00fanicas autorizadas por mandato legal a recaudar todos los derechos econ\u00f3micos de autor derivados de la emisi\u00f3n (v\u00eddeo y audio)  de las obras que se emitan en salas comerciales de cine, en radio y en televisi\u00f3n, independientemente que el autor sea o no socio de una de ellas.<\/p>\n<p><a href=\"\/herramientas\/documentos\/reclamacion-derechos-emision\">Este documento<\/a> te permitir\u00e1 reclamar lo que es tuyo si NO eres socio de ninguna de ellas.<\/p>\n<p>Ojo! Aunque lo que pidas sea de ley, todav\u00eda hay que luchar por ello. Mira el caso del <a href=\"http:\/\/d-evolution.fcforum.net\/areas-de-accion\/el-cobrador-del-track\/\" target=\"_blank\" rel=\"noopener noreferrer\">Cobrador del Track<\/a>.<\/p>\n<p>En todo caso es importante que quede constancia de todas las veces que hayas hecho esta reclamaci\u00f3n en el caso de que no haya sido respondida, para poder tomas medidas legales a tu favor.<\/p>\n<p>*Acu\u00e9rdate de pedir constancia de recepci\u00f3n (registro de entrada o acuse de recibo de carta certificada).<\/p>","protected":false},"excerpt":{"rendered":"<p>[Atenci\u00f3n. Todos estos recursos, los de la secci\u00f3n Recursos de Cultura Libre est\u00e1n desactualizados desde 2010. Aunque muchos todav\u00eda pueden servir, antes de usarlos se deben revisar seg\u00fan la legislaci\u00f3n vigente.] &nbsp; Las entidades de gesti\u00f3n son las \u00fanicas autorizadas por mandato legal a recaudar todos los derechos econ\u00f3micos de autor derivados de la emisi\u00f3n [&hellip;]<\/p>\n","protected":false},"author":5,"featured_media":0,"parent":2441,"menu_order":0,"comment_status":"open","ping_status":"closed","template":"","meta":{"footnotes":""},"class_list":["post-93","page","type-page","status-publish","hentry"],"yoast_head":"<!-- This site is optimized with the Yoast SEO plugin v26.7 - https:\/\/yoast.com\/wordpress\/plugins\/seo\/ -->\n<title>Soy autor (director, guionista, compositor) de obra audiovisual, no soy socio de SGAE y mis obras se emiten en salas comerciales de cine, TV o radio. -<\/title>\n<meta name=\"robots\" content=\"index, follow, max-snippet:-1, max-image-preview:large, max-video-preview:-1\" \/>\n<link rel=\"canonical\" href=\"https:\/\/xnet-x.net\/es\/herramientas\/autores-e-interpretes\/soy-autor-director-guionista-compositor-de-obra-audiovisual-no-soy-socio-de-sgae-y-mis-obras-se-emiten-en-salas-comerciales-de-cine-tv-o-radio\/\" \/>\n<meta name=\"twitter:label1\" content=\"Tiempo de lectura\" \/>\n\t<meta name=\"twitter:data1\" content=\"2 minutos\" \/>\n<script type=\"application\/ld+json\" class=\"yoast-schema-graph\">{\"@context\":\"https:\/\/schema.org\",\"@graph\":[{\"@type\":\"WebPage\",\"@id\":\"https:\/\/xnet-x.net\/es\/herramientas\/autores-e-interpretes\/soy-autor-director-guionista-compositor-de-obra-audiovisual-no-soy-socio-de-sgae-y-mis-obras-se-emiten-en-salas-comerciales-de-cine-tv-o-radio\/\",\"url\":\"https:\/\/xnet-x.net\/es\/herramientas\/autores-e-interpretes\/soy-autor-director-guionista-compositor-de-obra-audiovisual-no-soy-socio-de-sgae-y-mis-obras-se-emiten-en-salas-comerciales-de-cine-tv-o-radio\/\",\"name\":\"Soy autor (director, guionista, compositor) de obra audiovisual, no soy socio de SGAE y mis obras se emiten en salas comerciales de cine, TV o radio. -\",\"isPartOf\":{\"@id\":\"https:\/\/xnet-x.net\/es\/#website\"},\"datePublished\":\"2008-05-11T18:05:31+00:00\",\"dateModified\":\"2021-08-17T10:03:15+00:00\",\"breadcrumb\":{\"@id\":\"https:\/\/xnet-x.net\/es\/herramientas\/autores-e-interpretes\/soy-autor-director-guionista-compositor-de-obra-audiovisual-no-soy-socio-de-sgae-y-mis-obras-se-emiten-en-salas-comerciales-de-cine-tv-o-radio\/#breadcrumb\"},\"inLanguage\":\"es\",\"potentialAction\":[{\"@type\":\"ReadAction\",\"target\":[[\"https:\/\/xnet-x.net\/es\/herramientas\/autores-e-interpretes\/soy-autor-director-guionista-compositor-de-obra-audiovisual-no-soy-socio-de-sgae-y-mis-obras-se-emiten-en-salas-comerciales-de-cine-tv-o-radio\/\"]]}]},{\"@type\":\"BreadcrumbList\",\"@id\":\"https:\/\/xnet-x.net\/es\/herramientas\/autores-e-interpretes\/soy-autor-director-guionista-compositor-de-obra-audiovisual-no-soy-socio-de-sgae-y-mis-obras-se-emiten-en-salas-comerciales-de-cine-tv-o-radio\/#breadcrumb\",\"itemListElement\":[{\"@type\":\"ListItem\",\"position\":1,\"name\":\"Portada\",\"item\":\"https:\/\/xnet-x.net\/es\/\"},{\"@type\":\"ListItem\",\"position\":2,\"name\":\"(Es) Herramientas\",\"item\":\"https:\/\/xnet-x.net\/es\/herramientas\/\"},{\"@type\":\"ListItem\",\"position\":3,\"name\":\"Autores e int\u00e9rpretes\",\"item\":\"https:\/\/xnet-x.net\/es\/herramientas\/autores-e-interpretes\/\"},{\"@type\":\"ListItem\",\"position\":4,\"name\":\"Soy autor (director, guionista, compositor) de obra audiovisual, no soy socio de SGAE y mis obras se emiten en salas comerciales de cine, TV o radio.\"}]},{\"@type\":\"WebSite\",\"@id\":\"https:\/\/xnet-x.net\/es\/#website\",\"url\":\"https:\/\/xnet-x.net\/es\/\",\"name\":\"[:es]Xnet - Internet, derechos y democracia en la era digital[:ca]Xnet - Internet, drets i democr\u00e0cia en l'era digital[:en]Xnet - Internet freedoms & digital rights[:]\",\"description\":\"Xnet: Internet, informaci\u00f3n y cultura libres. Tecnopol\u00edtica. Datos, algoritmos y derechos digitales. Libertad de expresi\u00f3n. Democracia y anticorrupci\u00f3n\",\"publisher\":{\"@id\":\"https:\/\/xnet-x.net\/es\/#organization\"},\"potentialAction\":[{\"@type\":\"SearchAction\",\"target\":{\"@type\":\"EntryPoint\",\"urlTemplate\":\"https:\/\/xnet-x.net\/es\/?s={search_term_string}\"},\"query-input\":{\"@type\":\"PropertyValueSpecification\",\"valueRequired\":true,\"valueName\":\"search_term_string\"}}],\"inLanguage\":\"es\"},{\"@type\":\"Organization\",\"@id\":\"https:\/\/xnet-x.net\/es\/#organization\",\"name\":\"Xnet - Internet, derechos y democracia en la era digital\",\"url\":\"https:\/\/xnet-x.net\/es\/\",\"logo\":{\"@type\":\"ImageObject\",\"inLanguage\":\"es\",\"@id\":\"https:\/\/xnet-x.net\/es\/#\/schema\/logo\/image\/\",\"url\":\"https:\/\/xnet-x.net\/img\/xnet-logo.png\",\"contentUrl\":\"https:\/\/xnet-x.net\/img\/xnet-logo.png\",\"width\":512,\"height\":512,\"caption\":\"Xnet - Internet, derechos y democracia en la era digital\"},\"image\":{\"@id\":\"https:\/\/xnet-x.net\/es\/#\/schema\/logo\/image\/\"},\"sameAs\":[\"http:\/\/facebook.com\/RedX.Net\/\",\"https:\/\/x.com\/x_net_\",\"https:\/\/es.wikipedia.org\/wiki\/Xnet\"]}]}<\/script>\n<!-- \/ Yoast SEO plugin. -->","yoast_head_json":{"title":"Soy autor (director, guionista, compositor) de obra audiovisual, no soy socio de SGAE y mis obras se emiten en salas comerciales de cine, TV o radio. -","robots":{"index":"index","follow":"follow","max-snippet":"max-snippet:-1","max-image-preview":"max-image-preview:large","max-video-preview":"max-video-preview:-1"},"canonical":"https:\/\/xnet-x.net\/es\/herramientas\/autores-e-interpretes\/soy-autor-director-guionista-compositor-de-obra-audiovisual-no-soy-socio-de-sgae-y-mis-obras-se-emiten-en-salas-comerciales-de-cine-tv-o-radio\/","twitter_misc":{"Tiempo de lectura":"2 minutos"},"schema":{"@context":"https:\/\/schema.org","@graph":[{"@type":"WebPage","@id":"https:\/\/xnet-x.net\/es\/herramientas\/autores-e-interpretes\/soy-autor-director-guionista-compositor-de-obra-audiovisual-no-soy-socio-de-sgae-y-mis-obras-se-emiten-en-salas-comerciales-de-cine-tv-o-radio\/","url":"https:\/\/xnet-x.net\/es\/herramientas\/autores-e-interpretes\/soy-autor-director-guionista-compositor-de-obra-audiovisual-no-soy-socio-de-sgae-y-mis-obras-se-emiten-en-salas-comerciales-de-cine-tv-o-radio\/","name":"Soy autor (director, guionista, compositor) de obra audiovisual, no soy socio de SGAE y mis obras se emiten en salas comerciales de cine, TV o radio. -","isPartOf":{"@id":"https:\/\/xnet-x.net\/es\/#website"},"datePublished":"2008-05-11T18:05:31+00:00","dateModified":"2021-08-17T10:03:15+00:00","breadcrumb":{"@id":"https:\/\/xnet-x.net\/es\/herramientas\/autores-e-interpretes\/soy-autor-director-guionista-compositor-de-obra-audiovisual-no-soy-socio-de-sgae-y-mis-obras-se-emiten-en-salas-comerciales-de-cine-tv-o-radio\/#breadcrumb"},"inLanguage":"es","potentialAction":[{"@type":"ReadAction","target":[["https:\/\/xnet-x.net\/es\/herramientas\/autores-e-interpretes\/soy-autor-director-guionista-compositor-de-obra-audiovisual-no-soy-socio-de-sgae-y-mis-obras-se-emiten-en-salas-comerciales-de-cine-tv-o-radio\/"]]}]},{"@type":"BreadcrumbList","@id":"https:\/\/xnet-x.net\/es\/herramientas\/autores-e-interpretes\/soy-autor-director-guionista-compositor-de-obra-audiovisual-no-soy-socio-de-sgae-y-mis-obras-se-emiten-en-salas-comerciales-de-cine-tv-o-radio\/#breadcrumb","itemListElement":[{"@type":"ListItem","position":1,"name":"Portada","item":"https:\/\/xnet-x.net\/es\/"},{"@type":"ListItem","position":2,"name":"(Es) Herramientas","item":"https:\/\/xnet-x.net\/es\/herramientas\/"},{"@type":"ListItem","position":3,"name":"Autores e int\u00e9rpretes","item":"https:\/\/xnet-x.net\/es\/herramientas\/autores-e-interpretes\/"},{"@type":"ListItem","position":4,"name":"Soy autor (director, guionista, compositor) de obra audiovisual, no soy socio de SGAE y mis obras se emiten en salas comerciales de cine, TV o radio."}]},{"@type":"WebSite","@id":"https:\/\/xnet-x.net\/es\/#website","url":"https:\/\/xnet-x.net\/es\/","name":"[:es]Xnet - Internet, derechos y democracia en la era digital[:ca]Xnet - Internet, drets i democr\u00e0cia en l'era digital[:en]Xnet - Internet freedoms & digital rights[:]","description":"Xnet: Internet, informaci\u00f3n y cultura libres. Tecnopol\u00edtica. Datos, algoritmos y derechos digitales. Libertad de expresi\u00f3n. Democracia y anticorrupci\u00f3n","publisher":{"@id":"https:\/\/xnet-x.net\/es\/#organization"},"potentialAction":[{"@type":"SearchAction","target":{"@type":"EntryPoint","urlTemplate":"https:\/\/xnet-x.net\/es\/?s={search_term_string}"},"query-input":{"@type":"PropertyValueSpecification","valueRequired":true,"valueName":"search_term_string"}}],"inLanguage":"es"},{"@type":"Organization","@id":"https:\/\/xnet-x.net\/es\/#organization","name":"Xnet - Internet, derechos y democracia en la era digital","url":"https:\/\/xnet-x.net\/es\/","logo":{"@type":"ImageObject","inLanguage":"es","@id":"https:\/\/xnet-x.net\/es\/#\/schema\/logo\/image\/","url":"https:\/\/xnet-x.net\/img\/xnet-logo.png","contentUrl":"https:\/\/xnet-x.net\/img\/xnet-logo.png","width":512,"height":512,"caption":"Xnet - Internet, derechos y democracia en la era digital"},"image":{"@id":"https:\/\/xnet-x.net\/es\/#\/schema\/logo\/image\/"},"sameAs":["http:\/\/facebook.com\/RedX.Net\/","https:\/\/x.com\/x_net_","https:\/\/es.wikipedia.org\/wiki\/Xnet"]}]}},"_links":{"self":[{"href":"https:\/\/xnet-x.net\/es\/wp-json\/wp\/v2\/pages\/93","targetHints":{"allow":["GET"]}}],"collection":[{"href":"https:\/\/xnet-x.net\/es\/wp-json\/wp\/v2\/pages"}],"about":[{"href":"https:\/\/xnet-x.net\/es\/wp-json\/wp\/v2\/types\/page"}],"author":[{"embeddable":true,"href":"https:\/\/xnet-x.net\/es\/wp-json\/wp\/v2\/users\/5"}],"replies":[{"embeddable":true,"href":"https:\/\/xnet-x.net\/es\/wp-json\/wp\/v2\/comments?post=93"}],"version-history":[{"count":4,"href":"https:\/\/xnet-x.net\/es\/wp-json\/wp\/v2\/pages\/93\/revisions"}],"predecessor-version":[{"id":22782,"href":"https:\/\/xnet-x.net\/es\/wp-json\/wp\/v2\/pages\/93\/revisions\/22782"}],"up":[{"embeddable":true,"href":"https:\/\/xnet-x.net\/es\/wp-json\/wp\/v2\/pages\/2441"}],"wp:attachment":[{"href":"https:\/\/xnet-x.net\/es\/wp-json\/wp\/v2\/media?parent=93"}],"curies":[{"name":"wp","href":"https:\/\/api.w.org\/{rel}","templated":true}]}}