{"id":92,"date":"2008-05-11T20:03:55","date_gmt":"2008-05-11T18:03:55","guid":{"rendered":"http:\/\/la-ex.net\/?page_id=92"},"modified":"2021-08-17T12:02:35","modified_gmt":"2021-08-17T10:02:35","slug":"recibo-visita","status":"publish","type":"page","link":"https:\/\/xnet-x.net\/es\/herramientas\/tienda-bar-escuela\/si-recibes-la-visita-de-un-comercial-de-sgae-u-otra-entidad-de-gestion\/","title":{"rendered":"Si recibes la visita de un comercial de SGAE u otra entidad de gesti\u00f3n"},"content":{"rendered":"<p><em>[Atenci\u00f3n. Todos estos recursos, los de la secci\u00f3n <a href=\"https:\/\/xnet-x.net\/contactanos-para\/portal-de-cultura-libre\/\" rel=\"noopener noreferrer\" target=\"_blank\">Recursos de Cultura Libre <\/a>est\u00e1n desactualizados desde 2010. Aunque muchos todav\u00eda pueden servir, antes de usarlos se deben revisar seg\u00fan la legislaci\u00f3n vigente.]<\/em><br \/>\n&nbsp;<\/p>\n<p>1\u00ba.- Si se identifica antes de comenzar con su cometido, concreta con \u00e9l una visita en un d\u00eda que puedas atenderle como merece (atento a su inspecci\u00f3n sin desatender tu negocio), y para la cual hayas podido informarte sobre cu\u00e1l es exactamente el producto por el cual pretenden extenderte un contrato mercantil.<\/p>\n<p>2\u00ba.- Si NO se identifica hasta acabada la \u201cinspecci\u00f3n\u201d: Puedes renunciar a firmar su  formulario o \u201cacta de visita\u201d.<\/p>\n<p>3\u00ba.- Pide la identificaci\u00f3n de la persona que ha hecho la inspecci\u00f3n en tu negocio, as\u00ed como certificaci\u00f3n escrita y firmada por \u00e9l, de cu\u00e1les y en qu\u00e9 han consistido sus  comprobaciones.<\/p>\n<p>*De cualquier documento que decidas firmar, desde contrato a simple formulario o \u201cacta de visita\u201d, ha de dejarte copia exacta firmada por ambos, inspector y t\u00fa. No vale fotocopia, no vale \u201ctranquilo se la enviamos por correo\u201d, no vale si una simple cruz varia su posici\u00f3n. Un contrato mercantil es suficientemente importante como para que puedas sopesarlo, consultarlo, discutirlo y aceptarlo o NO. Y todo esto no tiene por qu\u00e9 ser en tu lugar de trabajo en horario no concertado.<\/p>\n<p>Puede dar v\u00e9rtigo no firmar pero si  no lo haces no pasa nada .<\/p>\n<p>Si NO firmas:<\/p>\n<ol>\n<li>Ser\u00e1s libre para decidir el repertorio de audio o v\u00eddeo que quieras utilizar en tu negocio, si decides hacer uso de material perteneciente al repertorio de SGAE, podr\u00e1s asesorarte de cu\u00e1l es la tarifa correcta y exacta que le corresponda a tu negocio.<\/li>\n<li>Podr\u00e1s exigir un contrato a tu medida y no el est\u00e1ndar que alberga multitud de ambiguedades y omisiones que parecen inocentes y nimias, y pueden significar, en caso de pleito, obst\u00e1culos insalvables para tu defensa.<\/li>\n<li>Podr\u00e1s exigir el listado del repertorio en nombre del cual cobran, lo que te dar\u00e1 la oportunidad de decidir si quieres hacer uso de \u00e9l o no.<\/li>\n<\/ol>\n<p>Utiliza el documento <a href=\"\/herramientas\/documentos\/carta-respuesta-tienda\">carta de respuesta<\/a> si decides no firmar despu\u00e9s de una inspecci\u00f3n y poder exigir lo que se enuncia en los puntos anteriores.<\/p>\n<p>Tambi\u00e9n tienes la opci\u00f3n de no firmar y decidir utilizar s\u00f3lo obras que no est\u00e9n  incluidas en el repertorio de ninguna sociedad de gesti\u00f3n. En este caso comunica tu decisi\u00f3n y sobre todo proc\u00farate <a href=\"\/repertorio\">material con estas caracter\u00edsticas.<\/a><\/p>\n<p>Muchos establecimientos ya han cancelado sus contratos con SGAE y algunos de ellos han recibido amenazas de \u201csecuestro\u201d de radios y equipos. Viendo c\u00f3mo se le acaba el negocio  apuntan contra la propiedad privada. No te dejes atemorizar!<\/p>\n<p style=\"margin-top: 0.49cm; margin-bottom: 0cm;\">Si firmas:<\/p>\n<ol>\n<li>Asumes a titulo personal la obligaci\u00f3n de pagar mensualmente una cuota por los conceptos especificados en el contrato, hagas o no uso de ellos. Contrato cuya desvinculaci\u00f3n es altamente complicada, hasta el punto de que sirve para documentar reclamaciones en concepto de atrasos sobre negocios que ya no est\u00e1n en activo y la deuda ha seguido creciendo a nombre del firmante, que finalmente es demandado judicialmente por \u201cincumplimiento de contrato\u201d.<\/li>\n<li>Firmar un contrato a SGAE no significa que liquides a todas las entidades que pueden exigirte una cuota. En cambio est\u00e1s reconociendo en ese contrato que haces uso de material protegido por ellas. Pagas a una pero le reconoces el derecho al resto. \u00bfA cuantas entidades estas dispuesto a pagar por lo mismo?<\/li>\n<\/ol>\n<p><\/p>","protected":false},"excerpt":{"rendered":"<p>[Atenci\u00f3n. Todos estos recursos, los de la secci\u00f3n Recursos de Cultura Libre est\u00e1n desactualizados desde 2010. Aunque muchos todav\u00eda pueden servir, antes de usarlos se deben revisar seg\u00fan la legislaci\u00f3n vigente.] &nbsp; 1\u00ba.- Si se identifica antes de comenzar con su cometido, concreta con \u00e9l una visita en un d\u00eda que puedas atenderle como merece [&hellip;]<\/p>\n","protected":false},"author":5,"featured_media":0,"parent":2481,"menu_order":0,"comment_status":"open","ping_status":"closed","template":"","meta":{"footnotes":""},"class_list":["post-92","page","type-page","status-publish","hentry"],"yoast_head":"<!-- This site is optimized with the Yoast SEO plugin v26.7 - https:\/\/yoast.com\/wordpress\/plugins\/seo\/ -->\n<title>Si recibes la visita de un comercial de SGAE u otra entidad de gesti\u00f3n -<\/title>\n<meta name=\"robots\" content=\"index, follow, max-snippet:-1, max-image-preview:large, max-video-preview:-1\" \/>\n<link rel=\"canonical\" href=\"https:\/\/xnet-x.net\/es\/herramientas\/tienda-bar-escuela\/si-recibes-la-visita-de-un-comercial-de-sgae-u-otra-entidad-de-gestion\/\" \/>\n<meta name=\"twitter:label1\" content=\"Tiempo de lectura\" \/>\n\t<meta name=\"twitter:data1\" content=\"6 minutos\" \/>\n<script type=\"application\/ld+json\" class=\"yoast-schema-graph\">{\"@context\":\"https:\/\/schema.org\",\"@graph\":[{\"@type\":\"WebPage\",\"@id\":\"https:\/\/xnet-x.net\/es\/herramientas\/tienda-bar-escuela\/si-recibes-la-visita-de-un-comercial-de-sgae-u-otra-entidad-de-gestion\/\",\"url\":\"https:\/\/xnet-x.net\/es\/herramientas\/tienda-bar-escuela\/si-recibes-la-visita-de-un-comercial-de-sgae-u-otra-entidad-de-gestion\/\",\"name\":\"Si recibes la visita de un comercial de SGAE u otra entidad de gesti\u00f3n -\",\"isPartOf\":{\"@id\":\"https:\/\/xnet-x.net\/es\/#website\"},\"datePublished\":\"2008-05-11T18:03:55+00:00\",\"dateModified\":\"2021-08-17T10:02:35+00:00\",\"breadcrumb\":{\"@id\":\"https:\/\/xnet-x.net\/es\/herramientas\/tienda-bar-escuela\/si-recibes-la-visita-de-un-comercial-de-sgae-u-otra-entidad-de-gestion\/#breadcrumb\"},\"inLanguage\":\"es\",\"potentialAction\":[{\"@type\":\"ReadAction\",\"target\":[[\"https:\/\/xnet-x.net\/es\/herramientas\/tienda-bar-escuela\/si-recibes-la-visita-de-un-comercial-de-sgae-u-otra-entidad-de-gestion\/\"]]}]},{\"@type\":\"BreadcrumbList\",\"@id\":\"https:\/\/xnet-x.net\/es\/herramientas\/tienda-bar-escuela\/si-recibes-la-visita-de-un-comercial-de-sgae-u-otra-entidad-de-gestion\/#breadcrumb\",\"itemListElement\":[{\"@type\":\"ListItem\",\"position\":1,\"name\":\"Portada\",\"item\":\"https:\/\/xnet-x.net\/es\/\"},{\"@type\":\"ListItem\",\"position\":2,\"name\":\"(Es) Herramientas\",\"item\":\"https:\/\/xnet-x.net\/es\/herramientas\/\"},{\"@type\":\"ListItem\",\"position\":3,\"name\":\"Tienda, bar, escuela&#8230;\",\"item\":\"https:\/\/xnet-x.net\/es\/herramientas\/tienda-bar-escuela\/\"},{\"@type\":\"ListItem\",\"position\":4,\"name\":\"Si recibes la visita de un comercial de SGAE u otra entidad de gesti\u00f3n\"}]},{\"@type\":\"WebSite\",\"@id\":\"https:\/\/xnet-x.net\/es\/#website\",\"url\":\"https:\/\/xnet-x.net\/es\/\",\"name\":\"[:es]Xnet - Internet, derechos y democracia en la era digital[:ca]Xnet - Internet, drets i democr\u00e0cia en l'era digital[:en]Xnet - Internet freedoms & digital rights[:]\",\"description\":\"Xnet: Internet, informaci\u00f3n y cultura libres. Tecnopol\u00edtica. Datos, algoritmos y derechos digitales. Libertad de expresi\u00f3n. Democracia y anticorrupci\u00f3n\",\"publisher\":{\"@id\":\"https:\/\/xnet-x.net\/es\/#organization\"},\"potentialAction\":[{\"@type\":\"SearchAction\",\"target\":{\"@type\":\"EntryPoint\",\"urlTemplate\":\"https:\/\/xnet-x.net\/es\/?s={search_term_string}\"},\"query-input\":{\"@type\":\"PropertyValueSpecification\",\"valueRequired\":true,\"valueName\":\"search_term_string\"}}],\"inLanguage\":\"es\"},{\"@type\":\"Organization\",\"@id\":\"https:\/\/xnet-x.net\/es\/#organization\",\"name\":\"Xnet - Internet, derechos y democracia en la era digital\",\"url\":\"https:\/\/xnet-x.net\/es\/\",\"logo\":{\"@type\":\"ImageObject\",\"inLanguage\":\"es\",\"@id\":\"https:\/\/xnet-x.net\/es\/#\/schema\/logo\/image\/\",\"url\":\"https:\/\/xnet-x.net\/img\/xnet-logo.png\",\"contentUrl\":\"https:\/\/xnet-x.net\/img\/xnet-logo.png\",\"width\":512,\"height\":512,\"caption\":\"Xnet - Internet, derechos y democracia en la era digital\"},\"image\":{\"@id\":\"https:\/\/xnet-x.net\/es\/#\/schema\/logo\/image\/\"},\"sameAs\":[\"http:\/\/facebook.com\/RedX.Net\/\",\"https:\/\/x.com\/x_net_\",\"https:\/\/es.wikipedia.org\/wiki\/Xnet\"]}]}<\/script>\n<!-- \/ Yoast SEO plugin. -->","yoast_head_json":{"title":"Si recibes la visita de un comercial de SGAE u otra entidad de gesti\u00f3n -","robots":{"index":"index","follow":"follow","max-snippet":"max-snippet:-1","max-image-preview":"max-image-preview:large","max-video-preview":"max-video-preview:-1"},"canonical":"https:\/\/xnet-x.net\/es\/herramientas\/tienda-bar-escuela\/si-recibes-la-visita-de-un-comercial-de-sgae-u-otra-entidad-de-gestion\/","twitter_misc":{"Tiempo de lectura":"6 minutos"},"schema":{"@context":"https:\/\/schema.org","@graph":[{"@type":"WebPage","@id":"https:\/\/xnet-x.net\/es\/herramientas\/tienda-bar-escuela\/si-recibes-la-visita-de-un-comercial-de-sgae-u-otra-entidad-de-gestion\/","url":"https:\/\/xnet-x.net\/es\/herramientas\/tienda-bar-escuela\/si-recibes-la-visita-de-un-comercial-de-sgae-u-otra-entidad-de-gestion\/","name":"Si recibes la visita de un comercial de SGAE u otra entidad de gesti\u00f3n -","isPartOf":{"@id":"https:\/\/xnet-x.net\/es\/#website"},"datePublished":"2008-05-11T18:03:55+00:00","dateModified":"2021-08-17T10:02:35+00:00","breadcrumb":{"@id":"https:\/\/xnet-x.net\/es\/herramientas\/tienda-bar-escuela\/si-recibes-la-visita-de-un-comercial-de-sgae-u-otra-entidad-de-gestion\/#breadcrumb"},"inLanguage":"es","potentialAction":[{"@type":"ReadAction","target":[["https:\/\/xnet-x.net\/es\/herramientas\/tienda-bar-escuela\/si-recibes-la-visita-de-un-comercial-de-sgae-u-otra-entidad-de-gestion\/"]]}]},{"@type":"BreadcrumbList","@id":"https:\/\/xnet-x.net\/es\/herramientas\/tienda-bar-escuela\/si-recibes-la-visita-de-un-comercial-de-sgae-u-otra-entidad-de-gestion\/#breadcrumb","itemListElement":[{"@type":"ListItem","position":1,"name":"Portada","item":"https:\/\/xnet-x.net\/es\/"},{"@type":"ListItem","position":2,"name":"(Es) Herramientas","item":"https:\/\/xnet-x.net\/es\/herramientas\/"},{"@type":"ListItem","position":3,"name":"Tienda, bar, escuela&#8230;","item":"https:\/\/xnet-x.net\/es\/herramientas\/tienda-bar-escuela\/"},{"@type":"ListItem","position":4,"name":"Si recibes la visita de un comercial de SGAE u otra entidad de gesti\u00f3n"}]},{"@type":"WebSite","@id":"https:\/\/xnet-x.net\/es\/#website","url":"https:\/\/xnet-x.net\/es\/","name":"[:es]Xnet - Internet, derechos y democracia en la era digital[:ca]Xnet - Internet, drets i democr\u00e0cia en l'era digital[:en]Xnet - Internet freedoms & digital rights[:]","description":"Xnet: Internet, informaci\u00f3n y cultura libres. Tecnopol\u00edtica. Datos, algoritmos y derechos digitales. Libertad de expresi\u00f3n. Democracia y anticorrupci\u00f3n","publisher":{"@id":"https:\/\/xnet-x.net\/es\/#organization"},"potentialAction":[{"@type":"SearchAction","target":{"@type":"EntryPoint","urlTemplate":"https:\/\/xnet-x.net\/es\/?s={search_term_string}"},"query-input":{"@type":"PropertyValueSpecification","valueRequired":true,"valueName":"search_term_string"}}],"inLanguage":"es"},{"@type":"Organization","@id":"https:\/\/xnet-x.net\/es\/#organization","name":"Xnet - Internet, derechos y democracia en la era digital","url":"https:\/\/xnet-x.net\/es\/","logo":{"@type":"ImageObject","inLanguage":"es","@id":"https:\/\/xnet-x.net\/es\/#\/schema\/logo\/image\/","url":"https:\/\/xnet-x.net\/img\/xnet-logo.png","contentUrl":"https:\/\/xnet-x.net\/img\/xnet-logo.png","width":512,"height":512,"caption":"Xnet - Internet, derechos y democracia en la era digital"},"image":{"@id":"https:\/\/xnet-x.net\/es\/#\/schema\/logo\/image\/"},"sameAs":["http:\/\/facebook.com\/RedX.Net\/","https:\/\/x.com\/x_net_","https:\/\/es.wikipedia.org\/wiki\/Xnet"]}]}},"_links":{"self":[{"href":"https:\/\/xnet-x.net\/es\/wp-json\/wp\/v2\/pages\/92","targetHints":{"allow":["GET"]}}],"collection":[{"href":"https:\/\/xnet-x.net\/es\/wp-json\/wp\/v2\/pages"}],"about":[{"href":"https:\/\/xnet-x.net\/es\/wp-json\/wp\/v2\/types\/page"}],"author":[{"embeddable":true,"href":"https:\/\/xnet-x.net\/es\/wp-json\/wp\/v2\/users\/5"}],"replies":[{"embeddable":true,"href":"https:\/\/xnet-x.net\/es\/wp-json\/wp\/v2\/comments?post=92"}],"version-history":[{"count":7,"href":"https:\/\/xnet-x.net\/es\/wp-json\/wp\/v2\/pages\/92\/revisions"}],"predecessor-version":[{"id":22781,"href":"https:\/\/xnet-x.net\/es\/wp-json\/wp\/v2\/pages\/92\/revisions\/22781"}],"up":[{"embeddable":true,"href":"https:\/\/xnet-x.net\/es\/wp-json\/wp\/v2\/pages\/2481"}],"wp:attachment":[{"href":"https:\/\/xnet-x.net\/es\/wp-json\/wp\/v2\/media?parent=92"}],"curies":[{"name":"wp","href":"https:\/\/api.w.org\/{rel}","templated":true}]}}