{"id":79,"date":"2008-05-11T19:23:57","date_gmt":"2008-05-11T17:23:57","guid":{"rendered":"http:\/\/la-ex.net\/?page_id=79"},"modified":"2021-08-17T11:52:53","modified_gmt":"2021-08-17T09:52:53","slug":"darse-de-baja-socio-sgae","status":"publish","type":"page","link":"https:\/\/xnet-x.net\/es\/herramientas\/autores-e-interpretes\/darse-de-baja-de-sgae\/","title":{"rendered":"Darse de baja de SGAE"},"content":{"rendered":"<p><em>[Atenci\u00f3n. Todos estos recursos, los de la secci\u00f3n <a href=\"https:\/\/xnet-x.net\/contactanos-para\/portal-de-cultura-libre\/\" rel=\"noopener noreferrer\" target=\"_blank\">Recursos de Cultura Libre <\/a>est\u00e1n desactualizados desde 2010. Aunque muchos todav\u00eda pueden servir, antes de usarlos se deben revisar seg\u00fan la legislaci\u00f3n vigente.]<\/em><\/p>\n<h2 style=\"margin-bottom: 0cm;\">Para darte de baja de la SGAE sigue los siguientes pasos:<\/h2>\n<p style=\"margin-bottom: 0cm;\"><strong>1.1<\/strong> Tienes que saldar tus deudas con la entidad a la que est\u00e9s asociado en caso de tenerlas, por ejemplo: en caso de haber recibido una liquidaci\u00f3n en concepto de adelanto.<\/p>\n<p style=\"margin-bottom: 0cm;\" lang=\"es-ES\"><strong>1.2<\/strong> El contrato tiene una duraci\u00f3n de tres a\u00f1os y se renueva autom\u00e1ticamente. La \u00fanica forma de darse de baja es enviando una <a href=\"\/herramientas\/documentos\/baja-socio-carta\">carta<\/a> certificada con acuse de recibo (\u00a1guarda el recibo!) a la entidad, informando de tu voluntad de darte de baja como socio. La baja ha de solicitarse un a\u00f1o antes del vencimiento del contrato y no ser\u00e1 efectiva hasta el 31 de diciembre del a\u00f1o en el que se comunica esta decisi\u00f3n.(consulta los estatutos de la SGAE Art\u00edculo 27 y Art\u00edculo 14)<\/p>\n<p style=\"margin-bottom: 0cm;\"><strong>1.3<\/strong> A partir de que se haga efectiva la baja vuelves a ser pleno titular de la gesti\u00f3n de los derechos de explotaci\u00f3n\u00a0 de tus obras.<\/p>\n<p style=\"margin-bottom: 0cm;\">\n<p><\/p>","protected":false},"excerpt":{"rendered":"<p>[Atenci\u00f3n. Todos estos recursos, los de la secci\u00f3n Recursos de Cultura Libre est\u00e1n desactualizados desde 2010. Aunque muchos todav\u00eda pueden servir, antes de usarlos se deben revisar seg\u00fan la legislaci\u00f3n vigente.] Para darte de baja de la SGAE sigue los siguientes pasos: 1.1 Tienes que saldar tus deudas con la entidad a la que est\u00e9s [&hellip;]<\/p>\n","protected":false},"author":5,"featured_media":0,"parent":2441,"menu_order":0,"comment_status":"open","ping_status":"closed","template":"","meta":{"footnotes":""},"class_list":["post-79","page","type-page","status-publish","hentry"],"yoast_head":"<!-- This site is optimized with the Yoast SEO plugin v26.7 - https:\/\/yoast.com\/wordpress\/plugins\/seo\/ -->\n<title>Darse de baja de SGAE -<\/title>\n<meta name=\"robots\" content=\"index, follow, max-snippet:-1, max-image-preview:large, max-video-preview:-1\" \/>\n<link rel=\"canonical\" href=\"https:\/\/xnet-x.net\/es\/herramientas\/autores-e-interpretes\/darse-de-baja-de-sgae\/\" \/>\n<meta name=\"twitter:label1\" content=\"Tiempo de lectura\" \/>\n\t<meta name=\"twitter:data1\" content=\"2 minutos\" \/>\n<script type=\"application\/ld+json\" class=\"yoast-schema-graph\">{\"@context\":\"https:\/\/schema.org\",\"@graph\":[{\"@type\":\"WebPage\",\"@id\":\"https:\/\/xnet-x.net\/es\/herramientas\/autores-e-interpretes\/darse-de-baja-de-sgae\/\",\"url\":\"https:\/\/xnet-x.net\/es\/herramientas\/autores-e-interpretes\/darse-de-baja-de-sgae\/\",\"name\":\"Darse de baja de SGAE -\",\"isPartOf\":{\"@id\":\"https:\/\/xnet-x.net\/es\/#website\"},\"datePublished\":\"2008-05-11T17:23:57+00:00\",\"dateModified\":\"2021-08-17T09:52:53+00:00\",\"breadcrumb\":{\"@id\":\"https:\/\/xnet-x.net\/es\/herramientas\/autores-e-interpretes\/darse-de-baja-de-sgae\/#breadcrumb\"},\"inLanguage\":\"es\",\"potentialAction\":[{\"@type\":\"ReadAction\",\"target\":[[\"https:\/\/xnet-x.net\/es\/herramientas\/autores-e-interpretes\/darse-de-baja-de-sgae\/\"]]}]},{\"@type\":\"BreadcrumbList\",\"@id\":\"https:\/\/xnet-x.net\/es\/herramientas\/autores-e-interpretes\/darse-de-baja-de-sgae\/#breadcrumb\",\"itemListElement\":[{\"@type\":\"ListItem\",\"position\":1,\"name\":\"Portada\",\"item\":\"https:\/\/xnet-x.net\/es\/\"},{\"@type\":\"ListItem\",\"position\":2,\"name\":\"(Es) Herramientas\",\"item\":\"https:\/\/xnet-x.net\/es\/herramientas\/\"},{\"@type\":\"ListItem\",\"position\":3,\"name\":\"Autores e int\u00e9rpretes\",\"item\":\"https:\/\/xnet-x.net\/es\/herramientas\/autores-e-interpretes\/\"},{\"@type\":\"ListItem\",\"position\":4,\"name\":\"Darse de baja de SGAE\"}]},{\"@type\":\"WebSite\",\"@id\":\"https:\/\/xnet-x.net\/es\/#website\",\"url\":\"https:\/\/xnet-x.net\/es\/\",\"name\":\"[:es]Xnet - Internet, derechos y democracia en la era digital[:ca]Xnet - Internet, drets i democr\u00e0cia en l'era digital[:en]Xnet - Internet freedoms & digital rights[:]\",\"description\":\"Xnet: Internet, informaci\u00f3n y cultura libres. Tecnopol\u00edtica. Datos, algoritmos y derechos digitales. Libertad de expresi\u00f3n. Democracia y anticorrupci\u00f3n\",\"publisher\":{\"@id\":\"https:\/\/xnet-x.net\/es\/#organization\"},\"potentialAction\":[{\"@type\":\"SearchAction\",\"target\":{\"@type\":\"EntryPoint\",\"urlTemplate\":\"https:\/\/xnet-x.net\/es\/?s={search_term_string}\"},\"query-input\":{\"@type\":\"PropertyValueSpecification\",\"valueRequired\":true,\"valueName\":\"search_term_string\"}}],\"inLanguage\":\"es\"},{\"@type\":\"Organization\",\"@id\":\"https:\/\/xnet-x.net\/es\/#organization\",\"name\":\"Xnet - Internet, derechos y democracia en la era digital\",\"url\":\"https:\/\/xnet-x.net\/es\/\",\"logo\":{\"@type\":\"ImageObject\",\"inLanguage\":\"es\",\"@id\":\"https:\/\/xnet-x.net\/es\/#\/schema\/logo\/image\/\",\"url\":\"https:\/\/xnet-x.net\/img\/xnet-logo.png\",\"contentUrl\":\"https:\/\/xnet-x.net\/img\/xnet-logo.png\",\"width\":512,\"height\":512,\"caption\":\"Xnet - Internet, derechos y democracia en la era digital\"},\"image\":{\"@id\":\"https:\/\/xnet-x.net\/es\/#\/schema\/logo\/image\/\"},\"sameAs\":[\"http:\/\/facebook.com\/RedX.Net\/\",\"https:\/\/x.com\/x_net_\",\"https:\/\/es.wikipedia.org\/wiki\/Xnet\"]}]}<\/script>\n<!-- \/ Yoast SEO plugin. -->","yoast_head_json":{"title":"Darse de baja de SGAE -","robots":{"index":"index","follow":"follow","max-snippet":"max-snippet:-1","max-image-preview":"max-image-preview:large","max-video-preview":"max-video-preview:-1"},"canonical":"https:\/\/xnet-x.net\/es\/herramientas\/autores-e-interpretes\/darse-de-baja-de-sgae\/","twitter_misc":{"Tiempo de lectura":"2 minutos"},"schema":{"@context":"https:\/\/schema.org","@graph":[{"@type":"WebPage","@id":"https:\/\/xnet-x.net\/es\/herramientas\/autores-e-interpretes\/darse-de-baja-de-sgae\/","url":"https:\/\/xnet-x.net\/es\/herramientas\/autores-e-interpretes\/darse-de-baja-de-sgae\/","name":"Darse de baja de SGAE -","isPartOf":{"@id":"https:\/\/xnet-x.net\/es\/#website"},"datePublished":"2008-05-11T17:23:57+00:00","dateModified":"2021-08-17T09:52:53+00:00","breadcrumb":{"@id":"https:\/\/xnet-x.net\/es\/herramientas\/autores-e-interpretes\/darse-de-baja-de-sgae\/#breadcrumb"},"inLanguage":"es","potentialAction":[{"@type":"ReadAction","target":[["https:\/\/xnet-x.net\/es\/herramientas\/autores-e-interpretes\/darse-de-baja-de-sgae\/"]]}]},{"@type":"BreadcrumbList","@id":"https:\/\/xnet-x.net\/es\/herramientas\/autores-e-interpretes\/darse-de-baja-de-sgae\/#breadcrumb","itemListElement":[{"@type":"ListItem","position":1,"name":"Portada","item":"https:\/\/xnet-x.net\/es\/"},{"@type":"ListItem","position":2,"name":"(Es) Herramientas","item":"https:\/\/xnet-x.net\/es\/herramientas\/"},{"@type":"ListItem","position":3,"name":"Autores e int\u00e9rpretes","item":"https:\/\/xnet-x.net\/es\/herramientas\/autores-e-interpretes\/"},{"@type":"ListItem","position":4,"name":"Darse de baja de SGAE"}]},{"@type":"WebSite","@id":"https:\/\/xnet-x.net\/es\/#website","url":"https:\/\/xnet-x.net\/es\/","name":"[:es]Xnet - Internet, derechos y democracia en la era digital[:ca]Xnet - Internet, drets i democr\u00e0cia en l'era digital[:en]Xnet - Internet freedoms & digital rights[:]","description":"Xnet: Internet, informaci\u00f3n y cultura libres. Tecnopol\u00edtica. Datos, algoritmos y derechos digitales. Libertad de expresi\u00f3n. Democracia y anticorrupci\u00f3n","publisher":{"@id":"https:\/\/xnet-x.net\/es\/#organization"},"potentialAction":[{"@type":"SearchAction","target":{"@type":"EntryPoint","urlTemplate":"https:\/\/xnet-x.net\/es\/?s={search_term_string}"},"query-input":{"@type":"PropertyValueSpecification","valueRequired":true,"valueName":"search_term_string"}}],"inLanguage":"es"},{"@type":"Organization","@id":"https:\/\/xnet-x.net\/es\/#organization","name":"Xnet - Internet, derechos y democracia en la era digital","url":"https:\/\/xnet-x.net\/es\/","logo":{"@type":"ImageObject","inLanguage":"es","@id":"https:\/\/xnet-x.net\/es\/#\/schema\/logo\/image\/","url":"https:\/\/xnet-x.net\/img\/xnet-logo.png","contentUrl":"https:\/\/xnet-x.net\/img\/xnet-logo.png","width":512,"height":512,"caption":"Xnet - Internet, derechos y democracia en la era digital"},"image":{"@id":"https:\/\/xnet-x.net\/es\/#\/schema\/logo\/image\/"},"sameAs":["http:\/\/facebook.com\/RedX.Net\/","https:\/\/x.com\/x_net_","https:\/\/es.wikipedia.org\/wiki\/Xnet"]}]}},"_links":{"self":[{"href":"https:\/\/xnet-x.net\/es\/wp-json\/wp\/v2\/pages\/79","targetHints":{"allow":["GET"]}}],"collection":[{"href":"https:\/\/xnet-x.net\/es\/wp-json\/wp\/v2\/pages"}],"about":[{"href":"https:\/\/xnet-x.net\/es\/wp-json\/wp\/v2\/types\/page"}],"author":[{"embeddable":true,"href":"https:\/\/xnet-x.net\/es\/wp-json\/wp\/v2\/users\/5"}],"replies":[{"embeddable":true,"href":"https:\/\/xnet-x.net\/es\/wp-json\/wp\/v2\/comments?post=79"}],"version-history":[{"count":5,"href":"https:\/\/xnet-x.net\/es\/wp-json\/wp\/v2\/pages\/79\/revisions"}],"predecessor-version":[{"id":22771,"href":"https:\/\/xnet-x.net\/es\/wp-json\/wp\/v2\/pages\/79\/revisions\/22771"}],"up":[{"embeddable":true,"href":"https:\/\/xnet-x.net\/es\/wp-json\/wp\/v2\/pages\/2441"}],"wp:attachment":[{"href":"https:\/\/xnet-x.net\/es\/wp-json\/wp\/v2\/media?parent=79"}],"curies":[{"name":"wp","href":"https:\/\/api.w.org\/{rel}","templated":true}]}}