{"id":77,"date":"2008-05-11T18:47:03","date_gmt":"2008-05-11T16:47:03","guid":{"rendered":"http:\/\/la-ex.net\/?page_id=77"},"modified":"2021-08-17T11:51:49","modified_gmt":"2021-08-17T09:51:49","slug":"declaracion-derechos-no-cedidos","status":"publish","type":"page","link":"https:\/\/xnet-x.net\/es\/herramientas\/documentos\/anexo-1-manifestacion-de-no-pertenencia-a-entidades-de-gestion-de-artista-contratado\/","title":{"rendered":"Anexo 1 . Manifestaci\u00f3n de no pertenencia  a entidades de gesti\u00f3n de artista contratado"},"content":{"rendered":"<p><em>[Atenci\u00f3n. Todos estos recursos, los de la secci\u00f3n <a href=\"https:\/\/xnet-x.net\/contactanos-para\/portal-de-cultura-libre\/\" rel=\"noopener noreferrer\" target=\"_blank\">Recursos de Cultura Libre <\/a>est\u00e1n desactualizados desde 2010. Aunque muchos todav\u00eda pueden servir, antes de usarlos se deben revisar seg\u00fan la legislaci\u00f3n vigente.]<\/em><br \/>\n&nbsp;<\/p>\n<p style=\"text-align: center;\">\n<p style=\"text-align: center;\"><strong>ANEXO 1 <\/strong><\/p>\n<p style=\"text-align: center;\"><strong>MANIFESTACI\u00d3N DE AUTOR\u00cdA Y NO ADHESI\u00d3N A ENTIDAD DE<br \/>\nGESTI\u00d3N DE DERECHOS DE AUTOR<\/strong><\/p>\n<p style=\"text-align: left;\"><a href=\"\/docs\/anexo1.pdf\">Descarga PDF<\/a><\/p>\n<p style=\"text-align: left;\">\n<p><strong>1<\/strong><strong>.- <\/strong>____________________________ es el creador de la obra titulada<br \/>\n___________________________<br \/>\n<strong> 2.-<\/strong> ___________________ manifiesta que no ha cedido en exclusiva el<br \/>\nderecho de representaci\u00f3n de la obra, y que no ha cedido este derecho en<br \/>\nforma incompatible con la representaci\u00f3nn que se llevar\u00e1 a cabo en &#8230;&#8230;&#8230;..<br \/>\n<strong> 3.-<\/strong> __________________ manifiesta expresamente que no ha cedido<br \/>\nninguno de los derechos de explotaci\u00f3n de la obra para su gesti\u00f3n por parte<br \/>\nde ninguna entidad gestora de derechos de autor. En concreto, y a modo<br \/>\nenunciativo, manifiesta expresamente que no ha suscrito contrato de<br \/>\nadhesi\u00f3n alguno con la Sociedad General de Autores y Editores (SGAE) ni<br \/>\ntampoco a ninguna otra entidad extranjera equivalente dedicada a la<br \/>\ngesti\u00f3n de derechos de autor.<br \/>\n<strong> 4.1.-<\/strong> ___________________ es el autor de los distintos elementos de que<br \/>\nse compone la obra, tales como textos, coreograf\u00edas, im\u00e1genes, sonidos,<br \/>\nm\u00fasica o cualquier otro elemento susceptible de ser calificado como obra<br \/>\nprotegible de acuerdo con la Ley de Propiedad Intelectual.<br \/>\n<strong> 4.2.-<\/strong> En caso de que alguno de los elementos citados no haya sido creado<br \/>\npor el autor, ________________________ manifiesta que est\u00e1<br \/>\nleg\u00edtimamente autorizado por sus autores o gestores para utilizar dichas<br \/>\nobras conforme el objeto de este contrato y que en caso de que su<br \/>\nutilizaci\u00f3n est\u00e9 sujeta al pago de derechos de autor, ya sea directamente al<br \/>\nautor, ya sea a la entidad que sea titular de los derechos de explotaci\u00f3n<br \/>\npara su gesti\u00f3n, este pago ha sido asumido por parte de la compa\u00f1\u00eda.<br \/>\n<strong> 5.- <\/strong>_______________________ manifiesta que asume las condiciones del<br \/>\ncontrato al que se adjunta este documento y del que forma parte<br \/>\nintegrante<\/p>\n<p>En Barcelona, a _____ de _______de _______<\/p>\n<p>Fdo. ___________________<\/p>","protected":false},"excerpt":{"rendered":"<p>[Atenci\u00f3n. Todos estos recursos, los de la secci\u00f3n Recursos de Cultura Libre est\u00e1n desactualizados desde 2010. Aunque muchos todav\u00eda pueden servir, antes de usarlos se deben revisar seg\u00fan la legislaci\u00f3n vigente.] &nbsp; ANEXO 1 MANIFESTACI\u00d3N DE AUTOR\u00cdA Y NO ADHESI\u00d3N A ENTIDAD DE GESTI\u00d3N DE DERECHOS DE AUTOR Descarga PDF 1.- ____________________________ es el creador [&hellip;]<\/p>\n","protected":false},"author":5,"featured_media":0,"parent":43,"menu_order":0,"comment_status":"open","ping_status":"closed","template":"","meta":{"footnotes":""},"class_list":["post-77","page","type-page","status-publish","hentry"],"yoast_head":"<!-- This site is optimized with the Yoast SEO plugin v26.7 - https:\/\/yoast.com\/wordpress\/plugins\/seo\/ -->\n<title>Anexo 1 . Manifestaci\u00f3n de no pertenencia a entidades de gesti\u00f3n de artista contratado -<\/title>\n<meta name=\"robots\" content=\"index, follow, max-snippet:-1, max-image-preview:large, max-video-preview:-1\" \/>\n<link rel=\"canonical\" href=\"https:\/\/xnet-x.net\/es\/herramientas\/documentos\/anexo-1-manifestacion-de-no-pertenencia-a-entidades-de-gestion-de-artista-contratado\/\" \/>\n<meta name=\"twitter:label1\" content=\"Tiempo de lectura\" \/>\n\t<meta name=\"twitter:data1\" content=\"4 minutos\" \/>\n<script type=\"application\/ld+json\" class=\"yoast-schema-graph\">{\"@context\":\"https:\/\/schema.org\",\"@graph\":[{\"@type\":\"WebPage\",\"@id\":\"https:\/\/xnet-x.net\/es\/herramientas\/documentos\/anexo-1-manifestacion-de-no-pertenencia-a-entidades-de-gestion-de-artista-contratado\/\",\"url\":\"https:\/\/xnet-x.net\/es\/herramientas\/documentos\/anexo-1-manifestacion-de-no-pertenencia-a-entidades-de-gestion-de-artista-contratado\/\",\"name\":\"Anexo 1 . Manifestaci\u00f3n de no pertenencia a entidades de gesti\u00f3n de artista contratado -\",\"isPartOf\":{\"@id\":\"https:\/\/xnet-x.net\/es\/#website\"},\"datePublished\":\"2008-05-11T16:47:03+00:00\",\"dateModified\":\"2021-08-17T09:51:49+00:00\",\"breadcrumb\":{\"@id\":\"https:\/\/xnet-x.net\/es\/herramientas\/documentos\/anexo-1-manifestacion-de-no-pertenencia-a-entidades-de-gestion-de-artista-contratado\/#breadcrumb\"},\"inLanguage\":\"es\",\"potentialAction\":[{\"@type\":\"ReadAction\",\"target\":[[\"https:\/\/xnet-x.net\/es\/herramientas\/documentos\/anexo-1-manifestacion-de-no-pertenencia-a-entidades-de-gestion-de-artista-contratado\/\"]]}]},{\"@type\":\"BreadcrumbList\",\"@id\":\"https:\/\/xnet-x.net\/es\/herramientas\/documentos\/anexo-1-manifestacion-de-no-pertenencia-a-entidades-de-gestion-de-artista-contratado\/#breadcrumb\",\"itemListElement\":[{\"@type\":\"ListItem\",\"position\":1,\"name\":\"Portada\",\"item\":\"https:\/\/xnet-x.net\/es\/\"},{\"@type\":\"ListItem\",\"position\":2,\"name\":\"(Es) Herramientas\",\"item\":\"https:\/\/xnet-x.net\/es\/herramientas\/\"},{\"@type\":\"ListItem\",\"position\":3,\"name\":\"(Es) \u00cdndice documentos\",\"item\":\"https:\/\/xnet-x.net\/es\/herramientas\/documentos\/\"},{\"@type\":\"ListItem\",\"position\":4,\"name\":\"Anexo 1 . Manifestaci\u00f3n de no pertenencia a entidades de gesti\u00f3n de artista contratado\"}]},{\"@type\":\"WebSite\",\"@id\":\"https:\/\/xnet-x.net\/es\/#website\",\"url\":\"https:\/\/xnet-x.net\/es\/\",\"name\":\"[:es]Xnet - Internet, derechos y democracia en la era digital[:ca]Xnet - Internet, drets i democr\u00e0cia en l'era digital[:en]Xnet - Internet freedoms & digital rights[:]\",\"description\":\"Xnet: Internet, informaci\u00f3n y cultura libres. Tecnopol\u00edtica. Datos, algoritmos y derechos digitales. Libertad de expresi\u00f3n. Democracia y anticorrupci\u00f3n\",\"publisher\":{\"@id\":\"https:\/\/xnet-x.net\/es\/#organization\"},\"potentialAction\":[{\"@type\":\"SearchAction\",\"target\":{\"@type\":\"EntryPoint\",\"urlTemplate\":\"https:\/\/xnet-x.net\/es\/?s={search_term_string}\"},\"query-input\":{\"@type\":\"PropertyValueSpecification\",\"valueRequired\":true,\"valueName\":\"search_term_string\"}}],\"inLanguage\":\"es\"},{\"@type\":\"Organization\",\"@id\":\"https:\/\/xnet-x.net\/es\/#organization\",\"name\":\"Xnet - Internet, derechos y democracia en la era digital\",\"url\":\"https:\/\/xnet-x.net\/es\/\",\"logo\":{\"@type\":\"ImageObject\",\"inLanguage\":\"es\",\"@id\":\"https:\/\/xnet-x.net\/es\/#\/schema\/logo\/image\/\",\"url\":\"https:\/\/xnet-x.net\/img\/xnet-logo.png\",\"contentUrl\":\"https:\/\/xnet-x.net\/img\/xnet-logo.png\",\"width\":512,\"height\":512,\"caption\":\"Xnet - Internet, derechos y democracia en la era digital\"},\"image\":{\"@id\":\"https:\/\/xnet-x.net\/es\/#\/schema\/logo\/image\/\"},\"sameAs\":[\"http:\/\/facebook.com\/RedX.Net\/\",\"https:\/\/x.com\/x_net_\",\"https:\/\/es.wikipedia.org\/wiki\/Xnet\"]}]}<\/script>\n<!-- \/ Yoast SEO plugin. -->","yoast_head_json":{"title":"Anexo 1 . Manifestaci\u00f3n de no pertenencia a entidades de gesti\u00f3n de artista contratado -","robots":{"index":"index","follow":"follow","max-snippet":"max-snippet:-1","max-image-preview":"max-image-preview:large","max-video-preview":"max-video-preview:-1"},"canonical":"https:\/\/xnet-x.net\/es\/herramientas\/documentos\/anexo-1-manifestacion-de-no-pertenencia-a-entidades-de-gestion-de-artista-contratado\/","twitter_misc":{"Tiempo de lectura":"4 minutos"},"schema":{"@context":"https:\/\/schema.org","@graph":[{"@type":"WebPage","@id":"https:\/\/xnet-x.net\/es\/herramientas\/documentos\/anexo-1-manifestacion-de-no-pertenencia-a-entidades-de-gestion-de-artista-contratado\/","url":"https:\/\/xnet-x.net\/es\/herramientas\/documentos\/anexo-1-manifestacion-de-no-pertenencia-a-entidades-de-gestion-de-artista-contratado\/","name":"Anexo 1 . Manifestaci\u00f3n de no pertenencia a entidades de gesti\u00f3n de artista contratado -","isPartOf":{"@id":"https:\/\/xnet-x.net\/es\/#website"},"datePublished":"2008-05-11T16:47:03+00:00","dateModified":"2021-08-17T09:51:49+00:00","breadcrumb":{"@id":"https:\/\/xnet-x.net\/es\/herramientas\/documentos\/anexo-1-manifestacion-de-no-pertenencia-a-entidades-de-gestion-de-artista-contratado\/#breadcrumb"},"inLanguage":"es","potentialAction":[{"@type":"ReadAction","target":[["https:\/\/xnet-x.net\/es\/herramientas\/documentos\/anexo-1-manifestacion-de-no-pertenencia-a-entidades-de-gestion-de-artista-contratado\/"]]}]},{"@type":"BreadcrumbList","@id":"https:\/\/xnet-x.net\/es\/herramientas\/documentos\/anexo-1-manifestacion-de-no-pertenencia-a-entidades-de-gestion-de-artista-contratado\/#breadcrumb","itemListElement":[{"@type":"ListItem","position":1,"name":"Portada","item":"https:\/\/xnet-x.net\/es\/"},{"@type":"ListItem","position":2,"name":"(Es) Herramientas","item":"https:\/\/xnet-x.net\/es\/herramientas\/"},{"@type":"ListItem","position":3,"name":"(Es) \u00cdndice documentos","item":"https:\/\/xnet-x.net\/es\/herramientas\/documentos\/"},{"@type":"ListItem","position":4,"name":"Anexo 1 . Manifestaci\u00f3n de no pertenencia a entidades de gesti\u00f3n de artista contratado"}]},{"@type":"WebSite","@id":"https:\/\/xnet-x.net\/es\/#website","url":"https:\/\/xnet-x.net\/es\/","name":"[:es]Xnet - Internet, derechos y democracia en la era digital[:ca]Xnet - Internet, drets i democr\u00e0cia en l'era digital[:en]Xnet - Internet freedoms & digital rights[:]","description":"Xnet: Internet, informaci\u00f3n y cultura libres. Tecnopol\u00edtica. Datos, algoritmos y derechos digitales. Libertad de expresi\u00f3n. Democracia y anticorrupci\u00f3n","publisher":{"@id":"https:\/\/xnet-x.net\/es\/#organization"},"potentialAction":[{"@type":"SearchAction","target":{"@type":"EntryPoint","urlTemplate":"https:\/\/xnet-x.net\/es\/?s={search_term_string}"},"query-input":{"@type":"PropertyValueSpecification","valueRequired":true,"valueName":"search_term_string"}}],"inLanguage":"es"},{"@type":"Organization","@id":"https:\/\/xnet-x.net\/es\/#organization","name":"Xnet - Internet, derechos y democracia en la era digital","url":"https:\/\/xnet-x.net\/es\/","logo":{"@type":"ImageObject","inLanguage":"es","@id":"https:\/\/xnet-x.net\/es\/#\/schema\/logo\/image\/","url":"https:\/\/xnet-x.net\/img\/xnet-logo.png","contentUrl":"https:\/\/xnet-x.net\/img\/xnet-logo.png","width":512,"height":512,"caption":"Xnet - Internet, derechos y democracia en la era digital"},"image":{"@id":"https:\/\/xnet-x.net\/es\/#\/schema\/logo\/image\/"},"sameAs":["http:\/\/facebook.com\/RedX.Net\/","https:\/\/x.com\/x_net_","https:\/\/es.wikipedia.org\/wiki\/Xnet"]}]}},"_links":{"self":[{"href":"https:\/\/xnet-x.net\/es\/wp-json\/wp\/v2\/pages\/77","targetHints":{"allow":["GET"]}}],"collection":[{"href":"https:\/\/xnet-x.net\/es\/wp-json\/wp\/v2\/pages"}],"about":[{"href":"https:\/\/xnet-x.net\/es\/wp-json\/wp\/v2\/types\/page"}],"author":[{"embeddable":true,"href":"https:\/\/xnet-x.net\/es\/wp-json\/wp\/v2\/users\/5"}],"replies":[{"embeddable":true,"href":"https:\/\/xnet-x.net\/es\/wp-json\/wp\/v2\/comments?post=77"}],"version-history":[{"count":6,"href":"https:\/\/xnet-x.net\/es\/wp-json\/wp\/v2\/pages\/77\/revisions"}],"predecessor-version":[{"id":22685,"href":"https:\/\/xnet-x.net\/es\/wp-json\/wp\/v2\/pages\/77\/revisions\/22685"}],"up":[{"embeddable":true,"href":"https:\/\/xnet-x.net\/es\/wp-json\/wp\/v2\/pages\/43"}],"wp:attachment":[{"href":"https:\/\/xnet-x.net\/es\/wp-json\/wp\/v2\/media?parent=77"}],"curies":[{"name":"wp","href":"https:\/\/api.w.org\/{rel}","templated":true}]}}