{"id":720,"date":"2010-07-13T11:37:35","date_gmt":"2010-07-13T09:37:35","guid":{"rendered":"http:\/\/la-ex.net\/?page_id=720"},"modified":"2010-11-29T08:25:48","modified_gmt":"2010-11-29T07:25:48","slug":"activity-report-2009","status":"publish","type":"page","link":"https:\/\/xnet-x.net\/es\/activity-report-2009\/","title":{"rendered":"Example of Activity Report"},"content":{"rendered":"<p><strong>Activity Report 2009<\/strong><br \/>\n<strong>With an average of four cases per day, La EX has attended to 1445 persons throughout the Spanish state in 2009.<br \/>\n<\/strong><\/p>\n<p><strong>The persons profiles were as follows:<\/strong><\/p>\n<p><strong>PROFILES \/ NUMBER OF FREE CONSULTATIONS 2009<\/strong><\/p>\n<hr \/>\n<p>Musicians (Authors or performers): 349<\/p>\n<p>Theatre companies: 198<\/p>\n<p>Festival programmers: 376<\/p>\n<p>Audiovisual artists: 58<\/p>\n<p>Computer stores: 42<\/p>\n<p>Gymnasiums: 76<\/p>\n<p>Bars, night clubs, public establishments: 217<\/p>\n<p>Online radio-tv broadcasters: 21<\/p>\n<p>Civic centres: 18<\/p>\n<p>DJs: 32<br \/>\n______<br \/>\n<strong>TOTAL 1445<\/strong><\/p>\n<p><strong>PAID CONSULTATIONS IN 2009:  20<\/strong><\/p>\n<p><strong>SITE VISITS: 10.000 average per month.<br \/>\n<\/strong><\/p>\n<p>We are a group of like-minded people based on mutual trust, with no leaders. 80% of us are women.<\/p>\n<p>Each of us has his or her own networks that they consult and bring to exgae, which represents several collectives such as Conservas, Telenoika, La Impropia, Taller de M\u00fasics, etc&#8230;<\/p>\n<p>This means that we have an active human power ranging from 1 to 100 people depending on the case, and first-hand information immediately reaches some 9,000\/13,000 people, members of the members, we could say. We also always consult everything we do with our Network (other collectives or individuals) and based on the criticisms and suggestions we receive as feedback, we add modifications as we go.<\/p>\n<p>We have 5 lawyers working with us and they remain neutral, unconnected to our activist activities. We address them with queries and consultations.<\/p>\n<p>They are paid a fee for the cases they take on. The fees are paid by clients that come to them only if there is no other way of resolving a case, through the free informations.<br \/>\neXgae is funded out of the cultural associations that make up exgae.<\/p>\n<p>Everybody who works for the oXcars is paid.<\/p>\n<p>eXgae in itself does not receive money, but we always try and free at least two people for paid part-time work. It is not always possible.<\/p>\n","protected":false},"excerpt":{"rendered":"<p>Activity Report 2009 With an average of four cases per day, La EX has attended to 1445 persons throughout the Spanish state in 2009. The persons profiles were as follows: PROFILES \/ NUMBER OF FREE CONSULTATIONS 2009 Musicians (Authors or performers): 349 Theatre companies: 198 Festival programmers: 376 Audiovisual artists: 58 Computer stores: 42 Gymnasiums: [&hellip;]<\/p>\n","protected":false},"author":5,"featured_media":0,"parent":0,"menu_order":0,"comment_status":"open","ping_status":"closed","template":"english.php","meta":{"footnotes":""},"class_list":["post-720","page","type-page","status-publish","hentry"],"yoast_head":"<!-- This site is optimized with the Yoast SEO plugin v26.7 - https:\/\/yoast.com\/wordpress\/plugins\/seo\/ -->\n<title>Example of Activity Report -<\/title>\n<meta name=\"robots\" content=\"index, follow, max-snippet:-1, max-image-preview:large, max-video-preview:-1\" \/>\n<link rel=\"canonical\" href=\"https:\/\/xnet-x.net\/es\/activity-report-2009\/\" \/>\n<meta name=\"twitter:label1\" content=\"Tiempo de lectura\" \/>\n\t<meta name=\"twitter:data1\" content=\"1 minuto\" \/>\n<script type=\"application\/ld+json\" class=\"yoast-schema-graph\">{\"@context\":\"https:\/\/schema.org\",\"@graph\":[{\"@type\":\"WebPage\",\"@id\":\"https:\/\/xnet-x.net\/es\/activity-report-2009\/\",\"url\":\"https:\/\/xnet-x.net\/es\/activity-report-2009\/\",\"name\":\"Example of Activity Report -\",\"isPartOf\":{\"@id\":\"https:\/\/xnet-x.net\/es\/#website\"},\"datePublished\":\"2010-07-13T09:37:35+00:00\",\"dateModified\":\"2010-11-29T07:25:48+00:00\",\"breadcrumb\":{\"@id\":\"https:\/\/xnet-x.net\/es\/activity-report-2009\/#breadcrumb\"},\"inLanguage\":\"es\",\"potentialAction\":[{\"@type\":\"ReadAction\",\"target\":[[\"https:\/\/xnet-x.net\/es\/activity-report-2009\/\"]]}]},{\"@type\":\"BreadcrumbList\",\"@id\":\"https:\/\/xnet-x.net\/es\/activity-report-2009\/#breadcrumb\",\"itemListElement\":[{\"@type\":\"ListItem\",\"position\":1,\"name\":\"Portada\",\"item\":\"https:\/\/xnet-x.net\/es\/\"},{\"@type\":\"ListItem\",\"position\":2,\"name\":\"Example of Activity Report\"}]},{\"@type\":\"WebSite\",\"@id\":\"https:\/\/xnet-x.net\/es\/#website\",\"url\":\"https:\/\/xnet-x.net\/es\/\",\"name\":\"[:es]Xnet - Internet, derechos y democracia en la era digital[:ca]Xnet - Internet, drets i democr\u00e0cia en l'era digital[:en]Xnet - Internet freedoms & digital rights[:]\",\"description\":\"Xnet: Internet, informaci\u00f3n y cultura libres. Tecnopol\u00edtica. Datos, algoritmos y derechos digitales. Libertad de expresi\u00f3n. Democracia y anticorrupci\u00f3n\",\"publisher\":{\"@id\":\"https:\/\/xnet-x.net\/es\/#organization\"},\"potentialAction\":[{\"@type\":\"SearchAction\",\"target\":{\"@type\":\"EntryPoint\",\"urlTemplate\":\"https:\/\/xnet-x.net\/es\/?s={search_term_string}\"},\"query-input\":{\"@type\":\"PropertyValueSpecification\",\"valueRequired\":true,\"valueName\":\"search_term_string\"}}],\"inLanguage\":\"es\"},{\"@type\":\"Organization\",\"@id\":\"https:\/\/xnet-x.net\/es\/#organization\",\"name\":\"Xnet - Internet, derechos y democracia en la era digital\",\"url\":\"https:\/\/xnet-x.net\/es\/\",\"logo\":{\"@type\":\"ImageObject\",\"inLanguage\":\"es\",\"@id\":\"https:\/\/xnet-x.net\/es\/#\/schema\/logo\/image\/\",\"url\":\"https:\/\/xnet-x.net\/img\/xnet-logo.png\",\"contentUrl\":\"https:\/\/xnet-x.net\/img\/xnet-logo.png\",\"width\":512,\"height\":512,\"caption\":\"Xnet - Internet, derechos y democracia en la era digital\"},\"image\":{\"@id\":\"https:\/\/xnet-x.net\/es\/#\/schema\/logo\/image\/\"},\"sameAs\":[\"http:\/\/facebook.com\/RedX.Net\/\",\"https:\/\/x.com\/x_net_\",\"https:\/\/es.wikipedia.org\/wiki\/Xnet\"]}]}<\/script>\n<!-- \/ Yoast SEO plugin. -->","yoast_head_json":{"title":"Example of Activity Report -","robots":{"index":"index","follow":"follow","max-snippet":"max-snippet:-1","max-image-preview":"max-image-preview:large","max-video-preview":"max-video-preview:-1"},"canonical":"https:\/\/xnet-x.net\/es\/activity-report-2009\/","twitter_misc":{"Tiempo de lectura":"1 minuto"},"schema":{"@context":"https:\/\/schema.org","@graph":[{"@type":"WebPage","@id":"https:\/\/xnet-x.net\/es\/activity-report-2009\/","url":"https:\/\/xnet-x.net\/es\/activity-report-2009\/","name":"Example of Activity Report -","isPartOf":{"@id":"https:\/\/xnet-x.net\/es\/#website"},"datePublished":"2010-07-13T09:37:35+00:00","dateModified":"2010-11-29T07:25:48+00:00","breadcrumb":{"@id":"https:\/\/xnet-x.net\/es\/activity-report-2009\/#breadcrumb"},"inLanguage":"es","potentialAction":[{"@type":"ReadAction","target":[["https:\/\/xnet-x.net\/es\/activity-report-2009\/"]]}]},{"@type":"BreadcrumbList","@id":"https:\/\/xnet-x.net\/es\/activity-report-2009\/#breadcrumb","itemListElement":[{"@type":"ListItem","position":1,"name":"Portada","item":"https:\/\/xnet-x.net\/es\/"},{"@type":"ListItem","position":2,"name":"Example of Activity Report"}]},{"@type":"WebSite","@id":"https:\/\/xnet-x.net\/es\/#website","url":"https:\/\/xnet-x.net\/es\/","name":"[:es]Xnet - Internet, derechos y democracia en la era digital[:ca]Xnet - Internet, drets i democr\u00e0cia en l'era digital[:en]Xnet - Internet freedoms & digital rights[:]","description":"Xnet: Internet, informaci\u00f3n y cultura libres. Tecnopol\u00edtica. Datos, algoritmos y derechos digitales. Libertad de expresi\u00f3n. Democracia y anticorrupci\u00f3n","publisher":{"@id":"https:\/\/xnet-x.net\/es\/#organization"},"potentialAction":[{"@type":"SearchAction","target":{"@type":"EntryPoint","urlTemplate":"https:\/\/xnet-x.net\/es\/?s={search_term_string}"},"query-input":{"@type":"PropertyValueSpecification","valueRequired":true,"valueName":"search_term_string"}}],"inLanguage":"es"},{"@type":"Organization","@id":"https:\/\/xnet-x.net\/es\/#organization","name":"Xnet - Internet, derechos y democracia en la era digital","url":"https:\/\/xnet-x.net\/es\/","logo":{"@type":"ImageObject","inLanguage":"es","@id":"https:\/\/xnet-x.net\/es\/#\/schema\/logo\/image\/","url":"https:\/\/xnet-x.net\/img\/xnet-logo.png","contentUrl":"https:\/\/xnet-x.net\/img\/xnet-logo.png","width":512,"height":512,"caption":"Xnet - Internet, derechos y democracia en la era digital"},"image":{"@id":"https:\/\/xnet-x.net\/es\/#\/schema\/logo\/image\/"},"sameAs":["http:\/\/facebook.com\/RedX.Net\/","https:\/\/x.com\/x_net_","https:\/\/es.wikipedia.org\/wiki\/Xnet"]}]}},"_links":{"self":[{"href":"https:\/\/xnet-x.net\/es\/wp-json\/wp\/v2\/pages\/720","targetHints":{"allow":["GET"]}}],"collection":[{"href":"https:\/\/xnet-x.net\/es\/wp-json\/wp\/v2\/pages"}],"about":[{"href":"https:\/\/xnet-x.net\/es\/wp-json\/wp\/v2\/types\/page"}],"author":[{"embeddable":true,"href":"https:\/\/xnet-x.net\/es\/wp-json\/wp\/v2\/users\/5"}],"replies":[{"embeddable":true,"href":"https:\/\/xnet-x.net\/es\/wp-json\/wp\/v2\/comments?post=720"}],"version-history":[{"count":0,"href":"https:\/\/xnet-x.net\/es\/wp-json\/wp\/v2\/pages\/720\/revisions"}],"wp:attachment":[{"href":"https:\/\/xnet-x.net\/es\/wp-json\/wp\/v2\/media?parent=720"}],"curies":[{"name":"wp","href":"https:\/\/api.w.org\/{rel}","templated":true}]}}