{"id":72,"date":"2008-05-11T16:34:30","date_gmt":"2008-05-11T14:34:30","guid":{"rendered":"http:\/\/la-ex.net\/?page_id=72"},"modified":"2021-08-17T11:44:55","modified_gmt":"2021-08-17T09:44:55","slug":"pequeno-gran-derecho","status":"publish","type":"page","link":"https:\/\/xnet-x.net\/es\/tipologia-de-creaciones-artisticas-y-competencias-de-la-sgae-gran-derecho-y-pequeno-derecho\/","title":{"rendered":"Tipolog\u00eda de creaciones art\u00edsticas y competencias de la SGAE. Gran Derecho y Peque\u00f1o Derecho"},"content":{"rendered":"<p><em>[Atenci\u00f3n. Todos estos recursos, los de la secci\u00f3n <a href=\"https:\/\/xnet-x.net\/contactanos-para\/portal-de-cultura-libre\/\" rel=\"noopener noreferrer\" target=\"_blank\">Recursos de Cultura Libre <\/a>est\u00e1n desactualizados desde 2010. Aunque muchos todav\u00eda pueden servir, antes de usarlos se deben revisar seg\u00fan la legislaci\u00f3n vigente.]<\/em><br \/>\n&nbsp;<\/p>\n<p><strong><\/strong><\/p>\n<p>La informaci\u00f3n que aparece a continuaci\u00f3n se refiere a los estatutos de la SGAE, pudiendo ser similar a la de otras entidades pero no trasladable.<\/p>\n<p>I.- Las competencias de la SGAE para la gesti\u00f3n de derechos de explotaci\u00f3n var\u00edan sustancialmente en funci\u00f3n de que la obra sea considerada de \u201cGran Derecho\u201d o de \u201cPeque\u00f1o Derecho\u201d.<\/p>\n<p>II.- Son de gran derecho las obras 1) literarias 2) dram\u00e1ticas 3) dram\u00e1tico-musicales 4) coreogr\u00e1ficas y 5) pantom\u00edmicas. Y de peque\u00f1o derecho, entre otras, las obras musicales, excepto las creadas espec\u00edficamente para bandas sonoras de audiovisuales y obras con un desarrollo argumental o una acci\u00f3n dram\u00e1tica, los ballets, cuando sean emitidos por radio, total o parcialmente.<\/p>\n<p>III.- La caracter\u00edstica m\u00e1s relevante de las obras de gran derecho en lo que respecta a la gesti\u00f3n de la SGAE es que la autorizaci\u00f3n para la explotaci\u00f3n de estas obras, y sus condiciones, quedan en manos de sus titulares. La SGAE se limita a gestionar estas autorizaciones.Para Las obras de peque\u00f1o derecho, en cambio, la SGAE da las licencias de uso sin necesidad de consultar previamente al autor, y conforme a sus tarifas.<\/p>\n<p>IV.- Es muy importante recordar adem\u00e1s, que la SGAE solamente puede representar y gestionar los derechos de las obras de los autores asociados. No las de los autores no asociados (ni en ella ni en ninguna otra extranjera)<\/p>\n<p><strong>Marco Legal<\/strong><\/p>\n<p>157.3 Ley de Propiedad Intelectual (LPI)<br \/>\nArt. 12 Estatutos SGAE<br \/>\nCl\u00e1usula Segunda del Contrato de Gesti\u00f3n de la SGAE<\/p>","protected":false},"excerpt":{"rendered":"<p>[Atenci\u00f3n. Todos estos recursos, los de la secci\u00f3n Recursos de Cultura Libre est\u00e1n desactualizados desde 2010. Aunque muchos todav\u00eda pueden servir, antes de usarlos se deben revisar seg\u00fan la legislaci\u00f3n vigente.] &nbsp; La informaci\u00f3n que aparece a continuaci\u00f3n se refiere a los estatutos de la SGAE, pudiendo ser similar a la de otras entidades pero [&hellip;]<\/p>\n","protected":false},"author":5,"featured_media":0,"parent":0,"menu_order":0,"comment_status":"open","ping_status":"closed","template":"","meta":{"footnotes":""},"class_list":["post-72","page","type-page","status-publish","hentry"],"yoast_head":"<!-- This site is optimized with the Yoast SEO plugin v26.7 - https:\/\/yoast.com\/wordpress\/plugins\/seo\/ -->\n<title>Tipolog\u00eda de creaciones art\u00edsticas y competencias de la SGAE. Gran Derecho y Peque\u00f1o Derecho -<\/title>\n<meta name=\"robots\" content=\"index, follow, max-snippet:-1, max-image-preview:large, max-video-preview:-1\" \/>\n<link rel=\"canonical\" href=\"https:\/\/xnet-x.net\/es\/tipologia-de-creaciones-artisticas-y-competencias-de-la-sgae-gran-derecho-y-pequeno-derecho\/\" \/>\n<meta name=\"twitter:label1\" content=\"Tiempo de lectura\" \/>\n\t<meta name=\"twitter:data1\" content=\"3 minutos\" \/>\n<script type=\"application\/ld+json\" class=\"yoast-schema-graph\">{\"@context\":\"https:\/\/schema.org\",\"@graph\":[{\"@type\":\"WebPage\",\"@id\":\"https:\/\/xnet-x.net\/es\/tipologia-de-creaciones-artisticas-y-competencias-de-la-sgae-gran-derecho-y-pequeno-derecho\/\",\"url\":\"https:\/\/xnet-x.net\/es\/tipologia-de-creaciones-artisticas-y-competencias-de-la-sgae-gran-derecho-y-pequeno-derecho\/\",\"name\":\"Tipolog\u00eda de creaciones art\u00edsticas y competencias de la SGAE. Gran Derecho y Peque\u00f1o Derecho -\",\"isPartOf\":{\"@id\":\"https:\/\/xnet-x.net\/es\/#website\"},\"datePublished\":\"2008-05-11T14:34:30+00:00\",\"dateModified\":\"2021-08-17T09:44:55+00:00\",\"breadcrumb\":{\"@id\":\"https:\/\/xnet-x.net\/es\/tipologia-de-creaciones-artisticas-y-competencias-de-la-sgae-gran-derecho-y-pequeno-derecho\/#breadcrumb\"},\"inLanguage\":\"es\",\"potentialAction\":[{\"@type\":\"ReadAction\",\"target\":[[\"https:\/\/xnet-x.net\/es\/tipologia-de-creaciones-artisticas-y-competencias-de-la-sgae-gran-derecho-y-pequeno-derecho\/\"]]}]},{\"@type\":\"BreadcrumbList\",\"@id\":\"https:\/\/xnet-x.net\/es\/tipologia-de-creaciones-artisticas-y-competencias-de-la-sgae-gran-derecho-y-pequeno-derecho\/#breadcrumb\",\"itemListElement\":[{\"@type\":\"ListItem\",\"position\":1,\"name\":\"Portada\",\"item\":\"https:\/\/xnet-x.net\/es\/\"},{\"@type\":\"ListItem\",\"position\":2,\"name\":\"Tipolog\u00eda de creaciones art\u00edsticas y competencias de la SGAE. Gran Derecho y Peque\u00f1o Derecho\"}]},{\"@type\":\"WebSite\",\"@id\":\"https:\/\/xnet-x.net\/es\/#website\",\"url\":\"https:\/\/xnet-x.net\/es\/\",\"name\":\"[:es]Xnet - Internet, derechos y democracia en la era digital[:ca]Xnet - Internet, drets i democr\u00e0cia en l'era digital[:en]Xnet - Internet freedoms & digital rights[:]\",\"description\":\"Xnet: Internet, informaci\u00f3n y cultura libres. Tecnopol\u00edtica. Datos, algoritmos y derechos digitales. Libertad de expresi\u00f3n. Democracia y anticorrupci\u00f3n\",\"publisher\":{\"@id\":\"https:\/\/xnet-x.net\/es\/#organization\"},\"potentialAction\":[{\"@type\":\"SearchAction\",\"target\":{\"@type\":\"EntryPoint\",\"urlTemplate\":\"https:\/\/xnet-x.net\/es\/?s={search_term_string}\"},\"query-input\":{\"@type\":\"PropertyValueSpecification\",\"valueRequired\":true,\"valueName\":\"search_term_string\"}}],\"inLanguage\":\"es\"},{\"@type\":\"Organization\",\"@id\":\"https:\/\/xnet-x.net\/es\/#organization\",\"name\":\"Xnet - Internet, derechos y democracia en la era digital\",\"url\":\"https:\/\/xnet-x.net\/es\/\",\"logo\":{\"@type\":\"ImageObject\",\"inLanguage\":\"es\",\"@id\":\"https:\/\/xnet-x.net\/es\/#\/schema\/logo\/image\/\",\"url\":\"https:\/\/xnet-x.net\/img\/xnet-logo.png\",\"contentUrl\":\"https:\/\/xnet-x.net\/img\/xnet-logo.png\",\"width\":512,\"height\":512,\"caption\":\"Xnet - Internet, derechos y democracia en la era digital\"},\"image\":{\"@id\":\"https:\/\/xnet-x.net\/es\/#\/schema\/logo\/image\/\"},\"sameAs\":[\"http:\/\/facebook.com\/RedX.Net\/\",\"https:\/\/x.com\/x_net_\",\"https:\/\/es.wikipedia.org\/wiki\/Xnet\"]}]}<\/script>\n<!-- \/ Yoast SEO plugin. -->","yoast_head_json":{"title":"Tipolog\u00eda de creaciones art\u00edsticas y competencias de la SGAE. Gran Derecho y Peque\u00f1o Derecho -","robots":{"index":"index","follow":"follow","max-snippet":"max-snippet:-1","max-image-preview":"max-image-preview:large","max-video-preview":"max-video-preview:-1"},"canonical":"https:\/\/xnet-x.net\/es\/tipologia-de-creaciones-artisticas-y-competencias-de-la-sgae-gran-derecho-y-pequeno-derecho\/","twitter_misc":{"Tiempo de lectura":"3 minutos"},"schema":{"@context":"https:\/\/schema.org","@graph":[{"@type":"WebPage","@id":"https:\/\/xnet-x.net\/es\/tipologia-de-creaciones-artisticas-y-competencias-de-la-sgae-gran-derecho-y-pequeno-derecho\/","url":"https:\/\/xnet-x.net\/es\/tipologia-de-creaciones-artisticas-y-competencias-de-la-sgae-gran-derecho-y-pequeno-derecho\/","name":"Tipolog\u00eda de creaciones art\u00edsticas y competencias de la SGAE. Gran Derecho y Peque\u00f1o Derecho -","isPartOf":{"@id":"https:\/\/xnet-x.net\/es\/#website"},"datePublished":"2008-05-11T14:34:30+00:00","dateModified":"2021-08-17T09:44:55+00:00","breadcrumb":{"@id":"https:\/\/xnet-x.net\/es\/tipologia-de-creaciones-artisticas-y-competencias-de-la-sgae-gran-derecho-y-pequeno-derecho\/#breadcrumb"},"inLanguage":"es","potentialAction":[{"@type":"ReadAction","target":[["https:\/\/xnet-x.net\/es\/tipologia-de-creaciones-artisticas-y-competencias-de-la-sgae-gran-derecho-y-pequeno-derecho\/"]]}]},{"@type":"BreadcrumbList","@id":"https:\/\/xnet-x.net\/es\/tipologia-de-creaciones-artisticas-y-competencias-de-la-sgae-gran-derecho-y-pequeno-derecho\/#breadcrumb","itemListElement":[{"@type":"ListItem","position":1,"name":"Portada","item":"https:\/\/xnet-x.net\/es\/"},{"@type":"ListItem","position":2,"name":"Tipolog\u00eda de creaciones art\u00edsticas y competencias de la SGAE. Gran Derecho y Peque\u00f1o Derecho"}]},{"@type":"WebSite","@id":"https:\/\/xnet-x.net\/es\/#website","url":"https:\/\/xnet-x.net\/es\/","name":"[:es]Xnet - Internet, derechos y democracia en la era digital[:ca]Xnet - Internet, drets i democr\u00e0cia en l'era digital[:en]Xnet - Internet freedoms & digital rights[:]","description":"Xnet: Internet, informaci\u00f3n y cultura libres. Tecnopol\u00edtica. Datos, algoritmos y derechos digitales. Libertad de expresi\u00f3n. Democracia y anticorrupci\u00f3n","publisher":{"@id":"https:\/\/xnet-x.net\/es\/#organization"},"potentialAction":[{"@type":"SearchAction","target":{"@type":"EntryPoint","urlTemplate":"https:\/\/xnet-x.net\/es\/?s={search_term_string}"},"query-input":{"@type":"PropertyValueSpecification","valueRequired":true,"valueName":"search_term_string"}}],"inLanguage":"es"},{"@type":"Organization","@id":"https:\/\/xnet-x.net\/es\/#organization","name":"Xnet - Internet, derechos y democracia en la era digital","url":"https:\/\/xnet-x.net\/es\/","logo":{"@type":"ImageObject","inLanguage":"es","@id":"https:\/\/xnet-x.net\/es\/#\/schema\/logo\/image\/","url":"https:\/\/xnet-x.net\/img\/xnet-logo.png","contentUrl":"https:\/\/xnet-x.net\/img\/xnet-logo.png","width":512,"height":512,"caption":"Xnet - Internet, derechos y democracia en la era digital"},"image":{"@id":"https:\/\/xnet-x.net\/es\/#\/schema\/logo\/image\/"},"sameAs":["http:\/\/facebook.com\/RedX.Net\/","https:\/\/x.com\/x_net_","https:\/\/es.wikipedia.org\/wiki\/Xnet"]}]}},"_links":{"self":[{"href":"https:\/\/xnet-x.net\/es\/wp-json\/wp\/v2\/pages\/72","targetHints":{"allow":["GET"]}}],"collection":[{"href":"https:\/\/xnet-x.net\/es\/wp-json\/wp\/v2\/pages"}],"about":[{"href":"https:\/\/xnet-x.net\/es\/wp-json\/wp\/v2\/types\/page"}],"author":[{"embeddable":true,"href":"https:\/\/xnet-x.net\/es\/wp-json\/wp\/v2\/users\/5"}],"replies":[{"embeddable":true,"href":"https:\/\/xnet-x.net\/es\/wp-json\/wp\/v2\/comments?post=72"}],"version-history":[{"count":6,"href":"https:\/\/xnet-x.net\/es\/wp-json\/wp\/v2\/pages\/72\/revisions"}],"predecessor-version":[{"id":22760,"href":"https:\/\/xnet-x.net\/es\/wp-json\/wp\/v2\/pages\/72\/revisions\/22760"}],"wp:attachment":[{"href":"https:\/\/xnet-x.net\/es\/wp-json\/wp\/v2\/media?parent=72"}],"curies":[{"name":"wp","href":"https:\/\/api.w.org\/{rel}","templated":true}]}}