{"id":70,"date":"2008-05-08T03:18:22","date_gmt":"2008-05-08T01:18:22","guid":{"rendered":"http:\/\/la-ex.net\/?page_id=70"},"modified":"2021-08-17T11:39:44","modified_gmt":"2021-08-17T09:39:44","slug":"uso-musica-video","status":"publish","type":"page","link":"https:\/\/xnet-x.net\/es\/herramientas\/tienda-bar-escuela\/bares-pubs-salas-gimnasios-escuelas-de-baile-autocares-y-cualquier-negocio-en-el-que-pueda-hacerse-uso-de-cualquier-aparato-de-reproduccion-de-audio-y-o-imagen-susceptible-de-recibir-reclamacione\/","title":{"rendered":"Bares, Pubs, Salas, Gimnasios, Escuelas de Baile, Autocares y cualquier negocio en el que pueda hacerse uso de cualquier aparato de reproducci\u00f3n de audio y\/o imagen susceptible de recibir reclamaciones por difusi\u00f3n por parte de entidades de gesti\u00f3n"},"content":{"rendered":"<p><em>[Atenci\u00f3n. Todos estos recursos, los de la secci\u00f3n <a href=\"https:\/\/xnet-x.net\/contactanos-para\/portal-de-cultura-libre\/\" rel=\"noopener noreferrer\" target=\"_blank\">Recursos de Cultura Libre <\/a>est\u00e1n desactualizados desde 2010. Aunque muchos todav\u00eda pueden servir, antes de usarlos se deben revisar seg\u00fan la legislaci\u00f3n vigente.]<\/em><br \/>\n&nbsp;<\/p>\n<h4>\u00bfQu\u00e9 puedo hacer si?:<\/h4>\n<p><strong>1.- SGAE dice que uso su repertorio y me reclama el pago de varios recibos.<\/strong><br \/>\nEs conveniente que aclares tu situaci\u00f3n a dicha entidad, revisa en qu\u00e9 fecha subscribiste el contrato con SGAE y las condiciones recogidas en el mismo.<\/p>\n<p><strong>2.- No localizo ning\u00fan contrato con SGAE u otra entidad, de hecho dudo haberlo firmado en alg\u00fan momento.<\/strong><br \/>\nPide una copia a la entidad reclamante a fin de poder corroborar su existencia y de paso revisar los t\u00e9rminos.<\/p>\n<p><strong>3.- Pago a SGAE desde que abr\u00ed mi negocio y ahora viene otra entidad reclamando lo mismo.<\/strong><br \/>\nSi el pago a SGAE viene motivado por haber firmado un contrato, lo que hiciste fue aceptar el uso de los productos del repertorio gestionado por SGAE y reconocerle el derecho al resto de entidades legitimadas para recaudar por su difusi\u00f3n.<\/p>\n<p><strong>4.- Hace meses que cerr\u00e9 mi negocio y SGAE sigue reclam\u00e1ndome el pago de los recibos.<\/strong><br \/>\nRe\u00fane toda la documentaci\u00f3n que acredite el cese de la actividad y env\u00edales un comunicado con acuse de recibo inform\u00e1ndoles de la situaci\u00f3n.<\/p>\n<p><strong>5.- Solo utilizo repertorio de autores que no son socios de ninguna sociedad de gesti\u00f3n y nunca firm\u00e9 un contrato con ninguna de ellas, pero aun as\u00ed me reclaman el pago por el uso de obras de su repertorio.<\/strong><br \/>\nComunica a la entidad (carta certificada con acuse de recibo)\u00a0 tu decisi\u00f3n de no hacer uso del repertorio que gestiona.<a href=\"\/herramientas\/documentos\/carta-uso-repertorio\">(Link a declaraci\u00f3n de uso de repertorio libre)<\/a><br \/>\n<strong><br \/>\n6.- A partir de ahora solo har\u00e9 uso de autores que no son socios de ninguna sociedad de gesti\u00f3n, \u00bfqu\u00e9 pasos he de seguir?<\/strong><br \/>\n1\u00ba.- Localiza tu contrato<br \/>\n2\u00ba.- Comunica tu decisi\u00f3n por carta certificada con acuse de recibo,  solicitando la rescisi\u00f3n del contrato. <a href=\"\/herramientas\/documentos\/carta-resolucion-contrato\">(Link al documento rescisi\u00f3n del contrato)<\/a><\/p>","protected":false},"excerpt":{"rendered":"<p>[Atenci\u00f3n. Todos estos recursos, los de la secci\u00f3n Recursos de Cultura Libre est\u00e1n desactualizados desde 2010. Aunque muchos todav\u00eda pueden servir, antes de usarlos se deben revisar seg\u00fan la legislaci\u00f3n vigente.] &nbsp; \u00bfQu\u00e9 puedo hacer si?: 1.- SGAE dice que uso su repertorio y me reclama el pago de varios recibos. Es conveniente que aclares [&hellip;]<\/p>\n","protected":false},"author":5,"featured_media":0,"parent":2481,"menu_order":0,"comment_status":"open","ping_status":"closed","template":"","meta":{"footnotes":""},"class_list":["post-70","page","type-page","status-publish","hentry"],"yoast_head":"<!-- This site is optimized with the Yoast SEO plugin v26.7 - https:\/\/yoast.com\/wordpress\/plugins\/seo\/ -->\n<title>Bares, Pubs, Salas, Gimnasios, Escuelas de Baile, Autocares y cualquier negocio en el que pueda hacerse uso de cualquier aparato de reproducci\u00f3n de audio y\/o imagen susceptible de recibir reclamaciones por difusi\u00f3n por parte de entidades de gesti\u00f3n -<\/title>\n<meta name=\"robots\" content=\"index, follow, max-snippet:-1, max-image-preview:large, max-video-preview:-1\" \/>\n<link rel=\"canonical\" href=\"https:\/\/xnet-x.net\/es\/herramientas\/tienda-bar-escuela\/bares-pubs-salas-gimnasios-escuelas-de-baile-autocares-y-cualquier-negocio-en-el-que-pueda-hacerse-uso-de-cualquier-aparato-de-reproduccion-de-audio-y-o-imagen-susceptible-de-recibir-reclamacione\/\" \/>\n<meta name=\"twitter:label1\" content=\"Tiempo de lectura\" \/>\n\t<meta name=\"twitter:data1\" content=\"4 minutos\" \/>\n<script type=\"application\/ld+json\" class=\"yoast-schema-graph\">{\"@context\":\"https:\/\/schema.org\",\"@graph\":[{\"@type\":\"WebPage\",\"@id\":\"https:\/\/xnet-x.net\/es\/herramientas\/tienda-bar-escuela\/bares-pubs-salas-gimnasios-escuelas-de-baile-autocares-y-cualquier-negocio-en-el-que-pueda-hacerse-uso-de-cualquier-aparato-de-reproduccion-de-audio-y-o-imagen-susceptible-de-recibir-reclamacione\/\",\"url\":\"https:\/\/xnet-x.net\/es\/herramientas\/tienda-bar-escuela\/bares-pubs-salas-gimnasios-escuelas-de-baile-autocares-y-cualquier-negocio-en-el-que-pueda-hacerse-uso-de-cualquier-aparato-de-reproduccion-de-audio-y-o-imagen-susceptible-de-recibir-reclamacione\/\",\"name\":\"Bares, Pubs, Salas, Gimnasios, Escuelas de Baile, Autocares y cualquier negocio en el que pueda hacerse uso de cualquier aparato de reproducci\u00f3n de audio y\/o imagen susceptible de recibir reclamaciones por difusi\u00f3n por parte de entidades de gesti\u00f3n -\",\"isPartOf\":{\"@id\":\"https:\/\/xnet-x.net\/es\/#website\"},\"datePublished\":\"2008-05-08T01:18:22+00:00\",\"dateModified\":\"2021-08-17T09:39:44+00:00\",\"breadcrumb\":{\"@id\":\"https:\/\/xnet-x.net\/es\/herramientas\/tienda-bar-escuela\/bares-pubs-salas-gimnasios-escuelas-de-baile-autocares-y-cualquier-negocio-en-el-que-pueda-hacerse-uso-de-cualquier-aparato-de-reproduccion-de-audio-y-o-imagen-susceptible-de-recibir-reclamacione\/#breadcrumb\"},\"inLanguage\":\"es\",\"potentialAction\":[{\"@type\":\"ReadAction\",\"target\":[[\"https:\/\/xnet-x.net\/es\/herramientas\/tienda-bar-escuela\/bares-pubs-salas-gimnasios-escuelas-de-baile-autocares-y-cualquier-negocio-en-el-que-pueda-hacerse-uso-de-cualquier-aparato-de-reproduccion-de-audio-y-o-imagen-susceptible-de-recibir-reclamacione\/\"]]}]},{\"@type\":\"BreadcrumbList\",\"@id\":\"https:\/\/xnet-x.net\/es\/herramientas\/tienda-bar-escuela\/bares-pubs-salas-gimnasios-escuelas-de-baile-autocares-y-cualquier-negocio-en-el-que-pueda-hacerse-uso-de-cualquier-aparato-de-reproduccion-de-audio-y-o-imagen-susceptible-de-recibir-reclamacione\/#breadcrumb\",\"itemListElement\":[{\"@type\":\"ListItem\",\"position\":1,\"name\":\"Portada\",\"item\":\"https:\/\/xnet-x.net\/es\/\"},{\"@type\":\"ListItem\",\"position\":2,\"name\":\"(Es) Herramientas\",\"item\":\"https:\/\/xnet-x.net\/es\/herramientas\/\"},{\"@type\":\"ListItem\",\"position\":3,\"name\":\"Tienda, bar, escuela&#8230;\",\"item\":\"https:\/\/xnet-x.net\/es\/herramientas\/tienda-bar-escuela\/\"},{\"@type\":\"ListItem\",\"position\":4,\"name\":\"Bares, Pubs, Salas, Gimnasios, Escuelas de Baile, Autocares y cualquier negocio en el que pueda hacerse uso de cualquier aparato de reproducci\u00f3n de audio y\/o imagen susceptible de recibir reclamaciones por difusi\u00f3n por parte de entidades de gesti\u00f3n\"}]},{\"@type\":\"WebSite\",\"@id\":\"https:\/\/xnet-x.net\/es\/#website\",\"url\":\"https:\/\/xnet-x.net\/es\/\",\"name\":\"[:es]Xnet - Internet, derechos y democracia en la era digital[:ca]Xnet - Internet, drets i democr\u00e0cia en l'era digital[:en]Xnet - Internet freedoms & digital rights[:]\",\"description\":\"Xnet: Internet, informaci\u00f3n y cultura libres. Tecnopol\u00edtica. Datos, algoritmos y derechos digitales. Libertad de expresi\u00f3n. Democracia y anticorrupci\u00f3n\",\"publisher\":{\"@id\":\"https:\/\/xnet-x.net\/es\/#organization\"},\"potentialAction\":[{\"@type\":\"SearchAction\",\"target\":{\"@type\":\"EntryPoint\",\"urlTemplate\":\"https:\/\/xnet-x.net\/es\/?s={search_term_string}\"},\"query-input\":{\"@type\":\"PropertyValueSpecification\",\"valueRequired\":true,\"valueName\":\"search_term_string\"}}],\"inLanguage\":\"es\"},{\"@type\":\"Organization\",\"@id\":\"https:\/\/xnet-x.net\/es\/#organization\",\"name\":\"Xnet - Internet, derechos y democracia en la era digital\",\"url\":\"https:\/\/xnet-x.net\/es\/\",\"logo\":{\"@type\":\"ImageObject\",\"inLanguage\":\"es\",\"@id\":\"https:\/\/xnet-x.net\/es\/#\/schema\/logo\/image\/\",\"url\":\"https:\/\/xnet-x.net\/img\/xnet-logo.png\",\"contentUrl\":\"https:\/\/xnet-x.net\/img\/xnet-logo.png\",\"width\":512,\"height\":512,\"caption\":\"Xnet - Internet, derechos y democracia en la era digital\"},\"image\":{\"@id\":\"https:\/\/xnet-x.net\/es\/#\/schema\/logo\/image\/\"},\"sameAs\":[\"http:\/\/facebook.com\/RedX.Net\/\",\"https:\/\/x.com\/x_net_\",\"https:\/\/es.wikipedia.org\/wiki\/Xnet\"]}]}<\/script>\n<!-- \/ Yoast SEO plugin. -->","yoast_head_json":{"title":"Bares, Pubs, Salas, Gimnasios, Escuelas de Baile, Autocares y cualquier negocio en el que pueda hacerse uso de cualquier aparato de reproducci\u00f3n de audio y\/o imagen susceptible de recibir reclamaciones por difusi\u00f3n por parte de entidades de gesti\u00f3n -","robots":{"index":"index","follow":"follow","max-snippet":"max-snippet:-1","max-image-preview":"max-image-preview:large","max-video-preview":"max-video-preview:-1"},"canonical":"https:\/\/xnet-x.net\/es\/herramientas\/tienda-bar-escuela\/bares-pubs-salas-gimnasios-escuelas-de-baile-autocares-y-cualquier-negocio-en-el-que-pueda-hacerse-uso-de-cualquier-aparato-de-reproduccion-de-audio-y-o-imagen-susceptible-de-recibir-reclamacione\/","twitter_misc":{"Tiempo de lectura":"4 minutos"},"schema":{"@context":"https:\/\/schema.org","@graph":[{"@type":"WebPage","@id":"https:\/\/xnet-x.net\/es\/herramientas\/tienda-bar-escuela\/bares-pubs-salas-gimnasios-escuelas-de-baile-autocares-y-cualquier-negocio-en-el-que-pueda-hacerse-uso-de-cualquier-aparato-de-reproduccion-de-audio-y-o-imagen-susceptible-de-recibir-reclamacione\/","url":"https:\/\/xnet-x.net\/es\/herramientas\/tienda-bar-escuela\/bares-pubs-salas-gimnasios-escuelas-de-baile-autocares-y-cualquier-negocio-en-el-que-pueda-hacerse-uso-de-cualquier-aparato-de-reproduccion-de-audio-y-o-imagen-susceptible-de-recibir-reclamacione\/","name":"Bares, Pubs, Salas, Gimnasios, Escuelas de Baile, Autocares y cualquier negocio en el que pueda hacerse uso de cualquier aparato de reproducci\u00f3n de audio y\/o imagen susceptible de recibir reclamaciones por difusi\u00f3n por parte de entidades de gesti\u00f3n -","isPartOf":{"@id":"https:\/\/xnet-x.net\/es\/#website"},"datePublished":"2008-05-08T01:18:22+00:00","dateModified":"2021-08-17T09:39:44+00:00","breadcrumb":{"@id":"https:\/\/xnet-x.net\/es\/herramientas\/tienda-bar-escuela\/bares-pubs-salas-gimnasios-escuelas-de-baile-autocares-y-cualquier-negocio-en-el-que-pueda-hacerse-uso-de-cualquier-aparato-de-reproduccion-de-audio-y-o-imagen-susceptible-de-recibir-reclamacione\/#breadcrumb"},"inLanguage":"es","potentialAction":[{"@type":"ReadAction","target":[["https:\/\/xnet-x.net\/es\/herramientas\/tienda-bar-escuela\/bares-pubs-salas-gimnasios-escuelas-de-baile-autocares-y-cualquier-negocio-en-el-que-pueda-hacerse-uso-de-cualquier-aparato-de-reproduccion-de-audio-y-o-imagen-susceptible-de-recibir-reclamacione\/"]]}]},{"@type":"BreadcrumbList","@id":"https:\/\/xnet-x.net\/es\/herramientas\/tienda-bar-escuela\/bares-pubs-salas-gimnasios-escuelas-de-baile-autocares-y-cualquier-negocio-en-el-que-pueda-hacerse-uso-de-cualquier-aparato-de-reproduccion-de-audio-y-o-imagen-susceptible-de-recibir-reclamacione\/#breadcrumb","itemListElement":[{"@type":"ListItem","position":1,"name":"Portada","item":"https:\/\/xnet-x.net\/es\/"},{"@type":"ListItem","position":2,"name":"(Es) Herramientas","item":"https:\/\/xnet-x.net\/es\/herramientas\/"},{"@type":"ListItem","position":3,"name":"Tienda, bar, escuela&#8230;","item":"https:\/\/xnet-x.net\/es\/herramientas\/tienda-bar-escuela\/"},{"@type":"ListItem","position":4,"name":"Bares, Pubs, Salas, Gimnasios, Escuelas de Baile, Autocares y cualquier negocio en el que pueda hacerse uso de cualquier aparato de reproducci\u00f3n de audio y\/o imagen susceptible de recibir reclamaciones por difusi\u00f3n por parte de entidades de gesti\u00f3n"}]},{"@type":"WebSite","@id":"https:\/\/xnet-x.net\/es\/#website","url":"https:\/\/xnet-x.net\/es\/","name":"[:es]Xnet - Internet, derechos y democracia en la era digital[:ca]Xnet - Internet, drets i democr\u00e0cia en l'era digital[:en]Xnet - Internet freedoms & digital rights[:]","description":"Xnet: Internet, informaci\u00f3n y cultura libres. Tecnopol\u00edtica. Datos, algoritmos y derechos digitales. Libertad de expresi\u00f3n. Democracia y anticorrupci\u00f3n","publisher":{"@id":"https:\/\/xnet-x.net\/es\/#organization"},"potentialAction":[{"@type":"SearchAction","target":{"@type":"EntryPoint","urlTemplate":"https:\/\/xnet-x.net\/es\/?s={search_term_string}"},"query-input":{"@type":"PropertyValueSpecification","valueRequired":true,"valueName":"search_term_string"}}],"inLanguage":"es"},{"@type":"Organization","@id":"https:\/\/xnet-x.net\/es\/#organization","name":"Xnet - Internet, derechos y democracia en la era digital","url":"https:\/\/xnet-x.net\/es\/","logo":{"@type":"ImageObject","inLanguage":"es","@id":"https:\/\/xnet-x.net\/es\/#\/schema\/logo\/image\/","url":"https:\/\/xnet-x.net\/img\/xnet-logo.png","contentUrl":"https:\/\/xnet-x.net\/img\/xnet-logo.png","width":512,"height":512,"caption":"Xnet - Internet, derechos y democracia en la era digital"},"image":{"@id":"https:\/\/xnet-x.net\/es\/#\/schema\/logo\/image\/"},"sameAs":["http:\/\/facebook.com\/RedX.Net\/","https:\/\/x.com\/x_net_","https:\/\/es.wikipedia.org\/wiki\/Xnet"]}]}},"_links":{"self":[{"href":"https:\/\/xnet-x.net\/es\/wp-json\/wp\/v2\/pages\/70","targetHints":{"allow":["GET"]}}],"collection":[{"href":"https:\/\/xnet-x.net\/es\/wp-json\/wp\/v2\/pages"}],"about":[{"href":"https:\/\/xnet-x.net\/es\/wp-json\/wp\/v2\/types\/page"}],"author":[{"embeddable":true,"href":"https:\/\/xnet-x.net\/es\/wp-json\/wp\/v2\/users\/5"}],"replies":[{"embeddable":true,"href":"https:\/\/xnet-x.net\/es\/wp-json\/wp\/v2\/comments?post=70"}],"version-history":[{"count":5,"href":"https:\/\/xnet-x.net\/es\/wp-json\/wp\/v2\/pages\/70\/revisions"}],"predecessor-version":[{"id":22755,"href":"https:\/\/xnet-x.net\/es\/wp-json\/wp\/v2\/pages\/70\/revisions\/22755"}],"up":[{"embeddable":true,"href":"https:\/\/xnet-x.net\/es\/wp-json\/wp\/v2\/pages\/2481"}],"wp:attachment":[{"href":"https:\/\/xnet-x.net\/es\/wp-json\/wp\/v2\/media?parent=70"}],"curies":[{"name":"wp","href":"https:\/\/api.w.org\/{rel}","templated":true}]}}