{"id":68,"date":"2008-05-08T03:18:29","date_gmt":"2008-05-08T01:18:29","guid":{"rendered":"http:\/\/la-ex.net\/?page_id=68"},"modified":"2021-08-17T11:42:11","modified_gmt":"2021-08-17T09:42:11","slug":"gestion-derechos","status":"publish","type":"page","link":"https:\/\/xnet-x.net\/es\/que-es\/gestion-derechos\/","title":{"rendered":"Gesti\u00f3n de Derechos de Autor"},"content":{"rendered":"<p><em>[Atenci\u00f3n. Todos estos recursos, los de la secci\u00f3n <a href=\"https:\/\/xnet-x.net\/contactanos-para\/portal-de-cultura-libre\/\" rel=\"noopener noreferrer\" target=\"_blank\">Recursos de Cultura Libre <\/a>est\u00e1n desactualizados desde 2010. Aunque muchos todav\u00eda pueden servir, antes de usarlos se deben revisar seg\u00fan la legislaci\u00f3n vigente.]<\/em><br \/>\n&nbsp;<\/p>\n<p><span style=\"font-size:80%\"><em>[ATENCI\u00d3N: La informaci\u00f3n contenida en esta secci\u00f3n est\u00e1 desactualizada respecto a las \u00faltimas reformas de la Ley de Propiedad Intelectual]<\/em><\/span><\/p>\n<h3 class=\"first\">1.- \u00bfQu\u00e9 entidades de gesti\u00f3n de derechos de autor existen en Espa\u00f1a y qu\u00e9 \u00e1mbitos dominan?<\/h3>\n<p>Hasta la fecha, el Ministerio de Cultura ha autorizado ocho entidades de gesti\u00f3n, que representan a los siguientes titulares de derechos:<\/p>\n<ul>\n<li>\n<h4><span class=\"pink\"><strong>De autores:<\/strong><\/span><\/h4>\n<ul>\n<li><strong>SGAE<\/strong> (Sociedad General de Autores y Editores \u2013NOTA: no han cambiado sus siglas desde el franquismo, cuando era Sociedad General de Autores de Espa\u00f1a, aunque ahora la E es para Editores, tal explicamos en el apartado \u201cLicencias\u201d)<\/li>\n<li><strong>CEDRO<\/strong> (Centro Espa\u00f1ol de Derechos Reprogr\u00e1ficos)<\/li>\n<li><strong>VEGAP <\/strong>(Visual Entidad de Gesti\u00f3n de Artistas Pl\u00e1sticos)<\/li>\n<li><strong>DAMA<\/strong> (Derechos de Autor de Medios Audiovisuales)<\/li>\n<\/ul>\n<\/li>\n<li>\n<h4><span class=\"pink\"><strong>De artistas int\u00e9rpretes o ejecutantes:<\/strong><\/span><\/h4>\n<ul>\n<li><strong> AIE <\/strong>(Artistas Int\u00e9rpretes o Ejecutantes)<\/li>\n<li><strong>AISGE <\/strong>(Artistas Int\u00e9rpretes, Sociedad de Gesti\u00f3n)<\/li>\n<\/ul>\n<\/li>\n<li>\n<h4><span class=\"pink\"><strong>De productores:<\/strong><\/span><\/h4>\n<ul>\n<li> <strong>AGEDI<\/strong> (Asociaci\u00f3n de Gesti\u00f3n de Derechos Intelectuales de Productores Fonogr\u00e1ficos)<\/li>\n<li><strong>EGEDA<\/strong> (Entidad de Gesti\u00f3n de Derechos de los Productores Audiovisuales)<\/li>\n<\/ul>\n<\/li>\n<\/ul>\n<p><span class=\"pink\">*<\/span> <em>De todas ellas, SGAE es la m\u00e1s conocida y poderosa por lo que la tomamos como ejemplo a continuaci\u00f3n.<\/em><\/p>\n<p><span class=\"pink\">Nota:<\/span> <em>Las siguientes preguntas frecuentes se refieren a \u00e1mbitos gestionados por SGAE. Las respuestas son aplicables tambi\u00e9n al resto de entidades de gesti\u00f3n de derechos, pero pueden sufrir leves variaciones en funci\u00f3n de los diferentes estatutos que rigen en cada una de ellas. Como socio tienes acceso a los estatutos de la sociedad correspondiente<\/em><\/p>\n<h3>2.- \u00bfQu\u00e9 es la SGAE?<\/h3>\n<p>Es una entidad privada de gesti\u00f3n. Gestiona la renumeraci\u00f3n a percibir en compensaci\u00f3n por el uso del repertorio que dicha entidad protege.<\/p>\n<p>SGAE se fund\u00f3 en el 1899 por Ruperto Chapi y Sinieso Delgado para defenderse de los abusos de las editoriales.<\/p>\n<p>Actualmente, SGAE ya no sirve para lo que fue fundada (defenderse de los editores, que no de los consumidores). No permite votar a unos 75.000 de sus socios.<\/p>\n<p>M\u00e1s detalles aqu\u00ed: <a title=\"Ir a la p\u00e1gina: breve historia de SGAE\" href=\"\/que-es\/sgae\" target=\"_blank\" rel=\"noopener noreferrer\">Breve introducci\u00f3n hist\u00f3rica de la SGAE, como funciona y porqu\u00e9.<\/a><\/p>\n<p>La SGAE se rige por un sistema electoral seg\u00fan el cual para tener derecho a voto se requieren unos ingresos m\u00ednimos y, a su vez, los socios disponen de un mayor n\u00famero de votos cuanto mayor es su recaudaci\u00f3n.<\/p>\n<p>Del total de los socios, s\u00f3lo 6.461 tuvieron derecho a voto en las \u00faltimas elecciones (dato de 2001, pero ahora sigue siendo menos del 10% de los socios). Es decir, s\u00f3lo 6.461 superaron los alrededor de 2.000 euros anuales necesarios para ejercer el voto.<\/p>\n<div class=\"intro\">\n<strong>Extra\u00eddo de los estatutos de la SGAE 2005-07, y referido a las obras audiovisuales:<\/strong><\/p>\n<p style=\"padding: 20px 0;\"><strong>1 voto: 2.290 \u20ac y 4.581 \u20ac<br \/>\n2 votos: 4.582 \u20ac y 9.163 \u20ac<br \/>\n3 votos: 9.164 \u20ac y 16.036 \u20ac<br \/>\n4 votos: 16.037 \u20ac y 30.546 \u20ac<br \/>\n5 votos: m\u00e1s de 30.546 \u20ac<\/strong><\/p>\n<\/div>\n<h3>3.- \u00bfTengo derecho a cobrar derechos de autor sin ser socio de la SGAE?<\/h3>\n<p>S\u00ed.<\/p>\n<h3>4.- \u00bfPuedo darme de baja de la SGAE?<\/h3>\n<p>S\u00ed. Es una asociaci\u00f3n de afiliaci\u00f3n voluntaria.<\/p>\n<h3>5.- \u00bfC\u00f3mo?<\/h3>\n<p>El contrato tiene una duraci\u00f3n de tres a\u00f1os y se renueva autom\u00e1ticamente. La \u00fanica forma de darse de baja es enviando una carta certificada con acuse de recibo a la entidad (\u00a1guarda el recibo!), informando de tu voluntad de darte de baja como socio. La baja ha de solicitarse un a\u00f1o antes del vencimiento del contrato y no ser\u00e1 efectiva hasta el 31 de diciembre del a\u00f1o en el que se comunica esta decisi\u00f3n. (<a title=\"Ir a la p\u00e1gina de SGAE\" rel=\"nofollow noopener noreferrer\" href=\"http:\/\/www.sgae.es\/recursos\/doc_interactivos\/estatutos_nuevos\/\" target=\"_blank\">Estatutos de la SGAE<\/a> Art\u00edculo 27 y Art\u00edculo 14.5\u00ba y 6\u00ba )<\/p>\n<h3>6.- \u00bfExisten otras alternativas?<\/h3>\n<p>S\u00ed. Decide t\u00fa mismo la licencia que quieres aplicar a tu obra sin que ninguna entidad decida por ti. (v\u00e9ase FAQs generales).<br \/>\n<strong><br \/>\n<\/strong><\/p>\n<h3>7.- \u00bfD\u00e1ndome de baja de la SGAE, \u00e9sta deja de gestionar autom\u00e1ticamente todas las obras registradas por m\u00ed hasta la fecha?<\/h3>\n<p>S\u00ed. Recuperas la gesti\u00f3n de todas tus obras.<\/p>\n<h3>8.- \u00bfSe pueden dar de baja s\u00f3lo algunas de las obras registradas en la SGAE y seguir siendo socio?<\/h3>\n<p>No. La pertenencia a la SGAE significa que esta gestionar\u00e1 todas tus obras. (<a title=\"Ir a la p\u00e1gina de SGAE\" rel=\"nofollow noopener noreferrer\" href=\"http:\/\/www.sgae.es\/recursos\/doc_interactivos\/estatutos_nuevos\/\" target=\"_blank\">Estatutos SGAE<\/a>, Art\u00edculo 19.1.a)<\/p>\n<h3>9.- \u00bfPuedo registrar mis nuevas obras con licencias diferentes a la del copyright tradicional siendo socio de la SGAE?<\/h3>\n<p>Si eres socio de la SGAE, hagas lo que hagas, SGAE o similares seguir\u00e1n cobrando y gestionando los derechos de autor referidos a tu obra.<\/p>\n<p>Licenciar una obra con licencia no restrictiva o libre siendo socio de la SGAE puede crearte problemas como socio y acarrear problemas a los usuarios de estas obras, que puedan ser confundidos, al omitir que los autores NO eran los gestores de las mismas.<\/p>\n<p>Hay muchos socios de la SGAE que optan por utilizar en algunas de sus obras licencias libres sin declararlo a la SGAE, incumpliendo as\u00ed sus propios estatutos y perjudicando a los usuarios que emplean sus creaciones. Al hacerlo creen que sus obras son libres de la recaudaci\u00f3n de las entidades de gesti\u00f3n. Dicha actitud NO evita que la SGAE pueda seguir recaudando en su nombre aunque sus autores no vean un duro, al no haberlas declarado.<br \/>\nAs\u00ed que, por favor, <strong>si sois socios de la SGAE no colgu\u00e9is vuestras obras en portales de producciones de cultura libre<\/strong>.<\/p>\n<h3>10.- \u00bfPuede SGAE gestionar los derechos de un autor no asociado a ella?<\/h3>\n<p>No. SGAE no puede gestionar los derechos de obras de autores no asociados, excepto en el caso de exhibici\u00f3n cinematogr\u00e1fica, por retransmisi\u00f3n en televisi\u00f3n o radio, y algunos supuestos determinados m\u00e1s como los derechos irrenunciables.<\/p>\n<p>Pero no te preocupes, todos estos \u00faltimos te los tienen que abonar aunque no seas socio.<\/p>\n<h3>11.- \u00bfEn eventos espec\u00edficos y concretos (actos ben\u00e9ficos, actos gratuitos&#8230;) puedo renunciar a que se generen y gestionen derechos de autor derivados de una obra si soy socio de la SGAE?<\/h3>\n<p>No.<\/p>\n<h3>12.-Si no soy socio de ninguna entidad de gesti\u00f3n y mis obras se emiten por TV, radios, etc., \u00bfpuedo reclamar directamente en primera persona los derechos que derivan de su emisi\u00f3n?<\/h3>\n<p>S\u00ed. Recl\u00e1malo a SGAE (o entidad de gesti\u00f3n correspondiente) ya que por mandato legal son las \u00fanicas que pueden gestionar dichos derechos.<br \/>\nEn caso de salas, festivales o cualquier evento p\u00fablico, puedes cobrar directamente el porcentaje pactado.<br \/>\n<\/p>","protected":false},"excerpt":{"rendered":"<p>[Atenci\u00f3n. Todos estos recursos, los de la secci\u00f3n Recursos de Cultura Libre est\u00e1n desactualizados desde 2010. Aunque muchos todav\u00eda pueden servir, antes de usarlos se deben revisar seg\u00fan la legislaci\u00f3n vigente.] &nbsp; [ATENCI\u00d3N: La informaci\u00f3n contenida en esta secci\u00f3n est\u00e1 desactualizada respecto a las \u00faltimas reformas de la Ley de Propiedad Intelectual] 1.- \u00bfQu\u00e9 entidades [&hellip;]<\/p>\n","protected":false},"author":5,"featured_media":0,"parent":3447,"menu_order":3,"comment_status":"closed","ping_status":"closed","template":"","meta":{"footnotes":""},"class_list":["post-68","page","type-page","status-publish","hentry"],"yoast_head":"<!-- This site is optimized with the Yoast SEO plugin v26.7 - https:\/\/yoast.com\/wordpress\/plugins\/seo\/ -->\n<title>Gesti\u00f3n de Derechos de Autor -<\/title>\n<meta name=\"robots\" content=\"index, follow, max-snippet:-1, max-image-preview:large, max-video-preview:-1\" \/>\n<link rel=\"canonical\" href=\"https:\/\/xnet-x.net\/es\/que-es\/gestion-derechos\/\" \/>\n<meta name=\"twitter:label1\" content=\"Tiempo de lectura\" \/>\n\t<meta name=\"twitter:data1\" content=\"5 minutos\" \/>\n<script type=\"application\/ld+json\" class=\"yoast-schema-graph\">{\"@context\":\"https:\/\/schema.org\",\"@graph\":[{\"@type\":\"WebPage\",\"@id\":\"https:\/\/xnet-x.net\/es\/que-es\/gestion-derechos\/\",\"url\":\"https:\/\/xnet-x.net\/es\/que-es\/gestion-derechos\/\",\"name\":\"Gesti\u00f3n de Derechos de Autor -\",\"isPartOf\":{\"@id\":\"https:\/\/xnet-x.net\/es\/#website\"},\"datePublished\":\"2008-05-08T01:18:29+00:00\",\"dateModified\":\"2021-08-17T09:42:11+00:00\",\"breadcrumb\":{\"@id\":\"https:\/\/xnet-x.net\/es\/que-es\/gestion-derechos\/#breadcrumb\"},\"inLanguage\":\"es\",\"potentialAction\":[{\"@type\":\"ReadAction\",\"target\":[[\"https:\/\/xnet-x.net\/es\/que-es\/gestion-derechos\/\"]]}]},{\"@type\":\"BreadcrumbList\",\"@id\":\"https:\/\/xnet-x.net\/es\/que-es\/gestion-derechos\/#breadcrumb\",\"itemListElement\":[{\"@type\":\"ListItem\",\"position\":1,\"name\":\"Portada\",\"item\":\"https:\/\/xnet-x.net\/es\/\"},{\"@type\":\"ListItem\",\"position\":2,\"name\":\"Hay que saber\",\"item\":\"https:\/\/xnet-x.net\/es\/que-es\/\"},{\"@type\":\"ListItem\",\"position\":3,\"name\":\"Gesti\u00f3n de Derechos de Autor\"}]},{\"@type\":\"WebSite\",\"@id\":\"https:\/\/xnet-x.net\/es\/#website\",\"url\":\"https:\/\/xnet-x.net\/es\/\",\"name\":\"[:es]Xnet - Internet, derechos y democracia en la era digital[:ca]Xnet - Internet, drets i democr\u00e0cia en l'era digital[:en]Xnet - Internet freedoms & digital rights[:]\",\"description\":\"Xnet: Internet, informaci\u00f3n y cultura libres. Tecnopol\u00edtica. Datos, algoritmos y derechos digitales. Libertad de expresi\u00f3n. Democracia y anticorrupci\u00f3n\",\"publisher\":{\"@id\":\"https:\/\/xnet-x.net\/es\/#organization\"},\"potentialAction\":[{\"@type\":\"SearchAction\",\"target\":{\"@type\":\"EntryPoint\",\"urlTemplate\":\"https:\/\/xnet-x.net\/es\/?s={search_term_string}\"},\"query-input\":{\"@type\":\"PropertyValueSpecification\",\"valueRequired\":true,\"valueName\":\"search_term_string\"}}],\"inLanguage\":\"es\"},{\"@type\":\"Organization\",\"@id\":\"https:\/\/xnet-x.net\/es\/#organization\",\"name\":\"Xnet - Internet, derechos y democracia en la era digital\",\"url\":\"https:\/\/xnet-x.net\/es\/\",\"logo\":{\"@type\":\"ImageObject\",\"inLanguage\":\"es\",\"@id\":\"https:\/\/xnet-x.net\/es\/#\/schema\/logo\/image\/\",\"url\":\"https:\/\/xnet-x.net\/img\/xnet-logo.png\",\"contentUrl\":\"https:\/\/xnet-x.net\/img\/xnet-logo.png\",\"width\":512,\"height\":512,\"caption\":\"Xnet - Internet, derechos y democracia en la era digital\"},\"image\":{\"@id\":\"https:\/\/xnet-x.net\/es\/#\/schema\/logo\/image\/\"},\"sameAs\":[\"http:\/\/facebook.com\/RedX.Net\/\",\"https:\/\/x.com\/x_net_\",\"https:\/\/es.wikipedia.org\/wiki\/Xnet\"]}]}<\/script>\n<!-- \/ Yoast SEO plugin. -->","yoast_head_json":{"title":"Gesti\u00f3n de Derechos de Autor -","robots":{"index":"index","follow":"follow","max-snippet":"max-snippet:-1","max-image-preview":"max-image-preview:large","max-video-preview":"max-video-preview:-1"},"canonical":"https:\/\/xnet-x.net\/es\/que-es\/gestion-derechos\/","twitter_misc":{"Tiempo de lectura":"5 minutos"},"schema":{"@context":"https:\/\/schema.org","@graph":[{"@type":"WebPage","@id":"https:\/\/xnet-x.net\/es\/que-es\/gestion-derechos\/","url":"https:\/\/xnet-x.net\/es\/que-es\/gestion-derechos\/","name":"Gesti\u00f3n de Derechos de Autor -","isPartOf":{"@id":"https:\/\/xnet-x.net\/es\/#website"},"datePublished":"2008-05-08T01:18:29+00:00","dateModified":"2021-08-17T09:42:11+00:00","breadcrumb":{"@id":"https:\/\/xnet-x.net\/es\/que-es\/gestion-derechos\/#breadcrumb"},"inLanguage":"es","potentialAction":[{"@type":"ReadAction","target":[["https:\/\/xnet-x.net\/es\/que-es\/gestion-derechos\/"]]}]},{"@type":"BreadcrumbList","@id":"https:\/\/xnet-x.net\/es\/que-es\/gestion-derechos\/#breadcrumb","itemListElement":[{"@type":"ListItem","position":1,"name":"Portada","item":"https:\/\/xnet-x.net\/es\/"},{"@type":"ListItem","position":2,"name":"Hay que saber","item":"https:\/\/xnet-x.net\/es\/que-es\/"},{"@type":"ListItem","position":3,"name":"Gesti\u00f3n de Derechos de Autor"}]},{"@type":"WebSite","@id":"https:\/\/xnet-x.net\/es\/#website","url":"https:\/\/xnet-x.net\/es\/","name":"[:es]Xnet - Internet, derechos y democracia en la era digital[:ca]Xnet - Internet, drets i democr\u00e0cia en l'era digital[:en]Xnet - Internet freedoms & digital rights[:]","description":"Xnet: Internet, informaci\u00f3n y cultura libres. Tecnopol\u00edtica. Datos, algoritmos y derechos digitales. Libertad de expresi\u00f3n. Democracia y anticorrupci\u00f3n","publisher":{"@id":"https:\/\/xnet-x.net\/es\/#organization"},"potentialAction":[{"@type":"SearchAction","target":{"@type":"EntryPoint","urlTemplate":"https:\/\/xnet-x.net\/es\/?s={search_term_string}"},"query-input":{"@type":"PropertyValueSpecification","valueRequired":true,"valueName":"search_term_string"}}],"inLanguage":"es"},{"@type":"Organization","@id":"https:\/\/xnet-x.net\/es\/#organization","name":"Xnet - Internet, derechos y democracia en la era digital","url":"https:\/\/xnet-x.net\/es\/","logo":{"@type":"ImageObject","inLanguage":"es","@id":"https:\/\/xnet-x.net\/es\/#\/schema\/logo\/image\/","url":"https:\/\/xnet-x.net\/img\/xnet-logo.png","contentUrl":"https:\/\/xnet-x.net\/img\/xnet-logo.png","width":512,"height":512,"caption":"Xnet - Internet, derechos y democracia en la era digital"},"image":{"@id":"https:\/\/xnet-x.net\/es\/#\/schema\/logo\/image\/"},"sameAs":["http:\/\/facebook.com\/RedX.Net\/","https:\/\/x.com\/x_net_","https:\/\/es.wikipedia.org\/wiki\/Xnet"]}]}},"_links":{"self":[{"href":"https:\/\/xnet-x.net\/es\/wp-json\/wp\/v2\/pages\/68","targetHints":{"allow":["GET"]}}],"collection":[{"href":"https:\/\/xnet-x.net\/es\/wp-json\/wp\/v2\/pages"}],"about":[{"href":"https:\/\/xnet-x.net\/es\/wp-json\/wp\/v2\/types\/page"}],"author":[{"embeddable":true,"href":"https:\/\/xnet-x.net\/es\/wp-json\/wp\/v2\/users\/5"}],"replies":[{"embeddable":true,"href":"https:\/\/xnet-x.net\/es\/wp-json\/wp\/v2\/comments?post=68"}],"version-history":[{"count":11,"href":"https:\/\/xnet-x.net\/es\/wp-json\/wp\/v2\/pages\/68\/revisions"}],"predecessor-version":[{"id":22756,"href":"https:\/\/xnet-x.net\/es\/wp-json\/wp\/v2\/pages\/68\/revisions\/22756"}],"up":[{"embeddable":true,"href":"https:\/\/xnet-x.net\/es\/wp-json\/wp\/v2\/pages\/3447"}],"wp:attachment":[{"href":"https:\/\/xnet-x.net\/es\/wp-json\/wp\/v2\/media?parent=68"}],"curies":[{"name":"wp","href":"https:\/\/api.w.org\/{rel}","templated":true}]}}