{"id":54,"date":"2008-05-07T13:12:27","date_gmt":"2008-05-07T11:12:27","guid":{"rendered":"http:\/\/conservas.tk\/asesoria\/?page_id=54"},"modified":"2024-06-17T10:30:45","modified_gmt":"2024-06-17T08:30:45","slug":"aviso-legal","status":"publish","type":"page","link":"https:\/\/xnet-x.net\/es\/aviso-legal\/","title":{"rendered":"Aviso Legal"},"content":{"rendered":"<p>De conformidad con el Reglamento Europeo y la Ley de Protecci\u00f3n de Datos de Car\u00e1cter Personal vigente, los datos suministrados por el Usuario quedar\u00e1n incorporados en un fichero automatizado con la finalidad de enviarles informaci\u00f3n sobre nuestras actividades y opiniones (y alguna contada vez, sobre otras cuestiones que consideramos relevantes). Solo se conservan los emails, no los nombres u otros datos personales.<\/p>\n<p>Conservaremos los datos solo hasta que la funci\u00f3n por la que han sido recabado siga vigente. <\/p>\n<p>Usted podr\u00e1 ejercer sus derechos de acceso, rectificaci\u00f3n, cancelaci\u00f3n, oposici\u00f3n, limitaci\u00f3n del tratamiento y portabilidad de los datos en los casos y con el alcance que establezca la normativa aplicable en cada momento. Tambi\u00e9n tiene derecho a retirar el consentimiento si lo hubiera prestado.<br \/>\nEn caso no le fueran respetados estos derechos, usted tiene el derecho a presentar una reclamaci\u00f3n ante la autoridad de control.<\/p>\n<p>Si desea ejercer alguno de sus derechos, o recibir m\u00e1s informaci\u00f3n sobre ellos, comun\u00edquese con nosotros en la direcci\u00f3n email contact[arroba]xnet-x.net. <\/p>\n<p>Las solicitudes enviadas por correo electr\u00f3nico deber\u00e1n realizarse desde la direcci\u00f3n de correo registrada por usted (en algunos casos, el usuario, para ejercer los citados derechos y al objeto de ofrecer garant\u00edas de identificaci\u00f3n del correspondiente solicitante, deber\u00e1 acompa\u00f1ar a su solicitud copia de su Documento Nacional de Identidad o, en su caso, N\u00famero de Identificaci\u00f3n de Extranjeros, en vigor).  <\/p>\n<p>Si est\u00e1 insatisfecho con el modo en que tratamos su informaci\u00f3n personal, puede comunicarse con nosotros en cualquier momento para resolver el asunto.<\/p>\n<p>Plazo de conservaci\u00f3n de los datos personales: Los datos personales de los clientes ser\u00e1n conservados mientras sean necesarios para la finalidad establecida en la presente pol\u00edtica. En el momento en que no sean necesarios para esta finalidad, los datos ser\u00e1n bloqueados durante el periodo en el que puedan ser necesarios para el ejercicio o la defensa frente a acciones administrativas o judiciales y solo podr\u00e1n ser desbloqueados y tratados de nuevo por este motivo. Superado este periodo, los datos ser\u00e1n definitivamente cancelados.<\/p>\n<p>Nos comprometemos a cumplir con el deber de secreto y confidencialidad respecto de los datos personales proporcionados por el usuario de acuerdo a la legislaci\u00f3n aplicable.<\/p>\n<p>No tratamos datos sensibles ni a gran escala;  no realizamos elaboraci\u00f3n de perfiles; no  utilizamos tecnolog\u00edas invasivas para la privacidad, como las relativas a geolocalizaci\u00f3n.<\/p>\n<p>Los datos de car\u00e1cter personal ser\u00e1n tratados con el grado de protecci\u00f3n adecuado, seg\u00fan la norma vigente, tom\u00e1ndose las medidas de seguridad necesarias para evitar su alteraci\u00f3n, p\u00e9rdida, tratamiento o acceso no autorizado por parte de terceros.<br \/>\n&nbsp;<\/p>\n<p>Nuestras bases de datos se generan y conservan por medio de la tecnolog\u00eda del programa <a href=\"https:\/\/gitlab.com\/mailman\/postorius\" rel=\"noopener noreferrer\" target=\"_blank\">Postorius<\/a>. El programa es en software libre y puede auditarse abiertamente. Las bases de datos de nuestras newsletters son en formato postgresql con los datos en txt y est\u00e1n alojadas en la Uni\u00f3n Europea y administradas por nosotros.<\/p>\n<p>La empresa Maadix.net funciona sobre m\u00e1quinas virtuales que nos permiten hacer snapshots de todo el sistema para hacer copias de seguridad y acceder a las unidades offline en caso de fallo o intrusi\u00f3n. El datastore de las VMs funciona sobre discos RAID.\u2028Diariamente se hacen copias de los archivos y de las bases de datos y se guarda una copia cruzada entre ellos y se hace transferencia de la misma a otro servidor. \u2028Usamos sistemas GNU\/Linux con aplicaci\u00f3n autom\u00e1tica de parches de seguridad y centralizaci\u00f3n de registros de eventos del sistema y seguridad.\u2028Adicionalmente usamos un demonio antiintrusi\u00f3n que protege los diferentes servicios http\/ssh\/sftp\/smtp bloqueando ip con peticiones sospechosas.\u2028Todos los servicios funcionan con SSL mediante certificados Let\u2019s Encrypt. Los administradores y usuarios del sistema, adem\u00e1s disponen de un servicio VPN en cada VM para acceso\/navegaci\u00f3n encriptada desde redes p\u00fablicas.\u2028A parte de los sistema de detecci\u00f3n de virus y malwares instalados permanentemente, se actualiza y revisa la seguridad del sistema, la nube y los ordenadores al menos una vez al a\u00f1o.<\/p>\n<p><strong>Estad\u00edsticas de tr\u00e1fico<\/strong><br \/>\nRecogemos informaci\u00f3n no-personal en las webs *<em>xnet-x.net<\/em> y *<em>fcforum.net<\/em> a trav\u00e9s del software respetuoso con la privacidad <a href=\"https:\/\/piwik.org\/\" target=\"_blank\" rel=\"noopener noreferrer\">Matomo<\/a>.<\/p>\n<p><strong>Crowdfunding y donaciones\u2028<\/strong><br \/>\nLos datos suministrados por los usuarios durante campa\u00f1as de crowdfunding en ning\u00fan caso se compartir\u00e1n con terceros. Est\u00e1n alojados en un servidor en la Uni\u00f3n Europea y son administrados por nosotros.\u2028Intentamos siempre fomentar la econom\u00eda distribuida y el uso de monedas alternativas, como el Bitcoin. Por ahora, la realidad del mundo en el que vivimos nos obliga a seguir usando tambi\u00e9n m\u00e9todos de pago tradicionales como PayPal. Ver pol\u00edtica de privacidad de <a href=\"https:\/\/www.paypal.com\/gi\/webapps\/mpp\/ua\/privacy-full\" target=\"_blank\" rel=\"noopener noreferrer\">PayPal<\/a>.<br \/>\n&nbsp;<\/p>\n<p><a id=\"cookies\">&nbsp;<\/a><\/p>\n<h3>Pol\u00edtica de Cookies<\/h3>\n<p>Las <em>cookies<\/em> son peque\u00f1os ficheros creados en el navegador del usuario necesarias para desarrollar ciertas funcionalidades para mejora de la navegaci\u00f3n en el sitio, pero pueden extraer informaci\u00f3n del usuario sin que este sea consciente.<\/p>\n<p>Como estamos a favor de la privacidad de los datos, nuestra web solo utiliza una <em>cookie<\/em> t\u00e9cnica para la elecci\u00f3n de idiomas. Naturalmente no utilizamos <em>cookies<\/em> ni de rastreo ni de extracci\u00f3n de datos.<br \/>\n&nbsp;<\/p>\n<p>M\u00e1s informaci\u00f3n:<\/p>\n<p><strong>PayPal<\/strong><br \/>\nPara realizar donaciones directas o por crowdfunding a trav\u00e9s de PayPal se utilizan cookies de esta plataforma necesarias para su funcionamiento. Ver pol\u00edtica de cookies de <a href=\"https:\/\/www.paypal.com\/gi\/webapps\/mpp\/ua\/privacy-full\" target=\"_blank\" rel=\"noopener noreferrer\">PayPal<\/a>.<\/p>\n<p><em>Ver: <a href=\"https:\/\/xnet-x.net\/aviso-legal\/\">Aviso Legal y responsable<\/a><\/em><br \/>\n&nbsp;<\/p>\n<h4><strong>Administraci\u00f3n del sito<\/strong><\/h4>\n<p><a href=\"https:\/\/xnet-x.net\/\">Xnet<\/a> es una plataforma  de afinidad, basada en la confianza mutua, sin jerarqu\u00eda y sin procesos  formales de toma de decisi\u00f3n.<br \/>\nXnet cuenta con un amplio grupo de personas activas dependiendo de las  tareas a realizar y una amplia red de simpatizantes y de seguidores en  redes sociales. Xnet suele consultar sus decisiones con la Red de Redes  incorporando constantemente modificaciones y sugerencias.<br \/>\nLas diferentes personas activas seg\u00fan tareas asumen, de manera rotatoria, la administraci\u00f3n de esta web.<\/p>\n<p>Xnet ha impulsado y organizado peri\u00f3dicamente el evento <a href=\"https:\/\/fcforum.net\/\">Free Culture Forum<\/a> (FCForum) y los <a href=\"https:\/\/xnet-x.net\/contactanos-para\/the-oxcars\/\" rel=\"noopener noreferrer\" target=\"_blank\">oXcars<\/a>.<br \/>\nXnet es iniciadora del proyecto colectivo independiente que impuls\u00f3 el <a href=\"https:\/\/15mparato.wordpress.com\/\" rel=\"noopener noreferrer\" target=\"_blank\">caso Bankia<\/a> y sac\u00f3 a la luz las <a href=\"https:\/\/15mparato.wordpress.com\/\" rel=\"noopener noreferrer\" target=\"_blank\">Tarjetas Black<\/a>.<\/p>\n<p>Para cualquier notificaci\u00f3n que quieras hacer llegar a la plataforma  sobre los contenidos de nuestras webs <em>*xnet-x.net<\/em> \/ <em>*fcforum.net<\/em> u otras cuestiones, puedes utilizar la siguiente direcci\u00f3n  de correo electr\u00f3nico: <strong>contact[at]xnet-x.net<\/strong><\/p>\n<p><strong>Xnet<\/strong> es un proyecto amparado por el <a href=\"https:\/\/conservas.tk\/acerca-de\/aviso-legal-politica-de-privacidad-protocolo-de-funcionamiento-estatutos-administracion\/\" rel=\"noopener noreferrer\" target=\"_blank\">IDCDE<\/a>.<\/p>","protected":false},"excerpt":{"rendered":"<p>De conformidad con el Reglamento Europeo y la Ley de Protecci\u00f3n de Datos de Car\u00e1cter Personal vigente, los datos suministrados por el Usuario quedar\u00e1n incorporados en un fichero automatizado con la finalidad de enviarles informaci\u00f3n sobre nuestras actividades y opiniones (y alguna contada vez, sobre otras cuestiones que consideramos relevantes). Solo se conservan los emails, [&hellip;]<\/p>\n","protected":false},"author":5,"featured_media":0,"parent":0,"menu_order":0,"comment_status":"closed","ping_status":"closed","template":"","meta":{"footnotes":""},"class_list":["post-54","page","type-page","status-publish","hentry"],"yoast_head":"<!-- This site is optimized with the Yoast SEO plugin v26.7 - https:\/\/yoast.com\/wordpress\/plugins\/seo\/ -->\n<title>Aviso Legal -<\/title>\n<meta name=\"robots\" content=\"index, follow, max-snippet:-1, max-image-preview:large, max-video-preview:-1\" \/>\n<link rel=\"canonical\" href=\"https:\/\/xnet-x.net\/es\/aviso-legal\/\" \/>\n<meta name=\"twitter:label1\" content=\"Tiempo de lectura\" \/>\n\t<meta name=\"twitter:data1\" content=\"5 minutos\" \/>\n<script type=\"application\/ld+json\" class=\"yoast-schema-graph\">{\"@context\":\"https:\/\/schema.org\",\"@graph\":[{\"@type\":\"WebPage\",\"@id\":\"https:\/\/xnet-x.net\/es\/aviso-legal\/\",\"url\":\"https:\/\/xnet-x.net\/es\/aviso-legal\/\",\"name\":\"Aviso Legal -\",\"isPartOf\":{\"@id\":\"https:\/\/xnet-x.net\/es\/#website\"},\"datePublished\":\"2008-05-07T11:12:27+00:00\",\"dateModified\":\"2024-06-17T08:30:45+00:00\",\"breadcrumb\":{\"@id\":\"https:\/\/xnet-x.net\/es\/aviso-legal\/#breadcrumb\"},\"inLanguage\":\"es\",\"potentialAction\":[{\"@type\":\"ReadAction\",\"target\":[[\"https:\/\/xnet-x.net\/es\/aviso-legal\/\"]]}]},{\"@type\":\"BreadcrumbList\",\"@id\":\"https:\/\/xnet-x.net\/es\/aviso-legal\/#breadcrumb\",\"itemListElement\":[{\"@type\":\"ListItem\",\"position\":1,\"name\":\"Portada\",\"item\":\"https:\/\/xnet-x.net\/es\/\"},{\"@type\":\"ListItem\",\"position\":2,\"name\":\"Aviso Legal\"}]},{\"@type\":\"WebSite\",\"@id\":\"https:\/\/xnet-x.net\/es\/#website\",\"url\":\"https:\/\/xnet-x.net\/es\/\",\"name\":\"[:es]Xnet - Internet, derechos y democracia en la era digital[:ca]Xnet - Internet, drets i democr\u00e0cia en l'era digital[:en]Xnet - Internet freedoms & digital rights[:]\",\"description\":\"Xnet: Internet, informaci\u00f3n y cultura libres. Tecnopol\u00edtica. Datos, algoritmos y derechos digitales. Libertad de expresi\u00f3n. Democracia y anticorrupci\u00f3n\",\"publisher\":{\"@id\":\"https:\/\/xnet-x.net\/es\/#organization\"},\"potentialAction\":[{\"@type\":\"SearchAction\",\"target\":{\"@type\":\"EntryPoint\",\"urlTemplate\":\"https:\/\/xnet-x.net\/es\/?s={search_term_string}\"},\"query-input\":{\"@type\":\"PropertyValueSpecification\",\"valueRequired\":true,\"valueName\":\"search_term_string\"}}],\"inLanguage\":\"es\"},{\"@type\":\"Organization\",\"@id\":\"https:\/\/xnet-x.net\/es\/#organization\",\"name\":\"Xnet - Internet, derechos y democracia en la era digital\",\"url\":\"https:\/\/xnet-x.net\/es\/\",\"logo\":{\"@type\":\"ImageObject\",\"inLanguage\":\"es\",\"@id\":\"https:\/\/xnet-x.net\/es\/#\/schema\/logo\/image\/\",\"url\":\"https:\/\/xnet-x.net\/img\/xnet-logo.png\",\"contentUrl\":\"https:\/\/xnet-x.net\/img\/xnet-logo.png\",\"width\":512,\"height\":512,\"caption\":\"Xnet - Internet, derechos y democracia en la era digital\"},\"image\":{\"@id\":\"https:\/\/xnet-x.net\/es\/#\/schema\/logo\/image\/\"},\"sameAs\":[\"http:\/\/facebook.com\/RedX.Net\/\",\"https:\/\/x.com\/x_net_\",\"https:\/\/es.wikipedia.org\/wiki\/Xnet\"]}]}<\/script>\n<!-- \/ Yoast SEO plugin. -->","yoast_head_json":{"title":"Aviso Legal -","robots":{"index":"index","follow":"follow","max-snippet":"max-snippet:-1","max-image-preview":"max-image-preview:large","max-video-preview":"max-video-preview:-1"},"canonical":"https:\/\/xnet-x.net\/es\/aviso-legal\/","twitter_misc":{"Tiempo de lectura":"5 minutos"},"schema":{"@context":"https:\/\/schema.org","@graph":[{"@type":"WebPage","@id":"https:\/\/xnet-x.net\/es\/aviso-legal\/","url":"https:\/\/xnet-x.net\/es\/aviso-legal\/","name":"Aviso Legal -","isPartOf":{"@id":"https:\/\/xnet-x.net\/es\/#website"},"datePublished":"2008-05-07T11:12:27+00:00","dateModified":"2024-06-17T08:30:45+00:00","breadcrumb":{"@id":"https:\/\/xnet-x.net\/es\/aviso-legal\/#breadcrumb"},"inLanguage":"es","potentialAction":[{"@type":"ReadAction","target":[["https:\/\/xnet-x.net\/es\/aviso-legal\/"]]}]},{"@type":"BreadcrumbList","@id":"https:\/\/xnet-x.net\/es\/aviso-legal\/#breadcrumb","itemListElement":[{"@type":"ListItem","position":1,"name":"Portada","item":"https:\/\/xnet-x.net\/es\/"},{"@type":"ListItem","position":2,"name":"Aviso Legal"}]},{"@type":"WebSite","@id":"https:\/\/xnet-x.net\/es\/#website","url":"https:\/\/xnet-x.net\/es\/","name":"[:es]Xnet - Internet, derechos y democracia en la era digital[:ca]Xnet - Internet, drets i democr\u00e0cia en l'era digital[:en]Xnet - Internet freedoms & digital rights[:]","description":"Xnet: Internet, informaci\u00f3n y cultura libres. Tecnopol\u00edtica. Datos, algoritmos y derechos digitales. Libertad de expresi\u00f3n. Democracia y anticorrupci\u00f3n","publisher":{"@id":"https:\/\/xnet-x.net\/es\/#organization"},"potentialAction":[{"@type":"SearchAction","target":{"@type":"EntryPoint","urlTemplate":"https:\/\/xnet-x.net\/es\/?s={search_term_string}"},"query-input":{"@type":"PropertyValueSpecification","valueRequired":true,"valueName":"search_term_string"}}],"inLanguage":"es"},{"@type":"Organization","@id":"https:\/\/xnet-x.net\/es\/#organization","name":"Xnet - Internet, derechos y democracia en la era digital","url":"https:\/\/xnet-x.net\/es\/","logo":{"@type":"ImageObject","inLanguage":"es","@id":"https:\/\/xnet-x.net\/es\/#\/schema\/logo\/image\/","url":"https:\/\/xnet-x.net\/img\/xnet-logo.png","contentUrl":"https:\/\/xnet-x.net\/img\/xnet-logo.png","width":512,"height":512,"caption":"Xnet - Internet, derechos y democracia en la era digital"},"image":{"@id":"https:\/\/xnet-x.net\/es\/#\/schema\/logo\/image\/"},"sameAs":["http:\/\/facebook.com\/RedX.Net\/","https:\/\/x.com\/x_net_","https:\/\/es.wikipedia.org\/wiki\/Xnet"]}]}},"_links":{"self":[{"href":"https:\/\/xnet-x.net\/es\/wp-json\/wp\/v2\/pages\/54","targetHints":{"allow":["GET"]}}],"collection":[{"href":"https:\/\/xnet-x.net\/es\/wp-json\/wp\/v2\/pages"}],"about":[{"href":"https:\/\/xnet-x.net\/es\/wp-json\/wp\/v2\/types\/page"}],"author":[{"embeddable":true,"href":"https:\/\/xnet-x.net\/es\/wp-json\/wp\/v2\/users\/5"}],"replies":[{"embeddable":true,"href":"https:\/\/xnet-x.net\/es\/wp-json\/wp\/v2\/comments?post=54"}],"version-history":[{"count":21,"href":"https:\/\/xnet-x.net\/es\/wp-json\/wp\/v2\/pages\/54\/revisions"}],"predecessor-version":[{"id":27012,"href":"https:\/\/xnet-x.net\/es\/wp-json\/wp\/v2\/pages\/54\/revisions\/27012"}],"wp:attachment":[{"href":"https:\/\/xnet-x.net\/es\/wp-json\/wp\/v2\/media?parent=54"}],"curies":[{"name":"wp","href":"https:\/\/api.w.org\/{rel}","templated":true}]}}