{"id":473,"date":"2010-04-15T10:17:35","date_gmt":"2010-04-15T08:17:35","guid":{"rendered":"http:\/\/la-ex.net\/?page_id=473"},"modified":"2011-08-31T16:31:10","modified_gmt":"2011-08-31T15:31:10","slug":"informe-de-actividad-2009","status":"publish","type":"page","link":"https:\/\/xnet-x.net\/es\/informe-de-actividad-2009\/","title":{"rendered":"Ejemplo de Informe de Actividad"},"content":{"rendered":"<p><strong>Informe de Actividad 2009<\/strong><\/p>\n<h4>Con una media de cuatro casos diarios, X.net, a lo largo del a\u00f1o 2009 ha ayudado a <strong>1445 personas<\/strong> en todo el territorio nacional.<\/h4>\n<p><strong>Estas personas respond\u00edan a los siguientes perfiles:<\/strong><br \/>\n<strong> <\/strong><br \/>\nPERFIL\u00a0\t\/ N\u00ba DE PERSONAS\u00a0 2009<\/p>\n<hr \/>\n<p>M\u00fasicos (Autores o int\u00e9rpretes): \t\t                349<br \/>\nCompa\u00f1\u00edas de teatro\t\t\t\t\t\t        198<br \/>\nProgramadores de festivales:\t\t\t\t\t376<br \/>\nCreadores audiovisuales:\t\t\t\t\t\t  58<br \/>\nTiendas de inform\u00e1tica:\t\t\t\t\t\t  42<br \/>\nGimnasios:\t\t\t\t\t\t\t\t  76<br \/>\nBares, discotecas, establecimientos p\u00fablicos:\t\t217<br \/>\nEmisoras radio-tele por Internet:\t\t\t\t  21<br \/>\nCentros C\u00edvicos:\t\t\t\t\t\t\t  18<br \/>\nDjs:\t\t\t\t\t\t\t\t\t          32<br \/>\n______<\/p>\n<p>TOT.\t\t\t\t\t\t\t\t               1445<\/p>\n<p>CONSULTAS CON ABOGADOS EN 2009: 20.<\/p>\n<p>VISITAS A LA WEB: una media de 10.000 mensuales.<\/p>\n<p><\/p>","protected":false},"excerpt":{"rendered":"<p>Informe de Actividad 2009 Con una media de cuatro casos diarios, X.net, a lo largo del a\u00f1o 2009 ha ayudado a 1445 personas en todo el territorio nacional. Estas personas respond\u00edan a los siguientes perfiles: PERFIL\u00a0 \/ N\u00ba DE PERSONAS\u00a0 2009 M\u00fasicos (Autores o int\u00e9rpretes): 349 Compa\u00f1\u00edas de teatro 198 Programadores de festivales: 376 Creadores [&hellip;]<\/p>\n","protected":false},"author":5,"featured_media":0,"parent":0,"menu_order":0,"comment_status":"open","ping_status":"closed","template":"","meta":{"footnotes":""},"class_list":["post-473","page","type-page","status-publish","hentry"],"yoast_head":"<!-- This site is optimized with the Yoast SEO plugin v26.7 - https:\/\/yoast.com\/wordpress\/plugins\/seo\/ -->\n<title>Ejemplo de Informe de Actividad -<\/title>\n<meta name=\"robots\" content=\"index, follow, max-snippet:-1, max-image-preview:large, max-video-preview:-1\" \/>\n<link rel=\"canonical\" href=\"https:\/\/xnet-x.net\/es\/informe-de-actividad-2009\/\" \/>\n<meta name=\"twitter:label1\" content=\"Tiempo de lectura\" \/>\n\t<meta name=\"twitter:data1\" content=\"1 minuto\" \/>\n<script type=\"application\/ld+json\" class=\"yoast-schema-graph\">{\"@context\":\"https:\/\/schema.org\",\"@graph\":[{\"@type\":\"WebPage\",\"@id\":\"https:\/\/xnet-x.net\/es\/informe-de-actividad-2009\/\",\"url\":\"https:\/\/xnet-x.net\/es\/informe-de-actividad-2009\/\",\"name\":\"Ejemplo de Informe de Actividad -\",\"isPartOf\":{\"@id\":\"https:\/\/xnet-x.net\/es\/#website\"},\"datePublished\":\"2010-04-15T08:17:35+00:00\",\"dateModified\":\"2011-08-31T15:31:10+00:00\",\"breadcrumb\":{\"@id\":\"https:\/\/xnet-x.net\/es\/informe-de-actividad-2009\/#breadcrumb\"},\"inLanguage\":\"es\",\"potentialAction\":[{\"@type\":\"ReadAction\",\"target\":[[\"https:\/\/xnet-x.net\/es\/informe-de-actividad-2009\/\"]]}]},{\"@type\":\"BreadcrumbList\",\"@id\":\"https:\/\/xnet-x.net\/es\/informe-de-actividad-2009\/#breadcrumb\",\"itemListElement\":[{\"@type\":\"ListItem\",\"position\":1,\"name\":\"Portada\",\"item\":\"https:\/\/xnet-x.net\/es\/\"},{\"@type\":\"ListItem\",\"position\":2,\"name\":\"Ejemplo de Informe de Actividad\"}]},{\"@type\":\"WebSite\",\"@id\":\"https:\/\/xnet-x.net\/es\/#website\",\"url\":\"https:\/\/xnet-x.net\/es\/\",\"name\":\"[:es]Xnet - Internet, derechos y democracia en la era digital[:ca]Xnet - Internet, drets i democr\u00e0cia en l'era digital[:en]Xnet - Internet freedoms & digital rights[:]\",\"description\":\"Xnet: Internet, informaci\u00f3n y cultura libres. Tecnopol\u00edtica. Datos, algoritmos y derechos digitales. Libertad de expresi\u00f3n. Democracia y anticorrupci\u00f3n\",\"publisher\":{\"@id\":\"https:\/\/xnet-x.net\/es\/#organization\"},\"potentialAction\":[{\"@type\":\"SearchAction\",\"target\":{\"@type\":\"EntryPoint\",\"urlTemplate\":\"https:\/\/xnet-x.net\/es\/?s={search_term_string}\"},\"query-input\":{\"@type\":\"PropertyValueSpecification\",\"valueRequired\":true,\"valueName\":\"search_term_string\"}}],\"inLanguage\":\"es\"},{\"@type\":\"Organization\",\"@id\":\"https:\/\/xnet-x.net\/es\/#organization\",\"name\":\"Xnet - Internet, derechos y democracia en la era digital\",\"url\":\"https:\/\/xnet-x.net\/es\/\",\"logo\":{\"@type\":\"ImageObject\",\"inLanguage\":\"es\",\"@id\":\"https:\/\/xnet-x.net\/es\/#\/schema\/logo\/image\/\",\"url\":\"https:\/\/xnet-x.net\/img\/xnet-logo.png\",\"contentUrl\":\"https:\/\/xnet-x.net\/img\/xnet-logo.png\",\"width\":512,\"height\":512,\"caption\":\"Xnet - Internet, derechos y democracia en la era digital\"},\"image\":{\"@id\":\"https:\/\/xnet-x.net\/es\/#\/schema\/logo\/image\/\"},\"sameAs\":[\"http:\/\/facebook.com\/RedX.Net\/\",\"https:\/\/x.com\/x_net_\",\"https:\/\/es.wikipedia.org\/wiki\/Xnet\"]}]}<\/script>\n<!-- \/ Yoast SEO plugin. -->","yoast_head_json":{"title":"Ejemplo de Informe de Actividad -","robots":{"index":"index","follow":"follow","max-snippet":"max-snippet:-1","max-image-preview":"max-image-preview:large","max-video-preview":"max-video-preview:-1"},"canonical":"https:\/\/xnet-x.net\/es\/informe-de-actividad-2009\/","twitter_misc":{"Tiempo de lectura":"1 minuto"},"schema":{"@context":"https:\/\/schema.org","@graph":[{"@type":"WebPage","@id":"https:\/\/xnet-x.net\/es\/informe-de-actividad-2009\/","url":"https:\/\/xnet-x.net\/es\/informe-de-actividad-2009\/","name":"Ejemplo de Informe de Actividad -","isPartOf":{"@id":"https:\/\/xnet-x.net\/es\/#website"},"datePublished":"2010-04-15T08:17:35+00:00","dateModified":"2011-08-31T15:31:10+00:00","breadcrumb":{"@id":"https:\/\/xnet-x.net\/es\/informe-de-actividad-2009\/#breadcrumb"},"inLanguage":"es","potentialAction":[{"@type":"ReadAction","target":[["https:\/\/xnet-x.net\/es\/informe-de-actividad-2009\/"]]}]},{"@type":"BreadcrumbList","@id":"https:\/\/xnet-x.net\/es\/informe-de-actividad-2009\/#breadcrumb","itemListElement":[{"@type":"ListItem","position":1,"name":"Portada","item":"https:\/\/xnet-x.net\/es\/"},{"@type":"ListItem","position":2,"name":"Ejemplo de Informe de Actividad"}]},{"@type":"WebSite","@id":"https:\/\/xnet-x.net\/es\/#website","url":"https:\/\/xnet-x.net\/es\/","name":"[:es]Xnet - Internet, derechos y democracia en la era digital[:ca]Xnet - Internet, drets i democr\u00e0cia en l'era digital[:en]Xnet - Internet freedoms & digital rights[:]","description":"Xnet: Internet, informaci\u00f3n y cultura libres. Tecnopol\u00edtica. Datos, algoritmos y derechos digitales. Libertad de expresi\u00f3n. Democracia y anticorrupci\u00f3n","publisher":{"@id":"https:\/\/xnet-x.net\/es\/#organization"},"potentialAction":[{"@type":"SearchAction","target":{"@type":"EntryPoint","urlTemplate":"https:\/\/xnet-x.net\/es\/?s={search_term_string}"},"query-input":{"@type":"PropertyValueSpecification","valueRequired":true,"valueName":"search_term_string"}}],"inLanguage":"es"},{"@type":"Organization","@id":"https:\/\/xnet-x.net\/es\/#organization","name":"Xnet - Internet, derechos y democracia en la era digital","url":"https:\/\/xnet-x.net\/es\/","logo":{"@type":"ImageObject","inLanguage":"es","@id":"https:\/\/xnet-x.net\/es\/#\/schema\/logo\/image\/","url":"https:\/\/xnet-x.net\/img\/xnet-logo.png","contentUrl":"https:\/\/xnet-x.net\/img\/xnet-logo.png","width":512,"height":512,"caption":"Xnet - Internet, derechos y democracia en la era digital"},"image":{"@id":"https:\/\/xnet-x.net\/es\/#\/schema\/logo\/image\/"},"sameAs":["http:\/\/facebook.com\/RedX.Net\/","https:\/\/x.com\/x_net_","https:\/\/es.wikipedia.org\/wiki\/Xnet"]}]}},"_links":{"self":[{"href":"https:\/\/xnet-x.net\/es\/wp-json\/wp\/v2\/pages\/473","targetHints":{"allow":["GET"]}}],"collection":[{"href":"https:\/\/xnet-x.net\/es\/wp-json\/wp\/v2\/pages"}],"about":[{"href":"https:\/\/xnet-x.net\/es\/wp-json\/wp\/v2\/types\/page"}],"author":[{"embeddable":true,"href":"https:\/\/xnet-x.net\/es\/wp-json\/wp\/v2\/users\/5"}],"replies":[{"embeddable":true,"href":"https:\/\/xnet-x.net\/es\/wp-json\/wp\/v2\/comments?post=473"}],"version-history":[{"count":3,"href":"https:\/\/xnet-x.net\/es\/wp-json\/wp\/v2\/pages\/473\/revisions"}],"predecessor-version":[{"id":4002,"href":"https:\/\/xnet-x.net\/es\/wp-json\/wp\/v2\/pages\/473\/revisions\/4002"}],"wp:attachment":[{"href":"https:\/\/xnet-x.net\/es\/wp-json\/wp\/v2\/media?parent=473"}],"curies":[{"name":"wp","href":"https:\/\/api.w.org\/{rel}","templated":true}]}}