{"id":443,"date":"2010-04-07T15:44:59","date_gmt":"2010-04-07T13:44:59","guid":{"rendered":"http:\/\/la-ex.net\/?page_id=443"},"modified":"2025-05-16T11:01:46","modified_gmt":"2025-05-16T09:01:46","slug":"sgae","status":"publish","type":"page","link":"https:\/\/xnet-x.net\/es\/que-es\/sgae\/","title":{"rendered":"SGAE"},"content":{"rendered":"<p><em>[Atenci\u00f3n. Todos estos recursos, los de la secci\u00f3n <a href=\"https:\/\/xnet-x.net\/contactanos-para\/portal-de-cultura-libre\/\" rel=\"noopener noreferrer\" target=\"_blank\">Recursos de Cultura Libre <\/a>est\u00e1n desactualizados desde 2010. Aunque muchos todav\u00eda pueden servir, antes de usarlos se deben revisar seg\u00fan la legislaci\u00f3n vigente.]<\/em><\/p>\n<h2 class=\"first\">Breve introducci\u00f3n hist\u00f3rica de la SGAE (Sociedad General de Autores y Editores), c\u00f3mo funciona y porqu\u00e9.<\/h2>\n<p>La Sociedad de Autores Espa\u00f1oles (SAE) se fund\u00f3 en 1899 con la intenci\u00f3n de mejorar la situaci\u00f3n de los autores, ya que con frecuencia vend\u00edan sus obras a los editores para poder sobrevivir unos meses y perd\u00edan sus derechos sobre las mismas.<\/p>\n<p>En la SAE todo el mundo ten\u00eda derecho a un voto como m\u00ednimo y pod\u00eda formar parte de la junta directiva.<\/p>\n<p>En 1934 la SAE se fusion\u00f3 con otras sociedades para crear la SGAE (Sociedad general de Autores Espa\u00f1oles), que con Franco ser\u00e1 transformada en Sociedad General de Autores de Espa\u00f1a (1941).<\/p>\n<p>Ser\u00e1 en 1995 cuando la SGAE pasar\u00e1 a ser la Sociedad General de Autores y Editores, a manos de Teddy Bautista (entonces Vicepresidente).<\/p>\n<p>Fue Teddy Bautista quien cambi\u00f3 el derecho a voto en funci\u00f3n de los ingresos por derechos de autor. Esto hace que menos del 10% de los socios de SGAE pueda votar y s\u00f3lo unos 300 sobre unos 90 000 puedan presentarse a las elecciones de la junta.<\/p>\n<p>Fue, pues, Teddy Bautista quien modific\u00f3 los estatutos para convertir a la SGAE en un \u201csindicato vertical\u201d que representa a la vez a autores y editores de manera que, a trav\u00e9s del voto \u201cponderado\u201d, los intereses de los editores puedan primar sobre los intereses de los autores. Justo lo contrario por lo que fue creada la Sociedad de Autores.<\/p>\n<div class=\"intro\">Uno de estos socios de SGAE narr\u00f3 c\u00f3mo en 1977, Eduardo Bautista \u201clleg\u00f3 al poder\u201d.<\/div>\n<p>\u00abExplic\u00f3 que en la Junta General de aquel a\u00f1o, Eduardo Bautista junto a otros dos miembros de SGAE irrumpieron acompa\u00f1ados de un notario al comienzo de la Asamblea, y sin estar previsto en ning\u00fan punto del orden del d\u00eda, y por tanto, de manera irregular, presentaron una moci\u00f3n de censura, y la Junta se tuvo que suspender. Expulsaron a los consejeros que hab\u00edan sido elegidos democr\u00e1ticamente y se convocaron nuevas elecciones. Fueron momentos escandalosos para la llamada entonces Sociedad General de Autores de Espa\u00f1a, que posteriormente, ser\u00eda refundada como Sociedad General de Autores y Editores, dando lugar a una peculiar asociaci\u00f3n donde conviven intereses contrapuestos, los de los autores y los de los editores, siendo estos \u00faltimos quienes manejan el tim\u00f3n de la entidad. \u00ab<em> Fuente: <a title=\"Ir a comfia.info: Autores socios de la SGAE critican irregularidades en la entidad\" href=\"http:\/\/www.comfia.info\/noticias\/41722.html\" rel=\"nofollow noopener noreferrer\" target=\"_blank\">comfia.info<\/a><\/em><\/p>\n<p>M\u00e1s detalles sobre el actual sistema de votaci\u00f3n: s\u00f3lo un porcentaje muy bajo de socios de SGAE supera los alrededor de 2.000 euros de beneficios necesarios para ejercer el derecho a voto.<\/p>\n<div class=\"intro\">Algunos ejemplos extra\u00eddos de los estatutos vigentes de la SGAE y referidos a las obras audiovisuales sobre la relaci\u00f3n ingresos, derecho a voto (no es broma):<\/p>\n<p>1 voto: 2.290 \u20ac y 5.726 \u20ac<\/p>\n<p>2 votos: 5.727 \u20ac y 12.981 \u20ac<\/p>\n<p>3 votos: 12.982 \u20ac y 20.999 \u20ac<\/p>\n<p>4 votos: 21.000 \u20ac y 44.923 \u20ac<\/p>\n<p>5 votos: m\u00e1s de 44.923 \u20ac<\/p>\n<p><em>[Nota: en una entrevista, Ant\u00f3n Reixa, cuando era presidente de la SGAE, dijo que hay hasta 31 votos para los mas pudientes (!!!!). Lo hemos buscado por todas parte y no lo encontramos. Lo \u00fanico que sabemos es que en aquellas elecciones se emitieron m\u00e1s de 30000 votos. Hay algo que no se entiende pero no encontramos la respuesta&#8230; Seguimos investigando en la muy opaca gesti\u00f3n de la SGAE. Si encontramos algo os avisamos&#8230;]<\/em><\/p>\n<\/div>\n<p><span class=\"pink\">*<\/span> <em><a title=\"Ir a derechoynormas.blogspot.com: Examen a la gesti\u00f3n de las entidades de Gesti\u00f3n\" href=\"http:\/\/derechoynormas.blogspot.com\/2010\/03\/examen-la-gestion-de-las-entidades-de.html\" rel=\"nofollow noopener noreferrer\" target=\"_blank\">Aqu\u00ed<\/a> puedes leer un interesante resumen del informe sobre la gesti\u00f3n colectiva de los derechos de propiedad intelectual, encargado por el Ministerio de la Presidencia. En \u00e9l podr\u00e1s consultar datos econ\u00f3micos relativos a las ocho sociedades de gesti\u00f3n existentes, referidos al a\u00f1o 2007.<\/em><\/p>\n<h2>Los ingresos de la junta y el equipo directivo de la SGAE (hasta que la c\u00fapula fuese llevada a prisi\u00f3n en 2011):<\/h2>\n<p>\u201c<em>Lo hago gratis. Nadie cobra. Es un acto solidario de generosidad<\/em>\u201d, Ramonc\u00edn<\/p>\n<p>(Los siguientes datos est\u00e1n actualizados a 2005)<\/p>\n<p>La Junta Directiva de la SGAE (38 personas, una de ellas fue Ramonc\u00edn) percibi\u00f3 en concepto de dietas 109.920 euros.<\/p>\n<p>El Consejo de Direcci\u00f3n de la SGAE (12 miembros, entre ellos otra vez Ramonc\u00edn) se reparti\u00f3 112.980 euros. No se sabe cu\u00e1nto de este dinero le toc\u00f3 a Ramonc\u00edn pero la media en concepto de dietas para alguien que est\u00e9 en ambos \u00f3rganos directivos supera los 10.000 euros anuales por su acto solidario y generoso.<\/p>\n<p>Sin embargo, esta no es la \u00fanica fuente de ingresos de Ramonc\u00edn relacionada directamente con su cargo en la SGAE.<\/p>\n<p>Seg\u00fan figura en la \u00faltima memoria de la SDAE, empresa propiedad de la SGAE, Jos\u00e9 Ram\u00f3n Mart\u00ednez M\u00e1rquez, \u201cRamonc\u00edn\u201d, tambi\u00e9n ha cobrado de esta empresa por \u201cGesti\u00f3n de derechos y formaci\u00f3n de autores\u201d y \u201cFormaci\u00f3n y promoci\u00f3n cultural\u201d. No se sabe a cu\u00e1nto ascendieron las facturas.<\/p>\n<p>Hace un a\u00f1o, la SGAE inyect\u00f3 en la SDAE 320.000 euros para \u201crestablecer el equilibrio patrimonial de dicha filial\u201d.<\/p>\n<p><span class=\"pink\">*<\/span> <em><a title=\"Descarga pdf Rpresentaci\u00f3n de Trabajadores SGAE\" href=\"http:\/\/fcforum.net\/comiteSGAE.pdf\" target=\"_blank\" rel=\"noopener noreferrer\">Aqu\u00ed SGAE y especulaci\u00f3n en un dossier<\/a> entregado al ministerio de cultura (que ha hecho caso omiso) por los propios trabajadores de la SGAE.<\/em><\/p>\n<p><span class=\"pink\">*<\/span> <em>Aqu\u00ed la jubilaci\u00f3n de teddy Bautista, actual presidente del Consejo de Direcci\u00f3n de la SGAE: <a title=\"Ir a tuexperto.com: Teddy Bautista cobrar\u00e1 una jubilaci\u00f3n de 24.500 euros al mes\" href=\"http:\/\/www.tuexperto.com\/2010\/02\/24\/teddy-bautista-cobrara-una-jubilacion-de-24-500-euros-al-mes\/\" rel=\"nofollow noopener noreferrer\" target=\"_blank\">24 500 euros al mes<\/a> (\u00abs\u00f3lo el 90% de su sueldo).<\/em><\/p>\n<p><span class=\"pink\">*<\/span> <em>Las entidades de gesti\u00f3n<a title=\"Ir a a elpais.com: Competencia ataca el monopolio de la gesti\u00f3n de derechos de autor\" href=\"http:\/\/www.elpais.com\/articulo\/cultura\/Competencia\/ataca\/monopolio\/gestion\/derechos\/autor\/elpepucul\/20100120elpepicul_4\/Tes\" rel=\"nofollow noopener noreferrer\" target=\"_blank\"> criticadas por la Comisi\u00f3n nacional de Competencia<\/a>.<\/em><\/p>\n<p><span class=\"pink\">*<\/span> <em>Finalmente, v\u00e9ase aqu\u00ed<a title=\"consultas las tarifas vigentes en sgae.es\" href=\"http:\/\/www.sgae.es\/es-ES\/SitePages\/corp-ventalicencia.aspx\" rel=\"nofollow noopener noreferrer\" target=\"_blank\"> tarifas sgae,<\/a> otra fuente de ingresos de la SGAE. En muchos casos, los importes, al no ser \u201cindividualizables\u201d, se reparten entre los que m\u00e1s recaudan.<\/em><\/p>\n<h4>Informaci\u00f3n relacionada:<\/h4>\n<ul>\n<li><a title=\"Propuestas de los socios de SGAE para solucionar los problemas de la entidad\" href=\"\/socios-si-votos\">Propuestas para la asamblea general de la SGAE por parte de los socios que no tienen ni voz ni voto<\/a><\/li>\n<li><a title=\"Ir a la p\u00e1gina: En respuesta a las declaraciones de Teddy Bautista, presidente del Consejo de Direcci\u00f3n de la SGAE\" href=\"\/en-respuesta-a-las-manipulaciones-de-teddy-bautista\">En respuesta a las declaraciones de Teddy Bautista, presidente del Consejo de Direcci\u00f3n de la SGAE<\/a><\/li>\n<li><a title=\"Saber m\u00e1s sobre gesti\u00f3n de derechos de autor\" href=\"\/que-es\/gestion-derechos\">Gesti\u00f3n de derechos de autor:<\/a> Qu\u00e9 entidades de gesti\u00f3n de derechos de autor existen en Espa\u00f1a, SGAE, AIE, AGEDI&#8230;.y como funcionan<\/li>\n<\/ul>\n<p>&nbsp;<\/p>","protected":false},"excerpt":{"rendered":"<p>[Atenci\u00f3n. Todos estos recursos, los de la secci\u00f3n Recursos de Cultura Libre est\u00e1n desactualizados desde 2010. Aunque muchos todav\u00eda pueden servir, antes de usarlos se deben revisar seg\u00fan la legislaci\u00f3n vigente.] Breve introducci\u00f3n hist\u00f3rica de la SGAE (Sociedad General de Autores y Editores), c\u00f3mo funciona y porqu\u00e9. La Sociedad de Autores Espa\u00f1oles (SAE) se fund\u00f3 [&hellip;]<\/p>\n","protected":false},"author":5,"featured_media":0,"parent":3447,"menu_order":4,"comment_status":"closed","ping_status":"closed","template":"","meta":{"footnotes":""},"class_list":["post-443","page","type-page","status-publish","hentry"],"yoast_head":"<!-- This site is optimized with the Yoast SEO plugin v26.7 - https:\/\/yoast.com\/wordpress\/plugins\/seo\/ -->\n<title>SGAE -<\/title>\n<meta name=\"description\" content=\"Breve introducci\u00f3n hist\u00f3rica de la SGAE (Sociedad General de Autores y Editores), c\u00f3mo funciona y porqu\u00e9.\" \/>\n<meta name=\"robots\" content=\"index, follow, max-snippet:-1, max-image-preview:large, max-video-preview:-1\" \/>\n<link rel=\"canonical\" href=\"https:\/\/xnet-x.net\/es\/que-es\/sgae\/\" \/>\n<meta name=\"twitter:label1\" content=\"Tiempo de lectura\" \/>\n\t<meta name=\"twitter:data1\" content=\"5 minutos\" \/>\n<script type=\"application\/ld+json\" class=\"yoast-schema-graph\">{\"@context\":\"https:\/\/schema.org\",\"@graph\":[{\"@type\":\"WebPage\",\"@id\":\"https:\/\/xnet-x.net\/es\/que-es\/sgae\/\",\"url\":\"https:\/\/xnet-x.net\/es\/que-es\/sgae\/\",\"name\":\"SGAE -\",\"isPartOf\":{\"@id\":\"https:\/\/xnet-x.net\/es\/#website\"},\"datePublished\":\"2010-04-07T13:44:59+00:00\",\"dateModified\":\"2025-05-16T09:01:46+00:00\",\"description\":\"Breve introducci\u00f3n hist\u00f3rica de la SGAE (Sociedad General de Autores y Editores), c\u00f3mo funciona y porqu\u00e9.\",\"breadcrumb\":{\"@id\":\"https:\/\/xnet-x.net\/es\/que-es\/sgae\/#breadcrumb\"},\"inLanguage\":\"es\",\"potentialAction\":[{\"@type\":\"ReadAction\",\"target\":[[\"https:\/\/xnet-x.net\/es\/que-es\/sgae\/\"]]}]},{\"@type\":\"BreadcrumbList\",\"@id\":\"https:\/\/xnet-x.net\/es\/que-es\/sgae\/#breadcrumb\",\"itemListElement\":[{\"@type\":\"ListItem\",\"position\":1,\"name\":\"Portada\",\"item\":\"https:\/\/xnet-x.net\/es\/\"},{\"@type\":\"ListItem\",\"position\":2,\"name\":\"Hay que saber\",\"item\":\"https:\/\/xnet-x.net\/es\/que-es\/\"},{\"@type\":\"ListItem\",\"position\":3,\"name\":\"SGAE\"}]},{\"@type\":\"WebSite\",\"@id\":\"https:\/\/xnet-x.net\/es\/#website\",\"url\":\"https:\/\/xnet-x.net\/es\/\",\"name\":\"[:es]Xnet - Internet, derechos y democracia en la era digital[:ca]Xnet - Internet, drets i democr\u00e0cia en l'era digital[:en]Xnet - Internet freedoms & digital rights[:]\",\"description\":\"Xnet: Internet, informaci\u00f3n y cultura libres. Tecnopol\u00edtica. Datos, algoritmos y derechos digitales. Libertad de expresi\u00f3n. Democracia y anticorrupci\u00f3n\",\"publisher\":{\"@id\":\"https:\/\/xnet-x.net\/es\/#organization\"},\"potentialAction\":[{\"@type\":\"SearchAction\",\"target\":{\"@type\":\"EntryPoint\",\"urlTemplate\":\"https:\/\/xnet-x.net\/es\/?s={search_term_string}\"},\"query-input\":{\"@type\":\"PropertyValueSpecification\",\"valueRequired\":true,\"valueName\":\"search_term_string\"}}],\"inLanguage\":\"es\"},{\"@type\":\"Organization\",\"@id\":\"https:\/\/xnet-x.net\/es\/#organization\",\"name\":\"Xnet - Internet, derechos y democracia en la era digital\",\"url\":\"https:\/\/xnet-x.net\/es\/\",\"logo\":{\"@type\":\"ImageObject\",\"inLanguage\":\"es\",\"@id\":\"https:\/\/xnet-x.net\/es\/#\/schema\/logo\/image\/\",\"url\":\"https:\/\/xnet-x.net\/img\/xnet-logo.png\",\"contentUrl\":\"https:\/\/xnet-x.net\/img\/xnet-logo.png\",\"width\":512,\"height\":512,\"caption\":\"Xnet - Internet, derechos y democracia en la era digital\"},\"image\":{\"@id\":\"https:\/\/xnet-x.net\/es\/#\/schema\/logo\/image\/\"},\"sameAs\":[\"http:\/\/facebook.com\/RedX.Net\/\",\"https:\/\/x.com\/x_net_\",\"https:\/\/es.wikipedia.org\/wiki\/Xnet\"]}]}<\/script>\n<!-- \/ Yoast SEO plugin. -->","yoast_head_json":{"title":"SGAE -","description":"Breve introducci\u00f3n hist\u00f3rica de la SGAE (Sociedad General de Autores y Editores), c\u00f3mo funciona y porqu\u00e9.","robots":{"index":"index","follow":"follow","max-snippet":"max-snippet:-1","max-image-preview":"max-image-preview:large","max-video-preview":"max-video-preview:-1"},"canonical":"https:\/\/xnet-x.net\/es\/que-es\/sgae\/","twitter_misc":{"Tiempo de lectura":"5 minutos"},"schema":{"@context":"https:\/\/schema.org","@graph":[{"@type":"WebPage","@id":"https:\/\/xnet-x.net\/es\/que-es\/sgae\/","url":"https:\/\/xnet-x.net\/es\/que-es\/sgae\/","name":"SGAE -","isPartOf":{"@id":"https:\/\/xnet-x.net\/es\/#website"},"datePublished":"2010-04-07T13:44:59+00:00","dateModified":"2025-05-16T09:01:46+00:00","description":"Breve introducci\u00f3n hist\u00f3rica de la SGAE (Sociedad General de Autores y Editores), c\u00f3mo funciona y porqu\u00e9.","breadcrumb":{"@id":"https:\/\/xnet-x.net\/es\/que-es\/sgae\/#breadcrumb"},"inLanguage":"es","potentialAction":[{"@type":"ReadAction","target":[["https:\/\/xnet-x.net\/es\/que-es\/sgae\/"]]}]},{"@type":"BreadcrumbList","@id":"https:\/\/xnet-x.net\/es\/que-es\/sgae\/#breadcrumb","itemListElement":[{"@type":"ListItem","position":1,"name":"Portada","item":"https:\/\/xnet-x.net\/es\/"},{"@type":"ListItem","position":2,"name":"Hay que saber","item":"https:\/\/xnet-x.net\/es\/que-es\/"},{"@type":"ListItem","position":3,"name":"SGAE"}]},{"@type":"WebSite","@id":"https:\/\/xnet-x.net\/es\/#website","url":"https:\/\/xnet-x.net\/es\/","name":"[:es]Xnet - Internet, derechos y democracia en la era digital[:ca]Xnet - Internet, drets i democr\u00e0cia en l'era digital[:en]Xnet - Internet freedoms & digital rights[:]","description":"Xnet: Internet, informaci\u00f3n y cultura libres. Tecnopol\u00edtica. Datos, algoritmos y derechos digitales. Libertad de expresi\u00f3n. Democracia y anticorrupci\u00f3n","publisher":{"@id":"https:\/\/xnet-x.net\/es\/#organization"},"potentialAction":[{"@type":"SearchAction","target":{"@type":"EntryPoint","urlTemplate":"https:\/\/xnet-x.net\/es\/?s={search_term_string}"},"query-input":{"@type":"PropertyValueSpecification","valueRequired":true,"valueName":"search_term_string"}}],"inLanguage":"es"},{"@type":"Organization","@id":"https:\/\/xnet-x.net\/es\/#organization","name":"Xnet - Internet, derechos y democracia en la era digital","url":"https:\/\/xnet-x.net\/es\/","logo":{"@type":"ImageObject","inLanguage":"es","@id":"https:\/\/xnet-x.net\/es\/#\/schema\/logo\/image\/","url":"https:\/\/xnet-x.net\/img\/xnet-logo.png","contentUrl":"https:\/\/xnet-x.net\/img\/xnet-logo.png","width":512,"height":512,"caption":"Xnet - Internet, derechos y democracia en la era digital"},"image":{"@id":"https:\/\/xnet-x.net\/es\/#\/schema\/logo\/image\/"},"sameAs":["http:\/\/facebook.com\/RedX.Net\/","https:\/\/x.com\/x_net_","https:\/\/es.wikipedia.org\/wiki\/Xnet"]}]}},"_links":{"self":[{"href":"https:\/\/xnet-x.net\/es\/wp-json\/wp\/v2\/pages\/443","targetHints":{"allow":["GET"]}}],"collection":[{"href":"https:\/\/xnet-x.net\/es\/wp-json\/wp\/v2\/pages"}],"about":[{"href":"https:\/\/xnet-x.net\/es\/wp-json\/wp\/v2\/types\/page"}],"author":[{"embeddable":true,"href":"https:\/\/xnet-x.net\/es\/wp-json\/wp\/v2\/users\/5"}],"replies":[{"embeddable":true,"href":"https:\/\/xnet-x.net\/es\/wp-json\/wp\/v2\/comments?post=443"}],"version-history":[{"count":9,"href":"https:\/\/xnet-x.net\/es\/wp-json\/wp\/v2\/pages\/443\/revisions"}],"predecessor-version":[{"id":22810,"href":"https:\/\/xnet-x.net\/es\/wp-json\/wp\/v2\/pages\/443\/revisions\/22810"}],"up":[{"embeddable":true,"href":"https:\/\/xnet-x.net\/es\/wp-json\/wp\/v2\/pages\/3447"}],"wp:attachment":[{"href":"https:\/\/xnet-x.net\/es\/wp-json\/wp\/v2\/media?parent=443"}],"curies":[{"name":"wp","href":"https:\/\/api.w.org\/{rel}","templated":true}]}}