{"id":43,"date":"2008-05-06T22:44:23","date_gmt":"2008-05-06T20:44:23","guid":{"rendered":"http:\/\/conservas.tk\/asesoria\/?page_id=43"},"modified":"2021-08-17T11:38:40","modified_gmt":"2021-08-17T09:38:40","slug":"documentos","status":"publish","type":"page","link":"https:\/\/xnet-x.net\/es\/herramientas\/documentos\/","title":{"rendered":"\u00cdndice documentos"},"content":{"rendered":"<p><em>[Atenci\u00f3n. Todos estos recursos, los de la secci\u00f3n <a href=\"https:\/\/xnet-x.net\/contactanos-para\/portal-de-cultura-libre\/\" rel=\"noopener noreferrer\" target=\"_blank\">Recursos de Cultura Libre <\/a>est\u00e1n desactualizados desde 2010. Aunque muchos todav\u00eda pueden servir, antes de usarlos se deben revisar seg\u00fan la legislaci\u00f3n vigente.]<\/em><br \/>\n&nbsp;<\/p>\n<div class=\"intro\">Aqu\u00ed encontrar\u00e1s las herramientas  (informaci\u00f3n, modos de empleo y plantillas de documentos) para resolver  tus problemas con las entidades de gesti\u00f3n y las industrias culturales.  C\u00f3pialos, p\u00e9galos y dif\u00fandelos.<\/p>\n<p><em><strong>\u00a1Ojo!: en todas las  herramientas cogeremos la SGAE como ejemplo. Si la entidad de gesti\u00f3n  que te afecta es otra, la forma de proceder es similar pero no id\u00e9ntica.  Consulta tu caso.<\/strong><\/em><\/div>\n<h2>1.-Informaci\u00f3n general para artistas, int\u00e9rpretes, creadores, \u2026<\/h2>\n<p><strong>Informaci\u00f3n General<\/strong><\/p>\n<ul>\n<li><a href=\"\/que-es\/pequeno-gran-derecho\">Tipolog\u00eda de creaciones art\u00edsticas y competencias de la SGAE.<\/a><\/li>\n<\/ul>\n<h3>Darse  de baja de SGAE<\/h3>\n<p>Leer primero:<\/p>\n<ul>\n<li><a href=\"\/herramientas\/autor-interprete\/darse-de-baja-socio-sgae\">Como Darse de baja de la SGAE<\/a><\/li>\n<\/ul>\n<p>Documentos para hacerlo:<\/p>\n<ul>\n<li><a href=\"\/herramientas\/documentos\/baja-socio-carta\">Carta para darse de baja de la SGAE u otra entidad de gesti\u00f3n<\/a><\/li>\n<\/ul>\n<h3>Recauda t\u00fa mismo tus derechos de autor<\/h3>\n<p>Leer primero:<\/p>\n<ul>\n<li> <a href=\"\/herramientas\/autor-interprete\/no-socio-cobrar-derechos-de-autor\">Recauda t\u00fa mismo tus derechos de autor<\/a><\/li>\n<\/ul>\n<p>Documentos para hacerlo:<\/p>\n<ul>\n<li><a href=\"\/herramientas\/documentos\/no-socio-recaudar-derechos\">Cl\u00e1usula &#8211; Recauda t\u00fa mismo tus derechos de autor<\/a><\/li>\n<\/ul>\n<h3>Soy socio de SGAE. \u00bfPuedo librar a quien me programa del pago de los derechos de autor a esta entidad?<\/h3>\n<p>Leer primero:<\/p>\n<ul>\n<li> <a href=\"\/los-oxcars\/glamourosa-desobediencia\" target=\"_blank\" rel=\"noopener noreferrer\">Ver la experiencia de los oXcars <\/a><\/li>\n<\/ul>\n<p>Documentos para hacerlo:<\/p>\n<ul>\n<li> <a href=\"\/herramientas\/documentos\/declaracion-repertorio\">Declaraci\u00f3n de repertorio libre<\/a><\/li>\n<\/ul>\n<h3>Reclama derechos de retransmisi\u00f3n para obras audiovisuales<\/h3>\n<p>Leer primero:<\/p>\n<ul>\n<li><a href=\"\/herramientas\/autor-interprete\/reclamacion-derechos-cine-tv-radio\">Reclama derechos de retransmisi\u00f3n si no eres de la SGAE<\/a><\/li>\n<\/ul>\n<p>Documentos para hacerlo:<\/p>\n<ul>\n<li><a href=\"\/herramientas\/documentos\/reclamacion-derechos-emision\">Plantilla \/ Carta reclamaci\u00f3n derechos de retransmisi\u00f3n si no eres de la SGAE<\/a><\/li>\n<\/ul>\n<h3>Gestiona tus derechos de autor para obras audiovisuales<\/h3>\n<ul>\n<li><a title=\"Como gestionar derechos de autor para obras audiovisuales\" href=\"\/herramientas\/autor-interprete\/audiovisuales-no-socio\">Soy autor de obras audiovisuales. No soy socio de SGAE <\/a><\/li>\n<\/ul>\n<h3>Edici\u00f3n CD o DVD<\/h3>\n<ul>\n<li><a href=\"\/herramientas\/documentos\/no-socio-editar-cd-dvd\">Declaraci\u00f3n de no pertenencia presente o futura a ninuguna sociedad de gesti\u00f3n para la grabaci\u00f3n en serie en soportes digitales<\/a><\/li>\n<\/ul>\n<h3>Para  compa\u00f1\u00edas de teatro<\/h3>\n<ul>\n<li><a href=\"http:\/\/derechoynormas.blogspot.com\/2009\/04\/la-sgae-y-el-teatro-y-cuando-no-hay-que.html\" target=\"_blank\" rel=\"noopener noreferrer\">El que me programa tiene que pagar SGAE por la representaci\u00f3n de mi propia obra teatral?<\/a> (por David Maeztu)<\/li>\n<\/ul>\n<h2>2. Herramientas destinadas a Salas, organizadores, festivales y otros eventos p\u00fablicos:<\/h2>\n<p><strong>Informaci\u00f3n General<\/strong><\/p>\n<ul>\n<li><a href=\"\/que-es\/pequeno-gran-derecho\">&#8211; Tipolog\u00eda de creaciones art\u00edsticas y competencias de la SGAE<\/a><\/li>\n<li><a href=\"http:\/\/derechoynormas.blogspot.com\/2009\/04\/la-sgae-y-el-teatro-y-cuando-no-hay-que.html\" target=\"_blank\" rel=\"noopener noreferrer\">&#8211; La Sgae y el teatro (y cuando no hay que pagar)<\/a><\/li>\n<\/ul>\n<h3>No pagues indebidamente a ninguna entidad de gesti\u00f3n<\/h3>\n<p>Leer primero:<\/p>\n<ul>\n<li><a href=\"\/herramientas\/documentos\/no-pagar-entidad-de-gestion\">No pagues indebidamente a ninguna entidad de gesti\u00f3n<\/a><\/li>\n<li><a href=\"\/los-oxcars\/glamourosa-desobediencia\" target=\"_blank\" rel=\"noopener noreferrer\">Glamourosa desobediencia: acuerdo entre programador y artista asociado a SGAE<\/a><\/li>\n<\/ul>\n<p>Documentos para hacerlo:<\/p>\n<ul>\n<li><a href=\"\/herramientas\/documentos\/clausula-contrato-teatro-danza\"> Cl\u00e1usula para introducir en los contratos entre programadores\/salas y compa\u00f1\u00eda (teatro, danza\u2026)<\/a><\/li>\n<li><a href=\"\/herramientas\/documentos\/clausula-contrato-conciertos\">Cl\u00e1usula para introducir en los contratos entre programadores \/ salas y banda (Concierto\u2026)<\/a><\/li>\n<p>Si el caso es simple y s\u00f3lo te basta una declaraci\u00f3n de NO pertenencia a la SGAE, usa este documento:<\/p>\n<li><a href=\"\/herramientas\/documentos\/declaracion-derechos-no-cedidos\" target=\"_blank\" rel=\"noopener noreferrer\">Anexo 1, para  teatro, danza y m\u00fasica: Manifestaci\u00f3n de no pertenencia  a entidades de gesti\u00f3n de artista contratado<\/a><\/li>\n<\/ul>\n<p><strong>Documentos necesario para presentar a la SGAE en el caso que los pida:<\/strong><\/p>\n<ul>\n<li><a href=\"\/herramientas\/documentos\/no-programo-socios\">Plantilla1: 0% artistas contratados son socios de entidades de gesti\u00f3n<\/a><\/li>\n<li><a href=\"\/herramientas\/documentos\/programo-algunos-socios\">Plantilla2: un tanto por ciento de artistas contratados son socios de entidades de gesti\u00f3n<\/a><\/li>\n<\/ul>\n<h3> Programo obras audiovisuales<\/h3>\n<p><a title=\"Como gestionar derechos de autor para obras audiovisuales\" href=\"\/herramientas\/autor-interprete\/audiovisuales-no-socio\">Programo obras audiovisuales de autores no socios de SGAE<\/a><\/p>\n<h2>3.- Herramientas destinadas a cualquier tipo de establecimiento abierto al p\u00fablico que utilice m\u00fasica [enlatada o en vivo], v\u00eddeo o TV, sea como elemento indispensable o no<\/h2>\n<p><strong> Informaci\u00f3n General<\/strong><\/p>\n<ul>\n<li><a href=\"\/herramientas\/documentos\/tienda-pagar-o-no\">&#8211; Puedes decidir: pagar a entidades privadas o no<\/a><\/li>\n<li><a href=\"\/herramientas\/documentos\/inspeccion-tienda-informacion\">&#8211; No dejes que un inspector de SGAE te informe mal. \u00a1Inf\u00f3rmale t\u00fa!<\/a><\/li>\n<\/ul>\n<h3>Si todav\u00eda no has firmado ning\u00fan contrato<\/h3>\n<p>Leer primero:<\/p>\n<ul>\n<li><a href=\"\/herramientas\/tienda-bar-peluqueria-gimnasio\/recibo-carta\">Me env\u00edan una carta para recaudar, \u00bfqu\u00e9 hago?<\/a><\/li>\n<li><a href=\"\/herramientas\/tienda-bar-peluqueria-gimnasio\/recibo-visita\">Ha venido un inspector de una entidad de gesti\u00f3n \u00bfqu\u00e9 hago?<\/a><\/li>\n<\/ul>\n<p>Documentos para hacerlo:<\/p>\n<ul>\n<li><a href=\"\/herramientas\/documentos\/carta-respuesta-hosteleria\">Ejemplo carta de respuesta I: hosteleros, escuelas de baile, etc<\/a><\/li>\n<li><a href=\"\/herramientas\/documentos\/carta-respuesta-tienda\">Ejemplo carta de respuesta II: comercios en general<\/a><\/li>\n<li><a href=\"\/herramientas\/documentos\/carta-uso-repertorio\">Certificado de uso de repertorio libre<\/a><\/li>\n<\/ul>\n<h3>Si  has firmado un contrato<\/h3>\n<p>Leer primero:<\/p>\n<ul>\n<li><a href=\"\/herramientas\/tienda-bar-peluqueria-gimnasio\/firmado-contrato\">Una entidad de gesti\u00f3n, ya me est\u00e1 cobrando, \u00bfc\u00f3mo puedo dejar de pagar?<\/a><\/li>\n<\/ul>\n<p>Documentos para hacerlo:<\/p>\n<ul>\n<li><a href=\"\/herramientas\/documentos\/carta-resolucion-contrato\">Ejemplo comunicado para resoluci\u00f3n de contrato<\/a><\/li>\n<li><a href=\"\/herramientas\/documentos\/carta-uso-repertorio\">Certificado de uso de repertorio libre<\/a><\/li>\n<\/ul>\n<h2>4- Informaci\u00f3n para Tiendas de inform\u00e1tica<\/h2>\n<ul>\n<li><a href=\"\/herramientas\/tienda-informatica\">Tengo una tienda de inform\u00e1tica y\/o tienda de peque\u00f1os electrodom\u00e9sticos<\/a><\/li>\n<\/ul>\n<h2>5- Informaci\u00f3n para DJs<\/h2>\n<ul>\n<li><a href=\"\/herramientas\/dj-licencia\">Soy DJ. \u00bfNevesito una licencia para poder pichar?<\/a><\/li>\n<\/ul>\n<h2>6- Herramientas e informaci\u00f3n destinadas a ciudadanos e internautas: Baja ADSL<\/h2>\n<ul>\n<li><a href=\"\/herramientas\/baja-de-adsl-internautas\">Gu\u00eda para darse de baja de las operadoras ADSL que han aceptado controlar el acceso de sus usuarios a las redes de intercambio (P2P)<\/a><\/li>\n<\/ul>\n<p><\/p>","protected":false},"excerpt":{"rendered":"<p>[Atenci\u00f3n. Todos estos recursos, los de la secci\u00f3n Recursos de Cultura Libre est\u00e1n desactualizados desde 2010. Aunque muchos todav\u00eda pueden servir, antes de usarlos se deben revisar seg\u00fan la legislaci\u00f3n vigente.] &nbsp; Aqu\u00ed encontrar\u00e1s las herramientas (informaci\u00f3n, modos de empleo y plantillas de documentos) para resolver tus problemas con las entidades de gesti\u00f3n y las [&hellip;]<\/p>\n","protected":false},"author":5,"featured_media":0,"parent":6,"menu_order":15,"comment_status":"closed","ping_status":"closed","template":"","meta":{"footnotes":""},"class_list":["post-43","page","type-page","status-publish","hentry"],"yoast_head":"<!-- This site is optimized with the Yoast SEO plugin v26.7 - https:\/\/yoast.com\/wordpress\/plugins\/seo\/ -->\n<title>\u00cdndice documentos -<\/title>\n<meta name=\"robots\" content=\"index, follow, max-snippet:-1, max-image-preview:large, max-video-preview:-1\" \/>\n<link rel=\"canonical\" href=\"https:\/\/xnet-x.net\/es\/herramientas\/documentos\/\" \/>\n<meta name=\"twitter:label1\" content=\"Tiempo de lectura\" \/>\n\t<meta name=\"twitter:data1\" content=\"4 minutos\" \/>\n<script type=\"application\/ld+json\" class=\"yoast-schema-graph\">{\"@context\":\"https:\/\/schema.org\",\"@graph\":[{\"@type\":\"WebPage\",\"@id\":\"https:\/\/xnet-x.net\/es\/herramientas\/documentos\/\",\"url\":\"https:\/\/xnet-x.net\/es\/herramientas\/documentos\/\",\"name\":\"\u00cdndice documentos -\",\"isPartOf\":{\"@id\":\"https:\/\/xnet-x.net\/es\/#website\"},\"datePublished\":\"2008-05-06T20:44:23+00:00\",\"dateModified\":\"2021-08-17T09:38:40+00:00\",\"breadcrumb\":{\"@id\":\"https:\/\/xnet-x.net\/es\/herramientas\/documentos\/#breadcrumb\"},\"inLanguage\":\"es\",\"potentialAction\":[{\"@type\":\"ReadAction\",\"target\":[[\"https:\/\/xnet-x.net\/es\/herramientas\/documentos\/\"]]}]},{\"@type\":\"BreadcrumbList\",\"@id\":\"https:\/\/xnet-x.net\/es\/herramientas\/documentos\/#breadcrumb\",\"itemListElement\":[{\"@type\":\"ListItem\",\"position\":1,\"name\":\"Portada\",\"item\":\"https:\/\/xnet-x.net\/es\/\"},{\"@type\":\"ListItem\",\"position\":2,\"name\":\"(Es) Herramientas\",\"item\":\"https:\/\/xnet-x.net\/es\/herramientas\/\"},{\"@type\":\"ListItem\",\"position\":3,\"name\":\"(Es) \u00cdndice documentos\"}]},{\"@type\":\"WebSite\",\"@id\":\"https:\/\/xnet-x.net\/es\/#website\",\"url\":\"https:\/\/xnet-x.net\/es\/\",\"name\":\"[:es]Xnet - Internet, derechos y democracia en la era digital[:ca]Xnet - Internet, drets i democr\u00e0cia en l'era digital[:en]Xnet - Internet freedoms & digital rights[:]\",\"description\":\"Xnet: Internet, informaci\u00f3n y cultura libres. Tecnopol\u00edtica. Datos, algoritmos y derechos digitales. Libertad de expresi\u00f3n. Democracia y anticorrupci\u00f3n\",\"publisher\":{\"@id\":\"https:\/\/xnet-x.net\/es\/#organization\"},\"potentialAction\":[{\"@type\":\"SearchAction\",\"target\":{\"@type\":\"EntryPoint\",\"urlTemplate\":\"https:\/\/xnet-x.net\/es\/?s={search_term_string}\"},\"query-input\":{\"@type\":\"PropertyValueSpecification\",\"valueRequired\":true,\"valueName\":\"search_term_string\"}}],\"inLanguage\":\"es\"},{\"@type\":\"Organization\",\"@id\":\"https:\/\/xnet-x.net\/es\/#organization\",\"name\":\"Xnet - Internet, derechos y democracia en la era digital\",\"url\":\"https:\/\/xnet-x.net\/es\/\",\"logo\":{\"@type\":\"ImageObject\",\"inLanguage\":\"es\",\"@id\":\"https:\/\/xnet-x.net\/es\/#\/schema\/logo\/image\/\",\"url\":\"https:\/\/xnet-x.net\/img\/xnet-logo.png\",\"contentUrl\":\"https:\/\/xnet-x.net\/img\/xnet-logo.png\",\"width\":512,\"height\":512,\"caption\":\"Xnet - Internet, derechos y democracia en la era digital\"},\"image\":{\"@id\":\"https:\/\/xnet-x.net\/es\/#\/schema\/logo\/image\/\"},\"sameAs\":[\"http:\/\/facebook.com\/RedX.Net\/\",\"https:\/\/x.com\/x_net_\",\"https:\/\/es.wikipedia.org\/wiki\/Xnet\"]}]}<\/script>\n<!-- \/ Yoast SEO plugin. -->","yoast_head_json":{"title":"\u00cdndice documentos -","robots":{"index":"index","follow":"follow","max-snippet":"max-snippet:-1","max-image-preview":"max-image-preview:large","max-video-preview":"max-video-preview:-1"},"canonical":"https:\/\/xnet-x.net\/es\/herramientas\/documentos\/","twitter_misc":{"Tiempo de lectura":"4 minutos"},"schema":{"@context":"https:\/\/schema.org","@graph":[{"@type":"WebPage","@id":"https:\/\/xnet-x.net\/es\/herramientas\/documentos\/","url":"https:\/\/xnet-x.net\/es\/herramientas\/documentos\/","name":"\u00cdndice documentos -","isPartOf":{"@id":"https:\/\/xnet-x.net\/es\/#website"},"datePublished":"2008-05-06T20:44:23+00:00","dateModified":"2021-08-17T09:38:40+00:00","breadcrumb":{"@id":"https:\/\/xnet-x.net\/es\/herramientas\/documentos\/#breadcrumb"},"inLanguage":"es","potentialAction":[{"@type":"ReadAction","target":[["https:\/\/xnet-x.net\/es\/herramientas\/documentos\/"]]}]},{"@type":"BreadcrumbList","@id":"https:\/\/xnet-x.net\/es\/herramientas\/documentos\/#breadcrumb","itemListElement":[{"@type":"ListItem","position":1,"name":"Portada","item":"https:\/\/xnet-x.net\/es\/"},{"@type":"ListItem","position":2,"name":"(Es) Herramientas","item":"https:\/\/xnet-x.net\/es\/herramientas\/"},{"@type":"ListItem","position":3,"name":"(Es) \u00cdndice documentos"}]},{"@type":"WebSite","@id":"https:\/\/xnet-x.net\/es\/#website","url":"https:\/\/xnet-x.net\/es\/","name":"[:es]Xnet - Internet, derechos y democracia en la era digital[:ca]Xnet - Internet, drets i democr\u00e0cia en l'era digital[:en]Xnet - Internet freedoms & digital rights[:]","description":"Xnet: Internet, informaci\u00f3n y cultura libres. Tecnopol\u00edtica. Datos, algoritmos y derechos digitales. Libertad de expresi\u00f3n. Democracia y anticorrupci\u00f3n","publisher":{"@id":"https:\/\/xnet-x.net\/es\/#organization"},"potentialAction":[{"@type":"SearchAction","target":{"@type":"EntryPoint","urlTemplate":"https:\/\/xnet-x.net\/es\/?s={search_term_string}"},"query-input":{"@type":"PropertyValueSpecification","valueRequired":true,"valueName":"search_term_string"}}],"inLanguage":"es"},{"@type":"Organization","@id":"https:\/\/xnet-x.net\/es\/#organization","name":"Xnet - Internet, derechos y democracia en la era digital","url":"https:\/\/xnet-x.net\/es\/","logo":{"@type":"ImageObject","inLanguage":"es","@id":"https:\/\/xnet-x.net\/es\/#\/schema\/logo\/image\/","url":"https:\/\/xnet-x.net\/img\/xnet-logo.png","contentUrl":"https:\/\/xnet-x.net\/img\/xnet-logo.png","width":512,"height":512,"caption":"Xnet - Internet, derechos y democracia en la era digital"},"image":{"@id":"https:\/\/xnet-x.net\/es\/#\/schema\/logo\/image\/"},"sameAs":["http:\/\/facebook.com\/RedX.Net\/","https:\/\/x.com\/x_net_","https:\/\/es.wikipedia.org\/wiki\/Xnet"]}]}},"_links":{"self":[{"href":"https:\/\/xnet-x.net\/es\/wp-json\/wp\/v2\/pages\/43","targetHints":{"allow":["GET"]}}],"collection":[{"href":"https:\/\/xnet-x.net\/es\/wp-json\/wp\/v2\/pages"}],"about":[{"href":"https:\/\/xnet-x.net\/es\/wp-json\/wp\/v2\/types\/page"}],"author":[{"embeddable":true,"href":"https:\/\/xnet-x.net\/es\/wp-json\/wp\/v2\/users\/5"}],"replies":[{"embeddable":true,"href":"https:\/\/xnet-x.net\/es\/wp-json\/wp\/v2\/comments?post=43"}],"version-history":[{"count":9,"href":"https:\/\/xnet-x.net\/es\/wp-json\/wp\/v2\/pages\/43\/revisions"}],"predecessor-version":[{"id":22753,"href":"https:\/\/xnet-x.net\/es\/wp-json\/wp\/v2\/pages\/43\/revisions\/22753"}],"up":[{"embeddable":true,"href":"https:\/\/xnet-x.net\/es\/wp-json\/wp\/v2\/pages\/6"}],"wp:attachment":[{"href":"https:\/\/xnet-x.net\/es\/wp-json\/wp\/v2\/media?parent=43"}],"curies":[{"name":"wp","href":"https:\/\/api.w.org\/{rel}","templated":true}]}}