{"id":381,"date":"2010-03-08T13:12:00","date_gmt":"2010-03-08T11:12:00","guid":{"rendered":"http:\/\/la-ex.net\/?page_id=381"},"modified":"2017-08-15T16:49:52","modified_gmt":"2017-08-15T15:49:52","slug":"propiedad-intelectual","status":"publish","type":"page","link":"https:\/\/xnet-x.net\/es\/que-es\/uso-de-terminos\/","title":{"rendered":"Uso de t\u00e9rminos"},"content":{"rendered":"<p>&nbsp;<\/p>\n<h2 class=\"first\">Observaciones para Prensa sobre los t\u00e9rminos \u00abPropiedad Intelectual\u00bb, \u00abPirater\u00eda\u00bb e \u00abArchivos Ilegales\u00bb<\/h2>\n<p><strong>Estimadas y estimados periodistas y profesionales de la informaci\u00f3n,<\/strong><br \/>\nQuisi\u00e9ramos que nos ayudarais a rechazar los t\u00e9rminos de la propaganda para evitar que se cree un imaginario entre la gente que favorezca legislaciones lesivas para el inter\u00e9s com\u00fan y los derechos fundamentales.<\/p>\n<p>Os pedir\u00edamos evitar el uso de t\u00e9rminos incorrectos para lo que nos ocupa como \u00abPropiedad Intelectual\u00bb; \u00abpirater\u00eda\u00bb; \u00abarchivo ilegal\u00bb, utilizando en su lugar palabras m\u00e1s exactas como \u00abDerechos de autor\u00bb; \u00abIntercambio de archivos\u00bb; \u00abenlaces a archivos con copyright restrictivo\u00bb.<\/p>\n<p>A continuaci\u00f3n algunos apuntes explicativos del porque el primer grupo de palabras no se adecua a la realidad.<\/p>\n<h3>PROPIEDAD INTELECTUAL<\/h3>\n<p>(Libremente citado de R. Stallman)<\/p>\n<p>Seg\u00fan el profesor Mark Lemley, ahora de la Stanford Law School, el uso generalizado del t\u00e9rmino \u00abpropiedad intelectual\u00bb es una moda que comenz\u00f3 con la fundaci\u00f3n de la Organizaci\u00f3n Mundial de la \u00abPropiedad Intelectual\u00bb en 1967, y s\u00f3lo se ha vuelto verdaderamente com\u00fan en los \u00faltimos a\u00f1os. (La OMPI es formalmente una organizaci\u00f3n de la ONU, pero de hecho representa los intereses de los titulares de derechos de autor, patentes y marcas, metiendo en el mismo saco a los derechos de autor, las patentes y las marcas, conceptos separados y distintos, regulados por conjuntos de leyes separados y distintos).<\/p>\n<p>La legislaci\u00f3n sobre los derechos de autor fue dise\u00f1ada para promover a autor\u00eda y el arte, y se aplica a los detalles de la expresi\u00f3n de una obra. La legislaci\u00f3n sobre las patentes iba dirigida a animar a la publicaci\u00f3n de ideas \u00fatiles, al precio de dar un monopolio temporal sobre ella, un precio que puede merecer la pena pagar en unos campos y no en otros.<\/p>\n<p>Esta expresi\u00f3n confusa y enga\u00f1osa no ha surgido por casualidad. La han promovido empresas que se benefician de la confusi\u00f3n. La mejor manera de aclarar esta confusi\u00f3n es rechazar la expresi\u00f3n completamente.<\/p>\n<p>La expresi\u00f3n tiene un sesgo, que no es dif\u00edcil de ver: sugiere que pensemos en los derechos de autor, las patentes y las marcas por analog\u00eda con los derechos de propiedad sobre los objetos f\u00edsicos (Esta analog\u00eda est\u00e1 re\u00f1ida con la filosof\u00eda de la legislaci\u00f3n de los derechos de autor, la de las patentes y la de las marcas, pero s\u00f3lo los especialistas lo saben.). De hecho, estas legislaciones no se parecen mucho a la legislaci\u00f3n de la propiedad de los objetos f\u00edsicos, pero el uso de esta expresi\u00f3n induce a los legisladores a cambiarlas para que sean m\u00e1s parecidas a esta \u00faltima. Como este es el cambio que quieren las compa\u00f1\u00edas que controlan los derechos de autor, las patentes y las marcas, la expresi\u00f3n les viene muy bien.<\/p>\n<p>Por ejemplo, cuando se trata de copiar, esta analog\u00eda deja de lado la diferencia crucial entre los objetos materiales y la informaci\u00f3n: la informaci\u00f3n puede ser copiada y compartida casi sin esfuerzo, mientras que los objetos materiales no.<\/p>\n<h3>PIRATER\u00cdA<\/h3>\n<p>La industria a menudo usa este t\u00e9rmino para referirse al compartir entre particulares informaci\u00f3n ya publicada. De este modo, intentan crear la opini\u00f3n de que esto equivalente en t\u00e9rminos \u00e9ticos a atacar barcos en alta mar, secuestrar y asesinar a la gente que viaja en ellos. Basados en dicha propaganda, han logrado que la mayor\u00eda de las leyes del mundo restrinjan el derecho a copia y siguen presionando con la intenci\u00f3n de eliminarlo por completo. y que se criminalice una cosa tan natural y necesaria como el compartir, acareando graves consecuencias no solo en el \u00e1mbito de la cultura.<\/p>\n<h3>ARCHIVOS ILEGALES<\/h3>\n<p>Los archivos no pueden ser ilegales. Puede serlo su contenido. Este es el caso de archivos que contiene pedofil\u00eda, por ejemplo.<\/p>\n<p>Los archivos de m\u00fasica, cine y texto, por mucho que no nos guste la m\u00fasica que contienen, no pueden ser ilegales. En algunos caso pueden ser archivos con una licencia restrictiva que no autoriza su uso p\u00fablico y comercial sin el consentimiento y cobro de los habientes derechos (casi siempre los productores y editores, raras veces los autores de la m\u00fasica, la pel\u00edcula o el texto en cuesti\u00f3n).<\/p>","protected":false},"excerpt":{"rendered":"<p>&nbsp; Observaciones para Prensa sobre los t\u00e9rminos \u00abPropiedad Intelectual\u00bb, \u00abPirater\u00eda\u00bb e \u00abArchivos Ilegales\u00bb Estimadas y estimados periodistas y profesionales de la informaci\u00f3n, Quisi\u00e9ramos que nos ayudarais a rechazar los t\u00e9rminos de la propaganda para evitar que se cree un imaginario entre la gente que favorezca legislaciones lesivas para el inter\u00e9s com\u00fan y los derechos fundamentales. [&hellip;]<\/p>\n","protected":false},"author":5,"featured_media":0,"parent":3447,"menu_order":5,"comment_status":"open","ping_status":"closed","template":"","meta":{"footnotes":""},"class_list":["post-381","page","type-page","status-publish","hentry"],"yoast_head":"<!-- This site is optimized with the Yoast SEO plugin v26.7 - https:\/\/yoast.com\/wordpress\/plugins\/seo\/ -->\n<title>Uso de t\u00e9rminos -<\/title>\n<meta name=\"robots\" content=\"index, follow, max-snippet:-1, max-image-preview:large, max-video-preview:-1\" \/>\n<link rel=\"canonical\" href=\"https:\/\/xnet-x.net\/es\/que-es\/uso-de-terminos\/\" \/>\n<meta name=\"twitter:label1\" content=\"Tiempo de lectura\" \/>\n\t<meta name=\"twitter:data1\" content=\"4 minutos\" \/>\n<script type=\"application\/ld+json\" class=\"yoast-schema-graph\">{\"@context\":\"https:\/\/schema.org\",\"@graph\":[{\"@type\":\"WebPage\",\"@id\":\"https:\/\/xnet-x.net\/es\/que-es\/uso-de-terminos\/\",\"url\":\"https:\/\/xnet-x.net\/es\/que-es\/uso-de-terminos\/\",\"name\":\"Uso de t\u00e9rminos -\",\"isPartOf\":{\"@id\":\"https:\/\/xnet-x.net\/es\/#website\"},\"datePublished\":\"2010-03-08T11:12:00+00:00\",\"dateModified\":\"2017-08-15T15:49:52+00:00\",\"breadcrumb\":{\"@id\":\"https:\/\/xnet-x.net\/es\/que-es\/uso-de-terminos\/#breadcrumb\"},\"inLanguage\":\"es\",\"potentialAction\":[{\"@type\":\"ReadAction\",\"target\":[[\"https:\/\/xnet-x.net\/es\/que-es\/uso-de-terminos\/\"]]}]},{\"@type\":\"BreadcrumbList\",\"@id\":\"https:\/\/xnet-x.net\/es\/que-es\/uso-de-terminos\/#breadcrumb\",\"itemListElement\":[{\"@type\":\"ListItem\",\"position\":1,\"name\":\"Portada\",\"item\":\"https:\/\/xnet-x.net\/es\/\"},{\"@type\":\"ListItem\",\"position\":2,\"name\":\"Hay que saber\",\"item\":\"https:\/\/xnet-x.net\/es\/que-es\/\"},{\"@type\":\"ListItem\",\"position\":3,\"name\":\"Uso de t\u00e9rminos\"}]},{\"@type\":\"WebSite\",\"@id\":\"https:\/\/xnet-x.net\/es\/#website\",\"url\":\"https:\/\/xnet-x.net\/es\/\",\"name\":\"[:es]Xnet - Internet, derechos y democracia en la era digital[:ca]Xnet - Internet, drets i democr\u00e0cia en l'era digital[:en]Xnet - Internet freedoms & digital rights[:]\",\"description\":\"Xnet: Internet, informaci\u00f3n y cultura libres. Tecnopol\u00edtica. Datos, algoritmos y derechos digitales. Libertad de expresi\u00f3n. Democracia y anticorrupci\u00f3n\",\"publisher\":{\"@id\":\"https:\/\/xnet-x.net\/es\/#organization\"},\"potentialAction\":[{\"@type\":\"SearchAction\",\"target\":{\"@type\":\"EntryPoint\",\"urlTemplate\":\"https:\/\/xnet-x.net\/es\/?s={search_term_string}\"},\"query-input\":{\"@type\":\"PropertyValueSpecification\",\"valueRequired\":true,\"valueName\":\"search_term_string\"}}],\"inLanguage\":\"es\"},{\"@type\":\"Organization\",\"@id\":\"https:\/\/xnet-x.net\/es\/#organization\",\"name\":\"Xnet - Internet, derechos y democracia en la era digital\",\"url\":\"https:\/\/xnet-x.net\/es\/\",\"logo\":{\"@type\":\"ImageObject\",\"inLanguage\":\"es\",\"@id\":\"https:\/\/xnet-x.net\/es\/#\/schema\/logo\/image\/\",\"url\":\"https:\/\/xnet-x.net\/img\/xnet-logo.png\",\"contentUrl\":\"https:\/\/xnet-x.net\/img\/xnet-logo.png\",\"width\":512,\"height\":512,\"caption\":\"Xnet - Internet, derechos y democracia en la era digital\"},\"image\":{\"@id\":\"https:\/\/xnet-x.net\/es\/#\/schema\/logo\/image\/\"},\"sameAs\":[\"http:\/\/facebook.com\/RedX.Net\/\",\"https:\/\/x.com\/x_net_\",\"https:\/\/es.wikipedia.org\/wiki\/Xnet\"]}]}<\/script>\n<!-- \/ Yoast SEO plugin. -->","yoast_head_json":{"title":"Uso de t\u00e9rminos -","robots":{"index":"index","follow":"follow","max-snippet":"max-snippet:-1","max-image-preview":"max-image-preview:large","max-video-preview":"max-video-preview:-1"},"canonical":"https:\/\/xnet-x.net\/es\/que-es\/uso-de-terminos\/","twitter_misc":{"Tiempo de lectura":"4 minutos"},"schema":{"@context":"https:\/\/schema.org","@graph":[{"@type":"WebPage","@id":"https:\/\/xnet-x.net\/es\/que-es\/uso-de-terminos\/","url":"https:\/\/xnet-x.net\/es\/que-es\/uso-de-terminos\/","name":"Uso de t\u00e9rminos -","isPartOf":{"@id":"https:\/\/xnet-x.net\/es\/#website"},"datePublished":"2010-03-08T11:12:00+00:00","dateModified":"2017-08-15T15:49:52+00:00","breadcrumb":{"@id":"https:\/\/xnet-x.net\/es\/que-es\/uso-de-terminos\/#breadcrumb"},"inLanguage":"es","potentialAction":[{"@type":"ReadAction","target":[["https:\/\/xnet-x.net\/es\/que-es\/uso-de-terminos\/"]]}]},{"@type":"BreadcrumbList","@id":"https:\/\/xnet-x.net\/es\/que-es\/uso-de-terminos\/#breadcrumb","itemListElement":[{"@type":"ListItem","position":1,"name":"Portada","item":"https:\/\/xnet-x.net\/es\/"},{"@type":"ListItem","position":2,"name":"Hay que saber","item":"https:\/\/xnet-x.net\/es\/que-es\/"},{"@type":"ListItem","position":3,"name":"Uso de t\u00e9rminos"}]},{"@type":"WebSite","@id":"https:\/\/xnet-x.net\/es\/#website","url":"https:\/\/xnet-x.net\/es\/","name":"[:es]Xnet - Internet, derechos y democracia en la era digital[:ca]Xnet - Internet, drets i democr\u00e0cia en l'era digital[:en]Xnet - Internet freedoms & digital rights[:]","description":"Xnet: Internet, informaci\u00f3n y cultura libres. Tecnopol\u00edtica. Datos, algoritmos y derechos digitales. Libertad de expresi\u00f3n. Democracia y anticorrupci\u00f3n","publisher":{"@id":"https:\/\/xnet-x.net\/es\/#organization"},"potentialAction":[{"@type":"SearchAction","target":{"@type":"EntryPoint","urlTemplate":"https:\/\/xnet-x.net\/es\/?s={search_term_string}"},"query-input":{"@type":"PropertyValueSpecification","valueRequired":true,"valueName":"search_term_string"}}],"inLanguage":"es"},{"@type":"Organization","@id":"https:\/\/xnet-x.net\/es\/#organization","name":"Xnet - Internet, derechos y democracia en la era digital","url":"https:\/\/xnet-x.net\/es\/","logo":{"@type":"ImageObject","inLanguage":"es","@id":"https:\/\/xnet-x.net\/es\/#\/schema\/logo\/image\/","url":"https:\/\/xnet-x.net\/img\/xnet-logo.png","contentUrl":"https:\/\/xnet-x.net\/img\/xnet-logo.png","width":512,"height":512,"caption":"Xnet - Internet, derechos y democracia en la era digital"},"image":{"@id":"https:\/\/xnet-x.net\/es\/#\/schema\/logo\/image\/"},"sameAs":["http:\/\/facebook.com\/RedX.Net\/","https:\/\/x.com\/x_net_","https:\/\/es.wikipedia.org\/wiki\/Xnet"]}]}},"_links":{"self":[{"href":"https:\/\/xnet-x.net\/es\/wp-json\/wp\/v2\/pages\/381","targetHints":{"allow":["GET"]}}],"collection":[{"href":"https:\/\/xnet-x.net\/es\/wp-json\/wp\/v2\/pages"}],"about":[{"href":"https:\/\/xnet-x.net\/es\/wp-json\/wp\/v2\/types\/page"}],"author":[{"embeddable":true,"href":"https:\/\/xnet-x.net\/es\/wp-json\/wp\/v2\/users\/5"}],"replies":[{"embeddable":true,"href":"https:\/\/xnet-x.net\/es\/wp-json\/wp\/v2\/comments?post=381"}],"version-history":[{"count":7,"href":"https:\/\/xnet-x.net\/es\/wp-json\/wp\/v2\/pages\/381\/revisions"}],"predecessor-version":[{"id":12673,"href":"https:\/\/xnet-x.net\/es\/wp-json\/wp\/v2\/pages\/381\/revisions\/12673"}],"up":[{"embeddable":true,"href":"https:\/\/xnet-x.net\/es\/wp-json\/wp\/v2\/pages\/3447"}],"wp:attachment":[{"href":"https:\/\/xnet-x.net\/es\/wp-json\/wp\/v2\/media?parent=381"}],"curies":[{"name":"wp","href":"https:\/\/api.w.org\/{rel}","templated":true}]}}