{"id":3447,"date":"2011-03-11T13:28:09","date_gmt":"2011-03-11T12:28:09","guid":{"rendered":"http:\/\/la-ex.net"},"modified":"2021-08-16T11:03:23","modified_gmt":"2021-08-16T09:03:23","slug":"que-es","status":"publish","type":"page","link":"https:\/\/xnet-x.net\/es\/que-es\/","title":{"rendered":"Hay que saber"},"content":{"rendered":"<p><em>[Atenci\u00f3n. Todos estos recursos, los de la secci\u00f3n Recursos de Cultura Libre [<a href=\"https:\/\/xnet-x.net\/contactanos-para\/portal-de-cultura-libre\/\" rel=\"noopener noreferrer\" target=\"_blank\">https:\/\/xnet-x.net\/contactanos-para\/portal-de-cultura-libre\/<\/a>] est\u00e1n desactualizados desde 2010. Aunque muchos todav\u00eda pueden servir, antes de usarlos se deben revisar seg\u00fan la legislaci\u00f3n vigente.]<\/em><br \/>\n&nbsp;<\/p>\n<div class=\"intro\">\n<h2 class=\"que-es\">\u00bfSab\u00edas que para proteger tu autor\u00eda no tienes por qu\u00e9, ni mucho menos, ser socio de la SGAE?<\/h2>\n<h2 class=\"que-es\">\u00bfSab\u00edas que siendo socio de la SGAE no puedes licenciar en copyleft o licencias m\u00e1s abiertas porque la SGAE tiene el monopolio de la gesti\u00f3n de la mayor\u00eda de tus derechos de explotaci\u00f3n sobre todas tus obras?<\/h2>\n<h2 class=\"que-es\">\u00bfY que si lo haces est\u00e1s enga\u00f1ando y puedes perjudicar a los usuarios, a los que buenamente quer\u00edas beneficiar porque pensar\u00e1n que tu obra es libre cuando en realidad no lo es?<\/h2>\n<p style=\"text-align: left; padding-left: 10px;\"><strong>Y como \u00e9stas muchas m\u00e1s&#8230;<\/strong><\/p>\n<\/div>\n<p style=\"text-align: left;\"><span class=\"pink\">*<\/span><em>Aqu\u00ed puedes encontrar lo que necesitas saber para empezar a aclararte de una vez por todas. No dejes que te tomen el pelo. Por favor, lee estas preguntas antes de pedirnos informaci\u00f3n. Es muy probable que tu pregunta tenga su respuesta aqu\u00ed y, usando <a title=\"Consulta nuestras herramientas de defensa\" href=\"\/herramientas\">las herramientas<\/a> que te ofrecemos en el siguiente hilo, puedas apa\u00f1arte aut\u00f3nomamente sin necesidad de venir a vernos. Esto permitir\u00e1 que podamos dedicar m\u00e1sl tiempo a personas que tengan un problema m\u00e1s complejo que el tuyo. <\/em><\/p>\n<h2 style=\"text-align: left;\">PREGUNTAS FRECUENTES SOBRE:<\/h2>\n<ul>\n<li><strong><a title=\"Saber m\u00e1s sobre Derechos de Autor\" href=\"\/que-es\/derechos-de-autor\"><strong>Derechos de Autor:<\/strong><\/a> Derechos Morales, Derechos de explotaci\u00f3n, Derechos Conexos.<\/strong>\n<\/li>\n<li><strong><a title=\"Saber m\u00e1s sobre Copyright, Copyleft, Dominio P\u00fablico, Licencias Libres\" href=\"\/que-es\/copyright-copyleft-licencia-libre\"><strong>Licencias:<\/strong><\/a> Copyright, Copyleft, Dominio P\u00fablico, Licencias Libres.<\/strong>\n<\/li>\n<li><strong><a title=\"Saber m\u00e1s sobre Gesti\u00f3n de derechos de autor\" href=\"\/que-es\/gestion-derechos\"><strong>Gesti\u00f3n de Derechos de Autor:<\/strong><\/a> Entidades de gesti\u00f3n de derechos de autor existentes en Espa\u00f1a, \u00e1mbitos y funcionamiento.<\/strong>\n<\/li>\n<\/ul>\n<p><span class=\"pink\">* <\/span> <em>Si sigues con dudas, consulta este documento, publicado por el departamento de Cultura de la Generalitat de Catalunya sobre<strong><a rel=\"nofollow noopener noreferrer\" href=\"http:\/\/www20.gencat.cat\/docs\/CulturaDepartament\/SSCC\/GT\/Arxius%20GT\/MET_004_Creative_Commons.pdf\" target=\"_blank\"> aplicaci\u00f3n y beneficios de las licencias Creative Commons.<\/a><\/strong> (En Catal\u00e1)<\/em><\/p>\n<ul>\n<li><strong><a title=\"Preguntas frequentes para tiendas de inform\u00e1tica y peque\u00f1os electrodom\u00e9sticos\" href=\"\/herramientas\/tienda-informatica\"><strong>Establecimientos de Inform\u00e1tica y Peque\u00f1os Electrodom\u00e9sticos<\/strong><\/a> susceptibles de reclamaciones por copia privada por parte de entidades de gesti\u00f3n<\/strong>\n<\/li>\n<li><strong><a title=\"Preguntas frequentes para establecimientos\" href=\"\/herramientas\/tienda-bar-peluqueria-gimnasio\/uso-musica-video\"> <strong>Bares, Pubs, Salas, Gimnasios, Escuelas de Baile, Autocares<\/strong><\/a> y cualquier negocio en el que pueda hacerse uso de cualquier aparato de reproducci\u00f3n de audio y\/o imagen susceptible de recibir reclamaciones por difusi\u00f3n por parte de entidades de gesti\u00f3n<\/strong>\n<\/li>\n<\/ul>\n<h3 style=\"text-align: left;\">Enlaces de inter\u00e9s:<\/h3>\n<ul>\n<li><a title=\"Breve hist\u00f3ria de la SGAE\" href=\"\/que-es\/sgae\">SGAE: breve introducci\u00f3n hist\u00f3rica<\/a><\/li>\n<li><a title=\"Evitar los t\u00e9rminos Propiedad Intelectual, Pirater\u00eda e Archivos Ilegales\" href=\"\/que-es\/propiedad-intelectual\">Observaciones sobre los t\u00e9rminos Propiedad Intelectual, Pirater\u00eda e Archivos Ilegales<\/a><\/li>\n<li><a title=\"Saber m\u00e1s sobre Cultura Libre\" href=\"\/eje\/cultura-libre\/\" target=\"_blank\" rel=\"noopener noreferrer\">\u00bfQu\u00e9 es Cultura Libre?<\/a><\/li>\n<\/ul>\n<p><\/p>","protected":false},"excerpt":{"rendered":"<p>[Atenci\u00f3n. Todos estos recursos, los de la secci\u00f3n Recursos de Cultura Libre [https:\/\/xnet-x.net\/contactanos-para\/portal-de-cultura-libre\/] est\u00e1n desactualizados desde 2010. Aunque muchos todav\u00eda pueden servir, antes de usarlos se deben revisar seg\u00fan la legislaci\u00f3n vigente.] &nbsp; \u00bfSab\u00edas que para proteger tu autor\u00eda no tienes por qu\u00e9, ni mucho menos, ser socio de la SGAE? \u00bfSab\u00edas que siendo socio [&hellip;]<\/p>\n","protected":false},"author":5,"featured_media":0,"parent":0,"menu_order":0,"comment_status":"closed","ping_status":"closed","template":"","meta":{"footnotes":""},"class_list":["post-3447","page","type-page","status-publish","hentry"],"yoast_head":"<!-- This site is optimized with the Yoast SEO plugin v26.7 - https:\/\/yoast.com\/wordpress\/plugins\/seo\/ -->\n<title>Hay que saber -<\/title>\n<meta name=\"robots\" content=\"index, follow, max-snippet:-1, max-image-preview:large, max-video-preview:-1\" \/>\n<link rel=\"canonical\" href=\"https:\/\/xnet-x.net\/es\/que-es\/\" \/>\n<meta name=\"twitter:label1\" content=\"Tiempo de lectura\" \/>\n\t<meta name=\"twitter:data1\" content=\"2 minutos\" \/>\n<script type=\"application\/ld+json\" class=\"yoast-schema-graph\">{\"@context\":\"https:\/\/schema.org\",\"@graph\":[{\"@type\":\"WebPage\",\"@id\":\"https:\/\/xnet-x.net\/es\/que-es\/\",\"url\":\"https:\/\/xnet-x.net\/es\/que-es\/\",\"name\":\"Hay que saber -\",\"isPartOf\":{\"@id\":\"https:\/\/xnet-x.net\/es\/#website\"},\"datePublished\":\"2011-03-11T12:28:09+00:00\",\"dateModified\":\"2021-08-16T09:03:23+00:00\",\"breadcrumb\":{\"@id\":\"https:\/\/xnet-x.net\/es\/que-es\/#breadcrumb\"},\"inLanguage\":\"es\",\"potentialAction\":[{\"@type\":\"ReadAction\",\"target\":[[\"https:\/\/xnet-x.net\/es\/que-es\/\"]]}]},{\"@type\":\"BreadcrumbList\",\"@id\":\"https:\/\/xnet-x.net\/es\/que-es\/#breadcrumb\",\"itemListElement\":[{\"@type\":\"ListItem\",\"position\":1,\"name\":\"Portada\",\"item\":\"https:\/\/xnet-x.net\/es\/\"},{\"@type\":\"ListItem\",\"position\":2,\"name\":\"Hay que saber\"}]},{\"@type\":\"WebSite\",\"@id\":\"https:\/\/xnet-x.net\/es\/#website\",\"url\":\"https:\/\/xnet-x.net\/es\/\",\"name\":\"[:es]Xnet - Internet, derechos y democracia en la era digital[:ca]Xnet - Internet, drets i democr\u00e0cia en l'era digital[:en]Xnet - Internet freedoms & digital rights[:]\",\"description\":\"Xnet: Internet, informaci\u00f3n y cultura libres. Tecnopol\u00edtica. Datos, algoritmos y derechos digitales. Libertad de expresi\u00f3n. Democracia y anticorrupci\u00f3n\",\"publisher\":{\"@id\":\"https:\/\/xnet-x.net\/es\/#organization\"},\"potentialAction\":[{\"@type\":\"SearchAction\",\"target\":{\"@type\":\"EntryPoint\",\"urlTemplate\":\"https:\/\/xnet-x.net\/es\/?s={search_term_string}\"},\"query-input\":{\"@type\":\"PropertyValueSpecification\",\"valueRequired\":true,\"valueName\":\"search_term_string\"}}],\"inLanguage\":\"es\"},{\"@type\":\"Organization\",\"@id\":\"https:\/\/xnet-x.net\/es\/#organization\",\"name\":\"Xnet - Internet, derechos y democracia en la era digital\",\"url\":\"https:\/\/xnet-x.net\/es\/\",\"logo\":{\"@type\":\"ImageObject\",\"inLanguage\":\"es\",\"@id\":\"https:\/\/xnet-x.net\/es\/#\/schema\/logo\/image\/\",\"url\":\"https:\/\/xnet-x.net\/img\/xnet-logo.png\",\"contentUrl\":\"https:\/\/xnet-x.net\/img\/xnet-logo.png\",\"width\":512,\"height\":512,\"caption\":\"Xnet - Internet, derechos y democracia en la era digital\"},\"image\":{\"@id\":\"https:\/\/xnet-x.net\/es\/#\/schema\/logo\/image\/\"},\"sameAs\":[\"http:\/\/facebook.com\/RedX.Net\/\",\"https:\/\/x.com\/x_net_\",\"https:\/\/es.wikipedia.org\/wiki\/Xnet\"]}]}<\/script>\n<!-- \/ Yoast SEO plugin. -->","yoast_head_json":{"title":"Hay que saber -","robots":{"index":"index","follow":"follow","max-snippet":"max-snippet:-1","max-image-preview":"max-image-preview:large","max-video-preview":"max-video-preview:-1"},"canonical":"https:\/\/xnet-x.net\/es\/que-es\/","twitter_misc":{"Tiempo de lectura":"2 minutos"},"schema":{"@context":"https:\/\/schema.org","@graph":[{"@type":"WebPage","@id":"https:\/\/xnet-x.net\/es\/que-es\/","url":"https:\/\/xnet-x.net\/es\/que-es\/","name":"Hay que saber -","isPartOf":{"@id":"https:\/\/xnet-x.net\/es\/#website"},"datePublished":"2011-03-11T12:28:09+00:00","dateModified":"2021-08-16T09:03:23+00:00","breadcrumb":{"@id":"https:\/\/xnet-x.net\/es\/que-es\/#breadcrumb"},"inLanguage":"es","potentialAction":[{"@type":"ReadAction","target":[["https:\/\/xnet-x.net\/es\/que-es\/"]]}]},{"@type":"BreadcrumbList","@id":"https:\/\/xnet-x.net\/es\/que-es\/#breadcrumb","itemListElement":[{"@type":"ListItem","position":1,"name":"Portada","item":"https:\/\/xnet-x.net\/es\/"},{"@type":"ListItem","position":2,"name":"Hay que saber"}]},{"@type":"WebSite","@id":"https:\/\/xnet-x.net\/es\/#website","url":"https:\/\/xnet-x.net\/es\/","name":"[:es]Xnet - Internet, derechos y democracia en la era digital[:ca]Xnet - Internet, drets i democr\u00e0cia en l'era digital[:en]Xnet - Internet freedoms & digital rights[:]","description":"Xnet: Internet, informaci\u00f3n y cultura libres. Tecnopol\u00edtica. Datos, algoritmos y derechos digitales. Libertad de expresi\u00f3n. Democracia y anticorrupci\u00f3n","publisher":{"@id":"https:\/\/xnet-x.net\/es\/#organization"},"potentialAction":[{"@type":"SearchAction","target":{"@type":"EntryPoint","urlTemplate":"https:\/\/xnet-x.net\/es\/?s={search_term_string}"},"query-input":{"@type":"PropertyValueSpecification","valueRequired":true,"valueName":"search_term_string"}}],"inLanguage":"es"},{"@type":"Organization","@id":"https:\/\/xnet-x.net\/es\/#organization","name":"Xnet - Internet, derechos y democracia en la era digital","url":"https:\/\/xnet-x.net\/es\/","logo":{"@type":"ImageObject","inLanguage":"es","@id":"https:\/\/xnet-x.net\/es\/#\/schema\/logo\/image\/","url":"https:\/\/xnet-x.net\/img\/xnet-logo.png","contentUrl":"https:\/\/xnet-x.net\/img\/xnet-logo.png","width":512,"height":512,"caption":"Xnet - Internet, derechos y democracia en la era digital"},"image":{"@id":"https:\/\/xnet-x.net\/es\/#\/schema\/logo\/image\/"},"sameAs":["http:\/\/facebook.com\/RedX.Net\/","https:\/\/x.com\/x_net_","https:\/\/es.wikipedia.org\/wiki\/Xnet"]}]}},"_links":{"self":[{"href":"https:\/\/xnet-x.net\/es\/wp-json\/wp\/v2\/pages\/3447","targetHints":{"allow":["GET"]}}],"collection":[{"href":"https:\/\/xnet-x.net\/es\/wp-json\/wp\/v2\/pages"}],"about":[{"href":"https:\/\/xnet-x.net\/es\/wp-json\/wp\/v2\/types\/page"}],"author":[{"embeddable":true,"href":"https:\/\/xnet-x.net\/es\/wp-json\/wp\/v2\/users\/5"}],"replies":[{"embeddable":true,"href":"https:\/\/xnet-x.net\/es\/wp-json\/wp\/v2\/comments?post=3447"}],"version-history":[{"count":7,"href":"https:\/\/xnet-x.net\/es\/wp-json\/wp\/v2\/pages\/3447\/revisions"}],"predecessor-version":[{"id":22591,"href":"https:\/\/xnet-x.net\/es\/wp-json\/wp\/v2\/pages\/3447\/revisions\/22591"}],"wp:attachment":[{"href":"https:\/\/xnet-x.net\/es\/wp-json\/wp\/v2\/media?parent=3447"}],"curies":[{"name":"wp","href":"https:\/\/api.w.org\/{rel}","templated":true}]}}