{"id":262,"date":"2009-06-18T14:30:11","date_gmt":"2009-06-18T12:30:11","guid":{"rendered":"http:\/\/la-ex.net\/?page_id=262"},"modified":"2015-01-23T19:55:39","modified_gmt":"2015-01-23T18:55:39","slug":"los-oxcars-2009","status":"publish","type":"page","link":"https:\/\/xnet-x.net\/es\/proyectos\/los-oxcars-2009\/","title":{"rendered":"Los oXcars 2009"},"content":{"rendered":"<p><img decoding=\"async\" src=\"\/wp-content\/uploads\/2009\/07\/oxcars09lei.jpg\" alt=\"oxcars09\" \/><br \/>\nDurante una semana, Barcelona capital mundial de la cultura compartida.<\/p>\n<p>M\u00e1s de 100 participantes, personajes de todos los \u00e1mbitos de la cultura nacional e internacional participan en una gala y una semana de eventos de todo tipo.<\/p>\n<p>En nombre de los \u201cartistas\u201d, se ponen las trabas a nuestro acceso al conocimiento, pero los artistas no las respaldan.<\/p>\n<p>Tras \u201cla Avaricia Rompe el saco\u201d, un documento que se hizo p\u00fablico en cientos de foros y que se envi\u00f3 a 287 pol\u00edticos en el julio del 2008, el gran espect\u00e1culo de los OXCARS se repite cada a\u00f1o. Una semana de eventos que deja patente cu\u00e1l es la incre\u00edble cultura de nuestra era.<\/p>\n<p>Los tiempos han cambiado, Internet posibilita el intercambio horizontal de informaci\u00f3n y de cultura entre todos los ciudadanos; y los medios de producci\u00f3n cultural deben adaptarse a esta nueva democracia y no al rev\u00e9s.<\/p>\n<p>Lo que nos estamos jugando no son simplemente los dividendos econ\u00f3micos, sino la propia concepci\u00f3n de la cultura y el derecho al acceso a la informaci\u00f3n (que nos ha costado unos cuantos cientos de a\u00f1os conseguir).<\/p>\n<p>La Cultura se da por la imitaci\u00f3n y la copia. En la era digital y de la comunicaci\u00f3n, lo digital son nuestros recuerdos y nuestra forma de comunicaci\u00f3n, es la materia de la que est\u00e1 hecha nuestra memoria.<\/p>\n<p>La sociedad civil reclama el lucro cesante de todo el conocimiento que se esta reteniendo y sustrayendo al uso p\u00fablico en nombre de beneficios privados.<\/p>\n<p>Estamos destruyendo un monopolio.<\/p>\n<p>No queremos cultivar generaciones de par\u00e1sitos culturales, queremos un territorio cultural vivo y productivo.<\/p>\n<p>Esta \u00faltima crisis financiera ha demostrado que vivimos en un sistema donde se pretende que entre todos protejamos los intereses de los bancos y de las grandes multinacionales con la esperanza de que un d\u00eda nos den trabajo por las migajas de sus ganancias.<br \/>\nLa filosof\u00eda de la cultura libre, heredada del software libre, la mayor demostraci\u00f3n emp\u00edrica de que una nueva \u00e9tica y una nueva empresa son posibles, ha creado ya un espacio productivo alternativo que funciona y que apuesta por la artesan\u00eda donde el autor-productor no pierde el control de la producci\u00f3n y no necesita intermediaci\u00f3n de grandes monopolios, apuesta por iniciativas aut\u00f3nomas en relaci\u00f3n solidaria con otras, por el intercambio seg\u00fan las capacidades y las posibilidades, por la democratizaci\u00f3n del conocimiento, del aprendizaje y de los medios de producci\u00f3n y por las ganancias repartidas de forma justa seg\u00fan el trabajo.<\/p>\n<p>Esto es lo que mostrar\u00e1n los oxcars.<\/p>\n<p>Los oXcars son una evidencia.<br \/>\n<img decoding=\"async\" src=\"\/wp-content\/uploads\/2009\/07\/oxcars09lui.jpg\" alt=\"oxcars09\" \/><br \/>\n<\/p>","protected":false},"excerpt":{"rendered":"<p>Durante una semana, Barcelona capital mundial de la cultura compartida. M\u00e1s de 100 participantes, personajes de todos los \u00e1mbitos de la cultura nacional e internacional participan en una gala y una semana de eventos de todo tipo. En nombre de los \u201cartistas\u201d, se ponen las trabas a nuestro acceso al conocimiento, pero los artistas no [&hellip;]<\/p>\n","protected":false},"author":5,"featured_media":0,"parent":2992,"menu_order":0,"comment_status":"closed","ping_status":"closed","template":"","meta":{"footnotes":""},"class_list":["post-262","page","type-page","status-publish","hentry"],"yoast_head":"<!-- This site is optimized with the Yoast SEO plugin v26.7 - https:\/\/yoast.com\/wordpress\/plugins\/seo\/ -->\n<title>Los oXcars 2009 -<\/title>\n<meta name=\"robots\" content=\"index, follow, max-snippet:-1, max-image-preview:large, max-video-preview:-1\" \/>\n<link rel=\"canonical\" href=\"https:\/\/xnet-x.net\/es\/proyectos\/los-oxcars-2009\/\" \/>\n<meta name=\"twitter:label1\" content=\"Tiempo de lectura\" \/>\n\t<meta name=\"twitter:data1\" content=\"2 minutos\" \/>\n<script type=\"application\/ld+json\" class=\"yoast-schema-graph\">{\"@context\":\"https:\/\/schema.org\",\"@graph\":[{\"@type\":\"WebPage\",\"@id\":\"https:\/\/xnet-x.net\/es\/proyectos\/los-oxcars-2009\/\",\"url\":\"https:\/\/xnet-x.net\/es\/proyectos\/los-oxcars-2009\/\",\"name\":\"Los oXcars 2009 -\",\"isPartOf\":{\"@id\":\"https:\/\/xnet-x.net\/es\/#website\"},\"datePublished\":\"2009-06-18T12:30:11+00:00\",\"dateModified\":\"2015-01-23T18:55:39+00:00\",\"breadcrumb\":{\"@id\":\"https:\/\/xnet-x.net\/es\/proyectos\/los-oxcars-2009\/#breadcrumb\"},\"inLanguage\":\"es\",\"potentialAction\":[{\"@type\":\"ReadAction\",\"target\":[[\"https:\/\/xnet-x.net\/es\/proyectos\/los-oxcars-2009\/\"]]}]},{\"@type\":\"BreadcrumbList\",\"@id\":\"https:\/\/xnet-x.net\/es\/proyectos\/los-oxcars-2009\/#breadcrumb\",\"itemListElement\":[{\"@type\":\"ListItem\",\"position\":1,\"name\":\"Portada\",\"item\":\"https:\/\/xnet-x.net\/es\/\"},{\"@type\":\"ListItem\",\"position\":2,\"name\":\"(Es) Proyectos\",\"item\":\"https:\/\/xnet-x.net\/es\/proyectos\/\"},{\"@type\":\"ListItem\",\"position\":3,\"name\":\"Los oXcars 2009\"}]},{\"@type\":\"WebSite\",\"@id\":\"https:\/\/xnet-x.net\/es\/#website\",\"url\":\"https:\/\/xnet-x.net\/es\/\",\"name\":\"[:es]Xnet - Internet, derechos y democracia en la era digital[:ca]Xnet - Internet, drets i democr\u00e0cia en l'era digital[:en]Xnet - Internet freedoms & digital rights[:]\",\"description\":\"Xnet: Internet, informaci\u00f3n y cultura libres. Tecnopol\u00edtica. Datos, algoritmos y derechos digitales. Libertad de expresi\u00f3n. Democracia y anticorrupci\u00f3n\",\"publisher\":{\"@id\":\"https:\/\/xnet-x.net\/es\/#organization\"},\"potentialAction\":[{\"@type\":\"SearchAction\",\"target\":{\"@type\":\"EntryPoint\",\"urlTemplate\":\"https:\/\/xnet-x.net\/es\/?s={search_term_string}\"},\"query-input\":{\"@type\":\"PropertyValueSpecification\",\"valueRequired\":true,\"valueName\":\"search_term_string\"}}],\"inLanguage\":\"es\"},{\"@type\":\"Organization\",\"@id\":\"https:\/\/xnet-x.net\/es\/#organization\",\"name\":\"Xnet - Internet, derechos y democracia en la era digital\",\"url\":\"https:\/\/xnet-x.net\/es\/\",\"logo\":{\"@type\":\"ImageObject\",\"inLanguage\":\"es\",\"@id\":\"https:\/\/xnet-x.net\/es\/#\/schema\/logo\/image\/\",\"url\":\"https:\/\/xnet-x.net\/img\/xnet-logo.png\",\"contentUrl\":\"https:\/\/xnet-x.net\/img\/xnet-logo.png\",\"width\":512,\"height\":512,\"caption\":\"Xnet - Internet, derechos y democracia en la era digital\"},\"image\":{\"@id\":\"https:\/\/xnet-x.net\/es\/#\/schema\/logo\/image\/\"},\"sameAs\":[\"http:\/\/facebook.com\/RedX.Net\/\",\"https:\/\/x.com\/x_net_\",\"https:\/\/es.wikipedia.org\/wiki\/Xnet\"]}]}<\/script>\n<!-- \/ Yoast SEO plugin. -->","yoast_head_json":{"title":"Los oXcars 2009 -","robots":{"index":"index","follow":"follow","max-snippet":"max-snippet:-1","max-image-preview":"max-image-preview:large","max-video-preview":"max-video-preview:-1"},"canonical":"https:\/\/xnet-x.net\/es\/proyectos\/los-oxcars-2009\/","twitter_misc":{"Tiempo de lectura":"2 minutos"},"schema":{"@context":"https:\/\/schema.org","@graph":[{"@type":"WebPage","@id":"https:\/\/xnet-x.net\/es\/proyectos\/los-oxcars-2009\/","url":"https:\/\/xnet-x.net\/es\/proyectos\/los-oxcars-2009\/","name":"Los oXcars 2009 -","isPartOf":{"@id":"https:\/\/xnet-x.net\/es\/#website"},"datePublished":"2009-06-18T12:30:11+00:00","dateModified":"2015-01-23T18:55:39+00:00","breadcrumb":{"@id":"https:\/\/xnet-x.net\/es\/proyectos\/los-oxcars-2009\/#breadcrumb"},"inLanguage":"es","potentialAction":[{"@type":"ReadAction","target":[["https:\/\/xnet-x.net\/es\/proyectos\/los-oxcars-2009\/"]]}]},{"@type":"BreadcrumbList","@id":"https:\/\/xnet-x.net\/es\/proyectos\/los-oxcars-2009\/#breadcrumb","itemListElement":[{"@type":"ListItem","position":1,"name":"Portada","item":"https:\/\/xnet-x.net\/es\/"},{"@type":"ListItem","position":2,"name":"(Es) Proyectos","item":"https:\/\/xnet-x.net\/es\/proyectos\/"},{"@type":"ListItem","position":3,"name":"Los oXcars 2009"}]},{"@type":"WebSite","@id":"https:\/\/xnet-x.net\/es\/#website","url":"https:\/\/xnet-x.net\/es\/","name":"[:es]Xnet - Internet, derechos y democracia en la era digital[:ca]Xnet - Internet, drets i democr\u00e0cia en l'era digital[:en]Xnet - Internet freedoms & digital rights[:]","description":"Xnet: Internet, informaci\u00f3n y cultura libres. Tecnopol\u00edtica. Datos, algoritmos y derechos digitales. Libertad de expresi\u00f3n. Democracia y anticorrupci\u00f3n","publisher":{"@id":"https:\/\/xnet-x.net\/es\/#organization"},"potentialAction":[{"@type":"SearchAction","target":{"@type":"EntryPoint","urlTemplate":"https:\/\/xnet-x.net\/es\/?s={search_term_string}"},"query-input":{"@type":"PropertyValueSpecification","valueRequired":true,"valueName":"search_term_string"}}],"inLanguage":"es"},{"@type":"Organization","@id":"https:\/\/xnet-x.net\/es\/#organization","name":"Xnet - Internet, derechos y democracia en la era digital","url":"https:\/\/xnet-x.net\/es\/","logo":{"@type":"ImageObject","inLanguage":"es","@id":"https:\/\/xnet-x.net\/es\/#\/schema\/logo\/image\/","url":"https:\/\/xnet-x.net\/img\/xnet-logo.png","contentUrl":"https:\/\/xnet-x.net\/img\/xnet-logo.png","width":512,"height":512,"caption":"Xnet - Internet, derechos y democracia en la era digital"},"image":{"@id":"https:\/\/xnet-x.net\/es\/#\/schema\/logo\/image\/"},"sameAs":["http:\/\/facebook.com\/RedX.Net\/","https:\/\/x.com\/x_net_","https:\/\/es.wikipedia.org\/wiki\/Xnet"]}]}},"_links":{"self":[{"href":"https:\/\/xnet-x.net\/es\/wp-json\/wp\/v2\/pages\/262","targetHints":{"allow":["GET"]}}],"collection":[{"href":"https:\/\/xnet-x.net\/es\/wp-json\/wp\/v2\/pages"}],"about":[{"href":"https:\/\/xnet-x.net\/es\/wp-json\/wp\/v2\/types\/page"}],"author":[{"embeddable":true,"href":"https:\/\/xnet-x.net\/es\/wp-json\/wp\/v2\/users\/5"}],"replies":[{"embeddable":true,"href":"https:\/\/xnet-x.net\/es\/wp-json\/wp\/v2\/comments?post=262"}],"version-history":[{"count":4,"href":"https:\/\/xnet-x.net\/es\/wp-json\/wp\/v2\/pages\/262\/revisions"}],"predecessor-version":[{"id":13843,"href":"https:\/\/xnet-x.net\/es\/wp-json\/wp\/v2\/pages\/262\/revisions\/13843"}],"up":[{"embeddable":true,"href":"https:\/\/xnet-x.net\/es\/wp-json\/wp\/v2\/pages\/2992"}],"wp:attachment":[{"href":"https:\/\/xnet-x.net\/es\/wp-json\/wp\/v2\/media?parent=262"}],"curies":[{"name":"wp","href":"https:\/\/api.w.org\/{rel}","templated":true}]}}