{"id":248,"date":"2009-04-15T20:41:19","date_gmt":"2009-04-15T18:41:19","guid":{"rendered":"http:\/\/la-ex.net\/?page_id=248"},"modified":"2018-08-30T17:34:51","modified_gmt":"2018-08-30T15:34:51","slug":"dj-licencia","status":"publish","type":"page","link":"https:\/\/xnet-x.net\/es\/herramientas\/dj-licencia\/","title":{"rendered":"DJ\u00b4S"},"content":{"rendered":"<p><span style=\"font-size:80%\"><em>[ATENCI\u00d3N: La informaci\u00f3n contenida en esta secci\u00f3n est\u00e1 desactualizada respecto a las \u00faltimas reformas de la Ley de Propiedad Intelectual]<\/em><\/span><\/p>\n<p style=\"margin-bottom: 0cm;\" lang=\"es-ES\"><span style=\"text-decoration: underline;\"><strong>Soy DJ. Necesito una licencia de SGAE para poder pinchar?Tengo miedo a ser v\u00edctima de una incursi\u00f3n policial<\/strong><\/span><\/p>\n<p style=\"margin-bottom: 0cm;\" lang=\"es-ES\">\n<p style=\"margin-bottom: 0cm;\"><span lang=\"es-ES\">El <\/span><span lang=\"es-ES\">DJ establece su relaci\u00f3n con el empresario de una sala u organizador de un evento, siendo responsabilidad de cualquiera de estos el cubrir con los permisos, seguros, licencias etc.\u2026necesarios que deban garantizar la legalidad tanto del evento como del lugar as\u00ed como la seguridad de los asistentes, trabajadores y colaboradores.<\/span><\/p>\n<p style=\"margin-bottom: 0cm;\" lang=\"es-ES\">\n<p style=\"margin-bottom: 0cm;\"><span lang=\"es-ES\">La figura del DJ puede englobarse en la categor\u00eda de \u201cprestador de servicios\u201d.<\/span><\/p>\n<table style=\"height: 91px;\" dir=\"ltr\" border=\"0\" cellspacing=\"0\" cellpadding=\"1\" width=\"492\">\n<col width=\"77\"><\/col>\n<col width=\"319\"><\/col>\n<tbody>\n<tr valign=\"top\">\n<td style=\"text-align: left;\" width=\"77\" bgcolor=\"#cccccc\"><span style=\"font-size: x-small;\"><strong>Prestador de Servicios<\/strong><\/span><\/td>\n<td width=\"319\" bgcolor=\"#cccccc\"><span style=\"font-size: x-small;\">Cualquier persona \t\t\t\tindividual o jur\u00eddica, incluyendo el Estado y sus entidades \t\t\t\tdescentralizadas o las aut\u00f3nomas, copropiedades, sociedades \t\t\t\tirregulares, las sociedades de hecho y dem\u00e1s entes, a\u00fan cuando \t\t\t\tno tengan personalidad jur\u00eddica, que presten servicios<\/span><\/td>\n<\/tr>\n<\/tbody>\n<\/table>\n<p style=\"margin-bottom: 0cm;\" lang=\"es-ES\">\n<p style=\"margin-bottom: 0cm;\" lang=\"es-ES\">\n<p style=\"margin-bottom: 0cm;\" lang=\"es-ES\">\n<p style=\"margin-bottom: 0cm;\" lang=\"es-ES\">\n<p style=\"margin-left: 3.75cm; text-indent: -3.75cm; margin-bottom: 0cm;\" lang=\"es-ES\">\n<p style=\"margin-left: 3.75cm; text-indent: -3.75cm; margin-bottom: 0cm;\"><span lang=\"es-ES\">Presta un servicio exclusivo y puntual para una empresa del sector del ocio<\/span><span lang=\"es-ES\"> o como valor a\u00f1adido al desarrollo de un acto programado.<\/span><\/p>\n<p style=\"margin-bottom: 0cm;\" lang=\"es-ES\">\n<p style=\"margin-bottom: 0cm;\"><span lang=\"es-ES\">E<\/span><span lang=\"es-ES\">l DJ se desplaza hasta el lugar en el cual se le ha emplazado con sus propias herramientas de trabajo. Estas herramientas pueden ser: <\/span><\/p>\n<p style=\"margin-bottom: 0cm;\" lang=\"es-ES\">\n<ul>\n<li>\n<p style=\"margin-bottom: 0cm;\" lang=\"es-ES\">Vinilos<\/p>\n<\/li>\n<li>\n<p style=\"margin-bottom: 0cm;\" lang=\"es-ES\">Discos compactos<\/p>\n<\/li>\n<li>\n<p style=\"margin-bottom: 0cm;\" lang=\"es-ES\">Unidades de \talmacenamiento<\/p>\n<\/li>\n<li>\n<p style=\"margin-bottom: 0cm;\" lang=\"es-ES\">Auriculares<\/p>\n<\/li>\n<li>\n<p style=\"margin-bottom: 0cm;\" lang=\"es-ES\">Platos<\/p>\n<\/li>\n<li>\n<p style=\"margin-bottom: 0cm;\" lang=\"es-ES\">Micros<\/p>\n<\/li>\n<li>\n<p style=\"margin-bottom: 0cm;\" lang=\"es-ES\">Juegos de luces<\/p>\n<\/li>\n<li>\n<p style=\"margin-bottom: 0cm;\" lang=\"es-ES\">Ordenador personal<\/p>\n<\/li>\n<li>\n<p style=\"margin-bottom: 0cm;\" lang=\"es-ES\">Reproductor \taudio\/video<\/p>\n<\/li>\n<li>\n<p style=\"margin-bottom: 0cm;\"><span lang=\"es-ES\">Etc\u2026 <\/span><\/p>\n<\/li>\n<\/ul>\n<p style=\"margin-bottom: 0cm;\" lang=\"es-ES\">\n<p style=\"margin-bottom: 0cm;\"><span lang=\"es-ES\">La titularidad sobre sus herramientas de trabajo se presume <\/span><span lang=\"es-ES\"><span style=\"text-decoration: underline;\"><strong>indiscutible salvo prueba de contrario. <\/strong><\/span><\/span><\/p>\n<p style=\"margin-bottom: 0cm;\" lang=\"es-ES\">\n<p style=\"margin-bottom: 0cm;\"><span lang=\"es-ES\"><span style=\"text-decoration: underline;\"><strong>Ninguna ley le obliga a llevar encima las facturas de compra de sus herramientas.<\/strong><\/span><\/span><\/p>\n<p style=\"margin-bottom: 0cm;\" lang=\"es-ES\">\n<p style=\"margin-bottom: 0cm;\"><span lang=\"es-ES\">Si bien como profesional carece del derecho al ejercicio de la Copia privada en su \u00e1mbito de trabajo, <\/span><span lang=\"es-ES\"><span style=\"text-decoration: underline;\"><strong>no hay ley que le impida el uso de copias de seguridad para el ejercicio de su actividad. <\/strong><\/span><\/span><\/p>\n<p style=\"margin-bottom: 0cm;\" lang=\"es-ES\">\n<p style=\"margin-bottom: 0cm;\"><span lang=\"es-ES\"><span style=\"text-decoration: underline;\"><strong>No se precisa de licencia alguna expedida por ninguna entidad de gesti\u00f3n<\/strong><\/span><\/span><span lang=\"es-ES\"> para el ejercicio libre de la actividad.<\/span><\/p>\n<p style=\"margin-bottom: 0cm;\" lang=\"es-ES\">\n<p style=\"margin-bottom: 0cm;\"><span lang=\"es-ES\"><span style=\"text-decoration: underline;\"><strong>La licencia para la difusi\u00f3n<\/strong><\/span><\/span><span lang=\"es-ES\"> publica de obras gestionadas por entidades privadas de gesti\u00f3n, <\/span><span lang=\"es-ES\"><span style=\"text-decoration: underline;\"><strong>corre a cargo y es responsabilidad del empresario.<\/strong><\/span><\/span><\/p>\n<p style=\"margin-bottom: 0cm;\" lang=\"es-ES\">\n<p style=\"margin-bottom: 0cm;\"><span lang=\"es-ES\"><span style=\"text-decoration: underline;\"><strong>Los formatos de compresi\u00f3n, no son Copias Privadas<\/strong><\/span><\/span><span lang=\"es-ES\"> ni tampoco son de titularidad de ninguna entidad privada de gesti\u00f3n. <\/span><\/p>\n<p style=\"margin-bottom: 0cm;\" lang=\"es-ES\">\n<p style=\"margin-bottom: 0cm;\"><span lang=\"es-ES\">El registro sobre los bienes del DJ ha de venir motivado por una denuncia previa *, cuya procedencia (nombre del afectado que la ha motivado previa denuncia) el DJ tiene derecho y ha de exigir conocer, a fin de emprender las acciones legales posteriores que estime oportunas por los da\u00f1os econ\u00f3micos y morales que puede acarrear una interrupci\u00f3n policial durante el desarrollo del trabajo para el cual ha sido contratado.<\/span><\/p>\n<p style=\"margin-bottom: 0cm;\" lang=\"es-ES\">\n<p style=\"margin-bottom: 0cm;\" lang=\"es-ES\">\n<p style=\"margin-bottom: 0cm;\" lang=\"es-ES\">Da\u00f1os que podr\u00e1n cuantificarse por:<\/p>\n<ul>\n<li>\n<p style=\"margin-bottom: 0cm;\" lang=\"es-ES\">Impedimento concluir \tla sesi\u00f3n<\/p>\n<\/li>\n<li>\n<p style=\"margin-bottom: 0cm;\" lang=\"es-ES\">Impedimento de llegar \ta la hora concertada a la siguiente sesi\u00f3n.<\/p>\n<\/li>\n<li>\n<p style=\"margin-bottom: 0cm;\"><span lang=\"es-ES\">Falta de \tcontrataci\u00f3n como da\u00f1o colateral.<\/span><\/p>\n<\/li>\n<\/ul>\n<p style=\"margin-bottom: 0cm;\" lang=\"es-ES\">\n<p style=\"margin-bottom: 0cm;\" lang=\"es-ES\">A los da\u00f1os puede sumarse el propio empresario u organizador:<\/p>\n<ul>\n<li>\n<p style=\"margin-bottom: 0cm;\"><span lang=\"es-ES\">Descenso de las \tconsumiciones durante la <\/span><span lang=\"es-ES\">interrupci\u00f3n de \tla sesi\u00f3n.<\/span><\/p>\n<\/li>\n<li>\n<p style=\"margin-bottom: 0cm;\" lang=\"es-ES\">P\u00e9rdida de clientes.<\/p>\n<\/li>\n<li>\n<p style=\"margin-bottom: 0cm;\" lang=\"es-ES\">Etc\u2026<\/p>\n<\/li>\n<\/ul>\n<p style=\"margin-bottom: 0cm;\" lang=\"es-ES\">\n<p style=\"margin-bottom: 0cm;\"><span lang=\"es-ES\">El registro ha de estar soportado por un documento acreditativo <\/span><span lang=\"es-ES\"><span style=\"text-decoration: underline;\"><strong>\u201corden de registro\u201d<\/strong><\/span><\/span><\/p>\n<p style=\"margin-bottom: 0cm;\"><span lang=\"es-ES\"><span style=\"text-decoration: underline;\"><strong>q<\/strong><\/span><\/span><span lang=\"es-ES\"><span style=\"text-decoration: underline;\"><strong>ue la polic\u00eda ha de exhibir en el momento de entrar.<\/strong><\/span><\/span><\/p>\n<p style=\"margin-bottom: 0cm;\" lang=\"es-ES\">\n<p style=\"margin-bottom: 0cm;\">La orden de registro se emite cuando <span style=\"text-decoration: underline;\"><strong>existen sospechas fundadas<\/strong><\/span> de que en esa ubicaci\u00f3n puedan encontrarse pruebas de una actividad il\u00edcita, y debe ser ordenada por un juez para preservar el derecho a la intimidad de la persona.<\/p>\n<p style=\"margin-bottom: 0cm;\" lang=\"es-ES\">\n<p style=\"margin-bottom: 0cm;\"><span lang=\"es-ES\"><span style=\"text-decoration: underline;\"><strong>La polic\u00eda tiene la obligaci\u00f3n de molestar lo m\u00ednimo posible<\/strong><\/span><\/span><span lang=\"es-ES\">.<\/span><\/p>\n<p style=\"margin-bottom: 0cm;\" lang=\"es-ES\">\n<p style=\"margin-bottom: 0cm;\"><span lang=\"es-ES\">La polic\u00eda ha de venir acompa\u00f1ada por un secretario judicial que dar\u00e1 fe y levantar\u00e1 acta de todo el proceso. <\/span><span lang=\"es-ES\"><span style=\"text-decoration: underline;\"><strong>Si no hay secretario el registro es nulo. <\/strong><\/span><\/span><\/p>\n<p style=\"margin-bottom: 0cm;\" lang=\"es-ES\">\n<p style=\"margin-bottom: 0cm;\"><span lang=\"es-ES\"><span style=\"text-decoration: underline;\"><strong>Exigir una copia de la orden de registro<\/strong><\/span><\/span><span lang=\"es-ES\"><span style=\"text-decoration: underline;\"><strong> junto con la copia de acta levantada<\/strong><\/span><\/span><span lang=\"es-ES\">.<\/span><\/p>\n<p style=\"margin-bottom: 0cm;\" lang=\"es-ES\">\n<p style=\"margin-bottom: 0cm;\" lang=\"es-ES\">\n<p style=\"margin-bottom: 0cm;\"><span lang=\"es-ES\">Entre las herramientas de un <\/span><span lang=\"es-ES\">DJ <\/span><span lang=\"es-ES\"><span style=\"text-decoration: underline;\"><strong>nunca<\/strong><\/span><\/span><span lang=\"es-ES\"> hay que incluir:<\/span><\/p>\n<p style=\"margin-bottom: 0cm;\" lang=\"es-ES\">\n<ul>\n<li>\n<p style=\"margin-bottom: 0cm;\"><span lang=\"es-ES\">P<\/span><span lang=\"es-ES\">rogramas \tpara \u201ccrakear\u201d o saltar sistemas anticopia de obras originales. \tLa simple tenencia de estos programas es constitutivo de delito.<\/span><\/p>\n<\/li>\n<\/ul>\n<p style=\"margin-bottom: 0cm;\" lang=\"es-ES\">\n<ul>\n<li>\n<p style=\"margin-bottom: 0cm;\" lang=\"es-ES\">Ninguna copia de \tseguridad de Ramoncin.<\/p>\n<\/li>\n<\/ul>\n<p style=\"margin-bottom: 0cm;\" lang=\"es-ES\">\n<p style=\"margin-bottom: 0cm;\" lang=\"es-ES\">\n<p style=\"margin-bottom: 0cm;\" lang=\"es-ES\">\n<p style=\"margin-bottom: 0cm;\"><span lang=\"es-ES\">Es tristemente habitual que de forma intermitente a lo largo y ancho del territorio, las entidades privadas de gesti\u00f3n (<a href=\"..\/que-es\/sgae\" title=\"Consulta breve hist\u00f3ria de la SGAE\">SGAE<\/a> y productores en cabeza como afectados) motiven acciones policiales contra locales de ocio.<\/span><\/p>\n<p style=\"margin-bottom: 0cm;\" lang=\"es-ES\">\n<p style=\"margin-bottom: 0cm;\"><span lang=\"es-ES\">Estas acciones est\u00e1n encaminadas siempre a dar \u201cescarmiento p\u00fablico\u201d y castigo. Lejos de premiar la difusi\u00f3n y conformarse con los millones de licencias para difusi\u00f3n que ya cobran a los locales, muchas de ellas de forma indebida, ya que pagan hagan o no uso de obras pertenecientes a su repertorio gestionado.<\/span><\/p>\n<p style=\"margin-bottom: 0cm;\" lang=\"es-ES\">\n<p style=\"margin-bottom: 0cm;\"><span lang=\"es-ES\">Por ello el <\/span><span lang=\"es-ES\">DJ ha de tener claro que estas acciones son \u201ccastigos\u201d a los que le somete quien haya interpuesto la correspondiente denuncia previa a la operaci\u00f3n policial.<\/span><\/p>\n<p style=\"margin-bottom: 0cm;\" lang=\"es-ES\">\n<p style=\"margin-bottom: 0cm;\" lang=\"es-ES\">En este tipo de acciones y a fin de conseguir el fin pretendido, no se tiene en cuenta ni se respeta al individuo, la finalidad en si no es \u201cencontrar algo\u201d, sino advertir y castigar por el NO uso de obras originales comercializadas por las entidades privadas que gestionan los derechos de los autores y la industria.<\/p>\n<p style=\"margin-bottom: 0cm;\" lang=\"es-ES\">\n<p style=\"margin-bottom: 0cm;\"><span lang=\"es-ES\">Parar u oponerse a una orden de registro que se realice de forma correcta es inviable, pero <\/span><span lang=\"es-ES\"><span style=\"text-decoration: underline;\"><strong>SI es posible lograr que dejen de emitirse esas ordenes.<\/strong><\/span><\/span><\/p>\n<p style=\"margin-bottom: 0cm;\" lang=\"es-ES\">\n<p style=\"margin-bottom: 0cm;\"><span lang=\"es-ES\">Es por ello que el colectivo de DJ ha de esforzarse en que este uso perverso de las fuerzas de seguridad y herramientas jur\u00eddicas de nuestra sociedad sea denunciado.<\/span><\/p>\n<p style=\"margin-bottom: 0cm;\" lang=\"es-ES\">\n<p style=\"margin-bottom: 0cm;\" lang=\"es-ES\">Estas acciones han de volverse y explotar en la cara de quien las motiva y jam\u00e1s ha de consentirse que se hagan fuertes y temibles al amparo de la torcida formaci\u00f3n de jueces y polic\u00edas.<\/p>\n<p style=\"margin-bottom: 0cm;\" lang=\"es-ES\">\n<p style=\"margin-bottom: 0cm;\"><span lang=\"es-ES\">Y para ello hay que denunciar conociendo con nombre y apellidos <\/span><span lang=\"es-ES\"><span style=\"text-decoration: underline;\"><strong>quien es el titular de la denuncia.<\/strong><\/span><\/span><\/p>\n<p style=\"margin-bottom: 0cm;\" lang=\"es-ES\">\n<p style=\"margin-bottom: 0cm;\"><span lang=\"es-ES\">Si al margen de esto los <\/span><span lang=\"es-ES\">DJ quer\u00e9is fortalecer vuestro colectivo, agrupaciones, asociaciones, federaciones\u2026.cualquier figura que os plazca hacedlo para defenderos de los abusos a los que os someten las entidades privadas de gesti\u00f3n, pero no eternic\u00e9is ni enraic\u00e9is la perversi\u00f3n de aquellos que os castigan adquiriendo sus licencias inventadas.<\/span><\/p>\n<p style=\"margin-bottom: 0cm;\" lang=\"es-ES\">\n<p style=\"margin-bottom: 0cm;\"><span lang=\"es-ES\">Una licencia es el permiso para hacer algo\u2026 \u00bfEst\u00e1is seguros de que la necesit\u00e1is? <\/span><\/p>\n<p style=\"margin-bottom: 0cm;\" lang=\"es-ES\">\n<p style=\"margin-bottom: 0cm;\" lang=\"es-ES\">LOS DJ\u00b4S NO NECESITAN UNA LICENCIA DE SGAE PARA PODER PINCHAR<\/p>\n<p style=\"margin-bottom: 0cm;\" lang=\"es-ES\">\n<p style=\"margin-bottom: 0cm;\" lang=\"es-ES\">DI NO<\/p>\n<p style=\"margin-bottom: 0cm;\" lang=\"es-ES\">[<span style=\"font-family: verdana,courier new,courier,tahoma,sans-serif; font-size: x-small;\">Por otro lado, algunos compa\u00f1eros nos piden resaltar que, si eres de exigir legalidad, tambi\u00e9n debes practicarla, por ello, si eres DJ independiente, debes tener tu licencia fiscal y tu alta como aut\u00f3nomo. Si utilizas el repertorio de SGAE, tienes que saber que puede que esto obligue los lugares donde pinchas a pagar a esta entidad, aunque pinches gratuitamente. Si pinchas como trabajo, moralmente seria m\u00e1s riguroso utilizar obras que permitan el uso comercial, porque, al fin y al cabo te est\u00e1s beneficiando econ\u00f3micamente de esas obras]<\/span><\/p>\n<p style=\"margin-bottom: 0cm;\" lang=\"es-ES\">\n<p style=\"margin-bottom: 0cm;\" lang=\"es-ES\">* Este tema ha sido objeto de debate en el hilo de barrapunto <a href=\"http:\/\/ciberderechos.barrapunto.com\/ciberderechos\/09\/04\/16\/1159210.shtml\" target=\"_self\">siguelo aqu\u00ed<\/a><\/p>\n<p><\/p>","protected":false},"excerpt":{"rendered":"<p>[ATENCI\u00d3N: La informaci\u00f3n contenida en esta secci\u00f3n est\u00e1 desactualizada respecto a las \u00faltimas reformas de la Ley de Propiedad Intelectual] Soy DJ. Necesito una licencia de SGAE para poder pinchar?Tengo miedo a ser v\u00edctima de una incursi\u00f3n policial El DJ establece su relaci\u00f3n con el empresario de una sala u organizador de un evento, siendo [&hellip;]<\/p>\n","protected":false},"author":5,"featured_media":0,"parent":6,"menu_order":5,"comment_status":"open","ping_status":"closed","template":"","meta":{"footnotes":""},"class_list":["post-248","page","type-page","status-publish","hentry"],"yoast_head":"<!-- This site is optimized with the Yoast SEO plugin v26.7 - https:\/\/yoast.com\/wordpress\/plugins\/seo\/ -->\n<title>DJ\u00b4S -<\/title>\n<meta name=\"robots\" content=\"index, follow, max-snippet:-1, max-image-preview:large, max-video-preview:-1\" \/>\n<link rel=\"canonical\" href=\"https:\/\/xnet-x.net\/es\/herramientas\/dj-licencia\/\" \/>\n<meta name=\"twitter:label1\" content=\"Tiempo de lectura\" \/>\n\t<meta name=\"twitter:data1\" content=\"6 minutos\" \/>\n<script type=\"application\/ld+json\" class=\"yoast-schema-graph\">{\"@context\":\"https:\/\/schema.org\",\"@graph\":[{\"@type\":\"WebPage\",\"@id\":\"https:\/\/xnet-x.net\/es\/herramientas\/dj-licencia\/\",\"url\":\"https:\/\/xnet-x.net\/es\/herramientas\/dj-licencia\/\",\"name\":\"DJ\u00b4S -\",\"isPartOf\":{\"@id\":\"https:\/\/xnet-x.net\/es\/#website\"},\"datePublished\":\"2009-04-15T18:41:19+00:00\",\"dateModified\":\"2018-08-30T15:34:51+00:00\",\"breadcrumb\":{\"@id\":\"https:\/\/xnet-x.net\/es\/herramientas\/dj-licencia\/#breadcrumb\"},\"inLanguage\":\"es\",\"potentialAction\":[{\"@type\":\"ReadAction\",\"target\":[[\"https:\/\/xnet-x.net\/es\/herramientas\/dj-licencia\/\"]]}]},{\"@type\":\"BreadcrumbList\",\"@id\":\"https:\/\/xnet-x.net\/es\/herramientas\/dj-licencia\/#breadcrumb\",\"itemListElement\":[{\"@type\":\"ListItem\",\"position\":1,\"name\":\"Portada\",\"item\":\"https:\/\/xnet-x.net\/es\/\"},{\"@type\":\"ListItem\",\"position\":2,\"name\":\"(Es) Herramientas\",\"item\":\"https:\/\/xnet-x.net\/es\/herramientas\/\"},{\"@type\":\"ListItem\",\"position\":3,\"name\":\"DJ\u00b4S\"}]},{\"@type\":\"WebSite\",\"@id\":\"https:\/\/xnet-x.net\/es\/#website\",\"url\":\"https:\/\/xnet-x.net\/es\/\",\"name\":\"[:es]Xnet - Internet, derechos y democracia en la era digital[:ca]Xnet - Internet, drets i democr\u00e0cia en l'era digital[:en]Xnet - Internet freedoms & digital rights[:]\",\"description\":\"Xnet: Internet, informaci\u00f3n y cultura libres. Tecnopol\u00edtica. Datos, algoritmos y derechos digitales. Libertad de expresi\u00f3n. Democracia y anticorrupci\u00f3n\",\"publisher\":{\"@id\":\"https:\/\/xnet-x.net\/es\/#organization\"},\"potentialAction\":[{\"@type\":\"SearchAction\",\"target\":{\"@type\":\"EntryPoint\",\"urlTemplate\":\"https:\/\/xnet-x.net\/es\/?s={search_term_string}\"},\"query-input\":{\"@type\":\"PropertyValueSpecification\",\"valueRequired\":true,\"valueName\":\"search_term_string\"}}],\"inLanguage\":\"es\"},{\"@type\":\"Organization\",\"@id\":\"https:\/\/xnet-x.net\/es\/#organization\",\"name\":\"Xnet - Internet, derechos y democracia en la era digital\",\"url\":\"https:\/\/xnet-x.net\/es\/\",\"logo\":{\"@type\":\"ImageObject\",\"inLanguage\":\"es\",\"@id\":\"https:\/\/xnet-x.net\/es\/#\/schema\/logo\/image\/\",\"url\":\"https:\/\/xnet-x.net\/img\/xnet-logo.png\",\"contentUrl\":\"https:\/\/xnet-x.net\/img\/xnet-logo.png\",\"width\":512,\"height\":512,\"caption\":\"Xnet - Internet, derechos y democracia en la era digital\"},\"image\":{\"@id\":\"https:\/\/xnet-x.net\/es\/#\/schema\/logo\/image\/\"},\"sameAs\":[\"http:\/\/facebook.com\/RedX.Net\/\",\"https:\/\/x.com\/x_net_\",\"https:\/\/es.wikipedia.org\/wiki\/Xnet\"]}]}<\/script>\n<!-- \/ Yoast SEO plugin. -->","yoast_head_json":{"title":"DJ\u00b4S -","robots":{"index":"index","follow":"follow","max-snippet":"max-snippet:-1","max-image-preview":"max-image-preview:large","max-video-preview":"max-video-preview:-1"},"canonical":"https:\/\/xnet-x.net\/es\/herramientas\/dj-licencia\/","twitter_misc":{"Tiempo de lectura":"6 minutos"},"schema":{"@context":"https:\/\/schema.org","@graph":[{"@type":"WebPage","@id":"https:\/\/xnet-x.net\/es\/herramientas\/dj-licencia\/","url":"https:\/\/xnet-x.net\/es\/herramientas\/dj-licencia\/","name":"DJ\u00b4S -","isPartOf":{"@id":"https:\/\/xnet-x.net\/es\/#website"},"datePublished":"2009-04-15T18:41:19+00:00","dateModified":"2018-08-30T15:34:51+00:00","breadcrumb":{"@id":"https:\/\/xnet-x.net\/es\/herramientas\/dj-licencia\/#breadcrumb"},"inLanguage":"es","potentialAction":[{"@type":"ReadAction","target":[["https:\/\/xnet-x.net\/es\/herramientas\/dj-licencia\/"]]}]},{"@type":"BreadcrumbList","@id":"https:\/\/xnet-x.net\/es\/herramientas\/dj-licencia\/#breadcrumb","itemListElement":[{"@type":"ListItem","position":1,"name":"Portada","item":"https:\/\/xnet-x.net\/es\/"},{"@type":"ListItem","position":2,"name":"(Es) Herramientas","item":"https:\/\/xnet-x.net\/es\/herramientas\/"},{"@type":"ListItem","position":3,"name":"DJ\u00b4S"}]},{"@type":"WebSite","@id":"https:\/\/xnet-x.net\/es\/#website","url":"https:\/\/xnet-x.net\/es\/","name":"[:es]Xnet - Internet, derechos y democracia en la era digital[:ca]Xnet - Internet, drets i democr\u00e0cia en l'era digital[:en]Xnet - Internet freedoms & digital rights[:]","description":"Xnet: Internet, informaci\u00f3n y cultura libres. Tecnopol\u00edtica. Datos, algoritmos y derechos digitales. Libertad de expresi\u00f3n. Democracia y anticorrupci\u00f3n","publisher":{"@id":"https:\/\/xnet-x.net\/es\/#organization"},"potentialAction":[{"@type":"SearchAction","target":{"@type":"EntryPoint","urlTemplate":"https:\/\/xnet-x.net\/es\/?s={search_term_string}"},"query-input":{"@type":"PropertyValueSpecification","valueRequired":true,"valueName":"search_term_string"}}],"inLanguage":"es"},{"@type":"Organization","@id":"https:\/\/xnet-x.net\/es\/#organization","name":"Xnet - Internet, derechos y democracia en la era digital","url":"https:\/\/xnet-x.net\/es\/","logo":{"@type":"ImageObject","inLanguage":"es","@id":"https:\/\/xnet-x.net\/es\/#\/schema\/logo\/image\/","url":"https:\/\/xnet-x.net\/img\/xnet-logo.png","contentUrl":"https:\/\/xnet-x.net\/img\/xnet-logo.png","width":512,"height":512,"caption":"Xnet - Internet, derechos y democracia en la era digital"},"image":{"@id":"https:\/\/xnet-x.net\/es\/#\/schema\/logo\/image\/"},"sameAs":["http:\/\/facebook.com\/RedX.Net\/","https:\/\/x.com\/x_net_","https:\/\/es.wikipedia.org\/wiki\/Xnet"]}]}},"_links":{"self":[{"href":"https:\/\/xnet-x.net\/es\/wp-json\/wp\/v2\/pages\/248","targetHints":{"allow":["GET"]}}],"collection":[{"href":"https:\/\/xnet-x.net\/es\/wp-json\/wp\/v2\/pages"}],"about":[{"href":"https:\/\/xnet-x.net\/es\/wp-json\/wp\/v2\/types\/page"}],"author":[{"embeddable":true,"href":"https:\/\/xnet-x.net\/es\/wp-json\/wp\/v2\/users\/5"}],"replies":[{"embeddable":true,"href":"https:\/\/xnet-x.net\/es\/wp-json\/wp\/v2\/comments?post=248"}],"version-history":[{"count":6,"href":"https:\/\/xnet-x.net\/es\/wp-json\/wp\/v2\/pages\/248\/revisions"}],"predecessor-version":[{"id":15649,"href":"https:\/\/xnet-x.net\/es\/wp-json\/wp\/v2\/pages\/248\/revisions\/15649"}],"up":[{"embeddable":true,"href":"https:\/\/xnet-x.net\/es\/wp-json\/wp\/v2\/pages\/6"}],"wp:attachment":[{"href":"https:\/\/xnet-x.net\/es\/wp-json\/wp\/v2\/media?parent=248"}],"curies":[{"name":"wp","href":"https:\/\/api.w.org\/{rel}","templated":true}]}}