{"id":2441,"date":"2011-01-22T15:49:44","date_gmt":"2011-01-22T14:49:44","guid":{"rendered":"http:\/\/la-ex.net"},"modified":"2021-08-17T12:21:40","modified_gmt":"2021-08-17T10:21:40","slug":"autor-interprete","status":"publish","type":"page","link":"https:\/\/xnet-x.net\/es\/herramientas\/autores-e-interpretes\/","title":{"rendered":"Autores e int\u00e9rpretes"},"content":{"rendered":"<p><em>[Atenci\u00f3n. Todos estos recursos, los de la secci\u00f3n <a href=\"https:\/\/xnet-x.net\/contactanos-para\/portal-de-cultura-libre\/\" rel=\"noopener noreferrer\" target=\"_blank\">Recursos de Cultura Libre <\/a>est\u00e1n desactualizados desde 2010. Aunque muchos todav\u00eda pueden servir, antes de usarlos se deben revisar seg\u00fan la legislaci\u00f3n vigente.]<\/em><br \/>\n&nbsp;<\/p>\n<h3><strong>Informaci\u00f3n General<\/strong><\/h3>\n<ul>\n<li><a href=\"\/que-es\/pequeno-gran-derecho\">Tipolog\u00eda de creaciones art\u00edsticas y competencias de la SGAE.<\/a><\/li>\n<\/ul>\n<h3><strong>Escoge tu caso:<\/strong><\/h3>\n<ul>\n<li> <a title=\"Darse de baja de SGAE\" href=\"\/herramientas\/autor-interprete\/darse-de-baja-socio-sgae\">Soy autor\/int\u00e9rprete y socio de la SGAE y quiero darme de baja.<\/a><\/li>\n<li><a title=\"Como registrar la autor\u00eda\" href=\"\/que-es\/derechos-de-autor\">Soy autor \u00bfC\u00f3mo puedo registrar la autor\u00eda de mi obra?<\/a><\/li>\n<li><a title=\"Tipo de licencias\" href=\"\/que-es\/copyright-copyleft-licencia-libre\">Soy autor, no soy socio de SGAE \u00bfC\u00f3mo puedo licenciar mis obras?<\/a><\/li>\n<li><a title=\"Gestiona tus derechos sin ser socio de SGAE\" href=\"\/herramientas\/autor-interprete\/no-socio-cobrar-derechos-de-autor\">Soy autor\/int\u00e9rprete, no soy socio de SGAE y act\u00fao en salas, festivales etc\u2026o firmo con una productora <\/a><\/li>\n<li><a title=\"modelo de documento para edici\u00f3n de CD si no eres socio de SGAE\" href=\"\/herramientas\/documentos\/no-socio-editar-cd-dvd\">Soy autor\/int\u00e9rprete, no soy socio de SGAE y quiero editar un DVD: me piden un papel\u2026 <\/a><\/li>\n<li><a title=\"Reclamar derechos de emisi\u00f3n\" href=\"\/herramientas\/autor-interprete\/reclamacion-derechos-cine-tv-radio\">Soy autor\/int\u00e9rprete, no soy socio de SGAE y mis obras se emiten en salas comerciales de cine, TV o radio. <\/a><\/li>\n<li> <a title=\"Gestionar  derechos de autor para obras audiovisuales\" href=\"\/herramientas\/autor-interprete\/audiovisuales-no-socio\">Soy autor de obras audiovisuales, no soy socio de SGAE.<\/a><\/li>\n<li><a title=\"La SGAE y el teatro (y cuando no hay que pagar)\" rel=\"nofollow noopener noreferrer\" href=\"http:\/\/derechoynormas.blogspot.com\/2011\/04\/la-sgae-no-puede-cobrar-por-la.html\" target=\"_blank\">Soy socio de  SGAE.\u00bfEl que me programa tiene que pagar SGAE por la representaci\u00f3n de mi propia obra teatral? Y m\u00e1s en general \u00bfPuedo librar al Programador del pago de los derechos por comunicaci\u00f3n p\u00edblica de mi ombra teatral? (por David Maeztu) <\/a><\/li>\n<\/ul>\n<p><\/p>","protected":false},"excerpt":{"rendered":"<p>[Atenci\u00f3n. Todos estos recursos, los de la secci\u00f3n Recursos de Cultura Libre est\u00e1n desactualizados desde 2010. Aunque muchos todav\u00eda pueden servir, antes de usarlos se deben revisar seg\u00fan la legislaci\u00f3n vigente.] &nbsp; Informaci\u00f3n General Tipolog\u00eda de creaciones art\u00edsticas y competencias de la SGAE. Escoge tu caso: Soy autor\/int\u00e9rprete y socio de la SGAE y quiero [&hellip;]<\/p>\n","protected":false},"author":5,"featured_media":0,"parent":6,"menu_order":1,"comment_status":"open","ping_status":"closed","template":"","meta":{"footnotes":""},"class_list":["post-2441","page","type-page","status-publish","hentry"],"yoast_head":"<!-- This site is optimized with the Yoast SEO plugin v26.7 - https:\/\/yoast.com\/wordpress\/plugins\/seo\/ -->\n<title>Autores e int\u00e9rpretes -<\/title>\n<meta name=\"robots\" content=\"index, follow, max-snippet:-1, max-image-preview:large, max-video-preview:-1\" \/>\n<link rel=\"canonical\" href=\"https:\/\/xnet-x.net\/es\/herramientas\/autores-e-interpretes\/\" \/>\n<meta name=\"twitter:label1\" content=\"Tiempo de lectura\" \/>\n\t<meta name=\"twitter:data1\" content=\"2 minutos\" \/>\n<script type=\"application\/ld+json\" class=\"yoast-schema-graph\">{\"@context\":\"https:\/\/schema.org\",\"@graph\":[{\"@type\":\"WebPage\",\"@id\":\"https:\/\/xnet-x.net\/es\/herramientas\/autores-e-interpretes\/\",\"url\":\"https:\/\/xnet-x.net\/es\/herramientas\/autores-e-interpretes\/\",\"name\":\"Autores e int\u00e9rpretes -\",\"isPartOf\":{\"@id\":\"https:\/\/xnet-x.net\/es\/#website\"},\"datePublished\":\"2011-01-22T14:49:44+00:00\",\"dateModified\":\"2021-08-17T10:21:40+00:00\",\"breadcrumb\":{\"@id\":\"https:\/\/xnet-x.net\/es\/herramientas\/autores-e-interpretes\/#breadcrumb\"},\"inLanguage\":\"es\",\"potentialAction\":[{\"@type\":\"ReadAction\",\"target\":[[\"https:\/\/xnet-x.net\/es\/herramientas\/autores-e-interpretes\/\"]]}]},{\"@type\":\"BreadcrumbList\",\"@id\":\"https:\/\/xnet-x.net\/es\/herramientas\/autores-e-interpretes\/#breadcrumb\",\"itemListElement\":[{\"@type\":\"ListItem\",\"position\":1,\"name\":\"Portada\",\"item\":\"https:\/\/xnet-x.net\/es\/\"},{\"@type\":\"ListItem\",\"position\":2,\"name\":\"(Es) Herramientas\",\"item\":\"https:\/\/xnet-x.net\/es\/herramientas\/\"},{\"@type\":\"ListItem\",\"position\":3,\"name\":\"Autores e int\u00e9rpretes\"}]},{\"@type\":\"WebSite\",\"@id\":\"https:\/\/xnet-x.net\/es\/#website\",\"url\":\"https:\/\/xnet-x.net\/es\/\",\"name\":\"[:es]Xnet - Internet, derechos y democracia en la era digital[:ca]Xnet - Internet, drets i democr\u00e0cia en l'era digital[:en]Xnet - Internet freedoms & digital rights[:]\",\"description\":\"Xnet: Internet, informaci\u00f3n y cultura libres. Tecnopol\u00edtica. Datos, algoritmos y derechos digitales. Libertad de expresi\u00f3n. Democracia y anticorrupci\u00f3n\",\"publisher\":{\"@id\":\"https:\/\/xnet-x.net\/es\/#organization\"},\"potentialAction\":[{\"@type\":\"SearchAction\",\"target\":{\"@type\":\"EntryPoint\",\"urlTemplate\":\"https:\/\/xnet-x.net\/es\/?s={search_term_string}\"},\"query-input\":{\"@type\":\"PropertyValueSpecification\",\"valueRequired\":true,\"valueName\":\"search_term_string\"}}],\"inLanguage\":\"es\"},{\"@type\":\"Organization\",\"@id\":\"https:\/\/xnet-x.net\/es\/#organization\",\"name\":\"Xnet - Internet, derechos y democracia en la era digital\",\"url\":\"https:\/\/xnet-x.net\/es\/\",\"logo\":{\"@type\":\"ImageObject\",\"inLanguage\":\"es\",\"@id\":\"https:\/\/xnet-x.net\/es\/#\/schema\/logo\/image\/\",\"url\":\"https:\/\/xnet-x.net\/img\/xnet-logo.png\",\"contentUrl\":\"https:\/\/xnet-x.net\/img\/xnet-logo.png\",\"width\":512,\"height\":512,\"caption\":\"Xnet - Internet, derechos y democracia en la era digital\"},\"image\":{\"@id\":\"https:\/\/xnet-x.net\/es\/#\/schema\/logo\/image\/\"},\"sameAs\":[\"http:\/\/facebook.com\/RedX.Net\/\",\"https:\/\/x.com\/x_net_\",\"https:\/\/es.wikipedia.org\/wiki\/Xnet\"]}]}<\/script>\n<!-- \/ Yoast SEO plugin. -->","yoast_head_json":{"title":"Autores e int\u00e9rpretes -","robots":{"index":"index","follow":"follow","max-snippet":"max-snippet:-1","max-image-preview":"max-image-preview:large","max-video-preview":"max-video-preview:-1"},"canonical":"https:\/\/xnet-x.net\/es\/herramientas\/autores-e-interpretes\/","twitter_misc":{"Tiempo de lectura":"2 minutos"},"schema":{"@context":"https:\/\/schema.org","@graph":[{"@type":"WebPage","@id":"https:\/\/xnet-x.net\/es\/herramientas\/autores-e-interpretes\/","url":"https:\/\/xnet-x.net\/es\/herramientas\/autores-e-interpretes\/","name":"Autores e int\u00e9rpretes -","isPartOf":{"@id":"https:\/\/xnet-x.net\/es\/#website"},"datePublished":"2011-01-22T14:49:44+00:00","dateModified":"2021-08-17T10:21:40+00:00","breadcrumb":{"@id":"https:\/\/xnet-x.net\/es\/herramientas\/autores-e-interpretes\/#breadcrumb"},"inLanguage":"es","potentialAction":[{"@type":"ReadAction","target":[["https:\/\/xnet-x.net\/es\/herramientas\/autores-e-interpretes\/"]]}]},{"@type":"BreadcrumbList","@id":"https:\/\/xnet-x.net\/es\/herramientas\/autores-e-interpretes\/#breadcrumb","itemListElement":[{"@type":"ListItem","position":1,"name":"Portada","item":"https:\/\/xnet-x.net\/es\/"},{"@type":"ListItem","position":2,"name":"(Es) Herramientas","item":"https:\/\/xnet-x.net\/es\/herramientas\/"},{"@type":"ListItem","position":3,"name":"Autores e int\u00e9rpretes"}]},{"@type":"WebSite","@id":"https:\/\/xnet-x.net\/es\/#website","url":"https:\/\/xnet-x.net\/es\/","name":"[:es]Xnet - Internet, derechos y democracia en la era digital[:ca]Xnet - Internet, drets i democr\u00e0cia en l'era digital[:en]Xnet - Internet freedoms & digital rights[:]","description":"Xnet: Internet, informaci\u00f3n y cultura libres. Tecnopol\u00edtica. Datos, algoritmos y derechos digitales. Libertad de expresi\u00f3n. Democracia y anticorrupci\u00f3n","publisher":{"@id":"https:\/\/xnet-x.net\/es\/#organization"},"potentialAction":[{"@type":"SearchAction","target":{"@type":"EntryPoint","urlTemplate":"https:\/\/xnet-x.net\/es\/?s={search_term_string}"},"query-input":{"@type":"PropertyValueSpecification","valueRequired":true,"valueName":"search_term_string"}}],"inLanguage":"es"},{"@type":"Organization","@id":"https:\/\/xnet-x.net\/es\/#organization","name":"Xnet - Internet, derechos y democracia en la era digital","url":"https:\/\/xnet-x.net\/es\/","logo":{"@type":"ImageObject","inLanguage":"es","@id":"https:\/\/xnet-x.net\/es\/#\/schema\/logo\/image\/","url":"https:\/\/xnet-x.net\/img\/xnet-logo.png","contentUrl":"https:\/\/xnet-x.net\/img\/xnet-logo.png","width":512,"height":512,"caption":"Xnet - Internet, derechos y democracia en la era digital"},"image":{"@id":"https:\/\/xnet-x.net\/es\/#\/schema\/logo\/image\/"},"sameAs":["http:\/\/facebook.com\/RedX.Net\/","https:\/\/x.com\/x_net_","https:\/\/es.wikipedia.org\/wiki\/Xnet"]}]}},"_links":{"self":[{"href":"https:\/\/xnet-x.net\/es\/wp-json\/wp\/v2\/pages\/2441","targetHints":{"allow":["GET"]}}],"collection":[{"href":"https:\/\/xnet-x.net\/es\/wp-json\/wp\/v2\/pages"}],"about":[{"href":"https:\/\/xnet-x.net\/es\/wp-json\/wp\/v2\/types\/page"}],"author":[{"embeddable":true,"href":"https:\/\/xnet-x.net\/es\/wp-json\/wp\/v2\/users\/5"}],"replies":[{"embeddable":true,"href":"https:\/\/xnet-x.net\/es\/wp-json\/wp\/v2\/comments?post=2441"}],"version-history":[{"count":8,"href":"https:\/\/xnet-x.net\/es\/wp-json\/wp\/v2\/pages\/2441\/revisions"}],"predecessor-version":[{"id":22804,"href":"https:\/\/xnet-x.net\/es\/wp-json\/wp\/v2\/pages\/2441\/revisions\/22804"}],"up":[{"embeddable":true,"href":"https:\/\/xnet-x.net\/es\/wp-json\/wp\/v2\/pages\/6"}],"wp:attachment":[{"href":"https:\/\/xnet-x.net\/es\/wp-json\/wp\/v2\/media?parent=2441"}],"curies":[{"name":"wp","href":"https:\/\/api.w.org\/{rel}","templated":true}]}}