{"id":233,"date":"2008-11-26T00:13:14","date_gmt":"2008-11-25T22:13:14","guid":{"rendered":"http:\/\/la-ex.net\/?page_id=233"},"modified":"2017-09-03T20:53:37","modified_gmt":"2017-09-03T19:53:37","slug":"glamourosa-desobediencia","status":"publish","type":"page","link":"https:\/\/xnet-x.net\/es\/los-oxcars\/glamourosa-desobediencia\/","title":{"rendered":"Glamourosa desobediencia"},"content":{"rendered":"<p><\/p>\n<p style=\"text-align: center;\">Algunas de las cosas de las que te has podido enterar en la Gran Gala de los oXcars el 28 de octubre de 2008:<\/p>\n<p>Los articulos 14 y 19 de los estatutos de la SGAE contienen cl\u00e1usulas que contradicen el articulo 153 de la Ley de Propiedad Intelectual vulnerando los derechos leg\u00edtimos de sus socios y de todos los usuarios.<br \/>\n<small>Art.153 de la LPI:<br \/>\n1. La gesti\u00f3n de los derechos ser\u00e1 encomendada por sus titulares a la entidad mediante contrato cuya duraci\u00f3n no podr\u00e1 ser superior a cinco a\u00f1os, indefinidamente renovables, ni podr\u00e1 imponer como obligatoria la gesti\u00f3n de todas las modalidades de explotaci\u00f3n ni la de la totalidad de la obra o producci\u00f3n futura.<\/small><\/p>\n<p>Invitamos a socios SGAE y todos a los que las SGAE recauda a desobedecer a estas cl\u00e1usulas y a no pagar a las entidades de gesti\u00f3n por \u00abobras\u00bb que no est\u00e1n depositadas en el repertorio de estas entidades, aunque sean obras de sus socios.<br \/>\n<small>Para esto hay que establecer un acuerdo solidarios entre usuarios\/programadores de las obras y sus creadores en el que salgan beneficiados ambos, los primeros no pagando por algo que nunca llegar\u00e1 al bolsillo del creador y los segundos decidiendo directamente con el usuario\/programador si y como quiere percibir los derechos de autor de aquellas obras que quieren que circulen m\u00e1s libremente.<br \/>\n[\u00a1ojo! no vale para una parte de la producci\u00f3n audiovisual; consultar]<\/small><\/p>\n<p>En los oXcars as\u00ed lo hacemos.<\/p>\n<p style=\"text-align: center;\">\u00a1sin dejar de ganar!<br \/>\n\u00a1es bueno para ti, es bueno para la cultura, es bueno para la econom\u00eda y no comporta riesgo!<\/p>\n<p style=\"text-align: center;\">(<a href=\"\/herramientas\/documentos\/declaracion-repertorio\" target=\"_blank\">b\u00e1jate aqu\u00ed un sencillo \u00abcontrato\u00bb entre las partes<\/a>)<\/p>\n<p style=\"text-align: center;\"><strong>En \u00e9poca de <a href=\"\/los-oxcars\/que-son-los-oxcars\" target=\"_blank\">crisis<\/a> la creatividad tiene la soluci\u00f3n<br \/>\nOXCARS 2008<br \/>\nALGO EN LO QUE CONFIAR<\/strong><\/p>\n<p style=\"text-align: center;\"><strong>Un gran espect\u00e1culo lleno de incre\u00edbles sorpresas y de valiosas soluciones para un futuro pr\u00f3spero<\/strong><\/p>\n<p><\/p>","protected":false},"excerpt":{"rendered":"<p>Algunas de las cosas de las que te has podido enterar en la Gran Gala de los oXcars el 28 de octubre de 2008: Los articulos 14 y 19 de los estatutos de la SGAE contienen cl\u00e1usulas que contradicen el articulo 153 de la Ley de Propiedad Intelectual vulnerando los derechos leg\u00edtimos de sus socios [&hellip;]<\/p>\n","protected":false},"author":5,"featured_media":0,"parent":12769,"menu_order":0,"comment_status":"closed","ping_status":"closed","template":"","meta":{"footnotes":""},"class_list":["post-233","page","type-page","status-publish","hentry"],"yoast_head":"<!-- This site is optimized with the Yoast SEO plugin v26.7 - https:\/\/yoast.com\/wordpress\/plugins\/seo\/ -->\n<title>Glamourosa desobediencia -<\/title>\n<meta name=\"robots\" content=\"index, follow, max-snippet:-1, max-image-preview:large, max-video-preview:-1\" \/>\n<link rel=\"canonical\" href=\"https:\/\/xnet-x.net\/es\/los-oxcars\/glamourosa-desobediencia\/\" \/>\n<meta name=\"twitter:label1\" content=\"Tiempo de lectura\" \/>\n\t<meta name=\"twitter:data1\" content=\"3 minutos\" \/>\n<script type=\"application\/ld+json\" class=\"yoast-schema-graph\">{\"@context\":\"https:\/\/schema.org\",\"@graph\":[{\"@type\":\"WebPage\",\"@id\":\"https:\/\/xnet-x.net\/es\/los-oxcars\/glamourosa-desobediencia\/\",\"url\":\"https:\/\/xnet-x.net\/es\/los-oxcars\/glamourosa-desobediencia\/\",\"name\":\"Glamourosa desobediencia -\",\"isPartOf\":{\"@id\":\"https:\/\/xnet-x.net\/es\/#website\"},\"datePublished\":\"2008-11-25T22:13:14+00:00\",\"dateModified\":\"2017-09-03T19:53:37+00:00\",\"breadcrumb\":{\"@id\":\"https:\/\/xnet-x.net\/es\/los-oxcars\/glamourosa-desobediencia\/#breadcrumb\"},\"inLanguage\":\"es\",\"potentialAction\":[{\"@type\":\"ReadAction\",\"target\":[[\"https:\/\/xnet-x.net\/es\/los-oxcars\/glamourosa-desobediencia\/\"]]}]},{\"@type\":\"BreadcrumbList\",\"@id\":\"https:\/\/xnet-x.net\/es\/los-oxcars\/glamourosa-desobediencia\/#breadcrumb\",\"itemListElement\":[{\"@type\":\"ListItem\",\"position\":1,\"name\":\"Portada\",\"item\":\"https:\/\/xnet-x.net\/es\/\"},{\"@type\":\"ListItem\",\"position\":2,\"name\":\"Los OXcars\",\"item\":\"https:\/\/xnet-x.net\/es\/los-oxcars\/\"},{\"@type\":\"ListItem\",\"position\":3,\"name\":\"Glamourosa desobediencia\"}]},{\"@type\":\"WebSite\",\"@id\":\"https:\/\/xnet-x.net\/es\/#website\",\"url\":\"https:\/\/xnet-x.net\/es\/\",\"name\":\"[:es]Xnet - Internet, derechos y democracia en la era digital[:ca]Xnet - Internet, drets i democr\u00e0cia en l'era digital[:en]Xnet - Internet freedoms & digital rights[:]\",\"description\":\"Xnet: Internet, informaci\u00f3n y cultura libres. Tecnopol\u00edtica. Datos, algoritmos y derechos digitales. Libertad de expresi\u00f3n. Democracia y anticorrupci\u00f3n\",\"publisher\":{\"@id\":\"https:\/\/xnet-x.net\/es\/#organization\"},\"potentialAction\":[{\"@type\":\"SearchAction\",\"target\":{\"@type\":\"EntryPoint\",\"urlTemplate\":\"https:\/\/xnet-x.net\/es\/?s={search_term_string}\"},\"query-input\":{\"@type\":\"PropertyValueSpecification\",\"valueRequired\":true,\"valueName\":\"search_term_string\"}}],\"inLanguage\":\"es\"},{\"@type\":\"Organization\",\"@id\":\"https:\/\/xnet-x.net\/es\/#organization\",\"name\":\"Xnet - Internet, derechos y democracia en la era digital\",\"url\":\"https:\/\/xnet-x.net\/es\/\",\"logo\":{\"@type\":\"ImageObject\",\"inLanguage\":\"es\",\"@id\":\"https:\/\/xnet-x.net\/es\/#\/schema\/logo\/image\/\",\"url\":\"https:\/\/xnet-x.net\/img\/xnet-logo.png\",\"contentUrl\":\"https:\/\/xnet-x.net\/img\/xnet-logo.png\",\"width\":512,\"height\":512,\"caption\":\"Xnet - Internet, derechos y democracia en la era digital\"},\"image\":{\"@id\":\"https:\/\/xnet-x.net\/es\/#\/schema\/logo\/image\/\"},\"sameAs\":[\"http:\/\/facebook.com\/RedX.Net\/\",\"https:\/\/x.com\/x_net_\",\"https:\/\/es.wikipedia.org\/wiki\/Xnet\"]}]}<\/script>\n<!-- \/ Yoast SEO plugin. -->","yoast_head_json":{"title":"Glamourosa desobediencia -","robots":{"index":"index","follow":"follow","max-snippet":"max-snippet:-1","max-image-preview":"max-image-preview:large","max-video-preview":"max-video-preview:-1"},"canonical":"https:\/\/xnet-x.net\/es\/los-oxcars\/glamourosa-desobediencia\/","twitter_misc":{"Tiempo de lectura":"3 minutos"},"schema":{"@context":"https:\/\/schema.org","@graph":[{"@type":"WebPage","@id":"https:\/\/xnet-x.net\/es\/los-oxcars\/glamourosa-desobediencia\/","url":"https:\/\/xnet-x.net\/es\/los-oxcars\/glamourosa-desobediencia\/","name":"Glamourosa desobediencia -","isPartOf":{"@id":"https:\/\/xnet-x.net\/es\/#website"},"datePublished":"2008-11-25T22:13:14+00:00","dateModified":"2017-09-03T19:53:37+00:00","breadcrumb":{"@id":"https:\/\/xnet-x.net\/es\/los-oxcars\/glamourosa-desobediencia\/#breadcrumb"},"inLanguage":"es","potentialAction":[{"@type":"ReadAction","target":[["https:\/\/xnet-x.net\/es\/los-oxcars\/glamourosa-desobediencia\/"]]}]},{"@type":"BreadcrumbList","@id":"https:\/\/xnet-x.net\/es\/los-oxcars\/glamourosa-desobediencia\/#breadcrumb","itemListElement":[{"@type":"ListItem","position":1,"name":"Portada","item":"https:\/\/xnet-x.net\/es\/"},{"@type":"ListItem","position":2,"name":"Los OXcars","item":"https:\/\/xnet-x.net\/es\/los-oxcars\/"},{"@type":"ListItem","position":3,"name":"Glamourosa desobediencia"}]},{"@type":"WebSite","@id":"https:\/\/xnet-x.net\/es\/#website","url":"https:\/\/xnet-x.net\/es\/","name":"[:es]Xnet - Internet, derechos y democracia en la era digital[:ca]Xnet - Internet, drets i democr\u00e0cia en l'era digital[:en]Xnet - Internet freedoms & digital rights[:]","description":"Xnet: Internet, informaci\u00f3n y cultura libres. Tecnopol\u00edtica. Datos, algoritmos y derechos digitales. Libertad de expresi\u00f3n. Democracia y anticorrupci\u00f3n","publisher":{"@id":"https:\/\/xnet-x.net\/es\/#organization"},"potentialAction":[{"@type":"SearchAction","target":{"@type":"EntryPoint","urlTemplate":"https:\/\/xnet-x.net\/es\/?s={search_term_string}"},"query-input":{"@type":"PropertyValueSpecification","valueRequired":true,"valueName":"search_term_string"}}],"inLanguage":"es"},{"@type":"Organization","@id":"https:\/\/xnet-x.net\/es\/#organization","name":"Xnet - Internet, derechos y democracia en la era digital","url":"https:\/\/xnet-x.net\/es\/","logo":{"@type":"ImageObject","inLanguage":"es","@id":"https:\/\/xnet-x.net\/es\/#\/schema\/logo\/image\/","url":"https:\/\/xnet-x.net\/img\/xnet-logo.png","contentUrl":"https:\/\/xnet-x.net\/img\/xnet-logo.png","width":512,"height":512,"caption":"Xnet - Internet, derechos y democracia en la era digital"},"image":{"@id":"https:\/\/xnet-x.net\/es\/#\/schema\/logo\/image\/"},"sameAs":["http:\/\/facebook.com\/RedX.Net\/","https:\/\/x.com\/x_net_","https:\/\/es.wikipedia.org\/wiki\/Xnet"]}]}},"_links":{"self":[{"href":"https:\/\/xnet-x.net\/es\/wp-json\/wp\/v2\/pages\/233","targetHints":{"allow":["GET"]}}],"collection":[{"href":"https:\/\/xnet-x.net\/es\/wp-json\/wp\/v2\/pages"}],"about":[{"href":"https:\/\/xnet-x.net\/es\/wp-json\/wp\/v2\/types\/page"}],"author":[{"embeddable":true,"href":"https:\/\/xnet-x.net\/es\/wp-json\/wp\/v2\/users\/5"}],"replies":[{"embeddable":true,"href":"https:\/\/xnet-x.net\/es\/wp-json\/wp\/v2\/comments?post=233"}],"version-history":[{"count":6,"href":"https:\/\/xnet-x.net\/es\/wp-json\/wp\/v2\/pages\/233\/revisions"}],"predecessor-version":[{"id":12777,"href":"https:\/\/xnet-x.net\/es\/wp-json\/wp\/v2\/pages\/233\/revisions\/12777"}],"up":[{"embeddable":true,"href":"https:\/\/xnet-x.net\/es\/wp-json\/wp\/v2\/pages\/12769"}],"wp:attachment":[{"href":"https:\/\/xnet-x.net\/es\/wp-json\/wp\/v2\/media?parent=233"}],"curies":[{"name":"wp","href":"https:\/\/api.w.org\/{rel}","templated":true}]}}