{"id":210,"date":"2009-03-25T13:22:46","date_gmt":"2009-03-25T11:22:46","guid":{"rendered":"http:\/\/la-ex.net\/?page_id=210"},"modified":"2010-12-05T16:25:05","modified_gmt":"2010-12-05T15:25:05","slug":"aboutoxcars","status":"publish","type":"page","link":"https:\/\/xnet-x.net\/es\/aboutoxcars\/","title":{"rendered":"About the oXcars"},"content":{"rendered":"<p style=\"text-align: center;\">Barcelona, one week as World Capital of Shared Culture<\/p>\n<p style=\"text-align: center;\">The Grand oXcars Ceremony, the event that will change the history of culture<\/p>\n<p style=\"text-align: center;\"><strong>The oXcars, the Show<br \/>\nThe oXcars, it&#8217;s evident<\/strong><\/p>\n<p style=\"text-align: center;\">1500 assitents, more than 200 Spanish and international participants from all areas of culture has take part in an awards ceremony and a week full of events, pooling their efforts to demand a stop to culture being treated as merchandise by royalty management organisations and cultural industry lobbies.<\/p>\n<p style=\"text-align: center;\">To demand protection and a stop to artificial restrictions applied to digital media like P2P platforms that make it possible to spread knowledge &#8211; in the name of democratic progress that benefits each and every one of us.<br \/>\n<strong><br \/>\nOur access to knowledge is blocked in the name of \u00abartists\u00bb, but the majority of artists in the digital age don&#8217;t support the restrictions and neither does civil society, accused of \u00abpiracy\u00bb wholesale. <\/strong><\/p>\n<p style=\"text-align: center;\">Artists say \u00abNot in my name\u00bb to the commercialisation of culture, \u00abNot in my name\u00bb to Spain&#8217;s &#8216;canon digital&#8217; (digital levy), \u00abNot in my name\u00bb to limiting the potential of digital media.<\/p>\n<p style=\"text-align: center;\">Backed by the document \u201cGreed Breaks the Sack\u201d, released through hundreds of online forums and the press and sent to 287 politicians in July 2008, the OXCARS are an extravaganza, a week of events that will make it patently obvious that the culture of our time is the culture that we all build, share and enjoy.<\/p>\n<p style=\"text-align: center;\">Times have changed; the Internet allows information and culture to be exchanged horizontally among all citizens. And the means of cultural production must adapt to this new democracy, not the only way around.<\/p>\n<p style=\"text-align: center;\">Because free and collaborative culture is the Culture of our time, because it\u2019s a fact, because there\u2019s no turning back&#8230;<\/p>\n<p style=\"text-align: center;\"><strong>EXGAE &amp; Conservas present:<br \/>\nThe awards that will sweep the Grammys, the Goyas, the Max&#8230;<br \/>\nThe 1st non-competitive awards in the history of Culture&#8230;<br \/>\nThe 1st international Culture awards held in the shared digital society&#8230;<br \/>\n<\/strong><\/p>\n<p style=\"text-align: center;\"><strong>The OXCARS<br \/>\neXcellence means sharing<\/strong><\/p>\n<p style=\"text-align: center;\"><strong>Sala Apolo- Barcelona<br \/>\nOctober 28, at 8.30pm<\/strong><\/p>\n<p style=\"text-align: center;\"><strong>7 hours of non-stop free culture<br \/>\nNew attitude<\/strong><br \/>\nA free culture extravaganza that isn&#8217;t just our response to the latest attacks on freedom in the name of intellectual property, but also a chance to popularise and share <strong>\u00abgood practices\u00bb.<\/strong><\/p>\n<p style=\"text-align: center;\">The activities share unexpected links. This isn&#8217;t the usual protest event, there&#8217;s no discourse or \u00abpedagogy\u00bb. We could say it&#8217;s a show of the strength and relevance of collaborative culture, through evidence.<\/p>\n<p style=\"text-align: center;\">Fun, content and impact.<\/p>\n<p style=\"text-align: center;\">The artists themselves will pay to liberate their \u201cimprisoned\u201d works from the SGAE.<\/p>\n<p style=\"text-align: center;\">It\u2019s not just economic dividends that are at stake, but the whole way of understanding culture and the right to access to information (which has cost us a couple of centuries of struggles).<\/p>\n<p style=\"text-align: center;\">Culture comes about through imitation and copying. In the digital and communication age, our digital information and our forms of communication constitute our memory.<\/p>\n<p style=\"text-align: center;\">Civil society demands the &#8216;lost profits&#8217; of all the knowledge that is being withheld and stolen from public use in the name of private profits.<\/p>\n<p style=\"text-align: center;\">We\u2019re bringing down a monopoly.<br \/>\nWe don\u2019t want to nurture generations of cultural parasites; we want culture to be alive and productive.<\/p>\n<p style=\"text-align: center;\">THE ISSUES:<\/p>\n<p style=\"text-align: center;\">&#8211;\u00a0\u00a0\u00a0 Culture in the digital age: new \u201cprofitabilities\u201d<br \/>\n&#8211;\u00a0\u00a0\u00a0 The creative ecosystem in the digital age: now or never<br \/>\n&#8211;\u00a0\u00a0\u00a0 Digital information is what today\u2019s memory is made of<br \/>\n&#8211;\u00a0\u00a0\u00a0 Copying and its benefits<br \/>\n&#8211;\u00a0\u00a0\u00a0 Lies, bits, the inquisition and P2P<br \/>\n&#8211;\u00a0\u00a0\u00a0 13 000 000 pirate households: piracy doesn\u2019t exist, parents are the pirates<br \/>\n&#8211;\u00a0\u00a0\u00a0 Banning communication in the communication age<br \/>\n&#8211;\u00a0\u00a0\u00a0 P2P: Do we really want to follow in the footsteps of Pakistan, China, France and Sudan?<br \/>\n&#8211; \u00a0\u00a0 Let\u2019s talk about the middlemen: restructuring in times of crisis. Culture existed before the culture industry<br \/>\n&#8211;\u00a0\u00a0\u00a0 Lost profits is counting your chickens before they hatch (and culture is the chickens)<br \/>\n&#8211;\u00a0\u00a0\u00a0 Public domain vs. parasites\u2019 profits<br \/>\n&#8211;\u00a0\u00a0\u00a0 The right to quote: the key to the link economy<\/p>\n<p style=\"text-align: center;\"><strong>The events will be streamed live:<br \/>\nhttp:\/\/giss.tv\/oxcars.ogg<\/strong><\/p>\n<p style=\"text-align: center;\"><strong>A high-quality documentary will be made for international mass circulation<br \/>\nSee also:<br \/>\nhttp:\/\/xnet-x.net<br \/>\n<\/strong><\/p>\n","protected":false},"excerpt":{"rendered":"<p>Barcelona, one week as World Capital of Shared Culture The Grand oXcars Ceremony, the event that will change the history of culture The oXcars, the Show The oXcars, it&#8217;s evident 1500 assitents, more than 200 Spanish and international participants from all areas of culture has take part in an awards ceremony and a week full [&hellip;]<\/p>\n","protected":false},"author":5,"featured_media":0,"parent":0,"menu_order":0,"comment_status":"open","ping_status":"closed","template":"english.php","meta":{"footnotes":""},"class_list":["post-210","page","type-page","status-publish","hentry"],"yoast_head":"<!-- This site is optimized with the Yoast SEO plugin v26.7 - https:\/\/yoast.com\/wordpress\/plugins\/seo\/ -->\n<title>About the oXcars -<\/title>\n<meta name=\"robots\" content=\"index, follow, max-snippet:-1, max-image-preview:large, max-video-preview:-1\" \/>\n<link rel=\"canonical\" href=\"https:\/\/xnet-x.net\/es\/aboutoxcars\/\" \/>\n<meta name=\"twitter:label1\" content=\"Tiempo de lectura\" \/>\n\t<meta name=\"twitter:data1\" content=\"3 minutos\" \/>\n<script type=\"application\/ld+json\" class=\"yoast-schema-graph\">{\"@context\":\"https:\/\/schema.org\",\"@graph\":[{\"@type\":\"WebPage\",\"@id\":\"https:\/\/xnet-x.net\/es\/aboutoxcars\/\",\"url\":\"https:\/\/xnet-x.net\/es\/aboutoxcars\/\",\"name\":\"About the oXcars -\",\"isPartOf\":{\"@id\":\"https:\/\/xnet-x.net\/es\/#website\"},\"datePublished\":\"2009-03-25T11:22:46+00:00\",\"dateModified\":\"2010-12-05T15:25:05+00:00\",\"breadcrumb\":{\"@id\":\"https:\/\/xnet-x.net\/es\/aboutoxcars\/#breadcrumb\"},\"inLanguage\":\"es\",\"potentialAction\":[{\"@type\":\"ReadAction\",\"target\":[[\"https:\/\/xnet-x.net\/es\/aboutoxcars\/\"]]}]},{\"@type\":\"BreadcrumbList\",\"@id\":\"https:\/\/xnet-x.net\/es\/aboutoxcars\/#breadcrumb\",\"itemListElement\":[{\"@type\":\"ListItem\",\"position\":1,\"name\":\"Portada\",\"item\":\"https:\/\/xnet-x.net\/es\/\"},{\"@type\":\"ListItem\",\"position\":2,\"name\":\"About the oXcars\"}]},{\"@type\":\"WebSite\",\"@id\":\"https:\/\/xnet-x.net\/es\/#website\",\"url\":\"https:\/\/xnet-x.net\/es\/\",\"name\":\"[:es]Xnet - Internet, derechos y democracia en la era digital[:ca]Xnet - Internet, drets i democr\u00e0cia en l'era digital[:en]Xnet - Internet freedoms & digital rights[:]\",\"description\":\"Xnet: Internet, informaci\u00f3n y cultura libres. Tecnopol\u00edtica. Datos, algoritmos y derechos digitales. Libertad de expresi\u00f3n. Democracia y anticorrupci\u00f3n\",\"publisher\":{\"@id\":\"https:\/\/xnet-x.net\/es\/#organization\"},\"potentialAction\":[{\"@type\":\"SearchAction\",\"target\":{\"@type\":\"EntryPoint\",\"urlTemplate\":\"https:\/\/xnet-x.net\/es\/?s={search_term_string}\"},\"query-input\":{\"@type\":\"PropertyValueSpecification\",\"valueRequired\":true,\"valueName\":\"search_term_string\"}}],\"inLanguage\":\"es\"},{\"@type\":\"Organization\",\"@id\":\"https:\/\/xnet-x.net\/es\/#organization\",\"name\":\"Xnet - Internet, derechos y democracia en la era digital\",\"url\":\"https:\/\/xnet-x.net\/es\/\",\"logo\":{\"@type\":\"ImageObject\",\"inLanguage\":\"es\",\"@id\":\"https:\/\/xnet-x.net\/es\/#\/schema\/logo\/image\/\",\"url\":\"https:\/\/xnet-x.net\/img\/xnet-logo.png\",\"contentUrl\":\"https:\/\/xnet-x.net\/img\/xnet-logo.png\",\"width\":512,\"height\":512,\"caption\":\"Xnet - Internet, derechos y democracia en la era digital\"},\"image\":{\"@id\":\"https:\/\/xnet-x.net\/es\/#\/schema\/logo\/image\/\"},\"sameAs\":[\"http:\/\/facebook.com\/RedX.Net\/\",\"https:\/\/x.com\/x_net_\",\"https:\/\/es.wikipedia.org\/wiki\/Xnet\"]}]}<\/script>\n<!-- \/ Yoast SEO plugin. -->","yoast_head_json":{"title":"About the oXcars -","robots":{"index":"index","follow":"follow","max-snippet":"max-snippet:-1","max-image-preview":"max-image-preview:large","max-video-preview":"max-video-preview:-1"},"canonical":"https:\/\/xnet-x.net\/es\/aboutoxcars\/","twitter_misc":{"Tiempo de lectura":"3 minutos"},"schema":{"@context":"https:\/\/schema.org","@graph":[{"@type":"WebPage","@id":"https:\/\/xnet-x.net\/es\/aboutoxcars\/","url":"https:\/\/xnet-x.net\/es\/aboutoxcars\/","name":"About the oXcars -","isPartOf":{"@id":"https:\/\/xnet-x.net\/es\/#website"},"datePublished":"2009-03-25T11:22:46+00:00","dateModified":"2010-12-05T15:25:05+00:00","breadcrumb":{"@id":"https:\/\/xnet-x.net\/es\/aboutoxcars\/#breadcrumb"},"inLanguage":"es","potentialAction":[{"@type":"ReadAction","target":[["https:\/\/xnet-x.net\/es\/aboutoxcars\/"]]}]},{"@type":"BreadcrumbList","@id":"https:\/\/xnet-x.net\/es\/aboutoxcars\/#breadcrumb","itemListElement":[{"@type":"ListItem","position":1,"name":"Portada","item":"https:\/\/xnet-x.net\/es\/"},{"@type":"ListItem","position":2,"name":"About the oXcars"}]},{"@type":"WebSite","@id":"https:\/\/xnet-x.net\/es\/#website","url":"https:\/\/xnet-x.net\/es\/","name":"[:es]Xnet - Internet, derechos y democracia en la era digital[:ca]Xnet - Internet, drets i democr\u00e0cia en l'era digital[:en]Xnet - Internet freedoms & digital rights[:]","description":"Xnet: Internet, informaci\u00f3n y cultura libres. Tecnopol\u00edtica. Datos, algoritmos y derechos digitales. Libertad de expresi\u00f3n. Democracia y anticorrupci\u00f3n","publisher":{"@id":"https:\/\/xnet-x.net\/es\/#organization"},"potentialAction":[{"@type":"SearchAction","target":{"@type":"EntryPoint","urlTemplate":"https:\/\/xnet-x.net\/es\/?s={search_term_string}"},"query-input":{"@type":"PropertyValueSpecification","valueRequired":true,"valueName":"search_term_string"}}],"inLanguage":"es"},{"@type":"Organization","@id":"https:\/\/xnet-x.net\/es\/#organization","name":"Xnet - Internet, derechos y democracia en la era digital","url":"https:\/\/xnet-x.net\/es\/","logo":{"@type":"ImageObject","inLanguage":"es","@id":"https:\/\/xnet-x.net\/es\/#\/schema\/logo\/image\/","url":"https:\/\/xnet-x.net\/img\/xnet-logo.png","contentUrl":"https:\/\/xnet-x.net\/img\/xnet-logo.png","width":512,"height":512,"caption":"Xnet - Internet, derechos y democracia en la era digital"},"image":{"@id":"https:\/\/xnet-x.net\/es\/#\/schema\/logo\/image\/"},"sameAs":["http:\/\/facebook.com\/RedX.Net\/","https:\/\/x.com\/x_net_","https:\/\/es.wikipedia.org\/wiki\/Xnet"]}]}},"_links":{"self":[{"href":"https:\/\/xnet-x.net\/es\/wp-json\/wp\/v2\/pages\/210","targetHints":{"allow":["GET"]}}],"collection":[{"href":"https:\/\/xnet-x.net\/es\/wp-json\/wp\/v2\/pages"}],"about":[{"href":"https:\/\/xnet-x.net\/es\/wp-json\/wp\/v2\/types\/page"}],"author":[{"embeddable":true,"href":"https:\/\/xnet-x.net\/es\/wp-json\/wp\/v2\/users\/5"}],"replies":[{"embeddable":true,"href":"https:\/\/xnet-x.net\/es\/wp-json\/wp\/v2\/comments?post=210"}],"version-history":[{"count":0,"href":"https:\/\/xnet-x.net\/es\/wp-json\/wp\/v2\/pages\/210\/revisions"}],"wp:attachment":[{"href":"https:\/\/xnet-x.net\/es\/wp-json\/wp\/v2\/media?parent=210"}],"curies":[{"name":"wp","href":"https:\/\/api.w.org\/{rel}","templated":true}]}}