{"id":208,"date":"2008-09-11T22:11:24","date_gmt":"2008-09-11T20:11:24","guid":{"rendered":"http:\/\/la-ex.net\/?page_id=208"},"modified":"2008-09-17T19:53:41","modified_gmt":"2008-09-17T17:53:41","slug":"workshops","status":"publish","type":"page","link":"https:\/\/xnet-x.net\/es\/workshops\/","title":{"rendered":"PRACTICAL WORKSHOPS"},"content":{"rendered":"<p><strong>SATURDAY NOVEMBER 1, from 5 to 10pm<\/strong><\/p>\n<p><strong>PRACTICAL WORKSHOPS<\/strong><br \/>\n(Sala Conservas, C\/ Sant Pau 58, ground floor, 08001 Barcelona. Metro: Liceu)<\/p>\n<p>EVERYTHING YOU MAY WANT TO LEARN IN ORDER TO GAIN CONTROL OF YOUR LIFE: HOW TO REGISTER, LICENSE, RELEASE, MULTIPLY, DISTRIBUTE, SHARE, PROTECT&#8230;<\/p>\n<p>Structure of the workshops: first there will be a group presentation, where several people who are especially competent in the different aspects under discussion will take around twenty minutes each\u00a0 to explain specific tools.<br \/>\nEach presenter will then form a group and answer specific questions. Workshop participants will be able to move freely from group to group, according to what they want to know.<\/p>\n<p><img loading=\"lazy\" decoding=\"async\" src=\"http:\/\/farm4.static.flickr.com\/3245\/2824905225_e914b6a254_m.jpg\" alt=\"\" width=\"240\" height=\"67\" \/><\/p>\n<p>&#8211; <strong>Safe Creative (intellectual property register): <\/strong><br \/>\nSafe Creative is a new intellectual property register created in Zaragoza for the purpose of protecting authors from plagiarism and from other people unduly appropriating their work, but in accordance with the spirit of digital media. Four days after its launch, 1,300 works had already been registered on the SafeCreative.org website. Safe Creative is a free register that allows users to register their work under any kind of licence, from Creative Commons licences like GNU to traditional licences that protect Copyright , in all languages and formats.<br \/>\nThe idea for the register arose from a perceived lack of a neutral point in relation to free licences \u2013 the need for a third party that could provide proof of authorship as a way of giving legal rigor to copyleft licences.<br \/>\nThis register has two peculiarities: firstly, it requires lodgement of a copy \u2013 that is, it has its own repository of works. User sign up, send a copy of their work, state what kind of licence they are using and have 24 hours in which to make any necessary changes before a digital certificate is issued. Secondly, it is always possible for users to change the licence of any registered work \u2013 whether it be a song, a blog entry, a comic or a design (the register will eventually cover all products subject to intellectual property). For example, if a song is initially registered as \u00aball rights reserved\u00bb its author can change it to a Creative Commons model at any time.<br \/>\nSafeCreative will impart a workshop called \u201cThe other way to register\u201d on XX at Sala Conservas.<br \/>\n<a href=\"http:\/\/es.safecreative.net\" target=\"_blank\">http:\/\/es.safecreative.net<\/a><\/p>\n<p>&#8211; <strong>Production and management of copyright for audiovisual projects.<\/strong><br \/>\nImparted<br \/>\nby YProductions, www.ypsite.net (HAMACA management team, <a href=\"http:\/\/hamacaonline.net\" target=\"_blank\">www.hamacaonline.ne<\/a> )<\/p>\n<p><img loading=\"lazy\" decoding=\"async\" class=\"alignleft\" style=\"float: left;\" src=\"http:\/\/farm4.static.flickr.com\/3110\/2824906939_bd7638daff_m.jpg\" alt=\"\" width=\"240\" height=\"182\" \/>The convergence of a series of very different factors was a prerequisite for the emergence of a new paradigm in which it is much easier to create, edit and spread audiovisual works. The availability of reasonably affordable cameras and computers was the bridge making it possible to crystallise ideas and visions of reality that may have already existed in our minds or in other forms, but hadn&#8217;t previously found the right physical media that transformed them into part of our audiovisual reality. With new information and communication technology, it has been possible to make and distribute these visions much more easily and add them to other ways of describing and understanding reality. But this new paradigm isn&#8217;t so clear cut. The royalty management models based on current legal guidelines that have shrewdly established themselves in the cultural industries are sometimes far from the most beneficial for producers, artists and other cultural agents working in independent video. People who produce and spread audiovisual projects can be in many different situations and be doing it for all kinds of purposes, and it is only with great difficulty that they can be translated into standard models.<br \/>\nThis workshop will show the different forms of copyright and royalties management available and explain their pros and cons, as well as discussing the need for this legal aspect to be understood as a basic part of the discursive production of audiovisual projects.<\/p>\n<p><strong>Change your habits: logical tips to improve your life.<br \/>\nBy EXGAE<\/strong><\/p>\n<p><img loading=\"lazy\" decoding=\"async\" class=\"alignleft\" style=\"float: left;\" src=\"http:\/\/farm4.static.flickr.com\/3264\/2825738908_46f8031639_m.jpg\" alt=\"\" width=\"184\" height=\"240\" \/>EXGAE came into being with the aim of channelling popular, well-grounded hostility to royalty management bodies and equipping it with legal, artistic tools.<br \/>\nLike the great majority of civil society, EXGAE supports other ways of circulating culture.<br \/>\n24 entities, consisting of associations and individual citizens, are behind this initiative that is taking its first steps with the support of almost 8000 people.<br \/>\nEXGAE works to inform and help citizens in general and, in particular, to advise businesses, creators, artists and producers, regardless of whether they are bound hand and foot to a royalties management organisation.<br \/>\nEventually, they hope to change habits and change the rules in order to achieve a fairer and more beneficial use of digital and cultural resources.<\/p>\n<p>EXGAE offers:<br \/>\n&#8211; Legal advice in person, with specialised lawyers<br \/>\n&#8211; On its web site, answers to frequently asked questions on copyright, licenses, levies, and royalty management bodies for artists, producers, venues, businesses, IT stores, etc. General FAQs and a FAQ section focusing on SGAE, the main Spanish royalties management organisation.<br \/>\n&#8211;\u00a0 Self-defense tools: at www.exgae.net, everybody can download essential tools (contract templates, letters for rejecting the \u201ccan\u00f3n digital\u201d, the Spanish government\u2019s \u201cdigital levy\u201d when it\u2019s incorrectly applied, etc etc)<br \/>\n&#8211; Training for specialised lawyers.<br \/>\n&#8211; We find ways to bring out into the public arena those things that everybody already thinks and does: events, attitudes, virals, talks, DIY workshops, P2P Networks.<\/p>\n<p>EXGAE isn\u2019t a welfare project. EXGAE invents and puts into practice.<br \/>\nMultiply and spread.<br \/>\n<a href=\"\/\" target=\"_blank\">http:\/\/xnet-x.net\/<\/a><\/p>\n<p>&#8211; Free Cultural Works: A brief introduction to the concept of free software (origins, copyleft,&#8230;) and the way it has expanded and been transposed to other artistic fields (CC,&#8230;)<br \/>\nDiscussion: Current issues, challenges, &#8230;<br \/>\nBy Marc Monta\u00f1\u00e9s:\u00a0 is a programmer specialising in web development based on open source software. He was one of the organisers of the 2nd Copyleft Conference in Barcelona, a member of Sindominio&#8230;.<\/p>\n<p>&#8211; Encryptaci\u00f3n by Arturo Quirantes<\/p>\n","protected":false},"excerpt":{"rendered":"<p>SATURDAY NOVEMBER 1, from 5 to 10pm PRACTICAL WORKSHOPS (Sala Conservas, C\/ Sant Pau 58, ground floor, 08001 Barcelona. Metro: Liceu) EVERYTHING YOU MAY WANT TO LEARN IN ORDER TO GAIN CONTROL OF YOUR LIFE: HOW TO REGISTER, LICENSE, RELEASE, MULTIPLY, DISTRIBUTE, SHARE, PROTECT&#8230; Structure of the workshops: first there will be a group presentation, [&hellip;]<\/p>\n","protected":false},"author":5,"featured_media":0,"parent":0,"menu_order":0,"comment_status":"open","ping_status":"closed","template":"","meta":{"footnotes":""},"class_list":["post-208","page","type-page","status-publish","hentry"],"yoast_head":"<!-- This site is optimized with the Yoast SEO plugin v26.7 - https:\/\/yoast.com\/wordpress\/plugins\/seo\/ -->\n<title>PRACTICAL WORKSHOPS -<\/title>\n<meta name=\"robots\" content=\"index, follow, max-snippet:-1, max-image-preview:large, max-video-preview:-1\" \/>\n<link rel=\"canonical\" href=\"https:\/\/xnet-x.net\/es\/workshops\/\" \/>\n<meta name=\"twitter:label1\" content=\"Tiempo de lectura\" \/>\n\t<meta name=\"twitter:data1\" content=\"5 minutos\" \/>\n<script type=\"application\/ld+json\" class=\"yoast-schema-graph\">{\"@context\":\"https:\/\/schema.org\",\"@graph\":[{\"@type\":\"WebPage\",\"@id\":\"https:\/\/xnet-x.net\/es\/workshops\/\",\"url\":\"https:\/\/xnet-x.net\/es\/workshops\/\",\"name\":\"PRACTICAL WORKSHOPS -\",\"isPartOf\":{\"@id\":\"https:\/\/xnet-x.net\/es\/#website\"},\"primaryImageOfPage\":{\"@id\":\"https:\/\/xnet-x.net\/es\/workshops\/#primaryimage\"},\"image\":{\"@id\":\"https:\/\/xnet-x.net\/es\/workshops\/#primaryimage\"},\"thumbnailUrl\":\"http:\/\/farm4.static.flickr.com\/3245\/2824905225_e914b6a254_m.jpg\",\"datePublished\":\"2008-09-11T20:11:24+00:00\",\"dateModified\":\"2008-09-17T17:53:41+00:00\",\"breadcrumb\":{\"@id\":\"https:\/\/xnet-x.net\/es\/workshops\/#breadcrumb\"},\"inLanguage\":\"es\",\"potentialAction\":[{\"@type\":\"ReadAction\",\"target\":[[\"https:\/\/xnet-x.net\/es\/workshops\/\"]]}]},{\"@type\":\"ImageObject\",\"inLanguage\":\"es\",\"@id\":\"https:\/\/xnet-x.net\/es\/workshops\/#primaryimage\",\"url\":\"http:\/\/farm4.static.flickr.com\/3245\/2824905225_e914b6a254_m.jpg\",\"contentUrl\":\"http:\/\/farm4.static.flickr.com\/3245\/2824905225_e914b6a254_m.jpg\"},{\"@type\":\"BreadcrumbList\",\"@id\":\"https:\/\/xnet-x.net\/es\/workshops\/#breadcrumb\",\"itemListElement\":[{\"@type\":\"ListItem\",\"position\":1,\"name\":\"Portada\",\"item\":\"https:\/\/xnet-x.net\/es\/\"},{\"@type\":\"ListItem\",\"position\":2,\"name\":\"PRACTICAL WORKSHOPS\"}]},{\"@type\":\"WebSite\",\"@id\":\"https:\/\/xnet-x.net\/es\/#website\",\"url\":\"https:\/\/xnet-x.net\/es\/\",\"name\":\"[:es]Xnet - Internet, derechos y democracia en la era digital[:ca]Xnet - Internet, drets i democr\u00e0cia en l'era digital[:en]Xnet - Internet freedoms & digital rights[:]\",\"description\":\"Xnet: Internet, informaci\u00f3n y cultura libres. Tecnopol\u00edtica. Datos, algoritmos y derechos digitales. Libertad de expresi\u00f3n. Democracia y anticorrupci\u00f3n\",\"publisher\":{\"@id\":\"https:\/\/xnet-x.net\/es\/#organization\"},\"potentialAction\":[{\"@type\":\"SearchAction\",\"target\":{\"@type\":\"EntryPoint\",\"urlTemplate\":\"https:\/\/xnet-x.net\/es\/?s={search_term_string}\"},\"query-input\":{\"@type\":\"PropertyValueSpecification\",\"valueRequired\":true,\"valueName\":\"search_term_string\"}}],\"inLanguage\":\"es\"},{\"@type\":\"Organization\",\"@id\":\"https:\/\/xnet-x.net\/es\/#organization\",\"name\":\"Xnet - Internet, derechos y democracia en la era digital\",\"url\":\"https:\/\/xnet-x.net\/es\/\",\"logo\":{\"@type\":\"ImageObject\",\"inLanguage\":\"es\",\"@id\":\"https:\/\/xnet-x.net\/es\/#\/schema\/logo\/image\/\",\"url\":\"https:\/\/xnet-x.net\/img\/xnet-logo.png\",\"contentUrl\":\"https:\/\/xnet-x.net\/img\/xnet-logo.png\",\"width\":512,\"height\":512,\"caption\":\"Xnet - Internet, derechos y democracia en la era digital\"},\"image\":{\"@id\":\"https:\/\/xnet-x.net\/es\/#\/schema\/logo\/image\/\"},\"sameAs\":[\"http:\/\/facebook.com\/RedX.Net\/\",\"https:\/\/x.com\/x_net_\",\"https:\/\/es.wikipedia.org\/wiki\/Xnet\"]}]}<\/script>\n<!-- \/ Yoast SEO plugin. -->","yoast_head_json":{"title":"PRACTICAL WORKSHOPS -","robots":{"index":"index","follow":"follow","max-snippet":"max-snippet:-1","max-image-preview":"max-image-preview:large","max-video-preview":"max-video-preview:-1"},"canonical":"https:\/\/xnet-x.net\/es\/workshops\/","twitter_misc":{"Tiempo de lectura":"5 minutos"},"schema":{"@context":"https:\/\/schema.org","@graph":[{"@type":"WebPage","@id":"https:\/\/xnet-x.net\/es\/workshops\/","url":"https:\/\/xnet-x.net\/es\/workshops\/","name":"PRACTICAL WORKSHOPS -","isPartOf":{"@id":"https:\/\/xnet-x.net\/es\/#website"},"primaryImageOfPage":{"@id":"https:\/\/xnet-x.net\/es\/workshops\/#primaryimage"},"image":{"@id":"https:\/\/xnet-x.net\/es\/workshops\/#primaryimage"},"thumbnailUrl":"http:\/\/farm4.static.flickr.com\/3245\/2824905225_e914b6a254_m.jpg","datePublished":"2008-09-11T20:11:24+00:00","dateModified":"2008-09-17T17:53:41+00:00","breadcrumb":{"@id":"https:\/\/xnet-x.net\/es\/workshops\/#breadcrumb"},"inLanguage":"es","potentialAction":[{"@type":"ReadAction","target":[["https:\/\/xnet-x.net\/es\/workshops\/"]]}]},{"@type":"ImageObject","inLanguage":"es","@id":"https:\/\/xnet-x.net\/es\/workshops\/#primaryimage","url":"http:\/\/farm4.static.flickr.com\/3245\/2824905225_e914b6a254_m.jpg","contentUrl":"http:\/\/farm4.static.flickr.com\/3245\/2824905225_e914b6a254_m.jpg"},{"@type":"BreadcrumbList","@id":"https:\/\/xnet-x.net\/es\/workshops\/#breadcrumb","itemListElement":[{"@type":"ListItem","position":1,"name":"Portada","item":"https:\/\/xnet-x.net\/es\/"},{"@type":"ListItem","position":2,"name":"PRACTICAL WORKSHOPS"}]},{"@type":"WebSite","@id":"https:\/\/xnet-x.net\/es\/#website","url":"https:\/\/xnet-x.net\/es\/","name":"[:es]Xnet - Internet, derechos y democracia en la era digital[:ca]Xnet - Internet, drets i democr\u00e0cia en l'era digital[:en]Xnet - Internet freedoms & digital rights[:]","description":"Xnet: Internet, informaci\u00f3n y cultura libres. Tecnopol\u00edtica. Datos, algoritmos y derechos digitales. Libertad de expresi\u00f3n. Democracia y anticorrupci\u00f3n","publisher":{"@id":"https:\/\/xnet-x.net\/es\/#organization"},"potentialAction":[{"@type":"SearchAction","target":{"@type":"EntryPoint","urlTemplate":"https:\/\/xnet-x.net\/es\/?s={search_term_string}"},"query-input":{"@type":"PropertyValueSpecification","valueRequired":true,"valueName":"search_term_string"}}],"inLanguage":"es"},{"@type":"Organization","@id":"https:\/\/xnet-x.net\/es\/#organization","name":"Xnet - Internet, derechos y democracia en la era digital","url":"https:\/\/xnet-x.net\/es\/","logo":{"@type":"ImageObject","inLanguage":"es","@id":"https:\/\/xnet-x.net\/es\/#\/schema\/logo\/image\/","url":"https:\/\/xnet-x.net\/img\/xnet-logo.png","contentUrl":"https:\/\/xnet-x.net\/img\/xnet-logo.png","width":512,"height":512,"caption":"Xnet - Internet, derechos y democracia en la era digital"},"image":{"@id":"https:\/\/xnet-x.net\/es\/#\/schema\/logo\/image\/"},"sameAs":["http:\/\/facebook.com\/RedX.Net\/","https:\/\/x.com\/x_net_","https:\/\/es.wikipedia.org\/wiki\/Xnet"]}]}},"_links":{"self":[{"href":"https:\/\/xnet-x.net\/es\/wp-json\/wp\/v2\/pages\/208","targetHints":{"allow":["GET"]}}],"collection":[{"href":"https:\/\/xnet-x.net\/es\/wp-json\/wp\/v2\/pages"}],"about":[{"href":"https:\/\/xnet-x.net\/es\/wp-json\/wp\/v2\/types\/page"}],"author":[{"embeddable":true,"href":"https:\/\/xnet-x.net\/es\/wp-json\/wp\/v2\/users\/5"}],"replies":[{"embeddable":true,"href":"https:\/\/xnet-x.net\/es\/wp-json\/wp\/v2\/comments?post=208"}],"version-history":[{"count":0,"href":"https:\/\/xnet-x.net\/es\/wp-json\/wp\/v2\/pages\/208\/revisions"}],"wp:attachment":[{"href":"https:\/\/xnet-x.net\/es\/wp-json\/wp\/v2\/media?parent=208"}],"curies":[{"name":"wp","href":"https:\/\/api.w.org\/{rel}","templated":true}]}}