{"id":207,"date":"2008-09-11T21:44:08","date_gmt":"2008-09-11T19:44:08","guid":{"rendered":"http:\/\/la-ex.net\/?page_id=207"},"modified":"2008-10-07T01:00:19","modified_gmt":"2008-10-06T23:00:19","slug":"seminar","status":"publish","type":"page","link":"https:\/\/xnet-x.net\/es\/seminar\/","title":{"rendered":"SEMINAR \u201cBARCELONA COPYLEFT TRADEMARK\u00bb"},"content":{"rendered":"<p><strong>SATURDAY NOVEMBER 1<br \/>\nSEMINAR \u201cBARCELONA COPYLEFT TRADEMARK. Institutions of the Commons\u201d<\/strong><br \/>\nfrom 10.30am to 2.30pm<br \/>\n(Sala Conservas, C\/ Sant Pau 58, ground floor, 08001 Barcelona. Metro: Liceu)<\/p>\n<p>Organised by <a href=\"http:\/\/universidadnomada.net\" target=\"_blank\">Universidad N\u00f3mada<\/a>, <a href=\"http:\/\/ateneucandela.org\" target=\"_blank\">Ateneu Candela<\/a>, <a href=\"http:\/\/exit-bcn.blogspot.com\" target=\"_blank\">Exit<\/a><\/p>\n<p>Panel. INSTITUTIONS OF THE COMMONS VERSUS THE CREATIVE CLASS<br \/>\nGigi Roggero (Edu Factory, AtelierOccupato ESC)<br \/>\nFelipe Brait. (Frente 3 de Fevereiro)<br \/>\nMarion von Osten. (to be confirmed) (Kleines postfordistisches Drama [KPD])<br \/>\nIntroduction: Joan M. Gual (EXIT-BCN)<\/p>\n<p>Panel. FROM COGNITIVE CAPITALISM TO THE COMMONFARE<br \/>\nMontserrat Galcer\u00e1n (Universidad N\u00f3mada)<br \/>\nEmmanuel Rodr\u00edguez (Universidad N\u00f3mada, Traficantes de Sue\u00f1os)<br \/>\nMatteo Pasquinelli (Rekombinant.org)<br \/>\nIntroduction: Ra\u00fal S\u00e1nchez Cedillo (Universidad N\u00f3mada)<\/p>\n<p>The seminar seeks in-depth analysis of the logic of copyleft and how it permeates the creation of new (social and arts) movement institutions. It will also explore the way these new institutions conceive the centrality of knowledge in the current phase of capitalism as a value-generating material asset, and how it is exploited in order to block social cooperation and access to shared forms of knowledge.<br \/>\nThe University-Factory and\u00a0 City-Company versus Institutions of the Commons. The Logic of Private Property versus the Logic of Common Property. Instead of the Information Society, Cognitive Capitalism, so as to state and shed light on a conflict that persists in contemporary global society: the issue of government and control in the Internet age.<br \/>\n\u201cThus, precarization and budgetary reduction force general intellect into a kind of strangulation, which, in the medium term, is expressed as a depletion of forms of production. (&#8230;.) Some forms of basic income \u2013 grants systems in education and research, the reduction of reproduction assets, investments in social infrastructure \u2013 are also ways of investing in cooperation pools that make it possible to\u00a0 multiply positive external factors, which companies end up using to their advantage. This means that one of the possible options for the movements would be to hasten these capital reform tendencies in a direction that allows nodes of productive and political autonomy to be established. In response to the announcement of a new type of welfare, the social movements will be ready to bring about political change that will make the commons the new status of citizenship, without the consideration of labour provision. To coin a new word, we could call it The Commonfare.\u00bb<br \/>\n(Ra\u00fal S\u00e1nchez Cedillo and Emmanuel Rodr\u00edguez. Capitalismo Cognitivo, propiedad intelectual y creaci\u00f3n colectiva. Traficantes de Sue\u00f1os)<br \/>\n<a href=\"http:\/\/www.universidadnomada.net\/\" target=\"_blank\">http:\/\/www.universidadnomada.net\/<\/a><\/p>\n","protected":false},"excerpt":{"rendered":"<p>SATURDAY NOVEMBER 1 SEMINAR \u201cBARCELONA COPYLEFT TRADEMARK. Institutions of the Commons\u201d from 10.30am to 2.30pm (Sala Conservas, C\/ Sant Pau 58, ground floor, 08001 Barcelona. Metro: Liceu) Organised by Universidad N\u00f3mada, Ateneu Candela, Exit Panel. INSTITUTIONS OF THE COMMONS VERSUS THE CREATIVE CLASS Gigi Roggero (Edu Factory, AtelierOccupato ESC) Felipe Brait. (Frente 3 de Fevereiro) [&hellip;]<\/p>\n","protected":false},"author":5,"featured_media":0,"parent":0,"menu_order":0,"comment_status":"open","ping_status":"closed","template":"","meta":{"footnotes":""},"class_list":["post-207","page","type-page","status-publish","hentry"],"yoast_head":"<!-- This site is optimized with the Yoast SEO plugin v26.7 - https:\/\/yoast.com\/wordpress\/plugins\/seo\/ -->\n<title>SEMINAR \u201cBARCELONA COPYLEFT TRADEMARK&quot; -<\/title>\n<meta name=\"robots\" content=\"index, follow, max-snippet:-1, max-image-preview:large, max-video-preview:-1\" \/>\n<link rel=\"canonical\" href=\"https:\/\/xnet-x.net\/es\/seminar\/\" \/>\n<meta name=\"twitter:label1\" content=\"Tiempo de lectura\" \/>\n\t<meta name=\"twitter:data1\" content=\"2 minutos\" \/>\n<script type=\"application\/ld+json\" class=\"yoast-schema-graph\">{\"@context\":\"https:\/\/schema.org\",\"@graph\":[{\"@type\":\"WebPage\",\"@id\":\"https:\/\/xnet-x.net\/es\/seminar\/\",\"url\":\"https:\/\/xnet-x.net\/es\/seminar\/\",\"name\":\"SEMINAR \u201cBARCELONA COPYLEFT TRADEMARK\\\" -\",\"isPartOf\":{\"@id\":\"https:\/\/xnet-x.net\/es\/#website\"},\"datePublished\":\"2008-09-11T19:44:08+00:00\",\"dateModified\":\"2008-10-06T23:00:19+00:00\",\"breadcrumb\":{\"@id\":\"https:\/\/xnet-x.net\/es\/seminar\/#breadcrumb\"},\"inLanguage\":\"es\",\"potentialAction\":[{\"@type\":\"ReadAction\",\"target\":[[\"https:\/\/xnet-x.net\/es\/seminar\/\"]]}]},{\"@type\":\"BreadcrumbList\",\"@id\":\"https:\/\/xnet-x.net\/es\/seminar\/#breadcrumb\",\"itemListElement\":[{\"@type\":\"ListItem\",\"position\":1,\"name\":\"Portada\",\"item\":\"https:\/\/xnet-x.net\/es\/\"},{\"@type\":\"ListItem\",\"position\":2,\"name\":\"SEMINAR \u201cBARCELONA COPYLEFT TRADEMARK\u00bb\"}]},{\"@type\":\"WebSite\",\"@id\":\"https:\/\/xnet-x.net\/es\/#website\",\"url\":\"https:\/\/xnet-x.net\/es\/\",\"name\":\"[:es]Xnet - Internet, derechos y democracia en la era digital[:ca]Xnet - Internet, drets i democr\u00e0cia en l'era digital[:en]Xnet - Internet freedoms & digital rights[:]\",\"description\":\"Xnet: Internet, informaci\u00f3n y cultura libres. Tecnopol\u00edtica. Datos, algoritmos y derechos digitales. Libertad de expresi\u00f3n. Democracia y anticorrupci\u00f3n\",\"publisher\":{\"@id\":\"https:\/\/xnet-x.net\/es\/#organization\"},\"potentialAction\":[{\"@type\":\"SearchAction\",\"target\":{\"@type\":\"EntryPoint\",\"urlTemplate\":\"https:\/\/xnet-x.net\/es\/?s={search_term_string}\"},\"query-input\":{\"@type\":\"PropertyValueSpecification\",\"valueRequired\":true,\"valueName\":\"search_term_string\"}}],\"inLanguage\":\"es\"},{\"@type\":\"Organization\",\"@id\":\"https:\/\/xnet-x.net\/es\/#organization\",\"name\":\"Xnet - Internet, derechos y democracia en la era digital\",\"url\":\"https:\/\/xnet-x.net\/es\/\",\"logo\":{\"@type\":\"ImageObject\",\"inLanguage\":\"es\",\"@id\":\"https:\/\/xnet-x.net\/es\/#\/schema\/logo\/image\/\",\"url\":\"https:\/\/xnet-x.net\/img\/xnet-logo.png\",\"contentUrl\":\"https:\/\/xnet-x.net\/img\/xnet-logo.png\",\"width\":512,\"height\":512,\"caption\":\"Xnet - Internet, derechos y democracia en la era digital\"},\"image\":{\"@id\":\"https:\/\/xnet-x.net\/es\/#\/schema\/logo\/image\/\"},\"sameAs\":[\"http:\/\/facebook.com\/RedX.Net\/\",\"https:\/\/x.com\/x_net_\",\"https:\/\/es.wikipedia.org\/wiki\/Xnet\"]}]}<\/script>\n<!-- \/ Yoast SEO plugin. -->","yoast_head_json":{"title":"SEMINAR \u201cBARCELONA COPYLEFT TRADEMARK\" -","robots":{"index":"index","follow":"follow","max-snippet":"max-snippet:-1","max-image-preview":"max-image-preview:large","max-video-preview":"max-video-preview:-1"},"canonical":"https:\/\/xnet-x.net\/es\/seminar\/","twitter_misc":{"Tiempo de lectura":"2 minutos"},"schema":{"@context":"https:\/\/schema.org","@graph":[{"@type":"WebPage","@id":"https:\/\/xnet-x.net\/es\/seminar\/","url":"https:\/\/xnet-x.net\/es\/seminar\/","name":"SEMINAR \u201cBARCELONA COPYLEFT TRADEMARK\" -","isPartOf":{"@id":"https:\/\/xnet-x.net\/es\/#website"},"datePublished":"2008-09-11T19:44:08+00:00","dateModified":"2008-10-06T23:00:19+00:00","breadcrumb":{"@id":"https:\/\/xnet-x.net\/es\/seminar\/#breadcrumb"},"inLanguage":"es","potentialAction":[{"@type":"ReadAction","target":[["https:\/\/xnet-x.net\/es\/seminar\/"]]}]},{"@type":"BreadcrumbList","@id":"https:\/\/xnet-x.net\/es\/seminar\/#breadcrumb","itemListElement":[{"@type":"ListItem","position":1,"name":"Portada","item":"https:\/\/xnet-x.net\/es\/"},{"@type":"ListItem","position":2,"name":"SEMINAR \u201cBARCELONA COPYLEFT TRADEMARK\u00bb"}]},{"@type":"WebSite","@id":"https:\/\/xnet-x.net\/es\/#website","url":"https:\/\/xnet-x.net\/es\/","name":"[:es]Xnet - Internet, derechos y democracia en la era digital[:ca]Xnet - Internet, drets i democr\u00e0cia en l'era digital[:en]Xnet - Internet freedoms & digital rights[:]","description":"Xnet: Internet, informaci\u00f3n y cultura libres. Tecnopol\u00edtica. Datos, algoritmos y derechos digitales. Libertad de expresi\u00f3n. Democracia y anticorrupci\u00f3n","publisher":{"@id":"https:\/\/xnet-x.net\/es\/#organization"},"potentialAction":[{"@type":"SearchAction","target":{"@type":"EntryPoint","urlTemplate":"https:\/\/xnet-x.net\/es\/?s={search_term_string}"},"query-input":{"@type":"PropertyValueSpecification","valueRequired":true,"valueName":"search_term_string"}}],"inLanguage":"es"},{"@type":"Organization","@id":"https:\/\/xnet-x.net\/es\/#organization","name":"Xnet - Internet, derechos y democracia en la era digital","url":"https:\/\/xnet-x.net\/es\/","logo":{"@type":"ImageObject","inLanguage":"es","@id":"https:\/\/xnet-x.net\/es\/#\/schema\/logo\/image\/","url":"https:\/\/xnet-x.net\/img\/xnet-logo.png","contentUrl":"https:\/\/xnet-x.net\/img\/xnet-logo.png","width":512,"height":512,"caption":"Xnet - Internet, derechos y democracia en la era digital"},"image":{"@id":"https:\/\/xnet-x.net\/es\/#\/schema\/logo\/image\/"},"sameAs":["http:\/\/facebook.com\/RedX.Net\/","https:\/\/x.com\/x_net_","https:\/\/es.wikipedia.org\/wiki\/Xnet"]}]}},"_links":{"self":[{"href":"https:\/\/xnet-x.net\/es\/wp-json\/wp\/v2\/pages\/207","targetHints":{"allow":["GET"]}}],"collection":[{"href":"https:\/\/xnet-x.net\/es\/wp-json\/wp\/v2\/pages"}],"about":[{"href":"https:\/\/xnet-x.net\/es\/wp-json\/wp\/v2\/types\/page"}],"author":[{"embeddable":true,"href":"https:\/\/xnet-x.net\/es\/wp-json\/wp\/v2\/users\/5"}],"replies":[{"embeddable":true,"href":"https:\/\/xnet-x.net\/es\/wp-json\/wp\/v2\/comments?post=207"}],"version-history":[{"count":0,"href":"https:\/\/xnet-x.net\/es\/wp-json\/wp\/v2\/pages\/207\/revisions"}],"wp:attachment":[{"href":"https:\/\/xnet-x.net\/es\/wp-json\/wp\/v2\/media?parent=207"}],"curies":[{"name":"wp","href":"https:\/\/api.w.org\/{rel}","templated":true}]}}