{"id":206,"date":"2008-09-11T21:33:47","date_gmt":"2008-09-11T19:33:47","guid":{"rendered":"http:\/\/la-ex.net\/?page_id=206"},"modified":"2008-10-07T00:57:44","modified_gmt":"2008-10-06T22:57:44","slug":"friday","status":"publish","type":"page","link":"https:\/\/xnet-x.net\/es\/friday\/","title":{"rendered":"FRIDAY 31th October"},"content":{"rendered":"<p><strong>SEMINAR at 6 pm<\/strong><br \/>\n<strong>\u201cBARCELONA COPYLEFT TRADEMARK. Institutions of the Commons\u201d<\/strong> is a seminar organised as part of the OXCARS to explore in more detail some of the problematic nodes of the situation at present. It consists of three panels (see Friday and Saturday):<\/p>\n<p>Panel.\u00a0 INTELLECTUAL PROPERTY RIGHTS, COOPERATION, INCOME, CONFLICTS, COGNITIVE CAPITALISM.<br \/>\nAndrea Fumagalli. (Uninomade, Universidad de Pavia)<br \/>\nMatteo Pasquinelli (Rekombinant.org)<br \/>\nJeanne Revel. (Revista Vacarme)<br \/>\nIntroduction: Arnau Monterde (Ateneu Candela)<br \/>\nLed by:<br \/>\nUniversidad N\u00f3mada [universidadnomada.net], Ateneu Candela [ateneucandela.org], Exit  <a href=\"http:\/\/exit-bcn.blogspot.com\/\" target=\"_blank\">[exit-bcn.blogspot.com\/]<\/a><\/p>\n<p><strong>10PM FREE MUSICA PARTY <\/strong><strong>CENTRE D&#8217;ART PRODUEIX MUSICA POP <\/strong><\/p>\n<p><img loading=\"lazy\" decoding=\"async\" class=\"alignleft\" style=\"float: left;\" src=\"http:\/\/farm4.static.flickr.com\/3130\/2825741108_b458773b70_m.jpg\" alt=\"\" width=\"240\" height=\"240\" \/><strong>with DJ Barretina on local free music bands from the project:<\/strong><br \/>\n<a href=\"http:\/\/www.myspace.com\/centredartprodueixmusicapop\" target=\"_blank\">http:\/\/www.myspace.com\/centredartprodueixmusicapop<\/a><\/p>\n<p><strong>En el Centre Social Magdalenes, C\/ Magdalenes 13<\/strong><\/p>\n","protected":false},"excerpt":{"rendered":"<p>SEMINAR at 6 pm \u201cBARCELONA COPYLEFT TRADEMARK. Institutions of the Commons\u201d is a seminar organised as part of the OXCARS to explore in more detail some of the problematic nodes of the situation at present. It consists of three panels (see Friday and Saturday): Panel.\u00a0 INTELLECTUAL PROPERTY RIGHTS, COOPERATION, INCOME, CONFLICTS, COGNITIVE CAPITALISM. Andrea Fumagalli. [&hellip;]<\/p>\n","protected":false},"author":5,"featured_media":0,"parent":0,"menu_order":0,"comment_status":"open","ping_status":"closed","template":"","meta":{"footnotes":""},"class_list":["post-206","page","type-page","status-publish","hentry"],"yoast_head":"<!-- This site is optimized with the Yoast SEO plugin v26.7 - https:\/\/yoast.com\/wordpress\/plugins\/seo\/ -->\n<title>FRIDAY 31th October  -<\/title>\n<meta name=\"robots\" content=\"index, follow, max-snippet:-1, max-image-preview:large, max-video-preview:-1\" \/>\n<link rel=\"canonical\" href=\"https:\/\/xnet-x.net\/es\/friday\/\" \/>\n<meta name=\"twitter:label1\" content=\"Tiempo de lectura\" \/>\n\t<meta name=\"twitter:data1\" content=\"1 minuto\" \/>\n<script type=\"application\/ld+json\" class=\"yoast-schema-graph\">{\"@context\":\"https:\/\/schema.org\",\"@graph\":[{\"@type\":\"WebPage\",\"@id\":\"https:\/\/xnet-x.net\/es\/friday\/\",\"url\":\"https:\/\/xnet-x.net\/es\/friday\/\",\"name\":\"FRIDAY 31th October -\",\"isPartOf\":{\"@id\":\"https:\/\/xnet-x.net\/es\/#website\"},\"primaryImageOfPage\":{\"@id\":\"https:\/\/xnet-x.net\/es\/friday\/#primaryimage\"},\"image\":{\"@id\":\"https:\/\/xnet-x.net\/es\/friday\/#primaryimage\"},\"thumbnailUrl\":\"http:\/\/farm4.static.flickr.com\/3130\/2825741108_b458773b70_m.jpg\",\"datePublished\":\"2008-09-11T19:33:47+00:00\",\"dateModified\":\"2008-10-06T22:57:44+00:00\",\"breadcrumb\":{\"@id\":\"https:\/\/xnet-x.net\/es\/friday\/#breadcrumb\"},\"inLanguage\":\"es\",\"potentialAction\":[{\"@type\":\"ReadAction\",\"target\":[[\"https:\/\/xnet-x.net\/es\/friday\/\"]]}]},{\"@type\":\"ImageObject\",\"inLanguage\":\"es\",\"@id\":\"https:\/\/xnet-x.net\/es\/friday\/#primaryimage\",\"url\":\"http:\/\/farm4.static.flickr.com\/3130\/2825741108_b458773b70_m.jpg\",\"contentUrl\":\"http:\/\/farm4.static.flickr.com\/3130\/2825741108_b458773b70_m.jpg\"},{\"@type\":\"BreadcrumbList\",\"@id\":\"https:\/\/xnet-x.net\/es\/friday\/#breadcrumb\",\"itemListElement\":[{\"@type\":\"ListItem\",\"position\":1,\"name\":\"Portada\",\"item\":\"https:\/\/xnet-x.net\/es\/\"},{\"@type\":\"ListItem\",\"position\":2,\"name\":\"FRIDAY 31th October\"}]},{\"@type\":\"WebSite\",\"@id\":\"https:\/\/xnet-x.net\/es\/#website\",\"url\":\"https:\/\/xnet-x.net\/es\/\",\"name\":\"[:es]Xnet - Internet, derechos y democracia en la era digital[:ca]Xnet - Internet, drets i democr\u00e0cia en l'era digital[:en]Xnet - Internet freedoms & digital rights[:]\",\"description\":\"Xnet: Internet, informaci\u00f3n y cultura libres. Tecnopol\u00edtica. Datos, algoritmos y derechos digitales. Libertad de expresi\u00f3n. Democracia y anticorrupci\u00f3n\",\"publisher\":{\"@id\":\"https:\/\/xnet-x.net\/es\/#organization\"},\"potentialAction\":[{\"@type\":\"SearchAction\",\"target\":{\"@type\":\"EntryPoint\",\"urlTemplate\":\"https:\/\/xnet-x.net\/es\/?s={search_term_string}\"},\"query-input\":{\"@type\":\"PropertyValueSpecification\",\"valueRequired\":true,\"valueName\":\"search_term_string\"}}],\"inLanguage\":\"es\"},{\"@type\":\"Organization\",\"@id\":\"https:\/\/xnet-x.net\/es\/#organization\",\"name\":\"Xnet - Internet, derechos y democracia en la era digital\",\"url\":\"https:\/\/xnet-x.net\/es\/\",\"logo\":{\"@type\":\"ImageObject\",\"inLanguage\":\"es\",\"@id\":\"https:\/\/xnet-x.net\/es\/#\/schema\/logo\/image\/\",\"url\":\"https:\/\/xnet-x.net\/img\/xnet-logo.png\",\"contentUrl\":\"https:\/\/xnet-x.net\/img\/xnet-logo.png\",\"width\":512,\"height\":512,\"caption\":\"Xnet - Internet, derechos y democracia en la era digital\"},\"image\":{\"@id\":\"https:\/\/xnet-x.net\/es\/#\/schema\/logo\/image\/\"},\"sameAs\":[\"http:\/\/facebook.com\/RedX.Net\/\",\"https:\/\/x.com\/x_net_\",\"https:\/\/es.wikipedia.org\/wiki\/Xnet\"]}]}<\/script>\n<!-- \/ Yoast SEO plugin. -->","yoast_head_json":{"title":"FRIDAY 31th October  -","robots":{"index":"index","follow":"follow","max-snippet":"max-snippet:-1","max-image-preview":"max-image-preview:large","max-video-preview":"max-video-preview:-1"},"canonical":"https:\/\/xnet-x.net\/es\/friday\/","twitter_misc":{"Tiempo de lectura":"1 minuto"},"schema":{"@context":"https:\/\/schema.org","@graph":[{"@type":"WebPage","@id":"https:\/\/xnet-x.net\/es\/friday\/","url":"https:\/\/xnet-x.net\/es\/friday\/","name":"FRIDAY 31th October -","isPartOf":{"@id":"https:\/\/xnet-x.net\/es\/#website"},"primaryImageOfPage":{"@id":"https:\/\/xnet-x.net\/es\/friday\/#primaryimage"},"image":{"@id":"https:\/\/xnet-x.net\/es\/friday\/#primaryimage"},"thumbnailUrl":"http:\/\/farm4.static.flickr.com\/3130\/2825741108_b458773b70_m.jpg","datePublished":"2008-09-11T19:33:47+00:00","dateModified":"2008-10-06T22:57:44+00:00","breadcrumb":{"@id":"https:\/\/xnet-x.net\/es\/friday\/#breadcrumb"},"inLanguage":"es","potentialAction":[{"@type":"ReadAction","target":[["https:\/\/xnet-x.net\/es\/friday\/"]]}]},{"@type":"ImageObject","inLanguage":"es","@id":"https:\/\/xnet-x.net\/es\/friday\/#primaryimage","url":"http:\/\/farm4.static.flickr.com\/3130\/2825741108_b458773b70_m.jpg","contentUrl":"http:\/\/farm4.static.flickr.com\/3130\/2825741108_b458773b70_m.jpg"},{"@type":"BreadcrumbList","@id":"https:\/\/xnet-x.net\/es\/friday\/#breadcrumb","itemListElement":[{"@type":"ListItem","position":1,"name":"Portada","item":"https:\/\/xnet-x.net\/es\/"},{"@type":"ListItem","position":2,"name":"FRIDAY 31th October"}]},{"@type":"WebSite","@id":"https:\/\/xnet-x.net\/es\/#website","url":"https:\/\/xnet-x.net\/es\/","name":"[:es]Xnet - Internet, derechos y democracia en la era digital[:ca]Xnet - Internet, drets i democr\u00e0cia en l'era digital[:en]Xnet - Internet freedoms & digital rights[:]","description":"Xnet: Internet, informaci\u00f3n y cultura libres. Tecnopol\u00edtica. Datos, algoritmos y derechos digitales. Libertad de expresi\u00f3n. Democracia y anticorrupci\u00f3n","publisher":{"@id":"https:\/\/xnet-x.net\/es\/#organization"},"potentialAction":[{"@type":"SearchAction","target":{"@type":"EntryPoint","urlTemplate":"https:\/\/xnet-x.net\/es\/?s={search_term_string}"},"query-input":{"@type":"PropertyValueSpecification","valueRequired":true,"valueName":"search_term_string"}}],"inLanguage":"es"},{"@type":"Organization","@id":"https:\/\/xnet-x.net\/es\/#organization","name":"Xnet - Internet, derechos y democracia en la era digital","url":"https:\/\/xnet-x.net\/es\/","logo":{"@type":"ImageObject","inLanguage":"es","@id":"https:\/\/xnet-x.net\/es\/#\/schema\/logo\/image\/","url":"https:\/\/xnet-x.net\/img\/xnet-logo.png","contentUrl":"https:\/\/xnet-x.net\/img\/xnet-logo.png","width":512,"height":512,"caption":"Xnet - Internet, derechos y democracia en la era digital"},"image":{"@id":"https:\/\/xnet-x.net\/es\/#\/schema\/logo\/image\/"},"sameAs":["http:\/\/facebook.com\/RedX.Net\/","https:\/\/x.com\/x_net_","https:\/\/es.wikipedia.org\/wiki\/Xnet"]}]}},"_links":{"self":[{"href":"https:\/\/xnet-x.net\/es\/wp-json\/wp\/v2\/pages\/206","targetHints":{"allow":["GET"]}}],"collection":[{"href":"https:\/\/xnet-x.net\/es\/wp-json\/wp\/v2\/pages"}],"about":[{"href":"https:\/\/xnet-x.net\/es\/wp-json\/wp\/v2\/types\/page"}],"author":[{"embeddable":true,"href":"https:\/\/xnet-x.net\/es\/wp-json\/wp\/v2\/users\/5"}],"replies":[{"embeddable":true,"href":"https:\/\/xnet-x.net\/es\/wp-json\/wp\/v2\/comments?post=206"}],"version-history":[{"count":0,"href":"https:\/\/xnet-x.net\/es\/wp-json\/wp\/v2\/pages\/206\/revisions"}],"wp:attachment":[{"href":"https:\/\/xnet-x.net\/es\/wp-json\/wp\/v2\/media?parent=206"}],"curies":[{"name":"wp","href":"https:\/\/api.w.org\/{rel}","templated":true}]}}