{"id":205,"date":"2008-09-11T21:24:15","date_gmt":"2008-09-11T19:24:15","guid":{"rendered":"http:\/\/la-ex.net\/?page_id=205"},"modified":"2008-09-17T19:38:57","modified_gmt":"2008-09-17T17:38:57","slug":"thursday","status":"publish","type":"page","link":"https:\/\/xnet-x.net\/es\/thursday\/","title":{"rendered":"THURSDAY OCTOBER 30"},"content":{"rendered":"<p><strong>FILM at 7pm<\/strong><br \/>\nSCREENING OF THE DOCUMENTARY \u00ab<strong>STEAL THIS FILM II\u00bb<\/strong> WITH AN INTRODUCTION BY THE FILMMAKERS<\/p>\n<p>A TALK: FROM CONSUMERS TO PRODUSERS: <strong>WHO WILL KILL WHO? At 8pm<\/strong><br \/>\n(Sala Conservas, C\/ Sant Pau 58, ground floor, 08001 Barcelona. Metro: Liceu)<br \/>\n(see <a href=\"\/exgae-multiply-and-share-forth\/theoxcars\/program\/alantoner\" target=\"_blank\">Alan Toner<\/a> &amp; Pirate Cinema in the Oxcar Awards Ceremony section)<\/p>\n<p><img loading=\"lazy\" decoding=\"async\" class=\"alignleft\" style=\"float: left;\" src=\"http:\/\/farm4.static.flickr.com\/3194\/2824905603_69ff83d5ab_m.jpg\" alt=\"\" width=\"171\" height=\"240\" \/>Documentary screening:<br \/>\nSteal this film II (documentary): From the league of noble peers (alan toner, jamie king, jan gerber, luca lucarini, sebastien lutgert). The first part of this documentary recorded over 3 million downloads on the Internet. This second part doesn\u2019t talk about sharing films and music. It talks about free access to culture, the shrinking costs of distribution and the right to make copies and changes. Also about direct contact between creators and audiences. Essential factors for the creation of a free culture.<br \/>\nSteal this film II is an attempt to come to terms with intellectual property, a creative way of thinking about the future of copying and changes in the distribution of culture. In this case, you can\u2019t say sequels are never any good.<br \/>\nSteal this Film is only distributed through file sharing (P2P) networks.<br \/>\nIt will be screened at Sala Conservas on October 30.<br \/>\n<strong><\/strong><\/p>\n<p><strong>Talk: From Consumers to Produsers, or Ceci Tuera Cela?<\/strong><br \/>\n\u00abAnd opening the window of his cell he pointed out with<br \/>\nhis finger the immense church of Notre-Dame, which, outlining<br \/>\nagainst the starry sky the black silhouette of its two towers,<br \/>\nits stone flanks, its monstrous haunches, seemed an enormous<br \/>\ntwo-headed sphinx, seated in the middle of the city.<br \/>\nThe archdeacon gazed at the gigantic edifice for some time<br \/>\nin silence, then extending his right hand, with a sigh, towards<br \/>\nthe printed book which lay open on the table, and his left<br \/>\ntowards Notre-Dame, and turning a sad glance from the book<br \/>\nto the church,&#8211;\u00abAlas,\u00bb he said, \u00abthis will kill that.\u00bb&#8216;<\/p>\n<p>&#8211; Victor Hugo, The Hunchback of Notre Dame<\/p>\n<p>The film industry has historically been controlled through strangleholds over the three basic levels of its commercial circuit: production, exhibition and distribution. This control has shaped the audiovisual environment of today.<br \/>\nTechnological change has eroded control at all of these three levels. Film and editing equipment is now a mass market commodity whose price is being steadily driven down. Digital projectors are now cheap and commonplace. High speed data networks provide full global broadcast range at a price fast nearing rock bottom.<br \/>\nThe power of the film industry now lies in its greater capacity to shape viewers habits through advertising, and their ownership of the underlying copyrights in the films, both as products in their own right, and as raw materials for works to come. This is the context of the hysterical war against piracy. Once equipped with the tools described above, consumers cease to be clients and become competitors and consequently, enemies.<br \/>\nThis presentation is dedicated to the tools available to assist consumers in becoming produsers in the field of production, distribution and exhibition, and proposes a discussion as to whether Hugo&#8217;s prognosis, regarding the death of architectural supremacy at the hands of the printing machine, is applicable to developments around the studio system.<\/p>\n<p>Participants:<br \/>\n<a onclick=\"javascript:pageTracker._trackPageview('\/outbound\/article\/http:\/\/www.piratecinema.org\/');\" href=\"http:\/\/www.piratecinema.org\/\" target=\"_blank\">www.piratecinema.org<\/a><br \/>\n<a onclick=\"javascript:pageTracker._trackPageview('\/outbound\/article\/http:\/\/knowfuture.wordpress.com\/');\" href=\"http:\/\/knowfuture.wordpress.com\/\" target=\"_blank\">http:\/\/knowfuture.wordpress.com<\/a><br \/>\n<a onclick=\"javascript:pageTracker._trackPageview('\/outbound\/article\/http:\/\/www.stealthisfilm.com\/Part2\/');\" href=\"http:\/\/www.stealthisfilm.com\/Part2\/\" target=\"_blank\">http:\/\/www.stealthisfilm.com\/Part2\/<\/a><a href=\"http:\/\/www.stealthisfilm.com\/Part2\/\" target=\"_blank\"><\/a><\/p>\n<p>ALSO ON THURSDAY OCTOBER 30, 8pm **<\/p>\n<p>Presentation of the book <strong>\u201cNew Thing\u201d<\/strong> and discussion with its author<strong> Wu Ming 1<\/strong>, followed by a jam session.<\/p>\n<p>** ** at\u00a0 Ateneu Candela: C\/\u00a0 Sant Gaiet\u00e0 73, Terrassa, \u00c1rea Metropolitana BCN<br \/>\nActivity organised by por el Ateneu Candela <a href=\"http:\/\/ateneucandela.org\" target=\"_blank\">[ateneucandela.org]<\/a><\/p>\n","protected":false},"excerpt":{"rendered":"<p>FILM at 7pm SCREENING OF THE DOCUMENTARY \u00abSTEAL THIS FILM II\u00bb WITH AN INTRODUCTION BY THE FILMMAKERS A TALK: FROM CONSUMERS TO PRODUSERS: WHO WILL KILL WHO? At 8pm (Sala Conservas, C\/ Sant Pau 58, ground floor, 08001 Barcelona. Metro: Liceu) (see Alan Toner &amp; Pirate Cinema in the Oxcar Awards Ceremony section) Documentary screening: [&hellip;]<\/p>\n","protected":false},"author":5,"featured_media":0,"parent":0,"menu_order":0,"comment_status":"open","ping_status":"closed","template":"","meta":{"footnotes":""},"class_list":["post-205","page","type-page","status-publish","hentry"],"yoast_head":"<!-- This site is optimized with the Yoast SEO plugin v26.7 - https:\/\/yoast.com\/wordpress\/plugins\/seo\/ -->\n<title>THURSDAY OCTOBER 30  -<\/title>\n<meta name=\"robots\" content=\"index, follow, max-snippet:-1, max-image-preview:large, max-video-preview:-1\" \/>\n<link rel=\"canonical\" href=\"https:\/\/xnet-x.net\/es\/thursday\/\" \/>\n<meta name=\"twitter:label1\" content=\"Tiempo de lectura\" \/>\n\t<meta name=\"twitter:data1\" content=\"3 minutos\" \/>\n<script type=\"application\/ld+json\" class=\"yoast-schema-graph\">{\"@context\":\"https:\/\/schema.org\",\"@graph\":[{\"@type\":\"WebPage\",\"@id\":\"https:\/\/xnet-x.net\/es\/thursday\/\",\"url\":\"https:\/\/xnet-x.net\/es\/thursday\/\",\"name\":\"THURSDAY OCTOBER 30 -\",\"isPartOf\":{\"@id\":\"https:\/\/xnet-x.net\/es\/#website\"},\"primaryImageOfPage\":{\"@id\":\"https:\/\/xnet-x.net\/es\/thursday\/#primaryimage\"},\"image\":{\"@id\":\"https:\/\/xnet-x.net\/es\/thursday\/#primaryimage\"},\"thumbnailUrl\":\"http:\/\/farm4.static.flickr.com\/3194\/2824905603_69ff83d5ab_m.jpg\",\"datePublished\":\"2008-09-11T19:24:15+00:00\",\"dateModified\":\"2008-09-17T17:38:57+00:00\",\"breadcrumb\":{\"@id\":\"https:\/\/xnet-x.net\/es\/thursday\/#breadcrumb\"},\"inLanguage\":\"es\",\"potentialAction\":[{\"@type\":\"ReadAction\",\"target\":[[\"https:\/\/xnet-x.net\/es\/thursday\/\"]]}]},{\"@type\":\"ImageObject\",\"inLanguage\":\"es\",\"@id\":\"https:\/\/xnet-x.net\/es\/thursday\/#primaryimage\",\"url\":\"http:\/\/farm4.static.flickr.com\/3194\/2824905603_69ff83d5ab_m.jpg\",\"contentUrl\":\"http:\/\/farm4.static.flickr.com\/3194\/2824905603_69ff83d5ab_m.jpg\"},{\"@type\":\"BreadcrumbList\",\"@id\":\"https:\/\/xnet-x.net\/es\/thursday\/#breadcrumb\",\"itemListElement\":[{\"@type\":\"ListItem\",\"position\":1,\"name\":\"Portada\",\"item\":\"https:\/\/xnet-x.net\/es\/\"},{\"@type\":\"ListItem\",\"position\":2,\"name\":\"THURSDAY OCTOBER 30\"}]},{\"@type\":\"WebSite\",\"@id\":\"https:\/\/xnet-x.net\/es\/#website\",\"url\":\"https:\/\/xnet-x.net\/es\/\",\"name\":\"[:es]Xnet - Internet, derechos y democracia en la era digital[:ca]Xnet - Internet, drets i democr\u00e0cia en l'era digital[:en]Xnet - Internet freedoms & digital rights[:]\",\"description\":\"Xnet: Internet, informaci\u00f3n y cultura libres. Tecnopol\u00edtica. Datos, algoritmos y derechos digitales. Libertad de expresi\u00f3n. Democracia y anticorrupci\u00f3n\",\"publisher\":{\"@id\":\"https:\/\/xnet-x.net\/es\/#organization\"},\"potentialAction\":[{\"@type\":\"SearchAction\",\"target\":{\"@type\":\"EntryPoint\",\"urlTemplate\":\"https:\/\/xnet-x.net\/es\/?s={search_term_string}\"},\"query-input\":{\"@type\":\"PropertyValueSpecification\",\"valueRequired\":true,\"valueName\":\"search_term_string\"}}],\"inLanguage\":\"es\"},{\"@type\":\"Organization\",\"@id\":\"https:\/\/xnet-x.net\/es\/#organization\",\"name\":\"Xnet - Internet, derechos y democracia en la era digital\",\"url\":\"https:\/\/xnet-x.net\/es\/\",\"logo\":{\"@type\":\"ImageObject\",\"inLanguage\":\"es\",\"@id\":\"https:\/\/xnet-x.net\/es\/#\/schema\/logo\/image\/\",\"url\":\"https:\/\/xnet-x.net\/img\/xnet-logo.png\",\"contentUrl\":\"https:\/\/xnet-x.net\/img\/xnet-logo.png\",\"width\":512,\"height\":512,\"caption\":\"Xnet - Internet, derechos y democracia en la era digital\"},\"image\":{\"@id\":\"https:\/\/xnet-x.net\/es\/#\/schema\/logo\/image\/\"},\"sameAs\":[\"http:\/\/facebook.com\/RedX.Net\/\",\"https:\/\/x.com\/x_net_\",\"https:\/\/es.wikipedia.org\/wiki\/Xnet\"]}]}<\/script>\n<!-- \/ Yoast SEO plugin. -->","yoast_head_json":{"title":"THURSDAY OCTOBER 30  -","robots":{"index":"index","follow":"follow","max-snippet":"max-snippet:-1","max-image-preview":"max-image-preview:large","max-video-preview":"max-video-preview:-1"},"canonical":"https:\/\/xnet-x.net\/es\/thursday\/","twitter_misc":{"Tiempo de lectura":"3 minutos"},"schema":{"@context":"https:\/\/schema.org","@graph":[{"@type":"WebPage","@id":"https:\/\/xnet-x.net\/es\/thursday\/","url":"https:\/\/xnet-x.net\/es\/thursday\/","name":"THURSDAY OCTOBER 30 -","isPartOf":{"@id":"https:\/\/xnet-x.net\/es\/#website"},"primaryImageOfPage":{"@id":"https:\/\/xnet-x.net\/es\/thursday\/#primaryimage"},"image":{"@id":"https:\/\/xnet-x.net\/es\/thursday\/#primaryimage"},"thumbnailUrl":"http:\/\/farm4.static.flickr.com\/3194\/2824905603_69ff83d5ab_m.jpg","datePublished":"2008-09-11T19:24:15+00:00","dateModified":"2008-09-17T17:38:57+00:00","breadcrumb":{"@id":"https:\/\/xnet-x.net\/es\/thursday\/#breadcrumb"},"inLanguage":"es","potentialAction":[{"@type":"ReadAction","target":[["https:\/\/xnet-x.net\/es\/thursday\/"]]}]},{"@type":"ImageObject","inLanguage":"es","@id":"https:\/\/xnet-x.net\/es\/thursday\/#primaryimage","url":"http:\/\/farm4.static.flickr.com\/3194\/2824905603_69ff83d5ab_m.jpg","contentUrl":"http:\/\/farm4.static.flickr.com\/3194\/2824905603_69ff83d5ab_m.jpg"},{"@type":"BreadcrumbList","@id":"https:\/\/xnet-x.net\/es\/thursday\/#breadcrumb","itemListElement":[{"@type":"ListItem","position":1,"name":"Portada","item":"https:\/\/xnet-x.net\/es\/"},{"@type":"ListItem","position":2,"name":"THURSDAY OCTOBER 30"}]},{"@type":"WebSite","@id":"https:\/\/xnet-x.net\/es\/#website","url":"https:\/\/xnet-x.net\/es\/","name":"[:es]Xnet - Internet, derechos y democracia en la era digital[:ca]Xnet - Internet, drets i democr\u00e0cia en l'era digital[:en]Xnet - Internet freedoms & digital rights[:]","description":"Xnet: Internet, informaci\u00f3n y cultura libres. Tecnopol\u00edtica. Datos, algoritmos y derechos digitales. Libertad de expresi\u00f3n. Democracia y anticorrupci\u00f3n","publisher":{"@id":"https:\/\/xnet-x.net\/es\/#organization"},"potentialAction":[{"@type":"SearchAction","target":{"@type":"EntryPoint","urlTemplate":"https:\/\/xnet-x.net\/es\/?s={search_term_string}"},"query-input":{"@type":"PropertyValueSpecification","valueRequired":true,"valueName":"search_term_string"}}],"inLanguage":"es"},{"@type":"Organization","@id":"https:\/\/xnet-x.net\/es\/#organization","name":"Xnet - Internet, derechos y democracia en la era digital","url":"https:\/\/xnet-x.net\/es\/","logo":{"@type":"ImageObject","inLanguage":"es","@id":"https:\/\/xnet-x.net\/es\/#\/schema\/logo\/image\/","url":"https:\/\/xnet-x.net\/img\/xnet-logo.png","contentUrl":"https:\/\/xnet-x.net\/img\/xnet-logo.png","width":512,"height":512,"caption":"Xnet - Internet, derechos y democracia en la era digital"},"image":{"@id":"https:\/\/xnet-x.net\/es\/#\/schema\/logo\/image\/"},"sameAs":["http:\/\/facebook.com\/RedX.Net\/","https:\/\/x.com\/x_net_","https:\/\/es.wikipedia.org\/wiki\/Xnet"]}]}},"_links":{"self":[{"href":"https:\/\/xnet-x.net\/es\/wp-json\/wp\/v2\/pages\/205","targetHints":{"allow":["GET"]}}],"collection":[{"href":"https:\/\/xnet-x.net\/es\/wp-json\/wp\/v2\/pages"}],"about":[{"href":"https:\/\/xnet-x.net\/es\/wp-json\/wp\/v2\/types\/page"}],"author":[{"embeddable":true,"href":"https:\/\/xnet-x.net\/es\/wp-json\/wp\/v2\/users\/5"}],"replies":[{"embeddable":true,"href":"https:\/\/xnet-x.net\/es\/wp-json\/wp\/v2\/comments?post=205"}],"version-history":[{"count":0,"href":"https:\/\/xnet-x.net\/es\/wp-json\/wp\/v2\/pages\/205\/revisions"}],"wp:attachment":[{"href":"https:\/\/xnet-x.net\/es\/wp-json\/wp\/v2\/media?parent=205"}],"curies":[{"name":"wp","href":"https:\/\/api.w.org\/{rel}","templated":true}]}}