{"id":193,"date":"2008-09-11T17:45:36","date_gmt":"2008-09-11T15:45:36","guid":{"rendered":"http:\/\/la-ex.net\/?page_id=193"},"modified":"2015-01-23T15:27:46","modified_gmt":"2015-01-23T14:27:46","slug":"maquinaofturing","status":"publish","type":"page","link":"https:\/\/xnet-x.net\/es\/la-maquina-de-turing\/","title":{"rendered":"La M\u00e0quina de Turing"},"content":{"rendered":"<p><img loading=\"lazy\" decoding=\"async\" class=\"alignleft\" style=\"border: 1px solid black; margin: 6px; float: left;\" src=\"http:\/\/farm4.static.flickr.com\/3273\/2824926561_ee7c068550_m.jpg\" alt=\"\" width=\"240\" height=\"240\" \/><strong>La Maquina de Turing<\/strong>&#8216;s audiovisual live is the world&#8217;s recreation of a special crew formed by musicians, singers and videoartists.<\/p>\n<p>Live electronic music works as conducting thread for a personal universe built with visual metaphora, audible atmospheres and emotive voices. Although its critical background dressed with poetry and symbolism, curiosity and experimentation transform La Maquina de Turing&#8217;s live into an improvisation and audiovisual research lab.<\/p>\n<p>Cutting edge AV synchronization, narrative games and experimental stage design driven by dense sublow, broken beats and dark textures interlace and merge into a breakbeat, dubstep rhythms and furious drum&#8217;n&#8217;bass, resulting in a distinct and eclectic live set.<\/p>\n<p><a  href=\"http:\/\/www.telenoika.net\/\" target=\"_blank\">www.telenoika.net<\/a><\/p>","protected":false},"excerpt":{"rendered":"<p>La Maquina de Turing&#8216;s audiovisual live is the world&#8217;s recreation of a special crew formed by musicians, singers and videoartists. Live electronic music works as conducting thread for a personal universe built with visual metaphora, audible atmospheres and emotive voices. Although its critical background dressed with poetry and symbolism, curiosity and experimentation transform La Maquina [&hellip;]<\/p>\n","protected":false},"author":5,"featured_media":0,"parent":0,"menu_order":0,"comment_status":"closed","ping_status":"closed","template":"","meta":{"footnotes":""},"class_list":["post-193","page","type-page","status-publish","hentry"],"yoast_head":"<!-- This site is optimized with the Yoast SEO plugin v26.7 - https:\/\/yoast.com\/wordpress\/plugins\/seo\/ -->\n<title>La M\u00e0quina de Turing -<\/title>\n<meta name=\"robots\" content=\"index, follow, max-snippet:-1, max-image-preview:large, max-video-preview:-1\" \/>\n<link rel=\"canonical\" href=\"https:\/\/xnet-x.net\/es\/la-maquina-de-turing\/\" \/>\n<meta name=\"twitter:label1\" content=\"Tiempo de lectura\" \/>\n\t<meta name=\"twitter:data1\" content=\"2 minutos\" \/>\n<script type=\"application\/ld+json\" class=\"yoast-schema-graph\">{\"@context\":\"https:\/\/schema.org\",\"@graph\":[{\"@type\":\"WebPage\",\"@id\":\"https:\/\/xnet-x.net\/es\/la-maquina-de-turing\/\",\"url\":\"https:\/\/xnet-x.net\/es\/la-maquina-de-turing\/\",\"name\":\"La M\u00e0quina de Turing -\",\"isPartOf\":{\"@id\":\"https:\/\/xnet-x.net\/es\/#website\"},\"primaryImageOfPage\":{\"@id\":\"https:\/\/xnet-x.net\/es\/la-maquina-de-turing\/#primaryimage\"},\"image\":{\"@id\":\"https:\/\/xnet-x.net\/es\/la-maquina-de-turing\/#primaryimage\"},\"thumbnailUrl\":\"http:\/\/farm4.static.flickr.com\/3273\/2824926561_ee7c068550_m.jpg\",\"datePublished\":\"2008-09-11T15:45:36+00:00\",\"dateModified\":\"2015-01-23T14:27:46+00:00\",\"breadcrumb\":{\"@id\":\"https:\/\/xnet-x.net\/es\/la-maquina-de-turing\/#breadcrumb\"},\"inLanguage\":\"es\",\"potentialAction\":[{\"@type\":\"ReadAction\",\"target\":[[\"https:\/\/xnet-x.net\/es\/la-maquina-de-turing\/\"]]}]},{\"@type\":\"ImageObject\",\"inLanguage\":\"es\",\"@id\":\"https:\/\/xnet-x.net\/es\/la-maquina-de-turing\/#primaryimage\",\"url\":\"http:\/\/farm4.static.flickr.com\/3273\/2824926561_ee7c068550_m.jpg\",\"contentUrl\":\"http:\/\/farm4.static.flickr.com\/3273\/2824926561_ee7c068550_m.jpg\"},{\"@type\":\"BreadcrumbList\",\"@id\":\"https:\/\/xnet-x.net\/es\/la-maquina-de-turing\/#breadcrumb\",\"itemListElement\":[{\"@type\":\"ListItem\",\"position\":1,\"name\":\"Portada\",\"item\":\"https:\/\/xnet-x.net\/es\/\"},{\"@type\":\"ListItem\",\"position\":2,\"name\":\"La M\u00e0quina de Turing\"}]},{\"@type\":\"WebSite\",\"@id\":\"https:\/\/xnet-x.net\/es\/#website\",\"url\":\"https:\/\/xnet-x.net\/es\/\",\"name\":\"[:es]Xnet - Internet, derechos y democracia en la era digital[:ca]Xnet - Internet, drets i democr\u00e0cia en l'era digital[:en]Xnet - Internet freedoms & digital rights[:]\",\"description\":\"Xnet: Internet, informaci\u00f3n y cultura libres. Tecnopol\u00edtica. Datos, algoritmos y derechos digitales. Libertad de expresi\u00f3n. Democracia y anticorrupci\u00f3n\",\"publisher\":{\"@id\":\"https:\/\/xnet-x.net\/es\/#organization\"},\"potentialAction\":[{\"@type\":\"SearchAction\",\"target\":{\"@type\":\"EntryPoint\",\"urlTemplate\":\"https:\/\/xnet-x.net\/es\/?s={search_term_string}\"},\"query-input\":{\"@type\":\"PropertyValueSpecification\",\"valueRequired\":true,\"valueName\":\"search_term_string\"}}],\"inLanguage\":\"es\"},{\"@type\":\"Organization\",\"@id\":\"https:\/\/xnet-x.net\/es\/#organization\",\"name\":\"Xnet - Internet, derechos y democracia en la era digital\",\"url\":\"https:\/\/xnet-x.net\/es\/\",\"logo\":{\"@type\":\"ImageObject\",\"inLanguage\":\"es\",\"@id\":\"https:\/\/xnet-x.net\/es\/#\/schema\/logo\/image\/\",\"url\":\"https:\/\/xnet-x.net\/img\/xnet-logo.png\",\"contentUrl\":\"https:\/\/xnet-x.net\/img\/xnet-logo.png\",\"width\":512,\"height\":512,\"caption\":\"Xnet - Internet, derechos y democracia en la era digital\"},\"image\":{\"@id\":\"https:\/\/xnet-x.net\/es\/#\/schema\/logo\/image\/\"},\"sameAs\":[\"http:\/\/facebook.com\/RedX.Net\/\",\"https:\/\/x.com\/x_net_\",\"https:\/\/es.wikipedia.org\/wiki\/Xnet\"]}]}<\/script>\n<!-- \/ Yoast SEO plugin. -->","yoast_head_json":{"title":"La M\u00e0quina de Turing -","robots":{"index":"index","follow":"follow","max-snippet":"max-snippet:-1","max-image-preview":"max-image-preview:large","max-video-preview":"max-video-preview:-1"},"canonical":"https:\/\/xnet-x.net\/es\/la-maquina-de-turing\/","twitter_misc":{"Tiempo de lectura":"2 minutos"},"schema":{"@context":"https:\/\/schema.org","@graph":[{"@type":"WebPage","@id":"https:\/\/xnet-x.net\/es\/la-maquina-de-turing\/","url":"https:\/\/xnet-x.net\/es\/la-maquina-de-turing\/","name":"La M\u00e0quina de Turing -","isPartOf":{"@id":"https:\/\/xnet-x.net\/es\/#website"},"primaryImageOfPage":{"@id":"https:\/\/xnet-x.net\/es\/la-maquina-de-turing\/#primaryimage"},"image":{"@id":"https:\/\/xnet-x.net\/es\/la-maquina-de-turing\/#primaryimage"},"thumbnailUrl":"http:\/\/farm4.static.flickr.com\/3273\/2824926561_ee7c068550_m.jpg","datePublished":"2008-09-11T15:45:36+00:00","dateModified":"2015-01-23T14:27:46+00:00","breadcrumb":{"@id":"https:\/\/xnet-x.net\/es\/la-maquina-de-turing\/#breadcrumb"},"inLanguage":"es","potentialAction":[{"@type":"ReadAction","target":[["https:\/\/xnet-x.net\/es\/la-maquina-de-turing\/"]]}]},{"@type":"ImageObject","inLanguage":"es","@id":"https:\/\/xnet-x.net\/es\/la-maquina-de-turing\/#primaryimage","url":"http:\/\/farm4.static.flickr.com\/3273\/2824926561_ee7c068550_m.jpg","contentUrl":"http:\/\/farm4.static.flickr.com\/3273\/2824926561_ee7c068550_m.jpg"},{"@type":"BreadcrumbList","@id":"https:\/\/xnet-x.net\/es\/la-maquina-de-turing\/#breadcrumb","itemListElement":[{"@type":"ListItem","position":1,"name":"Portada","item":"https:\/\/xnet-x.net\/es\/"},{"@type":"ListItem","position":2,"name":"La M\u00e0quina de Turing"}]},{"@type":"WebSite","@id":"https:\/\/xnet-x.net\/es\/#website","url":"https:\/\/xnet-x.net\/es\/","name":"[:es]Xnet - Internet, derechos y democracia en la era digital[:ca]Xnet - Internet, drets i democr\u00e0cia en l'era digital[:en]Xnet - Internet freedoms & digital rights[:]","description":"Xnet: Internet, informaci\u00f3n y cultura libres. Tecnopol\u00edtica. Datos, algoritmos y derechos digitales. Libertad de expresi\u00f3n. Democracia y anticorrupci\u00f3n","publisher":{"@id":"https:\/\/xnet-x.net\/es\/#organization"},"potentialAction":[{"@type":"SearchAction","target":{"@type":"EntryPoint","urlTemplate":"https:\/\/xnet-x.net\/es\/?s={search_term_string}"},"query-input":{"@type":"PropertyValueSpecification","valueRequired":true,"valueName":"search_term_string"}}],"inLanguage":"es"},{"@type":"Organization","@id":"https:\/\/xnet-x.net\/es\/#organization","name":"Xnet - Internet, derechos y democracia en la era digital","url":"https:\/\/xnet-x.net\/es\/","logo":{"@type":"ImageObject","inLanguage":"es","@id":"https:\/\/xnet-x.net\/es\/#\/schema\/logo\/image\/","url":"https:\/\/xnet-x.net\/img\/xnet-logo.png","contentUrl":"https:\/\/xnet-x.net\/img\/xnet-logo.png","width":512,"height":512,"caption":"Xnet - Internet, derechos y democracia en la era digital"},"image":{"@id":"https:\/\/xnet-x.net\/es\/#\/schema\/logo\/image\/"},"sameAs":["http:\/\/facebook.com\/RedX.Net\/","https:\/\/x.com\/x_net_","https:\/\/es.wikipedia.org\/wiki\/Xnet"]}]}},"_links":{"self":[{"href":"https:\/\/xnet-x.net\/es\/wp-json\/wp\/v2\/pages\/193","targetHints":{"allow":["GET"]}}],"collection":[{"href":"https:\/\/xnet-x.net\/es\/wp-json\/wp\/v2\/pages"}],"about":[{"href":"https:\/\/xnet-x.net\/es\/wp-json\/wp\/v2\/types\/page"}],"author":[{"embeddable":true,"href":"https:\/\/xnet-x.net\/es\/wp-json\/wp\/v2\/users\/5"}],"replies":[{"embeddable":true,"href":"https:\/\/xnet-x.net\/es\/wp-json\/wp\/v2\/comments?post=193"}],"version-history":[{"count":1,"href":"https:\/\/xnet-x.net\/es\/wp-json\/wp\/v2\/pages\/193\/revisions"}],"predecessor-version":[{"id":7153,"href":"https:\/\/xnet-x.net\/es\/wp-json\/wp\/v2\/pages\/193\/revisions\/7153"}],"wp:attachment":[{"href":"https:\/\/xnet-x.net\/es\/wp-json\/wp\/v2\/media?parent=193"}],"curies":[{"name":"wp","href":"https:\/\/api.w.org\/{rel}","templated":true}]}}