{"id":189,"date":"2008-09-11T17:49:41","date_gmt":"2008-09-11T15:49:41","guid":{"rendered":"http:\/\/la-ex.net\/?page_id=189"},"modified":"2008-09-13T19:01:35","modified_gmt":"2008-09-13T17:01:35","slug":"platoniqburn","status":"publish","type":"page","link":"https:\/\/xnet-x.net\/es\/platoniqburn\/","title":{"rendered":"Platoniq: Burn Station (net)"},"content":{"rendered":"<p><img loading=\"lazy\" decoding=\"async\" class=\"alignleft\" style=\"float: left; margin-left: 6px; margin-right: 6px;\" src=\"http:\/\/farm4.static.flickr.com\/3099\/2825741312_d93d9d0730_m.jpg\" alt=\"\" width=\"240\" height=\"156\" \/>Platonic is a group of cultural producers and software developers who have been operating in Barcelona since 2001. Inspired by the net and their ways of inhabiting it, Platoniq take the Internet to the streets in an effort to publicise, create and share other ways of actively using information, knowledge and connected culture<br \/>\nTheir recent projects include Burn Station, which allows people to copy audio documentation and non-copyright music, and the creation of the copyleft licence Aire Incondicional.<br \/>\nThe Platoniq team explore possible social uses of technology in a search for more effective strategies that lead to new forms of communication and training and new forms of work and citizen participation such as their Bank of Common Knowledge.<br \/>\nTheir work ends up generating innovative collective research methods and tools, as well as an extensive online audiovisual archive covered by free licences.<br \/>\nAt the Oxcars awards ceremony, we\u2019ll have the opportunity to see their project Burn Station live.<\/p>\n<p>Platoniq will launch their new project, S.O.S., at the oXcar awards ceremony:<\/p>\n<p>S.O.S.<br \/>\nFor over 150 years, Speaker\u2019s Corner has been one of London&#8217;s most popular attractions. On any given Sunday morning, anybody who has an opinion to air and anyone who wants to listen or refute it can gather at the point where Oxford Street and Hyde Park meet.<\/p>\n<p>A symbol of free speech, Speaker\u2019s Corner dates back to the 18th Century, when many ideas were unable to find an outlet for public expression in the lead up to the birth of the mass movements. Noted patrons have included Karl Marx, Vladimir Lenin, William Morris and George Orwell.<\/p>\n<p>S.O.S is a kit that allows users to record messages (offers, requests and complaints) at public events and in public space. It was inspired by Speaker&#8217;s Corner and continues in the line of previous Platonic projects such as Burn Station and the Bank of Common Knowledge. S.O.S aims to connect people with similar interests who are in the same area and would like to share information and tools. Interested parties use the SOS to record ads that are then classified and can be accessed online by subject and keyword. When the system finds a match between messages or a reply to a particular ad, an sms is automatically sent to the users involved, to prompt a possible meeting or exchange.<\/p>\n<p>S.O.S aims to generate policies that favour the use of significant, useful, endangered or reappropriated knowledge in urban and rural contexts, using the dynamic of local offers and requests. This project is part of Platoniq&#8217;s exploration of public collaboration formats that apply the positive effects of free software and P2P systems to the fields of (self) education and citizen participation.<br \/>\n<a onclick=\"javascript:pageTracker._trackPageview('\/outbound\/article\/http:\/\/www.platoniq.net');\" href=\"http:\/\/www.platoniq.net\/\" target=\"_blank\">http:\/\/www.platoniq.net<\/a><\/p>\n","protected":false},"excerpt":{"rendered":"<p>Platonic is a group of cultural producers and software developers who have been operating in Barcelona since 2001. Inspired by the net and their ways of inhabiting it, Platoniq take the Internet to the streets in an effort to publicise, create and share other ways of actively using information, knowledge and connected culture Their recent [&hellip;]<\/p>\n","protected":false},"author":5,"featured_media":0,"parent":0,"menu_order":0,"comment_status":"open","ping_status":"closed","template":"","meta":{"footnotes":""},"class_list":["post-189","page","type-page","status-publish","hentry"],"yoast_head":"<!-- This site is optimized with the Yoast SEO plugin v26.7 - https:\/\/yoast.com\/wordpress\/plugins\/seo\/ -->\n<title>Platoniq: Burn Station (net) -<\/title>\n<meta name=\"robots\" content=\"index, follow, max-snippet:-1, max-image-preview:large, max-video-preview:-1\" \/>\n<link rel=\"canonical\" href=\"https:\/\/xnet-x.net\/es\/platoniqburn\/\" \/>\n<meta name=\"twitter:label1\" content=\"Tiempo de lectura\" \/>\n\t<meta name=\"twitter:data1\" content=\"2 minutos\" \/>\n<script type=\"application\/ld+json\" class=\"yoast-schema-graph\">{\"@context\":\"https:\/\/schema.org\",\"@graph\":[{\"@type\":\"WebPage\",\"@id\":\"https:\/\/xnet-x.net\/es\/platoniqburn\/\",\"url\":\"https:\/\/xnet-x.net\/es\/platoniqburn\/\",\"name\":\"Platoniq: Burn Station (net) -\",\"isPartOf\":{\"@id\":\"https:\/\/xnet-x.net\/es\/#website\"},\"primaryImageOfPage\":{\"@id\":\"https:\/\/xnet-x.net\/es\/platoniqburn\/#primaryimage\"},\"image\":{\"@id\":\"https:\/\/xnet-x.net\/es\/platoniqburn\/#primaryimage\"},\"thumbnailUrl\":\"http:\/\/farm4.static.flickr.com\/3099\/2825741312_d93d9d0730_m.jpg\",\"datePublished\":\"2008-09-11T15:49:41+00:00\",\"dateModified\":\"2008-09-13T17:01:35+00:00\",\"breadcrumb\":{\"@id\":\"https:\/\/xnet-x.net\/es\/platoniqburn\/#breadcrumb\"},\"inLanguage\":\"es\",\"potentialAction\":[{\"@type\":\"ReadAction\",\"target\":[[\"https:\/\/xnet-x.net\/es\/platoniqburn\/\"]]}]},{\"@type\":\"ImageObject\",\"inLanguage\":\"es\",\"@id\":\"https:\/\/xnet-x.net\/es\/platoniqburn\/#primaryimage\",\"url\":\"http:\/\/farm4.static.flickr.com\/3099\/2825741312_d93d9d0730_m.jpg\",\"contentUrl\":\"http:\/\/farm4.static.flickr.com\/3099\/2825741312_d93d9d0730_m.jpg\"},{\"@type\":\"BreadcrumbList\",\"@id\":\"https:\/\/xnet-x.net\/es\/platoniqburn\/#breadcrumb\",\"itemListElement\":[{\"@type\":\"ListItem\",\"position\":1,\"name\":\"Portada\",\"item\":\"https:\/\/xnet-x.net\/es\/\"},{\"@type\":\"ListItem\",\"position\":2,\"name\":\"Platoniq: Burn Station (net)\"}]},{\"@type\":\"WebSite\",\"@id\":\"https:\/\/xnet-x.net\/es\/#website\",\"url\":\"https:\/\/xnet-x.net\/es\/\",\"name\":\"[:es]Xnet - Internet, derechos y democracia en la era digital[:ca]Xnet - Internet, drets i democr\u00e0cia en l'era digital[:en]Xnet - Internet freedoms & digital rights[:]\",\"description\":\"Xnet: Internet, informaci\u00f3n y cultura libres. Tecnopol\u00edtica. Datos, algoritmos y derechos digitales. Libertad de expresi\u00f3n. Democracia y anticorrupci\u00f3n\",\"publisher\":{\"@id\":\"https:\/\/xnet-x.net\/es\/#organization\"},\"potentialAction\":[{\"@type\":\"SearchAction\",\"target\":{\"@type\":\"EntryPoint\",\"urlTemplate\":\"https:\/\/xnet-x.net\/es\/?s={search_term_string}\"},\"query-input\":{\"@type\":\"PropertyValueSpecification\",\"valueRequired\":true,\"valueName\":\"search_term_string\"}}],\"inLanguage\":\"es\"},{\"@type\":\"Organization\",\"@id\":\"https:\/\/xnet-x.net\/es\/#organization\",\"name\":\"Xnet - Internet, derechos y democracia en la era digital\",\"url\":\"https:\/\/xnet-x.net\/es\/\",\"logo\":{\"@type\":\"ImageObject\",\"inLanguage\":\"es\",\"@id\":\"https:\/\/xnet-x.net\/es\/#\/schema\/logo\/image\/\",\"url\":\"https:\/\/xnet-x.net\/img\/xnet-logo.png\",\"contentUrl\":\"https:\/\/xnet-x.net\/img\/xnet-logo.png\",\"width\":512,\"height\":512,\"caption\":\"Xnet - Internet, derechos y democracia en la era digital\"},\"image\":{\"@id\":\"https:\/\/xnet-x.net\/es\/#\/schema\/logo\/image\/\"},\"sameAs\":[\"http:\/\/facebook.com\/RedX.Net\/\",\"https:\/\/x.com\/x_net_\",\"https:\/\/es.wikipedia.org\/wiki\/Xnet\"]}]}<\/script>\n<!-- \/ Yoast SEO plugin. -->","yoast_head_json":{"title":"Platoniq: Burn Station (net) -","robots":{"index":"index","follow":"follow","max-snippet":"max-snippet:-1","max-image-preview":"max-image-preview:large","max-video-preview":"max-video-preview:-1"},"canonical":"https:\/\/xnet-x.net\/es\/platoniqburn\/","twitter_misc":{"Tiempo de lectura":"2 minutos"},"schema":{"@context":"https:\/\/schema.org","@graph":[{"@type":"WebPage","@id":"https:\/\/xnet-x.net\/es\/platoniqburn\/","url":"https:\/\/xnet-x.net\/es\/platoniqburn\/","name":"Platoniq: Burn Station (net) -","isPartOf":{"@id":"https:\/\/xnet-x.net\/es\/#website"},"primaryImageOfPage":{"@id":"https:\/\/xnet-x.net\/es\/platoniqburn\/#primaryimage"},"image":{"@id":"https:\/\/xnet-x.net\/es\/platoniqburn\/#primaryimage"},"thumbnailUrl":"http:\/\/farm4.static.flickr.com\/3099\/2825741312_d93d9d0730_m.jpg","datePublished":"2008-09-11T15:49:41+00:00","dateModified":"2008-09-13T17:01:35+00:00","breadcrumb":{"@id":"https:\/\/xnet-x.net\/es\/platoniqburn\/#breadcrumb"},"inLanguage":"es","potentialAction":[{"@type":"ReadAction","target":[["https:\/\/xnet-x.net\/es\/platoniqburn\/"]]}]},{"@type":"ImageObject","inLanguage":"es","@id":"https:\/\/xnet-x.net\/es\/platoniqburn\/#primaryimage","url":"http:\/\/farm4.static.flickr.com\/3099\/2825741312_d93d9d0730_m.jpg","contentUrl":"http:\/\/farm4.static.flickr.com\/3099\/2825741312_d93d9d0730_m.jpg"},{"@type":"BreadcrumbList","@id":"https:\/\/xnet-x.net\/es\/platoniqburn\/#breadcrumb","itemListElement":[{"@type":"ListItem","position":1,"name":"Portada","item":"https:\/\/xnet-x.net\/es\/"},{"@type":"ListItem","position":2,"name":"Platoniq: Burn Station (net)"}]},{"@type":"WebSite","@id":"https:\/\/xnet-x.net\/es\/#website","url":"https:\/\/xnet-x.net\/es\/","name":"[:es]Xnet - Internet, derechos y democracia en la era digital[:ca]Xnet - Internet, drets i democr\u00e0cia en l'era digital[:en]Xnet - Internet freedoms & digital rights[:]","description":"Xnet: Internet, informaci\u00f3n y cultura libres. Tecnopol\u00edtica. Datos, algoritmos y derechos digitales. Libertad de expresi\u00f3n. Democracia y anticorrupci\u00f3n","publisher":{"@id":"https:\/\/xnet-x.net\/es\/#organization"},"potentialAction":[{"@type":"SearchAction","target":{"@type":"EntryPoint","urlTemplate":"https:\/\/xnet-x.net\/es\/?s={search_term_string}"},"query-input":{"@type":"PropertyValueSpecification","valueRequired":true,"valueName":"search_term_string"}}],"inLanguage":"es"},{"@type":"Organization","@id":"https:\/\/xnet-x.net\/es\/#organization","name":"Xnet - Internet, derechos y democracia en la era digital","url":"https:\/\/xnet-x.net\/es\/","logo":{"@type":"ImageObject","inLanguage":"es","@id":"https:\/\/xnet-x.net\/es\/#\/schema\/logo\/image\/","url":"https:\/\/xnet-x.net\/img\/xnet-logo.png","contentUrl":"https:\/\/xnet-x.net\/img\/xnet-logo.png","width":512,"height":512,"caption":"Xnet - Internet, derechos y democracia en la era digital"},"image":{"@id":"https:\/\/xnet-x.net\/es\/#\/schema\/logo\/image\/"},"sameAs":["http:\/\/facebook.com\/RedX.Net\/","https:\/\/x.com\/x_net_","https:\/\/es.wikipedia.org\/wiki\/Xnet"]}]}},"_links":{"self":[{"href":"https:\/\/xnet-x.net\/es\/wp-json\/wp\/v2\/pages\/189","targetHints":{"allow":["GET"]}}],"collection":[{"href":"https:\/\/xnet-x.net\/es\/wp-json\/wp\/v2\/pages"}],"about":[{"href":"https:\/\/xnet-x.net\/es\/wp-json\/wp\/v2\/types\/page"}],"author":[{"embeddable":true,"href":"https:\/\/xnet-x.net\/es\/wp-json\/wp\/v2\/users\/5"}],"replies":[{"embeddable":true,"href":"https:\/\/xnet-x.net\/es\/wp-json\/wp\/v2\/comments?post=189"}],"version-history":[{"count":0,"href":"https:\/\/xnet-x.net\/es\/wp-json\/wp\/v2\/pages\/189\/revisions"}],"wp:attachment":[{"href":"https:\/\/xnet-x.net\/es\/wp-json\/wp\/v2\/media?parent=189"}],"curies":[{"name":"wp","href":"https:\/\/api.w.org\/{rel}","templated":true}]}}