{"id":183,"date":"2008-09-11T17:48:58","date_gmt":"2008-09-11T15:48:58","guid":{"rendered":"http:\/\/la-ex.net\/?page_id=183"},"modified":"2008-09-22T15:57:53","modified_gmt":"2008-09-22T13:57:53","slug":"sotodeveloper","status":"publish","type":"page","link":"https:\/\/xnet-x.net\/es\/sotodeveloper\/","title":{"rendered":"Pablo Soto (developer)"},"content":{"rendered":"<p><img loading=\"lazy\" decoding=\"async\" class=\"alignleft\" style=\"float: left;\" src=\"http:\/\/farm4.static.flickr.com\/3009\/2825762376_329413de8a_m.jpg\" alt=\"\" width=\"240\" height=\"71\" \/><br \/>\nPablo Soto is considered one of the pioneers of P2P, together with other distinguished luminaries such as Justin Frankel (Gnutella) and Shawn Fanning (Napster). He is a frequent panellist at national and international forums and serves from time to time as\u00a0 visiting professor at the University of Valencia and the University of the Basque Country. His progressive accomplishments in technology have garnered worldwide press recognition, including CNN, The New York Times, Reuters, AP, USA Today, C\/Net, Rolling Stone, CBS News, San Jose Mercury News, among many other.<br \/>\nPromusicae has recently filed a 13 million euro lawsuit against him for his program Manolito P2P.<br \/>\nPablo Soto is 28.<\/p>\n<p>The participation of Pablo Soto at the oXcars will not be presential.<br \/>\n<a onclick=\"javascript:pageTracker._trackPageview('\/outbound\/article\/http:\/\/pablosoto.blogspot.com\/');\" href=\"http:\/\/pablosoto.blogspot.com\/\" target=\"_blank\">http:\/\/pablosoto.blogspot.com\/<\/a><\/p>\n","protected":false},"excerpt":{"rendered":"<p>Pablo Soto is considered one of the pioneers of P2P, together with other distinguished luminaries such as Justin Frankel (Gnutella) and Shawn Fanning (Napster). He is a frequent panellist at national and international forums and serves from time to time as\u00a0 visiting professor at the University of Valencia and the University of the Basque Country. [&hellip;]<\/p>\n","protected":false},"author":5,"featured_media":0,"parent":0,"menu_order":0,"comment_status":"open","ping_status":"closed","template":"","meta":{"footnotes":""},"class_list":["post-183","page","type-page","status-publish","hentry"],"yoast_head":"<!-- This site is optimized with the Yoast SEO plugin v26.7 - https:\/\/yoast.com\/wordpress\/plugins\/seo\/ -->\n<title>Pablo Soto (developer) -<\/title>\n<meta name=\"robots\" content=\"index, follow, max-snippet:-1, max-image-preview:large, max-video-preview:-1\" \/>\n<link rel=\"canonical\" href=\"https:\/\/xnet-x.net\/es\/sotodeveloper\/\" \/>\n<meta name=\"twitter:label1\" content=\"Tiempo de lectura\" \/>\n\t<meta name=\"twitter:data1\" content=\"1 minuto\" \/>\n<script type=\"application\/ld+json\" class=\"yoast-schema-graph\">{\"@context\":\"https:\/\/schema.org\",\"@graph\":[{\"@type\":\"WebPage\",\"@id\":\"https:\/\/xnet-x.net\/es\/sotodeveloper\/\",\"url\":\"https:\/\/xnet-x.net\/es\/sotodeveloper\/\",\"name\":\"Pablo Soto (developer) -\",\"isPartOf\":{\"@id\":\"https:\/\/xnet-x.net\/es\/#website\"},\"primaryImageOfPage\":{\"@id\":\"https:\/\/xnet-x.net\/es\/sotodeveloper\/#primaryimage\"},\"image\":{\"@id\":\"https:\/\/xnet-x.net\/es\/sotodeveloper\/#primaryimage\"},\"thumbnailUrl\":\"http:\/\/farm4.static.flickr.com\/3009\/2825762376_329413de8a_m.jpg\",\"datePublished\":\"2008-09-11T15:48:58+00:00\",\"dateModified\":\"2008-09-22T13:57:53+00:00\",\"breadcrumb\":{\"@id\":\"https:\/\/xnet-x.net\/es\/sotodeveloper\/#breadcrumb\"},\"inLanguage\":\"es\",\"potentialAction\":[{\"@type\":\"ReadAction\",\"target\":[[\"https:\/\/xnet-x.net\/es\/sotodeveloper\/\"]]}]},{\"@type\":\"ImageObject\",\"inLanguage\":\"es\",\"@id\":\"https:\/\/xnet-x.net\/es\/sotodeveloper\/#primaryimage\",\"url\":\"http:\/\/farm4.static.flickr.com\/3009\/2825762376_329413de8a_m.jpg\",\"contentUrl\":\"http:\/\/farm4.static.flickr.com\/3009\/2825762376_329413de8a_m.jpg\"},{\"@type\":\"BreadcrumbList\",\"@id\":\"https:\/\/xnet-x.net\/es\/sotodeveloper\/#breadcrumb\",\"itemListElement\":[{\"@type\":\"ListItem\",\"position\":1,\"name\":\"Portada\",\"item\":\"https:\/\/xnet-x.net\/es\/\"},{\"@type\":\"ListItem\",\"position\":2,\"name\":\"Pablo Soto (developer)\"}]},{\"@type\":\"WebSite\",\"@id\":\"https:\/\/xnet-x.net\/es\/#website\",\"url\":\"https:\/\/xnet-x.net\/es\/\",\"name\":\"[:es]Xnet - Internet, derechos y democracia en la era digital[:ca]Xnet - Internet, drets i democr\u00e0cia en l'era digital[:en]Xnet - Internet freedoms & digital rights[:]\",\"description\":\"Xnet: Internet, informaci\u00f3n y cultura libres. Tecnopol\u00edtica. Datos, algoritmos y derechos digitales. Libertad de expresi\u00f3n. Democracia y anticorrupci\u00f3n\",\"publisher\":{\"@id\":\"https:\/\/xnet-x.net\/es\/#organization\"},\"potentialAction\":[{\"@type\":\"SearchAction\",\"target\":{\"@type\":\"EntryPoint\",\"urlTemplate\":\"https:\/\/xnet-x.net\/es\/?s={search_term_string}\"},\"query-input\":{\"@type\":\"PropertyValueSpecification\",\"valueRequired\":true,\"valueName\":\"search_term_string\"}}],\"inLanguage\":\"es\"},{\"@type\":\"Organization\",\"@id\":\"https:\/\/xnet-x.net\/es\/#organization\",\"name\":\"Xnet - Internet, derechos y democracia en la era digital\",\"url\":\"https:\/\/xnet-x.net\/es\/\",\"logo\":{\"@type\":\"ImageObject\",\"inLanguage\":\"es\",\"@id\":\"https:\/\/xnet-x.net\/es\/#\/schema\/logo\/image\/\",\"url\":\"https:\/\/xnet-x.net\/img\/xnet-logo.png\",\"contentUrl\":\"https:\/\/xnet-x.net\/img\/xnet-logo.png\",\"width\":512,\"height\":512,\"caption\":\"Xnet - Internet, derechos y democracia en la era digital\"},\"image\":{\"@id\":\"https:\/\/xnet-x.net\/es\/#\/schema\/logo\/image\/\"},\"sameAs\":[\"http:\/\/facebook.com\/RedX.Net\/\",\"https:\/\/x.com\/x_net_\",\"https:\/\/es.wikipedia.org\/wiki\/Xnet\"]}]}<\/script>\n<!-- \/ Yoast SEO plugin. -->","yoast_head_json":{"title":"Pablo Soto (developer) -","robots":{"index":"index","follow":"follow","max-snippet":"max-snippet:-1","max-image-preview":"max-image-preview:large","max-video-preview":"max-video-preview:-1"},"canonical":"https:\/\/xnet-x.net\/es\/sotodeveloper\/","twitter_misc":{"Tiempo de lectura":"1 minuto"},"schema":{"@context":"https:\/\/schema.org","@graph":[{"@type":"WebPage","@id":"https:\/\/xnet-x.net\/es\/sotodeveloper\/","url":"https:\/\/xnet-x.net\/es\/sotodeveloper\/","name":"Pablo Soto (developer) -","isPartOf":{"@id":"https:\/\/xnet-x.net\/es\/#website"},"primaryImageOfPage":{"@id":"https:\/\/xnet-x.net\/es\/sotodeveloper\/#primaryimage"},"image":{"@id":"https:\/\/xnet-x.net\/es\/sotodeveloper\/#primaryimage"},"thumbnailUrl":"http:\/\/farm4.static.flickr.com\/3009\/2825762376_329413de8a_m.jpg","datePublished":"2008-09-11T15:48:58+00:00","dateModified":"2008-09-22T13:57:53+00:00","breadcrumb":{"@id":"https:\/\/xnet-x.net\/es\/sotodeveloper\/#breadcrumb"},"inLanguage":"es","potentialAction":[{"@type":"ReadAction","target":[["https:\/\/xnet-x.net\/es\/sotodeveloper\/"]]}]},{"@type":"ImageObject","inLanguage":"es","@id":"https:\/\/xnet-x.net\/es\/sotodeveloper\/#primaryimage","url":"http:\/\/farm4.static.flickr.com\/3009\/2825762376_329413de8a_m.jpg","contentUrl":"http:\/\/farm4.static.flickr.com\/3009\/2825762376_329413de8a_m.jpg"},{"@type":"BreadcrumbList","@id":"https:\/\/xnet-x.net\/es\/sotodeveloper\/#breadcrumb","itemListElement":[{"@type":"ListItem","position":1,"name":"Portada","item":"https:\/\/xnet-x.net\/es\/"},{"@type":"ListItem","position":2,"name":"Pablo Soto (developer)"}]},{"@type":"WebSite","@id":"https:\/\/xnet-x.net\/es\/#website","url":"https:\/\/xnet-x.net\/es\/","name":"[:es]Xnet - Internet, derechos y democracia en la era digital[:ca]Xnet - Internet, drets i democr\u00e0cia en l'era digital[:en]Xnet - Internet freedoms & digital rights[:]","description":"Xnet: Internet, informaci\u00f3n y cultura libres. Tecnopol\u00edtica. Datos, algoritmos y derechos digitales. Libertad de expresi\u00f3n. Democracia y anticorrupci\u00f3n","publisher":{"@id":"https:\/\/xnet-x.net\/es\/#organization"},"potentialAction":[{"@type":"SearchAction","target":{"@type":"EntryPoint","urlTemplate":"https:\/\/xnet-x.net\/es\/?s={search_term_string}"},"query-input":{"@type":"PropertyValueSpecification","valueRequired":true,"valueName":"search_term_string"}}],"inLanguage":"es"},{"@type":"Organization","@id":"https:\/\/xnet-x.net\/es\/#organization","name":"Xnet - Internet, derechos y democracia en la era digital","url":"https:\/\/xnet-x.net\/es\/","logo":{"@type":"ImageObject","inLanguage":"es","@id":"https:\/\/xnet-x.net\/es\/#\/schema\/logo\/image\/","url":"https:\/\/xnet-x.net\/img\/xnet-logo.png","contentUrl":"https:\/\/xnet-x.net\/img\/xnet-logo.png","width":512,"height":512,"caption":"Xnet - Internet, derechos y democracia en la era digital"},"image":{"@id":"https:\/\/xnet-x.net\/es\/#\/schema\/logo\/image\/"},"sameAs":["http:\/\/facebook.com\/RedX.Net\/","https:\/\/x.com\/x_net_","https:\/\/es.wikipedia.org\/wiki\/Xnet"]}]}},"_links":{"self":[{"href":"https:\/\/xnet-x.net\/es\/wp-json\/wp\/v2\/pages\/183","targetHints":{"allow":["GET"]}}],"collection":[{"href":"https:\/\/xnet-x.net\/es\/wp-json\/wp\/v2\/pages"}],"about":[{"href":"https:\/\/xnet-x.net\/es\/wp-json\/wp\/v2\/types\/page"}],"author":[{"embeddable":true,"href":"https:\/\/xnet-x.net\/es\/wp-json\/wp\/v2\/users\/5"}],"replies":[{"embeddable":true,"href":"https:\/\/xnet-x.net\/es\/wp-json\/wp\/v2\/comments?post=183"}],"version-history":[{"count":0,"href":"https:\/\/xnet-x.net\/es\/wp-json\/wp\/v2\/pages\/183\/revisions"}],"wp:attachment":[{"href":"https:\/\/xnet-x.net\/es\/wp-json\/wp\/v2\/media?parent=183"}],"curies":[{"name":"wp","href":"https:\/\/api.w.org\/{rel}","templated":true}]}}