{"id":179,"date":"2008-09-11T18:16:21","date_gmt":"2008-09-11T16:16:21","guid":{"rendered":"http:\/\/la-ex.net\/?page_id=179"},"modified":"2008-09-23T12:04:50","modified_gmt":"2008-09-23T10:04:50","slug":"wumingfound","status":"publish","type":"page","link":"https:\/\/xnet-x.net\/es\/wumingfound\/","title":{"rendered":"Wu Ming Foundation: The old new thing (musical reading)"},"content":{"rendered":"<p><img loading=\"lazy\" decoding=\"async\" src=\"http:\/\/farm4.static.flickr.com\/3098\/2824906771_8752b09736.jpg\" alt=\"\" width=\"500\" height=\"222\" \/><\/p>\n<p>In 1994, hundreds of European artists, activists and pranksters adopted and shared the same identity. They all called themselves <strong>Luther Blissett<\/strong> and started to raise hell in the cultural industry. It was a five year plan. In Italy, between 1994 and 1999, the so-called Luther Blissett Project (an organized network within the open community sharing the \u00abLuther Blissett\u00bb identity) became an extremely popular phenomenon, managing to create a legend, the reputation of a folk hero. This Robin Hood of the information age waged a guerrilla warfare on the cultural industry, ran unorthodox solidarity campaigns for victims of censorship and repression and &#8211; above all &#8211; played elaborate media pranks as a form of art, always claiming responsibility and explaining what bugs they had exploited to plant a fake story.<br \/>\nIn 1999 the Luther Blissett Project made its most famous stunt with the publication of the novel <em>Q<\/em>, which soon became an international best-seller, translated into thirteen languages and thirty countries. <em>Q <\/em>was the final act of the LBP. The book had a \u201ccopyleft\u201d clause and anticipated Creative Commons licences, as it was freely reproducible and the authors themsleves made it downloable from their website.<br \/>\nIn January 2000, after the end of the LBP, the authors of <em>Q<\/em> launched a new project, Wu Ming (which in Chinese means both \u201cno name\u201d and \u201cfive names\u201d), a laboratory of literary fiction writing, myth-making and storytelling. Every member has a nom de plum composed of \u201cWu Ming\u201d plus a number. Since then, Wu Ming authored several books, including <em>54<\/em> (2002, Spanish edition 2003) and <em>Manituana<\/em> (2007, to be published in Spain in 2009). Their novels are seen as part of a big and complex literary trend called the \u201cNew Italian Epic\u201d.<br \/>\nMembers of the collective also write \u201csolo\u201d novels. Wu Ming 1&#8217;s <em>New Thing<\/em> was published in Italy in 2004 and in Spain (by Acuarela) in 2008. It is an \u00abunidentified narrative object\u00bb set in Brooklyn, 1967, it&#8217;s mainly about free jazz and the impact it had on music and society. Wu Ming 1 will talk about this book at the Oxcars.<br \/>\nWu Ming will participate in the Oxcars Awards Ceremony with a musico-literary presentation, as well as presenting the new book by Wu Ming 1, New Thing, on October 29 at Sala Conservas (see RELATED ACTIVITIES). <a onclick=\"javascript:pageTracker._trackPageview('\/outbound\/article\/http:\/\/www.wumingfoundation.com');\" href=\"http:\/\/www.wumingfoundation.com\/\" target=\"_blank\">http:\/\/www.wumingfoundation.com<\/a><\/p>\n","protected":false},"excerpt":{"rendered":"<p>In 1994, hundreds of European artists, activists and pranksters adopted and shared the same identity. They all called themselves Luther Blissett and started to raise hell in the cultural industry. It was a five year plan. In Italy, between 1994 and 1999, the so-called Luther Blissett Project (an organized network within the open community sharing [&hellip;]<\/p>\n","protected":false},"author":5,"featured_media":0,"parent":0,"menu_order":0,"comment_status":"open","ping_status":"closed","template":"","meta":{"footnotes":""},"class_list":["post-179","page","type-page","status-publish","hentry"],"yoast_head":"<!-- This site is optimized with the Yoast SEO plugin v26.7 - https:\/\/yoast.com\/wordpress\/plugins\/seo\/ -->\n<title>Wu Ming Foundation: The old new thing (musical reading) -<\/title>\n<meta name=\"robots\" content=\"index, follow, max-snippet:-1, max-image-preview:large, max-video-preview:-1\" \/>\n<link rel=\"canonical\" href=\"https:\/\/xnet-x.net\/es\/wumingfound\/\" \/>\n<meta name=\"twitter:label1\" content=\"Tiempo de lectura\" \/>\n\t<meta name=\"twitter:data1\" content=\"2 minutos\" \/>\n<script type=\"application\/ld+json\" class=\"yoast-schema-graph\">{\"@context\":\"https:\/\/schema.org\",\"@graph\":[{\"@type\":\"WebPage\",\"@id\":\"https:\/\/xnet-x.net\/es\/wumingfound\/\",\"url\":\"https:\/\/xnet-x.net\/es\/wumingfound\/\",\"name\":\"Wu Ming Foundation: The old new thing (musical reading) -\",\"isPartOf\":{\"@id\":\"https:\/\/xnet-x.net\/es\/#website\"},\"primaryImageOfPage\":{\"@id\":\"https:\/\/xnet-x.net\/es\/wumingfound\/#primaryimage\"},\"image\":{\"@id\":\"https:\/\/xnet-x.net\/es\/wumingfound\/#primaryimage\"},\"thumbnailUrl\":\"http:\/\/farm4.static.flickr.com\/3098\/2824906771_8752b09736.jpg\",\"datePublished\":\"2008-09-11T16:16:21+00:00\",\"dateModified\":\"2008-09-23T10:04:50+00:00\",\"breadcrumb\":{\"@id\":\"https:\/\/xnet-x.net\/es\/wumingfound\/#breadcrumb\"},\"inLanguage\":\"es\",\"potentialAction\":[{\"@type\":\"ReadAction\",\"target\":[[\"https:\/\/xnet-x.net\/es\/wumingfound\/\"]]}]},{\"@type\":\"ImageObject\",\"inLanguage\":\"es\",\"@id\":\"https:\/\/xnet-x.net\/es\/wumingfound\/#primaryimage\",\"url\":\"http:\/\/farm4.static.flickr.com\/3098\/2824906771_8752b09736.jpg\",\"contentUrl\":\"http:\/\/farm4.static.flickr.com\/3098\/2824906771_8752b09736.jpg\"},{\"@type\":\"BreadcrumbList\",\"@id\":\"https:\/\/xnet-x.net\/es\/wumingfound\/#breadcrumb\",\"itemListElement\":[{\"@type\":\"ListItem\",\"position\":1,\"name\":\"Portada\",\"item\":\"https:\/\/xnet-x.net\/es\/\"},{\"@type\":\"ListItem\",\"position\":2,\"name\":\"Wu Ming Foundation: The old new thing (musical reading)\"}]},{\"@type\":\"WebSite\",\"@id\":\"https:\/\/xnet-x.net\/es\/#website\",\"url\":\"https:\/\/xnet-x.net\/es\/\",\"name\":\"[:es]Xnet - Internet, derechos y democracia en la era digital[:ca]Xnet - Internet, drets i democr\u00e0cia en l'era digital[:en]Xnet - Internet freedoms & digital rights[:]\",\"description\":\"Xnet: Internet, informaci\u00f3n y cultura libres. Tecnopol\u00edtica. Datos, algoritmos y derechos digitales. Libertad de expresi\u00f3n. Democracia y anticorrupci\u00f3n\",\"publisher\":{\"@id\":\"https:\/\/xnet-x.net\/es\/#organization\"},\"potentialAction\":[{\"@type\":\"SearchAction\",\"target\":{\"@type\":\"EntryPoint\",\"urlTemplate\":\"https:\/\/xnet-x.net\/es\/?s={search_term_string}\"},\"query-input\":{\"@type\":\"PropertyValueSpecification\",\"valueRequired\":true,\"valueName\":\"search_term_string\"}}],\"inLanguage\":\"es\"},{\"@type\":\"Organization\",\"@id\":\"https:\/\/xnet-x.net\/es\/#organization\",\"name\":\"Xnet - Internet, derechos y democracia en la era digital\",\"url\":\"https:\/\/xnet-x.net\/es\/\",\"logo\":{\"@type\":\"ImageObject\",\"inLanguage\":\"es\",\"@id\":\"https:\/\/xnet-x.net\/es\/#\/schema\/logo\/image\/\",\"url\":\"https:\/\/xnet-x.net\/img\/xnet-logo.png\",\"contentUrl\":\"https:\/\/xnet-x.net\/img\/xnet-logo.png\",\"width\":512,\"height\":512,\"caption\":\"Xnet - Internet, derechos y democracia en la era digital\"},\"image\":{\"@id\":\"https:\/\/xnet-x.net\/es\/#\/schema\/logo\/image\/\"},\"sameAs\":[\"http:\/\/facebook.com\/RedX.Net\/\",\"https:\/\/x.com\/x_net_\",\"https:\/\/es.wikipedia.org\/wiki\/Xnet\"]}]}<\/script>\n<!-- \/ Yoast SEO plugin. -->","yoast_head_json":{"title":"Wu Ming Foundation: The old new thing (musical reading) -","robots":{"index":"index","follow":"follow","max-snippet":"max-snippet:-1","max-image-preview":"max-image-preview:large","max-video-preview":"max-video-preview:-1"},"canonical":"https:\/\/xnet-x.net\/es\/wumingfound\/","twitter_misc":{"Tiempo de lectura":"2 minutos"},"schema":{"@context":"https:\/\/schema.org","@graph":[{"@type":"WebPage","@id":"https:\/\/xnet-x.net\/es\/wumingfound\/","url":"https:\/\/xnet-x.net\/es\/wumingfound\/","name":"Wu Ming Foundation: The old new thing (musical reading) -","isPartOf":{"@id":"https:\/\/xnet-x.net\/es\/#website"},"primaryImageOfPage":{"@id":"https:\/\/xnet-x.net\/es\/wumingfound\/#primaryimage"},"image":{"@id":"https:\/\/xnet-x.net\/es\/wumingfound\/#primaryimage"},"thumbnailUrl":"http:\/\/farm4.static.flickr.com\/3098\/2824906771_8752b09736.jpg","datePublished":"2008-09-11T16:16:21+00:00","dateModified":"2008-09-23T10:04:50+00:00","breadcrumb":{"@id":"https:\/\/xnet-x.net\/es\/wumingfound\/#breadcrumb"},"inLanguage":"es","potentialAction":[{"@type":"ReadAction","target":[["https:\/\/xnet-x.net\/es\/wumingfound\/"]]}]},{"@type":"ImageObject","inLanguage":"es","@id":"https:\/\/xnet-x.net\/es\/wumingfound\/#primaryimage","url":"http:\/\/farm4.static.flickr.com\/3098\/2824906771_8752b09736.jpg","contentUrl":"http:\/\/farm4.static.flickr.com\/3098\/2824906771_8752b09736.jpg"},{"@type":"BreadcrumbList","@id":"https:\/\/xnet-x.net\/es\/wumingfound\/#breadcrumb","itemListElement":[{"@type":"ListItem","position":1,"name":"Portada","item":"https:\/\/xnet-x.net\/es\/"},{"@type":"ListItem","position":2,"name":"Wu Ming Foundation: The old new thing (musical reading)"}]},{"@type":"WebSite","@id":"https:\/\/xnet-x.net\/es\/#website","url":"https:\/\/xnet-x.net\/es\/","name":"[:es]Xnet - Internet, derechos y democracia en la era digital[:ca]Xnet - Internet, drets i democr\u00e0cia en l'era digital[:en]Xnet - Internet freedoms & digital rights[:]","description":"Xnet: Internet, informaci\u00f3n y cultura libres. Tecnopol\u00edtica. Datos, algoritmos y derechos digitales. Libertad de expresi\u00f3n. Democracia y anticorrupci\u00f3n","publisher":{"@id":"https:\/\/xnet-x.net\/es\/#organization"},"potentialAction":[{"@type":"SearchAction","target":{"@type":"EntryPoint","urlTemplate":"https:\/\/xnet-x.net\/es\/?s={search_term_string}"},"query-input":{"@type":"PropertyValueSpecification","valueRequired":true,"valueName":"search_term_string"}}],"inLanguage":"es"},{"@type":"Organization","@id":"https:\/\/xnet-x.net\/es\/#organization","name":"Xnet - Internet, derechos y democracia en la era digital","url":"https:\/\/xnet-x.net\/es\/","logo":{"@type":"ImageObject","inLanguage":"es","@id":"https:\/\/xnet-x.net\/es\/#\/schema\/logo\/image\/","url":"https:\/\/xnet-x.net\/img\/xnet-logo.png","contentUrl":"https:\/\/xnet-x.net\/img\/xnet-logo.png","width":512,"height":512,"caption":"Xnet - Internet, derechos y democracia en la era digital"},"image":{"@id":"https:\/\/xnet-x.net\/es\/#\/schema\/logo\/image\/"},"sameAs":["http:\/\/facebook.com\/RedX.Net\/","https:\/\/x.com\/x_net_","https:\/\/es.wikipedia.org\/wiki\/Xnet"]}]}},"_links":{"self":[{"href":"https:\/\/xnet-x.net\/es\/wp-json\/wp\/v2\/pages\/179","targetHints":{"allow":["GET"]}}],"collection":[{"href":"https:\/\/xnet-x.net\/es\/wp-json\/wp\/v2\/pages"}],"about":[{"href":"https:\/\/xnet-x.net\/es\/wp-json\/wp\/v2\/types\/page"}],"author":[{"embeddable":true,"href":"https:\/\/xnet-x.net\/es\/wp-json\/wp\/v2\/users\/5"}],"replies":[{"embeddable":true,"href":"https:\/\/xnet-x.net\/es\/wp-json\/wp\/v2\/comments?post=179"}],"version-history":[{"count":0,"href":"https:\/\/xnet-x.net\/es\/wp-json\/wp\/v2\/pages\/179\/revisions"}],"wp:attachment":[{"href":"https:\/\/xnet-x.net\/es\/wp-json\/wp\/v2\/media?parent=179"}],"curies":[{"name":"wp","href":"https:\/\/api.w.org\/{rel}","templated":true}]}}