{"id":173,"date":"2008-09-08T19:15:28","date_gmt":"2008-09-08T17:15:28","guid":{"rendered":"http:\/\/la-ex.net\/?page_id=173"},"modified":"2011-03-24T17:27:19","modified_gmt":"2011-03-24T16:27:19","slug":"sabadofiesta","status":"publish","type":"page","link":"https:\/\/xnet-x.net\/es\/los-oxcars\/programa\/sabadofiesta\/","title":{"rendered":"FIESTA DE CIERRE"},"content":{"rendered":"<p><strong>24h a 3h &#8211; FIESTA DE CIERRE <\/strong><span style=\"font-family: Helvetica,Arial,sans-serif;\"><br \/>\n<\/span><\/p>\n<p><img loading=\"lazy\" decoding=\"async\" class=\"alignleft\" style=\"float: left;\" src=\"http:\/\/farm4.static.flickr.com\/3146\/2825738006_ef4ac2928f_m.jpg\" alt=\"\" width=\"240\" height=\"161\" \/><\/p>\n<p><strong>Vailet<\/strong><br \/>\nArtista electr\u00f3nico, polifac\u00e9tico y miembro del netlabel y colectivo costellam.net . en el pasado ha colaborado y participado en otros proyectos y bandas musicales de diferentes \u00edndoles. Su tarbajo actual se caracteriza por ser una m\u00fasica muy en\u00e9rgica y viva, que sintetiza la agresividad punk con los ritmos mas bailables y el\u00e9ctricos. sus influencias son extra\u00f1as tal vez demasiado ecl\u00e9cticas que van desde el idm y artistas como ad n to\u00a0 (X) asta el krautrock y los sonidos mas arriesgados del inconsumible Brian Eno.<\/p>\n<p><strong>miss blitz<\/strong><br \/>\nMiss Blitz es de Berlin. Sin embargo pas\u00f3 2 a\u00f1os en Bruselas y cuatro a\u00f1os en Espa\u00f1a. En 2003 co-fundi\u00f3 la revista online y el programa de radio \u201eVoice of Culture\u201c en Berlin, se mud\u00f3 a Barcelona y empez\u00f3 a hacer reportages sobre la escena underground de Barcelona y musica eclectica global. Luego mont\u00f3 su propio programa de radio en www. riereta. org y www. dostrece. net. Ha pinchado en sitios como Sala Apolo, Club Fellini y Sidecar en Barcelona, y en el Rosis, Cassiopeia, 103 Club, MS Hoppetosse, ZMf y otros en Berlin.<\/p>\n<p>Sus sets son una mezcla bastarda de varios estilos. La fusion conecta harmonia y disharmonia, el pasado y el futuro \u2013 un motor que pone la generaci\u00f3n X a bailar!<\/p>\n<p><strong>S.evil<\/strong><\/p>\n<p>S.evil es en cierta manera indescriptible&#8230;sesiones cargadas de energia, buenas dosis de graves y beats, muchos beats. Tras un periodo desaparecido de la escena barcelonesa vuelve a la carga para presentar un nuevo set en el que predominan los sonidos hip-hop fusionando jungle y break-core totalmente enfocado a la pista de baile.<\/p>\n<p><a href=\"http:\/\/www.myspace.com\/s_evi\" target=\"_blank\">www.myspace.com\/s_evi<\/a><br \/>\n<a href=\"http:\/\/www.myspace.com\/dhelug\" target=\"_blank\">www.myspace.com\/dhelug<\/a><\/p>\n<p><span style=\"color: #ff0000;\"><br \/>\n<\/span><\/p>","protected":false},"excerpt":{"rendered":"<p>24h a 3h &#8211; FIESTA DE CIERRE Vailet Artista electr\u00f3nico, polifac\u00e9tico y miembro del netlabel y colectivo costellam.net . en el pasado ha colaborado y participado en otros proyectos y bandas musicales de diferentes \u00edndoles. Su tarbajo actual se caracteriza por ser una m\u00fasica muy en\u00e9rgica y viva, que sintetiza la agresividad punk con los [&hellip;]<\/p>\n","protected":false},"author":5,"featured_media":0,"parent":136,"menu_order":0,"comment_status":"open","ping_status":"closed","template":"","meta":{"footnotes":""},"class_list":["post-173","page","type-page","status-publish","hentry"],"yoast_head":"<!-- This site is optimized with the Yoast SEO plugin v26.7 - https:\/\/yoast.com\/wordpress\/plugins\/seo\/ -->\n<title>FIESTA DE CIERRE -<\/title>\n<meta name=\"robots\" content=\"index, follow, max-snippet:-1, max-image-preview:large, max-video-preview:-1\" \/>\n<link rel=\"canonical\" href=\"https:\/\/xnet-x.net\/es\/los-oxcars\/programa\/sabadofiesta\/\" \/>\n<meta name=\"twitter:label1\" content=\"Tiempo de lectura\" \/>\n\t<meta name=\"twitter:data1\" content=\"3 minutos\" \/>\n<script type=\"application\/ld+json\" class=\"yoast-schema-graph\">{\"@context\":\"https:\/\/schema.org\",\"@graph\":[{\"@type\":\"WebPage\",\"@id\":\"https:\/\/xnet-x.net\/es\/los-oxcars\/programa\/sabadofiesta\/\",\"url\":\"https:\/\/xnet-x.net\/es\/los-oxcars\/programa\/sabadofiesta\/\",\"name\":\"FIESTA DE CIERRE -\",\"isPartOf\":{\"@id\":\"https:\/\/xnet-x.net\/es\/#website\"},\"primaryImageOfPage\":{\"@id\":\"https:\/\/xnet-x.net\/es\/los-oxcars\/programa\/sabadofiesta\/#primaryimage\"},\"image\":{\"@id\":\"https:\/\/xnet-x.net\/es\/los-oxcars\/programa\/sabadofiesta\/#primaryimage\"},\"thumbnailUrl\":\"http:\/\/farm4.static.flickr.com\/3146\/2825738006_ef4ac2928f_m.jpg\",\"datePublished\":\"2008-09-08T17:15:28+00:00\",\"dateModified\":\"2011-03-24T16:27:19+00:00\",\"breadcrumb\":{\"@id\":\"https:\/\/xnet-x.net\/es\/los-oxcars\/programa\/sabadofiesta\/#breadcrumb\"},\"inLanguage\":\"es\",\"potentialAction\":[{\"@type\":\"ReadAction\",\"target\":[[\"https:\/\/xnet-x.net\/es\/los-oxcars\/programa\/sabadofiesta\/\"]]}]},{\"@type\":\"ImageObject\",\"inLanguage\":\"es\",\"@id\":\"https:\/\/xnet-x.net\/es\/los-oxcars\/programa\/sabadofiesta\/#primaryimage\",\"url\":\"http:\/\/farm4.static.flickr.com\/3146\/2825738006_ef4ac2928f_m.jpg\",\"contentUrl\":\"http:\/\/farm4.static.flickr.com\/3146\/2825738006_ef4ac2928f_m.jpg\"},{\"@type\":\"BreadcrumbList\",\"@id\":\"https:\/\/xnet-x.net\/es\/los-oxcars\/programa\/sabadofiesta\/#breadcrumb\",\"itemListElement\":[{\"@type\":\"ListItem\",\"position\":1,\"name\":\"Portada\",\"item\":\"https:\/\/xnet-x.net\/es\/\"},{\"@type\":\"ListItem\",\"position\":2,\"name\":\"Los OXcars\",\"item\":\"https:\/\/xnet-x.net\/es\/los-oxcars\/\"},{\"@type\":\"ListItem\",\"position\":3,\"name\":\"Programa\",\"item\":\"https:\/\/xnet-x.net\/es\/los-oxcars\/programa\/\"},{\"@type\":\"ListItem\",\"position\":4,\"name\":\"FIESTA DE CIERRE\"}]},{\"@type\":\"WebSite\",\"@id\":\"https:\/\/xnet-x.net\/es\/#website\",\"url\":\"https:\/\/xnet-x.net\/es\/\",\"name\":\"[:es]Xnet - Internet, derechos y democracia en la era digital[:ca]Xnet - Internet, drets i democr\u00e0cia en l'era digital[:en]Xnet - Internet freedoms & digital rights[:]\",\"description\":\"Xnet: Internet, informaci\u00f3n y cultura libres. Tecnopol\u00edtica. Datos, algoritmos y derechos digitales. Libertad de expresi\u00f3n. Democracia y anticorrupci\u00f3n\",\"publisher\":{\"@id\":\"https:\/\/xnet-x.net\/es\/#organization\"},\"potentialAction\":[{\"@type\":\"SearchAction\",\"target\":{\"@type\":\"EntryPoint\",\"urlTemplate\":\"https:\/\/xnet-x.net\/es\/?s={search_term_string}\"},\"query-input\":{\"@type\":\"PropertyValueSpecification\",\"valueRequired\":true,\"valueName\":\"search_term_string\"}}],\"inLanguage\":\"es\"},{\"@type\":\"Organization\",\"@id\":\"https:\/\/xnet-x.net\/es\/#organization\",\"name\":\"Xnet - Internet, derechos y democracia en la era digital\",\"url\":\"https:\/\/xnet-x.net\/es\/\",\"logo\":{\"@type\":\"ImageObject\",\"inLanguage\":\"es\",\"@id\":\"https:\/\/xnet-x.net\/es\/#\/schema\/logo\/image\/\",\"url\":\"https:\/\/xnet-x.net\/img\/xnet-logo.png\",\"contentUrl\":\"https:\/\/xnet-x.net\/img\/xnet-logo.png\",\"width\":512,\"height\":512,\"caption\":\"Xnet - Internet, derechos y democracia en la era digital\"},\"image\":{\"@id\":\"https:\/\/xnet-x.net\/es\/#\/schema\/logo\/image\/\"},\"sameAs\":[\"http:\/\/facebook.com\/RedX.Net\/\",\"https:\/\/x.com\/x_net_\",\"https:\/\/es.wikipedia.org\/wiki\/Xnet\"]}]}<\/script>\n<!-- \/ Yoast SEO plugin. -->","yoast_head_json":{"title":"FIESTA DE CIERRE -","robots":{"index":"index","follow":"follow","max-snippet":"max-snippet:-1","max-image-preview":"max-image-preview:large","max-video-preview":"max-video-preview:-1"},"canonical":"https:\/\/xnet-x.net\/es\/los-oxcars\/programa\/sabadofiesta\/","twitter_misc":{"Tiempo de lectura":"3 minutos"},"schema":{"@context":"https:\/\/schema.org","@graph":[{"@type":"WebPage","@id":"https:\/\/xnet-x.net\/es\/los-oxcars\/programa\/sabadofiesta\/","url":"https:\/\/xnet-x.net\/es\/los-oxcars\/programa\/sabadofiesta\/","name":"FIESTA DE CIERRE -","isPartOf":{"@id":"https:\/\/xnet-x.net\/es\/#website"},"primaryImageOfPage":{"@id":"https:\/\/xnet-x.net\/es\/los-oxcars\/programa\/sabadofiesta\/#primaryimage"},"image":{"@id":"https:\/\/xnet-x.net\/es\/los-oxcars\/programa\/sabadofiesta\/#primaryimage"},"thumbnailUrl":"http:\/\/farm4.static.flickr.com\/3146\/2825738006_ef4ac2928f_m.jpg","datePublished":"2008-09-08T17:15:28+00:00","dateModified":"2011-03-24T16:27:19+00:00","breadcrumb":{"@id":"https:\/\/xnet-x.net\/es\/los-oxcars\/programa\/sabadofiesta\/#breadcrumb"},"inLanguage":"es","potentialAction":[{"@type":"ReadAction","target":[["https:\/\/xnet-x.net\/es\/los-oxcars\/programa\/sabadofiesta\/"]]}]},{"@type":"ImageObject","inLanguage":"es","@id":"https:\/\/xnet-x.net\/es\/los-oxcars\/programa\/sabadofiesta\/#primaryimage","url":"http:\/\/farm4.static.flickr.com\/3146\/2825738006_ef4ac2928f_m.jpg","contentUrl":"http:\/\/farm4.static.flickr.com\/3146\/2825738006_ef4ac2928f_m.jpg"},{"@type":"BreadcrumbList","@id":"https:\/\/xnet-x.net\/es\/los-oxcars\/programa\/sabadofiesta\/#breadcrumb","itemListElement":[{"@type":"ListItem","position":1,"name":"Portada","item":"https:\/\/xnet-x.net\/es\/"},{"@type":"ListItem","position":2,"name":"Los OXcars","item":"https:\/\/xnet-x.net\/es\/los-oxcars\/"},{"@type":"ListItem","position":3,"name":"Programa","item":"https:\/\/xnet-x.net\/es\/los-oxcars\/programa\/"},{"@type":"ListItem","position":4,"name":"FIESTA DE CIERRE"}]},{"@type":"WebSite","@id":"https:\/\/xnet-x.net\/es\/#website","url":"https:\/\/xnet-x.net\/es\/","name":"[:es]Xnet - Internet, derechos y democracia en la era digital[:ca]Xnet - Internet, drets i democr\u00e0cia en l'era digital[:en]Xnet - Internet freedoms & digital rights[:]","description":"Xnet: Internet, informaci\u00f3n y cultura libres. Tecnopol\u00edtica. Datos, algoritmos y derechos digitales. Libertad de expresi\u00f3n. Democracia y anticorrupci\u00f3n","publisher":{"@id":"https:\/\/xnet-x.net\/es\/#organization"},"potentialAction":[{"@type":"SearchAction","target":{"@type":"EntryPoint","urlTemplate":"https:\/\/xnet-x.net\/es\/?s={search_term_string}"},"query-input":{"@type":"PropertyValueSpecification","valueRequired":true,"valueName":"search_term_string"}}],"inLanguage":"es"},{"@type":"Organization","@id":"https:\/\/xnet-x.net\/es\/#organization","name":"Xnet - Internet, derechos y democracia en la era digital","url":"https:\/\/xnet-x.net\/es\/","logo":{"@type":"ImageObject","inLanguage":"es","@id":"https:\/\/xnet-x.net\/es\/#\/schema\/logo\/image\/","url":"https:\/\/xnet-x.net\/img\/xnet-logo.png","contentUrl":"https:\/\/xnet-x.net\/img\/xnet-logo.png","width":512,"height":512,"caption":"Xnet - Internet, derechos y democracia en la era digital"},"image":{"@id":"https:\/\/xnet-x.net\/es\/#\/schema\/logo\/image\/"},"sameAs":["http:\/\/facebook.com\/RedX.Net\/","https:\/\/x.com\/x_net_","https:\/\/es.wikipedia.org\/wiki\/Xnet"]}]}},"_links":{"self":[{"href":"https:\/\/xnet-x.net\/es\/wp-json\/wp\/v2\/pages\/173","targetHints":{"allow":["GET"]}}],"collection":[{"href":"https:\/\/xnet-x.net\/es\/wp-json\/wp\/v2\/pages"}],"about":[{"href":"https:\/\/xnet-x.net\/es\/wp-json\/wp\/v2\/types\/page"}],"author":[{"embeddable":true,"href":"https:\/\/xnet-x.net\/es\/wp-json\/wp\/v2\/users\/5"}],"replies":[{"embeddable":true,"href":"https:\/\/xnet-x.net\/es\/wp-json\/wp\/v2\/comments?post=173"}],"version-history":[{"count":1,"href":"https:\/\/xnet-x.net\/es\/wp-json\/wp\/v2\/pages\/173\/revisions"}],"predecessor-version":[{"id":3597,"href":"https:\/\/xnet-x.net\/es\/wp-json\/wp\/v2\/pages\/173\/revisions\/3597"}],"up":[{"embeddable":true,"href":"https:\/\/xnet-x.net\/es\/wp-json\/wp\/v2\/pages\/136"}],"wp:attachment":[{"href":"https:\/\/xnet-x.net\/es\/wp-json\/wp\/v2\/media?parent=173"}],"curies":[{"name":"wp","href":"https:\/\/api.w.org\/{rel}","templated":true}]}}