{"id":170,"date":"2008-09-03T19:42:07","date_gmt":"2008-09-03T17:42:07","guid":{"rendered":"http:\/\/la-ex.net\/?page_id=170"},"modified":"2011-03-24T16:58:51","modified_gmt":"2011-03-24T15:58:51","slug":"sabadopaneles","status":"publish","type":"page","link":"https:\/\/xnet-x.net\/es\/los-oxcars\/programa\/sabadopaneles\/","title":{"rendered":"PANELES DE DEBATE"},"content":{"rendered":"<p>S\u00e1bado 10h \u2013 15h &#8211; PANELES DE DEBATE<br \/>\n(Sala Conservas, C\/ Sant Pau 58 Bajos, 08001 Barcelona, metro: Liceu)<\/p>\n<p><strong>\u201cBARCELONA MARCA COPYLEFT. Instituciones de lo com\u00fan\u201d<\/strong><\/p>\n<p>Organiza:<br \/>\n<a href=\"http:\/\/universidadnomada.net\" target=\"_blank\">Universidad N\u00f3mada<\/a>, <a href=\"http:\/\/ateneucandela.org\" target=\"_blank\">Ateneu Candela<\/a>, <a href=\"http:\/\/exit-bcn.blogspot.com\" target=\"_blank\">Exit<\/a><\/p>\n<p>Mesa INSTITUCIONES DEL COM\u00daN VERSUS CLASE CREATIVA<br \/>\nGigi Roggero (Edu Factory, AtelierOccupato ESC)<br \/>\nFelipe Brait. (Frente 3 de Fevereiro)<br \/>\nMarion von Osten. (Por confirmar) (Kleines postfordistisches Drama [KPD])<br \/>\nIntroduce: Joan M. Gual (EXIT-BCN)<\/p>\n<p>Mesa. DEL CAPITALISMO COGNITIVO AL COMMONFARE<br \/>\nMontserrat Galcer\u00e1n (Universidad N\u00f3mada)<br \/>\nEmmanuel Rodr\u00edguez (Universidad N\u00f3mada, Traficantes de Sue\u00f1os)<br \/>\nMatteo Pasquinelli (Rekombinant.org)<br \/>\nIntroduce: Ra\u00fal S\u00e1nchez Cedillo (Universidad N\u00f3mada)<\/p>\n<p>El seminario busca una reflexi\u00f3n en profundidad acerca de c\u00f3mo la l\u00f3gica del copyleft est\u00e1 permeando en la creaci\u00f3n de nuevas instituciones de movimientos (sociales y art\u00edsticos) y en la concepci\u00f3n que estos tienen de la centralidad del conocimiento en la actual fase del capitalismo como bien material generador de valor\u00a0 y de la instrumentalizaci\u00f3n del mismo a modo de bloqueo de la cooperaci\u00f3n social y el acceso a los saberes.<\/p>\n<p>Universidad F\u00e1brica y Ciudad Empresa contra Instituciones de lo Com\u00fan. L\u00f3gica de la Propiedad Privada contra la L\u00f3gica de la Propiedad Com\u00fan. Capitalismo cognitivo en lugar de Sociedad de la Informaci\u00f3n para enunciar y visibilizar un conflicto que persiste en la sociedad global contempor\u00e1nea: el del problema del gobierno y del dominio en la era de Internet.<\/p>\n<p>\u201cAs\u00ed por la v\u00eda de la precarizaci\u00f3n y de la reducci\u00f3n presupuestaria el general intellect es sometido a una particular forma de estrangulamiento, que se presenta a medio plazo como agotamiento de formas de producci\u00f3n (&#8230;) Algunas formas de renta b\u00e1sica \u2013 sistema de becas en la ense\u00f1anza e investigaci\u00f3n, reducci\u00f3n de los bienes de reproducci\u00f3n, inversi\u00f3n en infraestructuras sociales \u2013 son tambi\u00e9n formas de inversi\u00f3n en las cuencas de cooperaci\u00f3n que act\u00faan como multiplicadores de las externalidades positivas que luego aprovechan las empresas. De este modo, una posible orientaci\u00f3n de los movimientos puede pasar por acelerar estas l\u00edneas de reforma del capital en un sentido que permita consolidar los nudos de la autonom\u00eda productiva y pol\u00edtica. Ante el anuncio de un welfare de tipo nuevo, los movimientos sociales estar\u00e1n entonces en condiciones de imprimir un giro pol\u00edtico, que haga de lo com\u00fan sin contrapartidas en prestaci\u00f3n de trabajo la nueva condici\u00f3n de ciudadan\u00eda. Lo que con un barbarismo de nueva acu\u00f1aci\u00f3n podr\u00edamos denominar Commonfare\u201d.<\/p>\n<p>(Ra\u00fal S\u00e1nchez Cedillo y Emmanuel Rodr\u00edguez. Capitalismo Cognitivo, propiedad intelectual y creaci\u00f3n colectiva. Traficantes de Sue\u00f1os)<\/p>\n<p>Desde el a\u00f1o 2000 la Universidad N\u00f3mada constituye un laboratorio de organizaci\u00f3n de la producci\u00f3n y la transmisi\u00f3n te\u00f3rica e intelectual. <a href=\"http:\/\/www.universidadnomada.net\/\" target=\"_blank\">http:\/\/www.universidadnomada.net\/<\/a><\/p>\n<p><span style=\"color: #ff0000;\"><br \/>\n<\/span><\/p>","protected":false},"excerpt":{"rendered":"<p>S\u00e1bado 10h \u2013 15h &#8211; PANELES DE DEBATE (Sala Conservas, C\/ Sant Pau 58 Bajos, 08001 Barcelona, metro: Liceu) \u201cBARCELONA MARCA COPYLEFT. Instituciones de lo com\u00fan\u201d Organiza: Universidad N\u00f3mada, Ateneu Candela, Exit Mesa INSTITUCIONES DEL COM\u00daN VERSUS CLASE CREATIVA Gigi Roggero (Edu Factory, AtelierOccupato ESC) Felipe Brait. (Frente 3 de Fevereiro) Marion von Osten. (Por [&hellip;]<\/p>\n","protected":false},"author":5,"featured_media":0,"parent":136,"menu_order":0,"comment_status":"open","ping_status":"closed","template":"","meta":{"footnotes":""},"class_list":["post-170","page","type-page","status-publish","hentry"],"yoast_head":"<!-- This site is optimized with the Yoast SEO plugin v26.7 - https:\/\/yoast.com\/wordpress\/plugins\/seo\/ -->\n<title>PANELES DE DEBATE -<\/title>\n<meta name=\"robots\" content=\"index, follow, max-snippet:-1, max-image-preview:large, max-video-preview:-1\" \/>\n<link rel=\"canonical\" href=\"https:\/\/xnet-x.net\/es\/los-oxcars\/programa\/sabadopaneles\/\" \/>\n<meta name=\"twitter:label1\" content=\"Tiempo de lectura\" \/>\n\t<meta name=\"twitter:data1\" content=\"5 minutos\" \/>\n<script type=\"application\/ld+json\" class=\"yoast-schema-graph\">{\"@context\":\"https:\/\/schema.org\",\"@graph\":[{\"@type\":\"WebPage\",\"@id\":\"https:\/\/xnet-x.net\/es\/los-oxcars\/programa\/sabadopaneles\/\",\"url\":\"https:\/\/xnet-x.net\/es\/los-oxcars\/programa\/sabadopaneles\/\",\"name\":\"PANELES DE DEBATE -\",\"isPartOf\":{\"@id\":\"https:\/\/xnet-x.net\/es\/#website\"},\"datePublished\":\"2008-09-03T17:42:07+00:00\",\"dateModified\":\"2011-03-24T15:58:51+00:00\",\"breadcrumb\":{\"@id\":\"https:\/\/xnet-x.net\/es\/los-oxcars\/programa\/sabadopaneles\/#breadcrumb\"},\"inLanguage\":\"es\",\"potentialAction\":[{\"@type\":\"ReadAction\",\"target\":[[\"https:\/\/xnet-x.net\/es\/los-oxcars\/programa\/sabadopaneles\/\"]]}]},{\"@type\":\"BreadcrumbList\",\"@id\":\"https:\/\/xnet-x.net\/es\/los-oxcars\/programa\/sabadopaneles\/#breadcrumb\",\"itemListElement\":[{\"@type\":\"ListItem\",\"position\":1,\"name\":\"Portada\",\"item\":\"https:\/\/xnet-x.net\/es\/\"},{\"@type\":\"ListItem\",\"position\":2,\"name\":\"Los OXcars\",\"item\":\"https:\/\/xnet-x.net\/es\/los-oxcars\/\"},{\"@type\":\"ListItem\",\"position\":3,\"name\":\"Programa\",\"item\":\"https:\/\/xnet-x.net\/es\/los-oxcars\/programa\/\"},{\"@type\":\"ListItem\",\"position\":4,\"name\":\"PANELES DE DEBATE\"}]},{\"@type\":\"WebSite\",\"@id\":\"https:\/\/xnet-x.net\/es\/#website\",\"url\":\"https:\/\/xnet-x.net\/es\/\",\"name\":\"[:es]Xnet - Internet, derechos y democracia en la era digital[:ca]Xnet - Internet, drets i democr\u00e0cia en l'era digital[:en]Xnet - Internet freedoms & digital rights[:]\",\"description\":\"Xnet: Internet, informaci\u00f3n y cultura libres. Tecnopol\u00edtica. Datos, algoritmos y derechos digitales. Libertad de expresi\u00f3n. Democracia y anticorrupci\u00f3n\",\"publisher\":{\"@id\":\"https:\/\/xnet-x.net\/es\/#organization\"},\"potentialAction\":[{\"@type\":\"SearchAction\",\"target\":{\"@type\":\"EntryPoint\",\"urlTemplate\":\"https:\/\/xnet-x.net\/es\/?s={search_term_string}\"},\"query-input\":{\"@type\":\"PropertyValueSpecification\",\"valueRequired\":true,\"valueName\":\"search_term_string\"}}],\"inLanguage\":\"es\"},{\"@type\":\"Organization\",\"@id\":\"https:\/\/xnet-x.net\/es\/#organization\",\"name\":\"Xnet - Internet, derechos y democracia en la era digital\",\"url\":\"https:\/\/xnet-x.net\/es\/\",\"logo\":{\"@type\":\"ImageObject\",\"inLanguage\":\"es\",\"@id\":\"https:\/\/xnet-x.net\/es\/#\/schema\/logo\/image\/\",\"url\":\"https:\/\/xnet-x.net\/img\/xnet-logo.png\",\"contentUrl\":\"https:\/\/xnet-x.net\/img\/xnet-logo.png\",\"width\":512,\"height\":512,\"caption\":\"Xnet - Internet, derechos y democracia en la era digital\"},\"image\":{\"@id\":\"https:\/\/xnet-x.net\/es\/#\/schema\/logo\/image\/\"},\"sameAs\":[\"http:\/\/facebook.com\/RedX.Net\/\",\"https:\/\/x.com\/x_net_\",\"https:\/\/es.wikipedia.org\/wiki\/Xnet\"]}]}<\/script>\n<!-- \/ Yoast SEO plugin. -->","yoast_head_json":{"title":"PANELES DE DEBATE -","robots":{"index":"index","follow":"follow","max-snippet":"max-snippet:-1","max-image-preview":"max-image-preview:large","max-video-preview":"max-video-preview:-1"},"canonical":"https:\/\/xnet-x.net\/es\/los-oxcars\/programa\/sabadopaneles\/","twitter_misc":{"Tiempo de lectura":"5 minutos"},"schema":{"@context":"https:\/\/schema.org","@graph":[{"@type":"WebPage","@id":"https:\/\/xnet-x.net\/es\/los-oxcars\/programa\/sabadopaneles\/","url":"https:\/\/xnet-x.net\/es\/los-oxcars\/programa\/sabadopaneles\/","name":"PANELES DE DEBATE -","isPartOf":{"@id":"https:\/\/xnet-x.net\/es\/#website"},"datePublished":"2008-09-03T17:42:07+00:00","dateModified":"2011-03-24T15:58:51+00:00","breadcrumb":{"@id":"https:\/\/xnet-x.net\/es\/los-oxcars\/programa\/sabadopaneles\/#breadcrumb"},"inLanguage":"es","potentialAction":[{"@type":"ReadAction","target":[["https:\/\/xnet-x.net\/es\/los-oxcars\/programa\/sabadopaneles\/"]]}]},{"@type":"BreadcrumbList","@id":"https:\/\/xnet-x.net\/es\/los-oxcars\/programa\/sabadopaneles\/#breadcrumb","itemListElement":[{"@type":"ListItem","position":1,"name":"Portada","item":"https:\/\/xnet-x.net\/es\/"},{"@type":"ListItem","position":2,"name":"Los OXcars","item":"https:\/\/xnet-x.net\/es\/los-oxcars\/"},{"@type":"ListItem","position":3,"name":"Programa","item":"https:\/\/xnet-x.net\/es\/los-oxcars\/programa\/"},{"@type":"ListItem","position":4,"name":"PANELES DE DEBATE"}]},{"@type":"WebSite","@id":"https:\/\/xnet-x.net\/es\/#website","url":"https:\/\/xnet-x.net\/es\/","name":"[:es]Xnet - Internet, derechos y democracia en la era digital[:ca]Xnet - Internet, drets i democr\u00e0cia en l'era digital[:en]Xnet - Internet freedoms & digital rights[:]","description":"Xnet: Internet, informaci\u00f3n y cultura libres. Tecnopol\u00edtica. Datos, algoritmos y derechos digitales. Libertad de expresi\u00f3n. Democracia y anticorrupci\u00f3n","publisher":{"@id":"https:\/\/xnet-x.net\/es\/#organization"},"potentialAction":[{"@type":"SearchAction","target":{"@type":"EntryPoint","urlTemplate":"https:\/\/xnet-x.net\/es\/?s={search_term_string}"},"query-input":{"@type":"PropertyValueSpecification","valueRequired":true,"valueName":"search_term_string"}}],"inLanguage":"es"},{"@type":"Organization","@id":"https:\/\/xnet-x.net\/es\/#organization","name":"Xnet - Internet, derechos y democracia en la era digital","url":"https:\/\/xnet-x.net\/es\/","logo":{"@type":"ImageObject","inLanguage":"es","@id":"https:\/\/xnet-x.net\/es\/#\/schema\/logo\/image\/","url":"https:\/\/xnet-x.net\/img\/xnet-logo.png","contentUrl":"https:\/\/xnet-x.net\/img\/xnet-logo.png","width":512,"height":512,"caption":"Xnet - Internet, derechos y democracia en la era digital"},"image":{"@id":"https:\/\/xnet-x.net\/es\/#\/schema\/logo\/image\/"},"sameAs":["http:\/\/facebook.com\/RedX.Net\/","https:\/\/x.com\/x_net_","https:\/\/es.wikipedia.org\/wiki\/Xnet"]}]}},"_links":{"self":[{"href":"https:\/\/xnet-x.net\/es\/wp-json\/wp\/v2\/pages\/170","targetHints":{"allow":["GET"]}}],"collection":[{"href":"https:\/\/xnet-x.net\/es\/wp-json\/wp\/v2\/pages"}],"about":[{"href":"https:\/\/xnet-x.net\/es\/wp-json\/wp\/v2\/types\/page"}],"author":[{"embeddable":true,"href":"https:\/\/xnet-x.net\/es\/wp-json\/wp\/v2\/users\/5"}],"replies":[{"embeddable":true,"href":"https:\/\/xnet-x.net\/es\/wp-json\/wp\/v2\/comments?post=170"}],"version-history":[{"count":2,"href":"https:\/\/xnet-x.net\/es\/wp-json\/wp\/v2\/pages\/170\/revisions"}],"predecessor-version":[{"id":3574,"href":"https:\/\/xnet-x.net\/es\/wp-json\/wp\/v2\/pages\/170\/revisions\/3574"}],"up":[{"embeddable":true,"href":"https:\/\/xnet-x.net\/es\/wp-json\/wp\/v2\/pages\/136"}],"wp:attachment":[{"href":"https:\/\/xnet-x.net\/es\/wp-json\/wp\/v2\/media?parent=170"}],"curies":[{"name":"wp","href":"https:\/\/api.w.org\/{rel}","templated":true}]}}