{"id":169,"date":"2008-09-03T19:27:05","date_gmt":"2008-09-03T17:27:05","guid":{"rendered":"http:\/\/la-ex.net\/?page_id=169"},"modified":"2011-03-24T17:01:14","modified_gmt":"2011-03-24T16:01:14","slug":"viernes","status":"publish","type":"page","link":"https:\/\/xnet-x.net\/es\/los-oxcars\/programa\/viernes\/","title":{"rendered":"VIERNES 31 de octubre: PANELES DE DEBATE\/CONCIERTO"},"content":{"rendered":"<p><strong>VIERNES 31 de octubre<br \/>\nPANELES DE DEBATE<br \/>\n18h<\/strong><br \/>\n(Sala Conservas, C\/ Sant Pau 58 Bajos, 08001 Barcelona, metro: Liceu)<br \/>\n\u201cBARCELONA MARCA COPYLEFT. Instituciones de lo com\u00fan\u201d es un seminario que se realiza en el marco de la gala de los OXCARS para abundar en los nudos problem\u00e1ticos de la situaci\u00f3n actual. Est\u00e1 compuesto por tres paneles (V\u00e9ase viernes y s\u00e1bado)<\/p>\n<p>Mesa DERECHOS DE AUTOR COOPERACI\u00d3N, EXPLOTACI\u00d3N Y RENTA EN EL CAPITALISMO COGNITIVO.<br \/>\nAndrea Fumagalli. (Uninomade, Universidad de Pavia)<br \/>\nMatteo Pasquinelli (Rekombinant.org)<br \/>\nJeanne Revel. (Revista Vacarme)<br \/>\nIntroduce: Arnau Monterde (Ateneu Candela)<\/p>\n<p>Organiza:<br \/>\nUniversidad N\u00f3mada [universidadnomada.net], Ateneu Candela [ateneucandela.org], Exit <a href=\"http:\/\/exit-bcn.blogspot.com\/\" target=\"_blank\">[exit-bcn.blogspot.com\/]<\/a><br \/>\n___________________________________________________________________<br \/>\n<strong>FIESTA DE M\u00daSICA LIBRE \u00abCENTRE D&#8217;ART PRODUEIX M\u00daSICA POP\u00bb<br \/>\ncon DJ Barretina<\/strong><\/p>\n<p><strong>En el Centre Social Magdalenes, C\/ Magdalenes 13<br \/>\n22h a 1,30h<\/strong><\/p>\n<p><img loading=\"lazy\" decoding=\"async\" class=\"alignleft\" style=\"float: left;\" src=\"http:\/\/farm4.static.flickr.com\/3130\/2825741108_b458773b70_m.jpg\" alt=\"\" width=\"240\" height=\"240\" \/><\/p>\n<p>Una fiesta con m\u00fasica pop de grupos locales licenciada con copyleft<br \/>\n\u00abCentre d&#8217;Art Produeix M\u00fasica Pop\u00bb fu\u00e9 un proyecto organizado por<br \/>\nOscar Abril Ascaso de producci\u00f3n de m\u00fasica copyleft para el Centre<br \/>\nd&#8217;Art Santa M\u00f2nica en colaboraci\u00f3n con doce bandas. Escucharemos<br \/>\nsu m\u00fasica y otras canciones copyleft de la mano de DJ Barretina<br \/>\n<a href=\"http:\/\/www.myspace.com\/centredartprodueixmusicapop\" target=\"_blank\">http:\/\/www.myspace.com\/centredartprodueixmusicapop<\/a><\/p>","protected":false},"excerpt":{"rendered":"<p>VIERNES 31 de octubre PANELES DE DEBATE 18h (Sala Conservas, C\/ Sant Pau 58 Bajos, 08001 Barcelona, metro: Liceu) \u201cBARCELONA MARCA COPYLEFT. Instituciones de lo com\u00fan\u201d es un seminario que se realiza en el marco de la gala de los OXCARS para abundar en los nudos problem\u00e1ticos de la situaci\u00f3n actual. Est\u00e1 compuesto por tres [&hellip;]<\/p>\n","protected":false},"author":5,"featured_media":0,"parent":136,"menu_order":0,"comment_status":"open","ping_status":"closed","template":"","meta":{"footnotes":""},"class_list":["post-169","page","type-page","status-publish","hentry"],"yoast_head":"<!-- This site is optimized with the Yoast SEO plugin v26.7 - https:\/\/yoast.com\/wordpress\/plugins\/seo\/ -->\n<title>VIERNES 31 de octubre: PANELES DE DEBATE\/CONCIERTO -<\/title>\n<meta name=\"robots\" content=\"index, follow, max-snippet:-1, max-image-preview:large, max-video-preview:-1\" \/>\n<link rel=\"canonical\" href=\"https:\/\/xnet-x.net\/es\/los-oxcars\/programa\/viernes\/\" \/>\n<meta name=\"twitter:label1\" content=\"Tiempo de lectura\" \/>\n\t<meta name=\"twitter:data1\" content=\"2 minutos\" \/>\n<script type=\"application\/ld+json\" class=\"yoast-schema-graph\">{\"@context\":\"https:\/\/schema.org\",\"@graph\":[{\"@type\":\"WebPage\",\"@id\":\"https:\/\/xnet-x.net\/es\/los-oxcars\/programa\/viernes\/\",\"url\":\"https:\/\/xnet-x.net\/es\/los-oxcars\/programa\/viernes\/\",\"name\":\"VIERNES 31 de octubre: PANELES DE DEBATE\/CONCIERTO -\",\"isPartOf\":{\"@id\":\"https:\/\/xnet-x.net\/es\/#website\"},\"primaryImageOfPage\":{\"@id\":\"https:\/\/xnet-x.net\/es\/los-oxcars\/programa\/viernes\/#primaryimage\"},\"image\":{\"@id\":\"https:\/\/xnet-x.net\/es\/los-oxcars\/programa\/viernes\/#primaryimage\"},\"thumbnailUrl\":\"http:\/\/farm4.static.flickr.com\/3130\/2825741108_b458773b70_m.jpg\",\"datePublished\":\"2008-09-03T17:27:05+00:00\",\"dateModified\":\"2011-03-24T16:01:14+00:00\",\"breadcrumb\":{\"@id\":\"https:\/\/xnet-x.net\/es\/los-oxcars\/programa\/viernes\/#breadcrumb\"},\"inLanguage\":\"es\",\"potentialAction\":[{\"@type\":\"ReadAction\",\"target\":[[\"https:\/\/xnet-x.net\/es\/los-oxcars\/programa\/viernes\/\"]]}]},{\"@type\":\"ImageObject\",\"inLanguage\":\"es\",\"@id\":\"https:\/\/xnet-x.net\/es\/los-oxcars\/programa\/viernes\/#primaryimage\",\"url\":\"http:\/\/farm4.static.flickr.com\/3130\/2825741108_b458773b70_m.jpg\",\"contentUrl\":\"http:\/\/farm4.static.flickr.com\/3130\/2825741108_b458773b70_m.jpg\"},{\"@type\":\"BreadcrumbList\",\"@id\":\"https:\/\/xnet-x.net\/es\/los-oxcars\/programa\/viernes\/#breadcrumb\",\"itemListElement\":[{\"@type\":\"ListItem\",\"position\":1,\"name\":\"Portada\",\"item\":\"https:\/\/xnet-x.net\/es\/\"},{\"@type\":\"ListItem\",\"position\":2,\"name\":\"Los OXcars\",\"item\":\"https:\/\/xnet-x.net\/es\/los-oxcars\/\"},{\"@type\":\"ListItem\",\"position\":3,\"name\":\"Programa\",\"item\":\"https:\/\/xnet-x.net\/es\/los-oxcars\/programa\/\"},{\"@type\":\"ListItem\",\"position\":4,\"name\":\"VIERNES 31 de octubre: PANELES DE DEBATE\/CONCIERTO\"}]},{\"@type\":\"WebSite\",\"@id\":\"https:\/\/xnet-x.net\/es\/#website\",\"url\":\"https:\/\/xnet-x.net\/es\/\",\"name\":\"[:es]Xnet - Internet, derechos y democracia en la era digital[:ca]Xnet - Internet, drets i democr\u00e0cia en l'era digital[:en]Xnet - Internet freedoms & digital rights[:]\",\"description\":\"Xnet: Internet, informaci\u00f3n y cultura libres. Tecnopol\u00edtica. Datos, algoritmos y derechos digitales. Libertad de expresi\u00f3n. Democracia y anticorrupci\u00f3n\",\"publisher\":{\"@id\":\"https:\/\/xnet-x.net\/es\/#organization\"},\"potentialAction\":[{\"@type\":\"SearchAction\",\"target\":{\"@type\":\"EntryPoint\",\"urlTemplate\":\"https:\/\/xnet-x.net\/es\/?s={search_term_string}\"},\"query-input\":{\"@type\":\"PropertyValueSpecification\",\"valueRequired\":true,\"valueName\":\"search_term_string\"}}],\"inLanguage\":\"es\"},{\"@type\":\"Organization\",\"@id\":\"https:\/\/xnet-x.net\/es\/#organization\",\"name\":\"Xnet - Internet, derechos y democracia en la era digital\",\"url\":\"https:\/\/xnet-x.net\/es\/\",\"logo\":{\"@type\":\"ImageObject\",\"inLanguage\":\"es\",\"@id\":\"https:\/\/xnet-x.net\/es\/#\/schema\/logo\/image\/\",\"url\":\"https:\/\/xnet-x.net\/img\/xnet-logo.png\",\"contentUrl\":\"https:\/\/xnet-x.net\/img\/xnet-logo.png\",\"width\":512,\"height\":512,\"caption\":\"Xnet - Internet, derechos y democracia en la era digital\"},\"image\":{\"@id\":\"https:\/\/xnet-x.net\/es\/#\/schema\/logo\/image\/\"},\"sameAs\":[\"http:\/\/facebook.com\/RedX.Net\/\",\"https:\/\/x.com\/x_net_\",\"https:\/\/es.wikipedia.org\/wiki\/Xnet\"]}]}<\/script>\n<!-- \/ Yoast SEO plugin. -->","yoast_head_json":{"title":"VIERNES 31 de octubre: PANELES DE DEBATE\/CONCIERTO -","robots":{"index":"index","follow":"follow","max-snippet":"max-snippet:-1","max-image-preview":"max-image-preview:large","max-video-preview":"max-video-preview:-1"},"canonical":"https:\/\/xnet-x.net\/es\/los-oxcars\/programa\/viernes\/","twitter_misc":{"Tiempo de lectura":"2 minutos"},"schema":{"@context":"https:\/\/schema.org","@graph":[{"@type":"WebPage","@id":"https:\/\/xnet-x.net\/es\/los-oxcars\/programa\/viernes\/","url":"https:\/\/xnet-x.net\/es\/los-oxcars\/programa\/viernes\/","name":"VIERNES 31 de octubre: PANELES DE DEBATE\/CONCIERTO -","isPartOf":{"@id":"https:\/\/xnet-x.net\/es\/#website"},"primaryImageOfPage":{"@id":"https:\/\/xnet-x.net\/es\/los-oxcars\/programa\/viernes\/#primaryimage"},"image":{"@id":"https:\/\/xnet-x.net\/es\/los-oxcars\/programa\/viernes\/#primaryimage"},"thumbnailUrl":"http:\/\/farm4.static.flickr.com\/3130\/2825741108_b458773b70_m.jpg","datePublished":"2008-09-03T17:27:05+00:00","dateModified":"2011-03-24T16:01:14+00:00","breadcrumb":{"@id":"https:\/\/xnet-x.net\/es\/los-oxcars\/programa\/viernes\/#breadcrumb"},"inLanguage":"es","potentialAction":[{"@type":"ReadAction","target":[["https:\/\/xnet-x.net\/es\/los-oxcars\/programa\/viernes\/"]]}]},{"@type":"ImageObject","inLanguage":"es","@id":"https:\/\/xnet-x.net\/es\/los-oxcars\/programa\/viernes\/#primaryimage","url":"http:\/\/farm4.static.flickr.com\/3130\/2825741108_b458773b70_m.jpg","contentUrl":"http:\/\/farm4.static.flickr.com\/3130\/2825741108_b458773b70_m.jpg"},{"@type":"BreadcrumbList","@id":"https:\/\/xnet-x.net\/es\/los-oxcars\/programa\/viernes\/#breadcrumb","itemListElement":[{"@type":"ListItem","position":1,"name":"Portada","item":"https:\/\/xnet-x.net\/es\/"},{"@type":"ListItem","position":2,"name":"Los OXcars","item":"https:\/\/xnet-x.net\/es\/los-oxcars\/"},{"@type":"ListItem","position":3,"name":"Programa","item":"https:\/\/xnet-x.net\/es\/los-oxcars\/programa\/"},{"@type":"ListItem","position":4,"name":"VIERNES 31 de octubre: PANELES DE DEBATE\/CONCIERTO"}]},{"@type":"WebSite","@id":"https:\/\/xnet-x.net\/es\/#website","url":"https:\/\/xnet-x.net\/es\/","name":"[:es]Xnet - Internet, derechos y democracia en la era digital[:ca]Xnet - Internet, drets i democr\u00e0cia en l'era digital[:en]Xnet - Internet freedoms & digital rights[:]","description":"Xnet: Internet, informaci\u00f3n y cultura libres. Tecnopol\u00edtica. Datos, algoritmos y derechos digitales. Libertad de expresi\u00f3n. Democracia y anticorrupci\u00f3n","publisher":{"@id":"https:\/\/xnet-x.net\/es\/#organization"},"potentialAction":[{"@type":"SearchAction","target":{"@type":"EntryPoint","urlTemplate":"https:\/\/xnet-x.net\/es\/?s={search_term_string}"},"query-input":{"@type":"PropertyValueSpecification","valueRequired":true,"valueName":"search_term_string"}}],"inLanguage":"es"},{"@type":"Organization","@id":"https:\/\/xnet-x.net\/es\/#organization","name":"Xnet - Internet, derechos y democracia en la era digital","url":"https:\/\/xnet-x.net\/es\/","logo":{"@type":"ImageObject","inLanguage":"es","@id":"https:\/\/xnet-x.net\/es\/#\/schema\/logo\/image\/","url":"https:\/\/xnet-x.net\/img\/xnet-logo.png","contentUrl":"https:\/\/xnet-x.net\/img\/xnet-logo.png","width":512,"height":512,"caption":"Xnet - Internet, derechos y democracia en la era digital"},"image":{"@id":"https:\/\/xnet-x.net\/es\/#\/schema\/logo\/image\/"},"sameAs":["http:\/\/facebook.com\/RedX.Net\/","https:\/\/x.com\/x_net_","https:\/\/es.wikipedia.org\/wiki\/Xnet"]}]}},"_links":{"self":[{"href":"https:\/\/xnet-x.net\/es\/wp-json\/wp\/v2\/pages\/169","targetHints":{"allow":["GET"]}}],"collection":[{"href":"https:\/\/xnet-x.net\/es\/wp-json\/wp\/v2\/pages"}],"about":[{"href":"https:\/\/xnet-x.net\/es\/wp-json\/wp\/v2\/types\/page"}],"author":[{"embeddable":true,"href":"https:\/\/xnet-x.net\/es\/wp-json\/wp\/v2\/users\/5"}],"replies":[{"embeddable":true,"href":"https:\/\/xnet-x.net\/es\/wp-json\/wp\/v2\/comments?post=169"}],"version-history":[{"count":1,"href":"https:\/\/xnet-x.net\/es\/wp-json\/wp\/v2\/pages\/169\/revisions"}],"predecessor-version":[{"id":3583,"href":"https:\/\/xnet-x.net\/es\/wp-json\/wp\/v2\/pages\/169\/revisions\/3583"}],"up":[{"embeddable":true,"href":"https:\/\/xnet-x.net\/es\/wp-json\/wp\/v2\/pages\/136"}],"wp:attachment":[{"href":"https:\/\/xnet-x.net\/es\/wp-json\/wp\/v2\/media?parent=169"}],"curies":[{"name":"wp","href":"https:\/\/api.w.org\/{rel}","templated":true}]}}