{"id":161,"date":"2008-09-03T18:36:32","date_gmt":"2008-09-03T16:36:32","guid":{"rendered":"http:\/\/la-ex.net\/?page_id=161"},"modified":"2011-03-24T17:29:31","modified_gmt":"2011-03-24T16:29:31","slug":"jamendoorxata","status":"publish","type":"page","link":"https:\/\/xnet-x.net\/es\/los-oxcars\/programa\/jamendoorxata\/","title":{"rendered":"Jamendo\/Orxata Sound System"},"content":{"rendered":"<p><img loading=\"lazy\" decoding=\"async\" style=\"vertical-align: top;\" src=\"http:\/\/farm3.static.flickr.com\/2191\/2824904411_6a8afef96a.jpg\" alt=\"\" width=\"500\" height=\"159\" \/><\/p>\n<p>Jamendo es la mayor comunidad de m\u00fasica libre, con licencia creative commons.<br \/>\nPuedes descargar libremente, gratis y legalmente canciones y \u00e1lbumes completos de bandas prometedoras.<br \/>\nEn Jamendo, los artistas te permiten escuchar, descargar y compartir su m\u00fasica.<br \/>\n\u00a1Es gratis, legal e ilimitado! \u00bfTe apuntas?<br \/>\n<a href=\"http:\/\/www.jamendo.com\/es\/\" target=\"_blank\">http:\/\/www.jamendo.com\/es\/<\/a><\/p>\n<p>Jamendo presenta:<br \/>\n<strong>Orxata Sound System<\/strong> es un colectivo musical nacido el 2003 en la ciudad de Valencia con el objetivo de fusionar la m\u00fasica electr\u00f3nica de baile con el canto tradicional valenciano.<br \/>\nEn su repertorio podemos encontrar desde bases electro, techno y drum&amp;bass hasta ragga, dub o hip hop.<br \/>\nActualmente el colectivo est\u00e1 formado por cuatro cantantes, un trompetista, un bajista y un programador\/sampleador.<br \/>\nEl 2006 ganaron el galard\u00f3n Grupo Revelaci\u00f3n de los Premis Ovidi Montllor con su maqueta \u00aborxata\u00bb y el 2008 con su primer disco \u00ab1.0\u00bb -las letras del cual fueron editadas por los usuarios de su web mediante una wiki- han ganado el Premi Ovidi Montllor como Mejor Disco Pop-Rock.<br \/>\nDesde el 2003 vienen publicando todos sus trabajos en Internet bajo licencias Creative Commons, permiti\u00e9ndoles actuar desde Perpi\u00f1\u00e1n hasta Marruecos, pasando por gran parte del territorio de habla catalana.<br \/>\n<a href=\"http:\/\/www.orxatasoundsystem.net\/\" target=\"_blank\">http:\/\/www.orxatasoundsystem.net\/<\/a><\/p>","protected":false},"excerpt":{"rendered":"<p>Jamendo es la mayor comunidad de m\u00fasica libre, con licencia creative commons. Puedes descargar libremente, gratis y legalmente canciones y \u00e1lbumes completos de bandas prometedoras. En Jamendo, los artistas te permiten escuchar, descargar y compartir su m\u00fasica. \u00a1Es gratis, legal e ilimitado! \u00bfTe apuntas? http:\/\/www.jamendo.com\/es\/ Jamendo presenta: Orxata Sound System es un colectivo musical nacido [&hellip;]<\/p>\n","protected":false},"author":5,"featured_media":0,"parent":136,"menu_order":0,"comment_status":"open","ping_status":"closed","template":"","meta":{"footnotes":""},"class_list":["post-161","page","type-page","status-publish","hentry"],"yoast_head":"<!-- This site is optimized with the Yoast SEO plugin v26.7 - https:\/\/yoast.com\/wordpress\/plugins\/seo\/ -->\n<title>Jamendo\/Orxata Sound System -<\/title>\n<meta name=\"robots\" content=\"index, follow, max-snippet:-1, max-image-preview:large, max-video-preview:-1\" \/>\n<link rel=\"canonical\" href=\"https:\/\/xnet-x.net\/es\/los-oxcars\/programa\/jamendoorxata\/\" \/>\n<meta name=\"twitter:label1\" content=\"Tiempo de lectura\" \/>\n\t<meta name=\"twitter:data1\" content=\"2 minutos\" \/>\n<script type=\"application\/ld+json\" class=\"yoast-schema-graph\">{\"@context\":\"https:\/\/schema.org\",\"@graph\":[{\"@type\":\"WebPage\",\"@id\":\"https:\/\/xnet-x.net\/es\/los-oxcars\/programa\/jamendoorxata\/\",\"url\":\"https:\/\/xnet-x.net\/es\/los-oxcars\/programa\/jamendoorxata\/\",\"name\":\"Jamendo\/Orxata Sound System -\",\"isPartOf\":{\"@id\":\"https:\/\/xnet-x.net\/es\/#website\"},\"primaryImageOfPage\":{\"@id\":\"https:\/\/xnet-x.net\/es\/los-oxcars\/programa\/jamendoorxata\/#primaryimage\"},\"image\":{\"@id\":\"https:\/\/xnet-x.net\/es\/los-oxcars\/programa\/jamendoorxata\/#primaryimage\"},\"thumbnailUrl\":\"http:\/\/farm3.static.flickr.com\/2191\/2824904411_6a8afef96a.jpg\",\"datePublished\":\"2008-09-03T16:36:32+00:00\",\"dateModified\":\"2011-03-24T16:29:31+00:00\",\"breadcrumb\":{\"@id\":\"https:\/\/xnet-x.net\/es\/los-oxcars\/programa\/jamendoorxata\/#breadcrumb\"},\"inLanguage\":\"es\",\"potentialAction\":[{\"@type\":\"ReadAction\",\"target\":[[\"https:\/\/xnet-x.net\/es\/los-oxcars\/programa\/jamendoorxata\/\"]]}]},{\"@type\":\"ImageObject\",\"inLanguage\":\"es\",\"@id\":\"https:\/\/xnet-x.net\/es\/los-oxcars\/programa\/jamendoorxata\/#primaryimage\",\"url\":\"http:\/\/farm3.static.flickr.com\/2191\/2824904411_6a8afef96a.jpg\",\"contentUrl\":\"http:\/\/farm3.static.flickr.com\/2191\/2824904411_6a8afef96a.jpg\"},{\"@type\":\"BreadcrumbList\",\"@id\":\"https:\/\/xnet-x.net\/es\/los-oxcars\/programa\/jamendoorxata\/#breadcrumb\",\"itemListElement\":[{\"@type\":\"ListItem\",\"position\":1,\"name\":\"Portada\",\"item\":\"https:\/\/xnet-x.net\/es\/\"},{\"@type\":\"ListItem\",\"position\":2,\"name\":\"Los OXcars\",\"item\":\"https:\/\/xnet-x.net\/es\/los-oxcars\/\"},{\"@type\":\"ListItem\",\"position\":3,\"name\":\"Programa\",\"item\":\"https:\/\/xnet-x.net\/es\/los-oxcars\/programa\/\"},{\"@type\":\"ListItem\",\"position\":4,\"name\":\"Jamendo\/Orxata Sound System\"}]},{\"@type\":\"WebSite\",\"@id\":\"https:\/\/xnet-x.net\/es\/#website\",\"url\":\"https:\/\/xnet-x.net\/es\/\",\"name\":\"[:es]Xnet - Internet, derechos y democracia en la era digital[:ca]Xnet - Internet, drets i democr\u00e0cia en l'era digital[:en]Xnet - Internet freedoms & digital rights[:]\",\"description\":\"Xnet: Internet, informaci\u00f3n y cultura libres. Tecnopol\u00edtica. Datos, algoritmos y derechos digitales. Libertad de expresi\u00f3n. Democracia y anticorrupci\u00f3n\",\"publisher\":{\"@id\":\"https:\/\/xnet-x.net\/es\/#organization\"},\"potentialAction\":[{\"@type\":\"SearchAction\",\"target\":{\"@type\":\"EntryPoint\",\"urlTemplate\":\"https:\/\/xnet-x.net\/es\/?s={search_term_string}\"},\"query-input\":{\"@type\":\"PropertyValueSpecification\",\"valueRequired\":true,\"valueName\":\"search_term_string\"}}],\"inLanguage\":\"es\"},{\"@type\":\"Organization\",\"@id\":\"https:\/\/xnet-x.net\/es\/#organization\",\"name\":\"Xnet - Internet, derechos y democracia en la era digital\",\"url\":\"https:\/\/xnet-x.net\/es\/\",\"logo\":{\"@type\":\"ImageObject\",\"inLanguage\":\"es\",\"@id\":\"https:\/\/xnet-x.net\/es\/#\/schema\/logo\/image\/\",\"url\":\"https:\/\/xnet-x.net\/img\/xnet-logo.png\",\"contentUrl\":\"https:\/\/xnet-x.net\/img\/xnet-logo.png\",\"width\":512,\"height\":512,\"caption\":\"Xnet - Internet, derechos y democracia en la era digital\"},\"image\":{\"@id\":\"https:\/\/xnet-x.net\/es\/#\/schema\/logo\/image\/\"},\"sameAs\":[\"http:\/\/facebook.com\/RedX.Net\/\",\"https:\/\/x.com\/x_net_\",\"https:\/\/es.wikipedia.org\/wiki\/Xnet\"]}]}<\/script>\n<!-- \/ Yoast SEO plugin. -->","yoast_head_json":{"title":"Jamendo\/Orxata Sound System -","robots":{"index":"index","follow":"follow","max-snippet":"max-snippet:-1","max-image-preview":"max-image-preview:large","max-video-preview":"max-video-preview:-1"},"canonical":"https:\/\/xnet-x.net\/es\/los-oxcars\/programa\/jamendoorxata\/","twitter_misc":{"Tiempo de lectura":"2 minutos"},"schema":{"@context":"https:\/\/schema.org","@graph":[{"@type":"WebPage","@id":"https:\/\/xnet-x.net\/es\/los-oxcars\/programa\/jamendoorxata\/","url":"https:\/\/xnet-x.net\/es\/los-oxcars\/programa\/jamendoorxata\/","name":"Jamendo\/Orxata Sound System -","isPartOf":{"@id":"https:\/\/xnet-x.net\/es\/#website"},"primaryImageOfPage":{"@id":"https:\/\/xnet-x.net\/es\/los-oxcars\/programa\/jamendoorxata\/#primaryimage"},"image":{"@id":"https:\/\/xnet-x.net\/es\/los-oxcars\/programa\/jamendoorxata\/#primaryimage"},"thumbnailUrl":"http:\/\/farm3.static.flickr.com\/2191\/2824904411_6a8afef96a.jpg","datePublished":"2008-09-03T16:36:32+00:00","dateModified":"2011-03-24T16:29:31+00:00","breadcrumb":{"@id":"https:\/\/xnet-x.net\/es\/los-oxcars\/programa\/jamendoorxata\/#breadcrumb"},"inLanguage":"es","potentialAction":[{"@type":"ReadAction","target":[["https:\/\/xnet-x.net\/es\/los-oxcars\/programa\/jamendoorxata\/"]]}]},{"@type":"ImageObject","inLanguage":"es","@id":"https:\/\/xnet-x.net\/es\/los-oxcars\/programa\/jamendoorxata\/#primaryimage","url":"http:\/\/farm3.static.flickr.com\/2191\/2824904411_6a8afef96a.jpg","contentUrl":"http:\/\/farm3.static.flickr.com\/2191\/2824904411_6a8afef96a.jpg"},{"@type":"BreadcrumbList","@id":"https:\/\/xnet-x.net\/es\/los-oxcars\/programa\/jamendoorxata\/#breadcrumb","itemListElement":[{"@type":"ListItem","position":1,"name":"Portada","item":"https:\/\/xnet-x.net\/es\/"},{"@type":"ListItem","position":2,"name":"Los OXcars","item":"https:\/\/xnet-x.net\/es\/los-oxcars\/"},{"@type":"ListItem","position":3,"name":"Programa","item":"https:\/\/xnet-x.net\/es\/los-oxcars\/programa\/"},{"@type":"ListItem","position":4,"name":"Jamendo\/Orxata Sound System"}]},{"@type":"WebSite","@id":"https:\/\/xnet-x.net\/es\/#website","url":"https:\/\/xnet-x.net\/es\/","name":"[:es]Xnet - Internet, derechos y democracia en la era digital[:ca]Xnet - Internet, drets i democr\u00e0cia en l'era digital[:en]Xnet - Internet freedoms & digital rights[:]","description":"Xnet: Internet, informaci\u00f3n y cultura libres. Tecnopol\u00edtica. Datos, algoritmos y derechos digitales. Libertad de expresi\u00f3n. Democracia y anticorrupci\u00f3n","publisher":{"@id":"https:\/\/xnet-x.net\/es\/#organization"},"potentialAction":[{"@type":"SearchAction","target":{"@type":"EntryPoint","urlTemplate":"https:\/\/xnet-x.net\/es\/?s={search_term_string}"},"query-input":{"@type":"PropertyValueSpecification","valueRequired":true,"valueName":"search_term_string"}}],"inLanguage":"es"},{"@type":"Organization","@id":"https:\/\/xnet-x.net\/es\/#organization","name":"Xnet - Internet, derechos y democracia en la era digital","url":"https:\/\/xnet-x.net\/es\/","logo":{"@type":"ImageObject","inLanguage":"es","@id":"https:\/\/xnet-x.net\/es\/#\/schema\/logo\/image\/","url":"https:\/\/xnet-x.net\/img\/xnet-logo.png","contentUrl":"https:\/\/xnet-x.net\/img\/xnet-logo.png","width":512,"height":512,"caption":"Xnet - Internet, derechos y democracia en la era digital"},"image":{"@id":"https:\/\/xnet-x.net\/es\/#\/schema\/logo\/image\/"},"sameAs":["http:\/\/facebook.com\/RedX.Net\/","https:\/\/x.com\/x_net_","https:\/\/es.wikipedia.org\/wiki\/Xnet"]}]}},"_links":{"self":[{"href":"https:\/\/xnet-x.net\/es\/wp-json\/wp\/v2\/pages\/161","targetHints":{"allow":["GET"]}}],"collection":[{"href":"https:\/\/xnet-x.net\/es\/wp-json\/wp\/v2\/pages"}],"about":[{"href":"https:\/\/xnet-x.net\/es\/wp-json\/wp\/v2\/types\/page"}],"author":[{"embeddable":true,"href":"https:\/\/xnet-x.net\/es\/wp-json\/wp\/v2\/users\/5"}],"replies":[{"embeddable":true,"href":"https:\/\/xnet-x.net\/es\/wp-json\/wp\/v2\/comments?post=161"}],"version-history":[{"count":1,"href":"https:\/\/xnet-x.net\/es\/wp-json\/wp\/v2\/pages\/161\/revisions"}],"predecessor-version":[{"id":3604,"href":"https:\/\/xnet-x.net\/es\/wp-json\/wp\/v2\/pages\/161\/revisions\/3604"}],"up":[{"embeddable":true,"href":"https:\/\/xnet-x.net\/es\/wp-json\/wp\/v2\/pages\/136"}],"wp:attachment":[{"href":"https:\/\/xnet-x.net\/es\/wp-json\/wp\/v2\/media?parent=161"}],"curies":[{"name":"wp","href":"https:\/\/api.w.org\/{rel}","templated":true}]}}