{"id":152,"date":"2008-09-03T18:10:38","date_gmt":"2008-09-03T16:10:38","guid":{"rendered":"http:\/\/la-ex.net\/?page_id=152"},"modified":"2011-03-24T16:59:24","modified_gmt":"2011-03-24T15:59:24","slug":"platoniq","status":"publish","type":"page","link":"https:\/\/xnet-x.net\/es\/los-oxcars\/programa\/platoniq\/","title":{"rendered":"Platoniq: S.O.S y Burn Station (red)"},"content":{"rendered":"<p><object width=\"500\" height=\"350\"><param name=\"movie\" value=\"https:\/\/www.youtube.com\/v\/KDkeehjCZ4A&#038;hl=es&#038;fs=1\"><\/param><param name=\"allowFullScreen\" value=\"true\"><\/param><param name=\"allowscriptaccess\" value=\"always\"><\/param><embed src=\"https:\/\/www.youtube.com\/v\/KDkeehjCZ4A&#038;hl=es&#038;fs=1\" type=\"application\/x-shockwave-flash\" allowscriptaccess=\"always\" allowfullscreen=\"true\" width=\"500\" height=\"350\"><\/embed><\/object><br \/>\n<img loading=\"lazy\" decoding=\"async\" class=\"alignleft\" style=\"float: left; margin-left: 6px; margin-right: 6px;\" src=\"http:\/\/farm4.static.flickr.com\/3099\/2825741312_d93d9d0730_m.jpg\" alt=\"\" width=\"240\" height=\"156\" \/><\/p>\n<p>Platoniq es un grupo de productores culturales y desarrolladores de software con base en Barcelona desde el a\u00f1o 2001. Inspirados en la red y sus formas de habitarla, Platoniq trata de bajar Internet a la calle y difundir, formar o compartir otras formas de actuar sobre la informaci\u00f3n, el conocimiento y la cultura conectada. Entre sus \u00faltimos proyectos se encuentra el proyecto Burn Station, una estaci\u00f3n copiadora de audio documentaci\u00f3n y m\u00fasica libre de derechos y la creaci\u00f3n de la licencia copyleft Aire Incondicional. Platoniq investiga sobre los posibles usos sociales de la tecnolog\u00eda con la idea de encontrar estrategias m\u00e1s eficaces que desemboquen en nuevas formas de comunicaci\u00f3n, formaci\u00f3n, en nuevos tipos de trabajo o participaci\u00f3n ciudadana como en su proyecto banco com\u00fan de conocimiento. El resultado de su trabajo genera innovadoras herramientas y metodolog\u00edas de investigaci\u00f3n colectiva, adem\u00e1s de un amplio archivo audiovisual bajo licencias libres en Internet.<br \/>\nEn la gala de los premios oXcars estrenar\u00e1n su proyecto S.O.S:<\/p>\n<p><strong>S.O.S<\/strong><br \/>\nDesde hace m\u00e1s de 150 a\u00f1os el Speaker&#8217;s Corner (el rinc\u00f3n del orador) ha sido una de las atracciones m\u00e1s populares de Londres. Cada domingo por la ma\u00f1ana quien quiera dar su opini\u00f3n sobre cualquier asunto y quien quiera escucharla o rebatirla, puede hacerlo en el punto de encuentro entre Oxford Street y Hyde Park.<\/p>\n<p>S\u00edmbolo de la libertad de expresi\u00f3n, el Speaker&#8217;s Corner tiene su origen en el siglo XIX cuando muchas ideas no encontraban canales para su manifestaci\u00f3n en pleno nacimiento de los movimientos de masas. Este lugar fue frecuentado por Karl Marx, Vladimir Lenin, William Morris o George Orwell.<\/p>\n<p>S.O.S es un kit para grabar anuncios (ofertas, demandas y denuncias) en espacios p\u00fablicos y eventos, inspirado en el Speaker&#8217;s Corner y ligado a la experiencia de otros proyectos de Platoniq como Burn Station y Banco Com\u00fan de Conocimientos.<br \/>\nBusca poner en contacto a personas con intereses en com\u00fan de una misma zona que quieran compartir informaci\u00f3n y recursos. Los interesados graban anuncios con la aplicaci\u00f3n SOS que son clasificados y consultables en Internet seg\u00fan tem\u00e1ticas y palabras claves. Cuando el sistema encuentra equivalencias entre mensajes o respuestas concretas a anuncios, se env\u00eda autom\u00e1ticamente un sms a los interesados para concretar un posible encuentro o intercambio.<\/p>\n<p>S.O.S busca generar pol\u00edticas de re-aprovechamiento de conocimientos significativos, \u00fatiles, en v\u00eda de desaparici\u00f3n o re-apropiados, tanto en zonas urbanas como rurales, a partir de ofertas y demandas locales.<br \/>\nEste proyecto se inscribe en la linea del trabajo de Platoniq que investiga sobre formatos p\u00fablicos colaborativos aplicando los efectos positivos del software libre y los sistemas P2P en los \u00e1mbitos de la (auto)formaci\u00f3n y la participaci\u00f3n ciudadana.<br \/>\n<a href=\"http:\/\/www.platoniq.net\" target=\"_blank\">http:\/\/www.platoniq.net<\/a><\/p>","protected":false},"excerpt":{"rendered":"<p>Platoniq es un grupo de productores culturales y desarrolladores de software con base en Barcelona desde el a\u00f1o 2001. Inspirados en la red y sus formas de habitarla, Platoniq trata de bajar Internet a la calle y difundir, formar o compartir otras formas de actuar sobre la informaci\u00f3n, el conocimiento y la cultura conectada. Entre [&hellip;]<\/p>\n","protected":false},"author":5,"featured_media":0,"parent":136,"menu_order":0,"comment_status":"open","ping_status":"closed","template":"","meta":{"footnotes":""},"class_list":["post-152","page","type-page","status-publish","hentry"],"yoast_head":"<!-- This site is optimized with the Yoast SEO plugin v26.7 - https:\/\/yoast.com\/wordpress\/plugins\/seo\/ -->\n<title>Platoniq: S.O.S y Burn Station (red) -<\/title>\n<meta name=\"robots\" content=\"index, follow, max-snippet:-1, max-image-preview:large, max-video-preview:-1\" \/>\n<link rel=\"canonical\" href=\"https:\/\/xnet-x.net\/es\/los-oxcars\/programa\/platoniq\/\" \/>\n<meta name=\"twitter:label1\" content=\"Tiempo de lectura\" \/>\n\t<meta name=\"twitter:data1\" content=\"5 minutos\" \/>\n<script type=\"application\/ld+json\" class=\"yoast-schema-graph\">{\"@context\":\"https:\/\/schema.org\",\"@graph\":[{\"@type\":\"WebPage\",\"@id\":\"https:\/\/xnet-x.net\/es\/los-oxcars\/programa\/platoniq\/\",\"url\":\"https:\/\/xnet-x.net\/es\/los-oxcars\/programa\/platoniq\/\",\"name\":\"Platoniq: S.O.S y Burn Station (red) -\",\"isPartOf\":{\"@id\":\"https:\/\/xnet-x.net\/es\/#website\"},\"primaryImageOfPage\":{\"@id\":\"https:\/\/xnet-x.net\/es\/los-oxcars\/programa\/platoniq\/#primaryimage\"},\"image\":{\"@id\":\"https:\/\/xnet-x.net\/es\/los-oxcars\/programa\/platoniq\/#primaryimage\"},\"thumbnailUrl\":\"http:\/\/farm4.static.flickr.com\/3099\/2825741312_d93d9d0730_m.jpg\",\"datePublished\":\"2008-09-03T16:10:38+00:00\",\"dateModified\":\"2011-03-24T15:59:24+00:00\",\"breadcrumb\":{\"@id\":\"https:\/\/xnet-x.net\/es\/los-oxcars\/programa\/platoniq\/#breadcrumb\"},\"inLanguage\":\"es\",\"potentialAction\":[{\"@type\":\"ReadAction\",\"target\":[[\"https:\/\/xnet-x.net\/es\/los-oxcars\/programa\/platoniq\/\"]]}]},{\"@type\":\"ImageObject\",\"inLanguage\":\"es\",\"@id\":\"https:\/\/xnet-x.net\/es\/los-oxcars\/programa\/platoniq\/#primaryimage\",\"url\":\"http:\/\/farm4.static.flickr.com\/3099\/2825741312_d93d9d0730_m.jpg\",\"contentUrl\":\"http:\/\/farm4.static.flickr.com\/3099\/2825741312_d93d9d0730_m.jpg\"},{\"@type\":\"BreadcrumbList\",\"@id\":\"https:\/\/xnet-x.net\/es\/los-oxcars\/programa\/platoniq\/#breadcrumb\",\"itemListElement\":[{\"@type\":\"ListItem\",\"position\":1,\"name\":\"Portada\",\"item\":\"https:\/\/xnet-x.net\/es\/\"},{\"@type\":\"ListItem\",\"position\":2,\"name\":\"Los OXcars\",\"item\":\"https:\/\/xnet-x.net\/es\/los-oxcars\/\"},{\"@type\":\"ListItem\",\"position\":3,\"name\":\"Programa\",\"item\":\"https:\/\/xnet-x.net\/es\/los-oxcars\/programa\/\"},{\"@type\":\"ListItem\",\"position\":4,\"name\":\"Platoniq: S.O.S y Burn Station (red)\"}]},{\"@type\":\"WebSite\",\"@id\":\"https:\/\/xnet-x.net\/es\/#website\",\"url\":\"https:\/\/xnet-x.net\/es\/\",\"name\":\"[:es]Xnet - Internet, derechos y democracia en la era digital[:ca]Xnet - Internet, drets i democr\u00e0cia en l'era digital[:en]Xnet - Internet freedoms & digital rights[:]\",\"description\":\"Xnet: Internet, informaci\u00f3n y cultura libres. Tecnopol\u00edtica. Datos, algoritmos y derechos digitales. Libertad de expresi\u00f3n. Democracia y anticorrupci\u00f3n\",\"publisher\":{\"@id\":\"https:\/\/xnet-x.net\/es\/#organization\"},\"potentialAction\":[{\"@type\":\"SearchAction\",\"target\":{\"@type\":\"EntryPoint\",\"urlTemplate\":\"https:\/\/xnet-x.net\/es\/?s={search_term_string}\"},\"query-input\":{\"@type\":\"PropertyValueSpecification\",\"valueRequired\":true,\"valueName\":\"search_term_string\"}}],\"inLanguage\":\"es\"},{\"@type\":\"Organization\",\"@id\":\"https:\/\/xnet-x.net\/es\/#organization\",\"name\":\"Xnet - Internet, derechos y democracia en la era digital\",\"url\":\"https:\/\/xnet-x.net\/es\/\",\"logo\":{\"@type\":\"ImageObject\",\"inLanguage\":\"es\",\"@id\":\"https:\/\/xnet-x.net\/es\/#\/schema\/logo\/image\/\",\"url\":\"https:\/\/xnet-x.net\/img\/xnet-logo.png\",\"contentUrl\":\"https:\/\/xnet-x.net\/img\/xnet-logo.png\",\"width\":512,\"height\":512,\"caption\":\"Xnet - Internet, derechos y democracia en la era digital\"},\"image\":{\"@id\":\"https:\/\/xnet-x.net\/es\/#\/schema\/logo\/image\/\"},\"sameAs\":[\"http:\/\/facebook.com\/RedX.Net\/\",\"https:\/\/x.com\/x_net_\",\"https:\/\/es.wikipedia.org\/wiki\/Xnet\"]}]}<\/script>\n<!-- \/ Yoast SEO plugin. -->","yoast_head_json":{"title":"Platoniq: S.O.S y Burn Station (red) -","robots":{"index":"index","follow":"follow","max-snippet":"max-snippet:-1","max-image-preview":"max-image-preview:large","max-video-preview":"max-video-preview:-1"},"canonical":"https:\/\/xnet-x.net\/es\/los-oxcars\/programa\/platoniq\/","twitter_misc":{"Tiempo de lectura":"5 minutos"},"schema":{"@context":"https:\/\/schema.org","@graph":[{"@type":"WebPage","@id":"https:\/\/xnet-x.net\/es\/los-oxcars\/programa\/platoniq\/","url":"https:\/\/xnet-x.net\/es\/los-oxcars\/programa\/platoniq\/","name":"Platoniq: S.O.S y Burn Station (red) -","isPartOf":{"@id":"https:\/\/xnet-x.net\/es\/#website"},"primaryImageOfPage":{"@id":"https:\/\/xnet-x.net\/es\/los-oxcars\/programa\/platoniq\/#primaryimage"},"image":{"@id":"https:\/\/xnet-x.net\/es\/los-oxcars\/programa\/platoniq\/#primaryimage"},"thumbnailUrl":"http:\/\/farm4.static.flickr.com\/3099\/2825741312_d93d9d0730_m.jpg","datePublished":"2008-09-03T16:10:38+00:00","dateModified":"2011-03-24T15:59:24+00:00","breadcrumb":{"@id":"https:\/\/xnet-x.net\/es\/los-oxcars\/programa\/platoniq\/#breadcrumb"},"inLanguage":"es","potentialAction":[{"@type":"ReadAction","target":[["https:\/\/xnet-x.net\/es\/los-oxcars\/programa\/platoniq\/"]]}]},{"@type":"ImageObject","inLanguage":"es","@id":"https:\/\/xnet-x.net\/es\/los-oxcars\/programa\/platoniq\/#primaryimage","url":"http:\/\/farm4.static.flickr.com\/3099\/2825741312_d93d9d0730_m.jpg","contentUrl":"http:\/\/farm4.static.flickr.com\/3099\/2825741312_d93d9d0730_m.jpg"},{"@type":"BreadcrumbList","@id":"https:\/\/xnet-x.net\/es\/los-oxcars\/programa\/platoniq\/#breadcrumb","itemListElement":[{"@type":"ListItem","position":1,"name":"Portada","item":"https:\/\/xnet-x.net\/es\/"},{"@type":"ListItem","position":2,"name":"Los OXcars","item":"https:\/\/xnet-x.net\/es\/los-oxcars\/"},{"@type":"ListItem","position":3,"name":"Programa","item":"https:\/\/xnet-x.net\/es\/los-oxcars\/programa\/"},{"@type":"ListItem","position":4,"name":"Platoniq: S.O.S y Burn Station (red)"}]},{"@type":"WebSite","@id":"https:\/\/xnet-x.net\/es\/#website","url":"https:\/\/xnet-x.net\/es\/","name":"[:es]Xnet - Internet, derechos y democracia en la era digital[:ca]Xnet - Internet, drets i democr\u00e0cia en l'era digital[:en]Xnet - Internet freedoms & digital rights[:]","description":"Xnet: Internet, informaci\u00f3n y cultura libres. Tecnopol\u00edtica. Datos, algoritmos y derechos digitales. Libertad de expresi\u00f3n. Democracia y anticorrupci\u00f3n","publisher":{"@id":"https:\/\/xnet-x.net\/es\/#organization"},"potentialAction":[{"@type":"SearchAction","target":{"@type":"EntryPoint","urlTemplate":"https:\/\/xnet-x.net\/es\/?s={search_term_string}"},"query-input":{"@type":"PropertyValueSpecification","valueRequired":true,"valueName":"search_term_string"}}],"inLanguage":"es"},{"@type":"Organization","@id":"https:\/\/xnet-x.net\/es\/#organization","name":"Xnet - Internet, derechos y democracia en la era digital","url":"https:\/\/xnet-x.net\/es\/","logo":{"@type":"ImageObject","inLanguage":"es","@id":"https:\/\/xnet-x.net\/es\/#\/schema\/logo\/image\/","url":"https:\/\/xnet-x.net\/img\/xnet-logo.png","contentUrl":"https:\/\/xnet-x.net\/img\/xnet-logo.png","width":512,"height":512,"caption":"Xnet - Internet, derechos y democracia en la era digital"},"image":{"@id":"https:\/\/xnet-x.net\/es\/#\/schema\/logo\/image\/"},"sameAs":["http:\/\/facebook.com\/RedX.Net\/","https:\/\/x.com\/x_net_","https:\/\/es.wikipedia.org\/wiki\/Xnet"]}]}},"_links":{"self":[{"href":"https:\/\/xnet-x.net\/es\/wp-json\/wp\/v2\/pages\/152","targetHints":{"allow":["GET"]}}],"collection":[{"href":"https:\/\/xnet-x.net\/es\/wp-json\/wp\/v2\/pages"}],"about":[{"href":"https:\/\/xnet-x.net\/es\/wp-json\/wp\/v2\/types\/page"}],"author":[{"embeddable":true,"href":"https:\/\/xnet-x.net\/es\/wp-json\/wp\/v2\/users\/5"}],"replies":[{"embeddable":true,"href":"https:\/\/xnet-x.net\/es\/wp-json\/wp\/v2\/comments?post=152"}],"version-history":[{"count":1,"href":"https:\/\/xnet-x.net\/es\/wp-json\/wp\/v2\/pages\/152\/revisions"}],"predecessor-version":[{"id":3576,"href":"https:\/\/xnet-x.net\/es\/wp-json\/wp\/v2\/pages\/152\/revisions\/3576"}],"up":[{"embeddable":true,"href":"https:\/\/xnet-x.net\/es\/wp-json\/wp\/v2\/pages\/136"}],"wp:attachment":[{"href":"https:\/\/xnet-x.net\/es\/wp-json\/wp\/v2\/media?parent=152"}],"curies":[{"name":"wp","href":"https:\/\/api.w.org\/{rel}","templated":true}]}}