{"id":149,"date":"2008-09-03T18:01:27","date_gmt":"2008-09-03T16:01:27","guid":{"rendered":"http:\/\/la-ex.net\/?page_id=149"},"modified":"2011-03-24T17:28:20","modified_gmt":"2011-03-24T16:28:20","slug":"freecinema","status":"publish","type":"page","link":"https:\/\/xnet-x.net\/es\/los-oxcars\/programa\/freecinema\/","title":{"rendered":"FreeCinema (cine)"},"content":{"rendered":"<p><img loading=\"lazy\" decoding=\"async\" class=\"alignleft\" style=\"float: left;\" src=\"http:\/\/farm4.static.flickr.com\/3174\/2825762150_8f2c577806_m.jpg\" alt=\"\" width=\"240\" height=\"89\" \/>Una organizaci\u00f3n de directores de cine, que promueve el cine realizado en open source. Por ejemplo la producci\u00f3n \u201cNothing so strange\u201d de Brian Flemming, un <em>fake<\/em> documental sobre el asesinado de Bill Gates, deja libre la totalidad de sus grabaciones.<\/p>\n<p><a href=\"http:\/\/freecinema.org\/\" target=\"_blank\">http:\/\/freecinema.org\/<\/a><\/p>","protected":false},"excerpt":{"rendered":"<p>Una organizaci\u00f3n de directores de cine, que promueve el cine realizado en open source. Por ejemplo la producci\u00f3n \u201cNothing so strange\u201d de Brian Flemming, un fake documental sobre el asesinado de Bill Gates, deja libre la totalidad de sus grabaciones. http:\/\/freecinema.org\/<\/p>\n","protected":false},"author":5,"featured_media":0,"parent":136,"menu_order":0,"comment_status":"open","ping_status":"closed","template":"","meta":{"footnotes":""},"class_list":["post-149","page","type-page","status-publish","hentry"],"yoast_head":"<!-- This site is optimized with the Yoast SEO plugin v26.7 - https:\/\/yoast.com\/wordpress\/plugins\/seo\/ -->\n<title>FreeCinema (cine) -<\/title>\n<meta name=\"robots\" content=\"index, follow, max-snippet:-1, max-image-preview:large, max-video-preview:-1\" \/>\n<link rel=\"canonical\" href=\"https:\/\/xnet-x.net\/es\/los-oxcars\/programa\/freecinema\/\" \/>\n<meta name=\"twitter:label1\" content=\"Tiempo de lectura\" \/>\n\t<meta name=\"twitter:data1\" content=\"1 minuto\" \/>\n<script type=\"application\/ld+json\" class=\"yoast-schema-graph\">{\"@context\":\"https:\/\/schema.org\",\"@graph\":[{\"@type\":\"WebPage\",\"@id\":\"https:\/\/xnet-x.net\/es\/los-oxcars\/programa\/freecinema\/\",\"url\":\"https:\/\/xnet-x.net\/es\/los-oxcars\/programa\/freecinema\/\",\"name\":\"FreeCinema (cine) -\",\"isPartOf\":{\"@id\":\"https:\/\/xnet-x.net\/es\/#website\"},\"primaryImageOfPage\":{\"@id\":\"https:\/\/xnet-x.net\/es\/los-oxcars\/programa\/freecinema\/#primaryimage\"},\"image\":{\"@id\":\"https:\/\/xnet-x.net\/es\/los-oxcars\/programa\/freecinema\/#primaryimage\"},\"thumbnailUrl\":\"http:\/\/farm4.static.flickr.com\/3174\/2825762150_8f2c577806_m.jpg\",\"datePublished\":\"2008-09-03T16:01:27+00:00\",\"dateModified\":\"2011-03-24T16:28:20+00:00\",\"breadcrumb\":{\"@id\":\"https:\/\/xnet-x.net\/es\/los-oxcars\/programa\/freecinema\/#breadcrumb\"},\"inLanguage\":\"es\",\"potentialAction\":[{\"@type\":\"ReadAction\",\"target\":[[\"https:\/\/xnet-x.net\/es\/los-oxcars\/programa\/freecinema\/\"]]}]},{\"@type\":\"ImageObject\",\"inLanguage\":\"es\",\"@id\":\"https:\/\/xnet-x.net\/es\/los-oxcars\/programa\/freecinema\/#primaryimage\",\"url\":\"http:\/\/farm4.static.flickr.com\/3174\/2825762150_8f2c577806_m.jpg\",\"contentUrl\":\"http:\/\/farm4.static.flickr.com\/3174\/2825762150_8f2c577806_m.jpg\"},{\"@type\":\"BreadcrumbList\",\"@id\":\"https:\/\/xnet-x.net\/es\/los-oxcars\/programa\/freecinema\/#breadcrumb\",\"itemListElement\":[{\"@type\":\"ListItem\",\"position\":1,\"name\":\"Portada\",\"item\":\"https:\/\/xnet-x.net\/es\/\"},{\"@type\":\"ListItem\",\"position\":2,\"name\":\"Los OXcars\",\"item\":\"https:\/\/xnet-x.net\/es\/los-oxcars\/\"},{\"@type\":\"ListItem\",\"position\":3,\"name\":\"Programa\",\"item\":\"https:\/\/xnet-x.net\/es\/los-oxcars\/programa\/\"},{\"@type\":\"ListItem\",\"position\":4,\"name\":\"FreeCinema (cine)\"}]},{\"@type\":\"WebSite\",\"@id\":\"https:\/\/xnet-x.net\/es\/#website\",\"url\":\"https:\/\/xnet-x.net\/es\/\",\"name\":\"[:es]Xnet - Internet, derechos y democracia en la era digital[:ca]Xnet - Internet, drets i democr\u00e0cia en l'era digital[:en]Xnet - Internet freedoms & digital rights[:]\",\"description\":\"Xnet: Internet, informaci\u00f3n y cultura libres. Tecnopol\u00edtica. Datos, algoritmos y derechos digitales. Libertad de expresi\u00f3n. Democracia y anticorrupci\u00f3n\",\"publisher\":{\"@id\":\"https:\/\/xnet-x.net\/es\/#organization\"},\"potentialAction\":[{\"@type\":\"SearchAction\",\"target\":{\"@type\":\"EntryPoint\",\"urlTemplate\":\"https:\/\/xnet-x.net\/es\/?s={search_term_string}\"},\"query-input\":{\"@type\":\"PropertyValueSpecification\",\"valueRequired\":true,\"valueName\":\"search_term_string\"}}],\"inLanguage\":\"es\"},{\"@type\":\"Organization\",\"@id\":\"https:\/\/xnet-x.net\/es\/#organization\",\"name\":\"Xnet - Internet, derechos y democracia en la era digital\",\"url\":\"https:\/\/xnet-x.net\/es\/\",\"logo\":{\"@type\":\"ImageObject\",\"inLanguage\":\"es\",\"@id\":\"https:\/\/xnet-x.net\/es\/#\/schema\/logo\/image\/\",\"url\":\"https:\/\/xnet-x.net\/img\/xnet-logo.png\",\"contentUrl\":\"https:\/\/xnet-x.net\/img\/xnet-logo.png\",\"width\":512,\"height\":512,\"caption\":\"Xnet - Internet, derechos y democracia en la era digital\"},\"image\":{\"@id\":\"https:\/\/xnet-x.net\/es\/#\/schema\/logo\/image\/\"},\"sameAs\":[\"http:\/\/facebook.com\/RedX.Net\/\",\"https:\/\/x.com\/x_net_\",\"https:\/\/es.wikipedia.org\/wiki\/Xnet\"]}]}<\/script>\n<!-- \/ Yoast SEO plugin. -->","yoast_head_json":{"title":"FreeCinema (cine) -","robots":{"index":"index","follow":"follow","max-snippet":"max-snippet:-1","max-image-preview":"max-image-preview:large","max-video-preview":"max-video-preview:-1"},"canonical":"https:\/\/xnet-x.net\/es\/los-oxcars\/programa\/freecinema\/","twitter_misc":{"Tiempo de lectura":"1 minuto"},"schema":{"@context":"https:\/\/schema.org","@graph":[{"@type":"WebPage","@id":"https:\/\/xnet-x.net\/es\/los-oxcars\/programa\/freecinema\/","url":"https:\/\/xnet-x.net\/es\/los-oxcars\/programa\/freecinema\/","name":"FreeCinema (cine) -","isPartOf":{"@id":"https:\/\/xnet-x.net\/es\/#website"},"primaryImageOfPage":{"@id":"https:\/\/xnet-x.net\/es\/los-oxcars\/programa\/freecinema\/#primaryimage"},"image":{"@id":"https:\/\/xnet-x.net\/es\/los-oxcars\/programa\/freecinema\/#primaryimage"},"thumbnailUrl":"http:\/\/farm4.static.flickr.com\/3174\/2825762150_8f2c577806_m.jpg","datePublished":"2008-09-03T16:01:27+00:00","dateModified":"2011-03-24T16:28:20+00:00","breadcrumb":{"@id":"https:\/\/xnet-x.net\/es\/los-oxcars\/programa\/freecinema\/#breadcrumb"},"inLanguage":"es","potentialAction":[{"@type":"ReadAction","target":[["https:\/\/xnet-x.net\/es\/los-oxcars\/programa\/freecinema\/"]]}]},{"@type":"ImageObject","inLanguage":"es","@id":"https:\/\/xnet-x.net\/es\/los-oxcars\/programa\/freecinema\/#primaryimage","url":"http:\/\/farm4.static.flickr.com\/3174\/2825762150_8f2c577806_m.jpg","contentUrl":"http:\/\/farm4.static.flickr.com\/3174\/2825762150_8f2c577806_m.jpg"},{"@type":"BreadcrumbList","@id":"https:\/\/xnet-x.net\/es\/los-oxcars\/programa\/freecinema\/#breadcrumb","itemListElement":[{"@type":"ListItem","position":1,"name":"Portada","item":"https:\/\/xnet-x.net\/es\/"},{"@type":"ListItem","position":2,"name":"Los OXcars","item":"https:\/\/xnet-x.net\/es\/los-oxcars\/"},{"@type":"ListItem","position":3,"name":"Programa","item":"https:\/\/xnet-x.net\/es\/los-oxcars\/programa\/"},{"@type":"ListItem","position":4,"name":"FreeCinema (cine)"}]},{"@type":"WebSite","@id":"https:\/\/xnet-x.net\/es\/#website","url":"https:\/\/xnet-x.net\/es\/","name":"[:es]Xnet - Internet, derechos y democracia en la era digital[:ca]Xnet - Internet, drets i democr\u00e0cia en l'era digital[:en]Xnet - Internet freedoms & digital rights[:]","description":"Xnet: Internet, informaci\u00f3n y cultura libres. Tecnopol\u00edtica. Datos, algoritmos y derechos digitales. Libertad de expresi\u00f3n. Democracia y anticorrupci\u00f3n","publisher":{"@id":"https:\/\/xnet-x.net\/es\/#organization"},"potentialAction":[{"@type":"SearchAction","target":{"@type":"EntryPoint","urlTemplate":"https:\/\/xnet-x.net\/es\/?s={search_term_string}"},"query-input":{"@type":"PropertyValueSpecification","valueRequired":true,"valueName":"search_term_string"}}],"inLanguage":"es"},{"@type":"Organization","@id":"https:\/\/xnet-x.net\/es\/#organization","name":"Xnet - Internet, derechos y democracia en la era digital","url":"https:\/\/xnet-x.net\/es\/","logo":{"@type":"ImageObject","inLanguage":"es","@id":"https:\/\/xnet-x.net\/es\/#\/schema\/logo\/image\/","url":"https:\/\/xnet-x.net\/img\/xnet-logo.png","contentUrl":"https:\/\/xnet-x.net\/img\/xnet-logo.png","width":512,"height":512,"caption":"Xnet - Internet, derechos y democracia en la era digital"},"image":{"@id":"https:\/\/xnet-x.net\/es\/#\/schema\/logo\/image\/"},"sameAs":["http:\/\/facebook.com\/RedX.Net\/","https:\/\/x.com\/x_net_","https:\/\/es.wikipedia.org\/wiki\/Xnet"]}]}},"_links":{"self":[{"href":"https:\/\/xnet-x.net\/es\/wp-json\/wp\/v2\/pages\/149","targetHints":{"allow":["GET"]}}],"collection":[{"href":"https:\/\/xnet-x.net\/es\/wp-json\/wp\/v2\/pages"}],"about":[{"href":"https:\/\/xnet-x.net\/es\/wp-json\/wp\/v2\/types\/page"}],"author":[{"embeddable":true,"href":"https:\/\/xnet-x.net\/es\/wp-json\/wp\/v2\/users\/5"}],"replies":[{"embeddable":true,"href":"https:\/\/xnet-x.net\/es\/wp-json\/wp\/v2\/comments?post=149"}],"version-history":[{"count":1,"href":"https:\/\/xnet-x.net\/es\/wp-json\/wp\/v2\/pages\/149\/revisions"}],"predecessor-version":[{"id":3600,"href":"https:\/\/xnet-x.net\/es\/wp-json\/wp\/v2\/pages\/149\/revisions\/3600"}],"up":[{"embeddable":true,"href":"https:\/\/xnet-x.net\/es\/wp-json\/wp\/v2\/pages\/136"}],"wp:attachment":[{"href":"https:\/\/xnet-x.net\/es\/wp-json\/wp\/v2\/media?parent=149"}],"curies":[{"name":"wp","href":"https:\/\/api.w.org\/{rel}","templated":true}]}}