{"id":148,"date":"2008-09-03T17:59:59","date_gmt":"2008-09-03T15:59:59","guid":{"rendered":"http:\/\/la-ex.net\/?page_id=148"},"modified":"2011-03-24T17:31:34","modified_gmt":"2011-03-24T16:31:34","slug":"leobassi","status":"publish","type":"page","link":"https:\/\/xnet-x.net\/es\/los-oxcars\/programa\/leobassi\/","title":{"rendered":"Leo Bassi (acci\u00f3n)"},"content":{"rendered":"<p><img loading=\"lazy\" decoding=\"async\" class=\"alignleft\" style=\"float: left; margin-left: 4px; margin-right: 4px;\" src=\"http:\/\/farm4.static.flickr.com\/3225\/2824904201_ecb18b40f7_m.jpg\" alt=\"\" width=\"240\" height=\"194\" \/>Leo Bassi es un artista polifac\u00e9tico. Adem\u00e1s de su reconocida trayectoria teatral, ha sido, adem\u00e1s, creador durante muchos a\u00f1os de grandes eventos al aire libre; ha colaborado en programas de TV; y ha hecho m\u00faltiples incursiones en el mundo del cine. Reconocido mundialmente por sus extravagantes actuaciones teatrales y sus innumerables acciones provocadoras, Leo Bassi desciende de un antiguo linaje de comediantes exc\u00e9ntricos y de payasos circenses venidos de toda Europa.<br \/>\nLa vida de Leo Bassi est\u00e1 rodeada de un anecdotario impresionante. Podr\u00eda decirse, sin miedo a exagerar, que es un tipo excepcional. Sus actos provocativos, as\u00ed como las incre\u00edbles historias que le han acompa\u00f1ado durante toda su vida as\u00ed lo demuestran.<br \/>\nEn la gala de los oXcars Leo Bassi vendr\u00e1 a cobrar algo que se le debe.<br \/>\n<a href=\"http:\/\/www.leobassi.com\/\" target=\"_blank\">www.leobassi.com<\/a><\/p>","protected":false},"excerpt":{"rendered":"<p>Leo Bassi es un artista polifac\u00e9tico. Adem\u00e1s de su reconocida trayectoria teatral, ha sido, adem\u00e1s, creador durante muchos a\u00f1os de grandes eventos al aire libre; ha colaborado en programas de TV; y ha hecho m\u00faltiples incursiones en el mundo del cine. Reconocido mundialmente por sus extravagantes actuaciones teatrales y sus innumerables acciones provocadoras, Leo Bassi [&hellip;]<\/p>\n","protected":false},"author":5,"featured_media":0,"parent":136,"menu_order":0,"comment_status":"open","ping_status":"closed","template":"","meta":{"footnotes":""},"class_list":["post-148","page","type-page","status-publish","hentry"],"yoast_head":"<!-- This site is optimized with the Yoast SEO plugin v26.7 - https:\/\/yoast.com\/wordpress\/plugins\/seo\/ -->\n<title>Leo Bassi (acci\u00f3n)  -<\/title>\n<meta name=\"robots\" content=\"index, follow, max-snippet:-1, max-image-preview:large, max-video-preview:-1\" \/>\n<link rel=\"canonical\" href=\"https:\/\/xnet-x.net\/es\/los-oxcars\/programa\/leobassi\/\" \/>\n<meta name=\"twitter:label1\" content=\"Tiempo de lectura\" \/>\n\t<meta name=\"twitter:data1\" content=\"2 minutos\" \/>\n<script type=\"application\/ld+json\" class=\"yoast-schema-graph\">{\"@context\":\"https:\/\/schema.org\",\"@graph\":[{\"@type\":\"WebPage\",\"@id\":\"https:\/\/xnet-x.net\/es\/los-oxcars\/programa\/leobassi\/\",\"url\":\"https:\/\/xnet-x.net\/es\/los-oxcars\/programa\/leobassi\/\",\"name\":\"Leo Bassi (acci\u00f3n) -\",\"isPartOf\":{\"@id\":\"https:\/\/xnet-x.net\/es\/#website\"},\"primaryImageOfPage\":{\"@id\":\"https:\/\/xnet-x.net\/es\/los-oxcars\/programa\/leobassi\/#primaryimage\"},\"image\":{\"@id\":\"https:\/\/xnet-x.net\/es\/los-oxcars\/programa\/leobassi\/#primaryimage\"},\"thumbnailUrl\":\"http:\/\/farm4.static.flickr.com\/3225\/2824904201_ecb18b40f7_m.jpg\",\"datePublished\":\"2008-09-03T15:59:59+00:00\",\"dateModified\":\"2011-03-24T16:31:34+00:00\",\"breadcrumb\":{\"@id\":\"https:\/\/xnet-x.net\/es\/los-oxcars\/programa\/leobassi\/#breadcrumb\"},\"inLanguage\":\"es\",\"potentialAction\":[{\"@type\":\"ReadAction\",\"target\":[[\"https:\/\/xnet-x.net\/es\/los-oxcars\/programa\/leobassi\/\"]]}]},{\"@type\":\"ImageObject\",\"inLanguage\":\"es\",\"@id\":\"https:\/\/xnet-x.net\/es\/los-oxcars\/programa\/leobassi\/#primaryimage\",\"url\":\"http:\/\/farm4.static.flickr.com\/3225\/2824904201_ecb18b40f7_m.jpg\",\"contentUrl\":\"http:\/\/farm4.static.flickr.com\/3225\/2824904201_ecb18b40f7_m.jpg\"},{\"@type\":\"BreadcrumbList\",\"@id\":\"https:\/\/xnet-x.net\/es\/los-oxcars\/programa\/leobassi\/#breadcrumb\",\"itemListElement\":[{\"@type\":\"ListItem\",\"position\":1,\"name\":\"Portada\",\"item\":\"https:\/\/xnet-x.net\/es\/\"},{\"@type\":\"ListItem\",\"position\":2,\"name\":\"Los OXcars\",\"item\":\"https:\/\/xnet-x.net\/es\/los-oxcars\/\"},{\"@type\":\"ListItem\",\"position\":3,\"name\":\"Programa\",\"item\":\"https:\/\/xnet-x.net\/es\/los-oxcars\/programa\/\"},{\"@type\":\"ListItem\",\"position\":4,\"name\":\"Leo Bassi (acci\u00f3n)\"}]},{\"@type\":\"WebSite\",\"@id\":\"https:\/\/xnet-x.net\/es\/#website\",\"url\":\"https:\/\/xnet-x.net\/es\/\",\"name\":\"[:es]Xnet - Internet, derechos y democracia en la era digital[:ca]Xnet - Internet, drets i democr\u00e0cia en l'era digital[:en]Xnet - Internet freedoms & digital rights[:]\",\"description\":\"Xnet: Internet, informaci\u00f3n y cultura libres. Tecnopol\u00edtica. Datos, algoritmos y derechos digitales. Libertad de expresi\u00f3n. Democracia y anticorrupci\u00f3n\",\"publisher\":{\"@id\":\"https:\/\/xnet-x.net\/es\/#organization\"},\"potentialAction\":[{\"@type\":\"SearchAction\",\"target\":{\"@type\":\"EntryPoint\",\"urlTemplate\":\"https:\/\/xnet-x.net\/es\/?s={search_term_string}\"},\"query-input\":{\"@type\":\"PropertyValueSpecification\",\"valueRequired\":true,\"valueName\":\"search_term_string\"}}],\"inLanguage\":\"es\"},{\"@type\":\"Organization\",\"@id\":\"https:\/\/xnet-x.net\/es\/#organization\",\"name\":\"Xnet - Internet, derechos y democracia en la era digital\",\"url\":\"https:\/\/xnet-x.net\/es\/\",\"logo\":{\"@type\":\"ImageObject\",\"inLanguage\":\"es\",\"@id\":\"https:\/\/xnet-x.net\/es\/#\/schema\/logo\/image\/\",\"url\":\"https:\/\/xnet-x.net\/img\/xnet-logo.png\",\"contentUrl\":\"https:\/\/xnet-x.net\/img\/xnet-logo.png\",\"width\":512,\"height\":512,\"caption\":\"Xnet - Internet, derechos y democracia en la era digital\"},\"image\":{\"@id\":\"https:\/\/xnet-x.net\/es\/#\/schema\/logo\/image\/\"},\"sameAs\":[\"http:\/\/facebook.com\/RedX.Net\/\",\"https:\/\/x.com\/x_net_\",\"https:\/\/es.wikipedia.org\/wiki\/Xnet\"]}]}<\/script>\n<!-- \/ Yoast SEO plugin. -->","yoast_head_json":{"title":"Leo Bassi (acci\u00f3n)  -","robots":{"index":"index","follow":"follow","max-snippet":"max-snippet:-1","max-image-preview":"max-image-preview:large","max-video-preview":"max-video-preview:-1"},"canonical":"https:\/\/xnet-x.net\/es\/los-oxcars\/programa\/leobassi\/","twitter_misc":{"Tiempo de lectura":"2 minutos"},"schema":{"@context":"https:\/\/schema.org","@graph":[{"@type":"WebPage","@id":"https:\/\/xnet-x.net\/es\/los-oxcars\/programa\/leobassi\/","url":"https:\/\/xnet-x.net\/es\/los-oxcars\/programa\/leobassi\/","name":"Leo Bassi (acci\u00f3n) -","isPartOf":{"@id":"https:\/\/xnet-x.net\/es\/#website"},"primaryImageOfPage":{"@id":"https:\/\/xnet-x.net\/es\/los-oxcars\/programa\/leobassi\/#primaryimage"},"image":{"@id":"https:\/\/xnet-x.net\/es\/los-oxcars\/programa\/leobassi\/#primaryimage"},"thumbnailUrl":"http:\/\/farm4.static.flickr.com\/3225\/2824904201_ecb18b40f7_m.jpg","datePublished":"2008-09-03T15:59:59+00:00","dateModified":"2011-03-24T16:31:34+00:00","breadcrumb":{"@id":"https:\/\/xnet-x.net\/es\/los-oxcars\/programa\/leobassi\/#breadcrumb"},"inLanguage":"es","potentialAction":[{"@type":"ReadAction","target":[["https:\/\/xnet-x.net\/es\/los-oxcars\/programa\/leobassi\/"]]}]},{"@type":"ImageObject","inLanguage":"es","@id":"https:\/\/xnet-x.net\/es\/los-oxcars\/programa\/leobassi\/#primaryimage","url":"http:\/\/farm4.static.flickr.com\/3225\/2824904201_ecb18b40f7_m.jpg","contentUrl":"http:\/\/farm4.static.flickr.com\/3225\/2824904201_ecb18b40f7_m.jpg"},{"@type":"BreadcrumbList","@id":"https:\/\/xnet-x.net\/es\/los-oxcars\/programa\/leobassi\/#breadcrumb","itemListElement":[{"@type":"ListItem","position":1,"name":"Portada","item":"https:\/\/xnet-x.net\/es\/"},{"@type":"ListItem","position":2,"name":"Los OXcars","item":"https:\/\/xnet-x.net\/es\/los-oxcars\/"},{"@type":"ListItem","position":3,"name":"Programa","item":"https:\/\/xnet-x.net\/es\/los-oxcars\/programa\/"},{"@type":"ListItem","position":4,"name":"Leo Bassi (acci\u00f3n)"}]},{"@type":"WebSite","@id":"https:\/\/xnet-x.net\/es\/#website","url":"https:\/\/xnet-x.net\/es\/","name":"[:es]Xnet - Internet, derechos y democracia en la era digital[:ca]Xnet - Internet, drets i democr\u00e0cia en l'era digital[:en]Xnet - Internet freedoms & digital rights[:]","description":"Xnet: Internet, informaci\u00f3n y cultura libres. Tecnopol\u00edtica. Datos, algoritmos y derechos digitales. Libertad de expresi\u00f3n. Democracia y anticorrupci\u00f3n","publisher":{"@id":"https:\/\/xnet-x.net\/es\/#organization"},"potentialAction":[{"@type":"SearchAction","target":{"@type":"EntryPoint","urlTemplate":"https:\/\/xnet-x.net\/es\/?s={search_term_string}"},"query-input":{"@type":"PropertyValueSpecification","valueRequired":true,"valueName":"search_term_string"}}],"inLanguage":"es"},{"@type":"Organization","@id":"https:\/\/xnet-x.net\/es\/#organization","name":"Xnet - Internet, derechos y democracia en la era digital","url":"https:\/\/xnet-x.net\/es\/","logo":{"@type":"ImageObject","inLanguage":"es","@id":"https:\/\/xnet-x.net\/es\/#\/schema\/logo\/image\/","url":"https:\/\/xnet-x.net\/img\/xnet-logo.png","contentUrl":"https:\/\/xnet-x.net\/img\/xnet-logo.png","width":512,"height":512,"caption":"Xnet - Internet, derechos y democracia en la era digital"},"image":{"@id":"https:\/\/xnet-x.net\/es\/#\/schema\/logo\/image\/"},"sameAs":["http:\/\/facebook.com\/RedX.Net\/","https:\/\/x.com\/x_net_","https:\/\/es.wikipedia.org\/wiki\/Xnet"]}]}},"_links":{"self":[{"href":"https:\/\/xnet-x.net\/es\/wp-json\/wp\/v2\/pages\/148","targetHints":{"allow":["GET"]}}],"collection":[{"href":"https:\/\/xnet-x.net\/es\/wp-json\/wp\/v2\/pages"}],"about":[{"href":"https:\/\/xnet-x.net\/es\/wp-json\/wp\/v2\/types\/page"}],"author":[{"embeddable":true,"href":"https:\/\/xnet-x.net\/es\/wp-json\/wp\/v2\/users\/5"}],"replies":[{"embeddable":true,"href":"https:\/\/xnet-x.net\/es\/wp-json\/wp\/v2\/comments?post=148"}],"version-history":[{"count":1,"href":"https:\/\/xnet-x.net\/es\/wp-json\/wp\/v2\/pages\/148\/revisions"}],"predecessor-version":[{"id":3610,"href":"https:\/\/xnet-x.net\/es\/wp-json\/wp\/v2\/pages\/148\/revisions\/3610"}],"up":[{"embeddable":true,"href":"https:\/\/xnet-x.net\/es\/wp-json\/wp\/v2\/pages\/136"}],"wp:attachment":[{"href":"https:\/\/xnet-x.net\/es\/wp-json\/wp\/v2\/media?parent=148"}],"curies":[{"name":"wp","href":"https:\/\/api.w.org\/{rel}","templated":true}]}}