{"id":145,"date":"2008-09-03T17:54:16","date_gmt":"2008-09-03T15:54:16","guid":{"rendered":"http:\/\/la-ex.net\/?page_id=145"},"modified":"2011-03-24T17:36:46","modified_gmt":"2011-03-24T16:36:46","slug":"guillermozapata","status":"publish","type":"page","link":"https:\/\/xnet-x.net\/es\/proyectos\/guillermozapata\/","title":{"rendered":"Guillermo Zapata: Y todo va bien (cine)"},"content":{"rendered":"<p><img loading=\"lazy\" decoding=\"async\" class=\"alignleft\" style=\"float: left;\" src=\"http:\/\/farm4.static.flickr.com\/3149\/2824903775_2976a6b748_m.jpg\" alt=\"\" width=\"240\" height=\"144\" \/><\/p>\n<p>&#8216;Lo que t\u00fa quieras o\u00edr&#8217; es el corto m\u00e1s visto del mundo. Ha sido descargado 74 millones de veces. Su director, Guillermo Zapata, en vez de distribuirlo por festivales y televisiones lo subi\u00f3 directamente a la red con una licencia copyleft. Es el tercer v\u00eddeo m\u00e1s visto de la historia de Youtube. Es el \u00fanico clip de ficci\u00f3n en un Top 20 dominado por videoclips y curiosidades. Es tambi\u00e9n el \u00fanico en castellano. Ha tenido tanta audiencia como las pel\u00edculas de los Oscar.<br \/>\nGuillermo Zapata tiene 28 a\u00f1os y es guionista de Hospital Central y presenta en los oXcars su segundo corto: Y todo va bien.<br \/>\n<a href=\"http:\/\/www.ytodovabien.com\/site\/\" target=\"_blank\">www.ytodovabien.com<\/a><br \/>\n<a href=\"http:\/\/www.loquetuquierasoir.com\/\" target=\"_blank\">www.loquetuquierasoir.com<\/a><br \/>\n<a href=\"http:\/\/www.filmica.com\/casiopea\/\" target=\"_blank\"><br \/>\n<\/a><\/p>","protected":false},"excerpt":{"rendered":"<p>&#8216;Lo que t\u00fa quieras o\u00edr&#8217; es el corto m\u00e1s visto del mundo. Ha sido descargado 74 millones de veces. Su director, Guillermo Zapata, en vez de distribuirlo por festivales y televisiones lo subi\u00f3 directamente a la red con una licencia copyleft. Es el tercer v\u00eddeo m\u00e1s visto de la historia de Youtube. Es el \u00fanico [&hellip;]<\/p>\n","protected":false},"author":5,"featured_media":0,"parent":2992,"menu_order":0,"comment_status":"open","ping_status":"closed","template":"","meta":{"footnotes":""},"class_list":["post-145","page","type-page","status-publish","hentry"],"yoast_head":"<!-- This site is optimized with the Yoast SEO plugin v26.7 - https:\/\/yoast.com\/wordpress\/plugins\/seo\/ -->\n<title>Guillermo Zapata: Y todo va bien (cine) -<\/title>\n<meta name=\"robots\" content=\"index, follow, max-snippet:-1, max-image-preview:large, max-video-preview:-1\" \/>\n<link rel=\"canonical\" href=\"https:\/\/xnet-x.net\/es\/proyectos\/guillermozapata\/\" \/>\n<meta name=\"twitter:label1\" content=\"Tiempo de lectura\" \/>\n\t<meta name=\"twitter:data1\" content=\"1 minuto\" \/>\n<script type=\"application\/ld+json\" class=\"yoast-schema-graph\">{\"@context\":\"https:\/\/schema.org\",\"@graph\":[{\"@type\":\"WebPage\",\"@id\":\"https:\/\/xnet-x.net\/es\/proyectos\/guillermozapata\/\",\"url\":\"https:\/\/xnet-x.net\/es\/proyectos\/guillermozapata\/\",\"name\":\"Guillermo Zapata: Y todo va bien (cine) -\",\"isPartOf\":{\"@id\":\"https:\/\/xnet-x.net\/es\/#website\"},\"primaryImageOfPage\":{\"@id\":\"https:\/\/xnet-x.net\/es\/proyectos\/guillermozapata\/#primaryimage\"},\"image\":{\"@id\":\"https:\/\/xnet-x.net\/es\/proyectos\/guillermozapata\/#primaryimage\"},\"thumbnailUrl\":\"http:\/\/farm4.static.flickr.com\/3149\/2824903775_2976a6b748_m.jpg\",\"datePublished\":\"2008-09-03T15:54:16+00:00\",\"dateModified\":\"2011-03-24T16:36:46+00:00\",\"breadcrumb\":{\"@id\":\"https:\/\/xnet-x.net\/es\/proyectos\/guillermozapata\/#breadcrumb\"},\"inLanguage\":\"es\",\"potentialAction\":[{\"@type\":\"ReadAction\",\"target\":[[\"https:\/\/xnet-x.net\/es\/proyectos\/guillermozapata\/\"]]}]},{\"@type\":\"ImageObject\",\"inLanguage\":\"es\",\"@id\":\"https:\/\/xnet-x.net\/es\/proyectos\/guillermozapata\/#primaryimage\",\"url\":\"http:\/\/farm4.static.flickr.com\/3149\/2824903775_2976a6b748_m.jpg\",\"contentUrl\":\"http:\/\/farm4.static.flickr.com\/3149\/2824903775_2976a6b748_m.jpg\"},{\"@type\":\"BreadcrumbList\",\"@id\":\"https:\/\/xnet-x.net\/es\/proyectos\/guillermozapata\/#breadcrumb\",\"itemListElement\":[{\"@type\":\"ListItem\",\"position\":1,\"name\":\"Portada\",\"item\":\"https:\/\/xnet-x.net\/es\/\"},{\"@type\":\"ListItem\",\"position\":2,\"name\":\"(Es) Proyectos\",\"item\":\"https:\/\/xnet-x.net\/es\/proyectos\/\"},{\"@type\":\"ListItem\",\"position\":3,\"name\":\"Guillermo Zapata: Y todo va bien (cine)\"}]},{\"@type\":\"WebSite\",\"@id\":\"https:\/\/xnet-x.net\/es\/#website\",\"url\":\"https:\/\/xnet-x.net\/es\/\",\"name\":\"[:es]Xnet - Internet, derechos y democracia en la era digital[:ca]Xnet - Internet, drets i democr\u00e0cia en l'era digital[:en]Xnet - Internet freedoms & digital rights[:]\",\"description\":\"Xnet: Internet, informaci\u00f3n y cultura libres. Tecnopol\u00edtica. Datos, algoritmos y derechos digitales. Libertad de expresi\u00f3n. Democracia y anticorrupci\u00f3n\",\"publisher\":{\"@id\":\"https:\/\/xnet-x.net\/es\/#organization\"},\"potentialAction\":[{\"@type\":\"SearchAction\",\"target\":{\"@type\":\"EntryPoint\",\"urlTemplate\":\"https:\/\/xnet-x.net\/es\/?s={search_term_string}\"},\"query-input\":{\"@type\":\"PropertyValueSpecification\",\"valueRequired\":true,\"valueName\":\"search_term_string\"}}],\"inLanguage\":\"es\"},{\"@type\":\"Organization\",\"@id\":\"https:\/\/xnet-x.net\/es\/#organization\",\"name\":\"Xnet - Internet, derechos y democracia en la era digital\",\"url\":\"https:\/\/xnet-x.net\/es\/\",\"logo\":{\"@type\":\"ImageObject\",\"inLanguage\":\"es\",\"@id\":\"https:\/\/xnet-x.net\/es\/#\/schema\/logo\/image\/\",\"url\":\"https:\/\/xnet-x.net\/img\/xnet-logo.png\",\"contentUrl\":\"https:\/\/xnet-x.net\/img\/xnet-logo.png\",\"width\":512,\"height\":512,\"caption\":\"Xnet - Internet, derechos y democracia en la era digital\"},\"image\":{\"@id\":\"https:\/\/xnet-x.net\/es\/#\/schema\/logo\/image\/\"},\"sameAs\":[\"http:\/\/facebook.com\/RedX.Net\/\",\"https:\/\/x.com\/x_net_\",\"https:\/\/es.wikipedia.org\/wiki\/Xnet\"]}]}<\/script>\n<!-- \/ Yoast SEO plugin. -->","yoast_head_json":{"title":"Guillermo Zapata: Y todo va bien (cine) -","robots":{"index":"index","follow":"follow","max-snippet":"max-snippet:-1","max-image-preview":"max-image-preview:large","max-video-preview":"max-video-preview:-1"},"canonical":"https:\/\/xnet-x.net\/es\/proyectos\/guillermozapata\/","twitter_misc":{"Tiempo de lectura":"1 minuto"},"schema":{"@context":"https:\/\/schema.org","@graph":[{"@type":"WebPage","@id":"https:\/\/xnet-x.net\/es\/proyectos\/guillermozapata\/","url":"https:\/\/xnet-x.net\/es\/proyectos\/guillermozapata\/","name":"Guillermo Zapata: Y todo va bien (cine) -","isPartOf":{"@id":"https:\/\/xnet-x.net\/es\/#website"},"primaryImageOfPage":{"@id":"https:\/\/xnet-x.net\/es\/proyectos\/guillermozapata\/#primaryimage"},"image":{"@id":"https:\/\/xnet-x.net\/es\/proyectos\/guillermozapata\/#primaryimage"},"thumbnailUrl":"http:\/\/farm4.static.flickr.com\/3149\/2824903775_2976a6b748_m.jpg","datePublished":"2008-09-03T15:54:16+00:00","dateModified":"2011-03-24T16:36:46+00:00","breadcrumb":{"@id":"https:\/\/xnet-x.net\/es\/proyectos\/guillermozapata\/#breadcrumb"},"inLanguage":"es","potentialAction":[{"@type":"ReadAction","target":[["https:\/\/xnet-x.net\/es\/proyectos\/guillermozapata\/"]]}]},{"@type":"ImageObject","inLanguage":"es","@id":"https:\/\/xnet-x.net\/es\/proyectos\/guillermozapata\/#primaryimage","url":"http:\/\/farm4.static.flickr.com\/3149\/2824903775_2976a6b748_m.jpg","contentUrl":"http:\/\/farm4.static.flickr.com\/3149\/2824903775_2976a6b748_m.jpg"},{"@type":"BreadcrumbList","@id":"https:\/\/xnet-x.net\/es\/proyectos\/guillermozapata\/#breadcrumb","itemListElement":[{"@type":"ListItem","position":1,"name":"Portada","item":"https:\/\/xnet-x.net\/es\/"},{"@type":"ListItem","position":2,"name":"(Es) Proyectos","item":"https:\/\/xnet-x.net\/es\/proyectos\/"},{"@type":"ListItem","position":3,"name":"Guillermo Zapata: Y todo va bien (cine)"}]},{"@type":"WebSite","@id":"https:\/\/xnet-x.net\/es\/#website","url":"https:\/\/xnet-x.net\/es\/","name":"[:es]Xnet - Internet, derechos y democracia en la era digital[:ca]Xnet - Internet, drets i democr\u00e0cia en l'era digital[:en]Xnet - Internet freedoms & digital rights[:]","description":"Xnet: Internet, informaci\u00f3n y cultura libres. Tecnopol\u00edtica. Datos, algoritmos y derechos digitales. Libertad de expresi\u00f3n. Democracia y anticorrupci\u00f3n","publisher":{"@id":"https:\/\/xnet-x.net\/es\/#organization"},"potentialAction":[{"@type":"SearchAction","target":{"@type":"EntryPoint","urlTemplate":"https:\/\/xnet-x.net\/es\/?s={search_term_string}"},"query-input":{"@type":"PropertyValueSpecification","valueRequired":true,"valueName":"search_term_string"}}],"inLanguage":"es"},{"@type":"Organization","@id":"https:\/\/xnet-x.net\/es\/#organization","name":"Xnet - Internet, derechos y democracia en la era digital","url":"https:\/\/xnet-x.net\/es\/","logo":{"@type":"ImageObject","inLanguage":"es","@id":"https:\/\/xnet-x.net\/es\/#\/schema\/logo\/image\/","url":"https:\/\/xnet-x.net\/img\/xnet-logo.png","contentUrl":"https:\/\/xnet-x.net\/img\/xnet-logo.png","width":512,"height":512,"caption":"Xnet - Internet, derechos y democracia en la era digital"},"image":{"@id":"https:\/\/xnet-x.net\/es\/#\/schema\/logo\/image\/"},"sameAs":["http:\/\/facebook.com\/RedX.Net\/","https:\/\/x.com\/x_net_","https:\/\/es.wikipedia.org\/wiki\/Xnet"]}]}},"_links":{"self":[{"href":"https:\/\/xnet-x.net\/es\/wp-json\/wp\/v2\/pages\/145","targetHints":{"allow":["GET"]}}],"collection":[{"href":"https:\/\/xnet-x.net\/es\/wp-json\/wp\/v2\/pages"}],"about":[{"href":"https:\/\/xnet-x.net\/es\/wp-json\/wp\/v2\/types\/page"}],"author":[{"embeddable":true,"href":"https:\/\/xnet-x.net\/es\/wp-json\/wp\/v2\/users\/5"}],"replies":[{"embeddable":true,"href":"https:\/\/xnet-x.net\/es\/wp-json\/wp\/v2\/comments?post=145"}],"version-history":[{"count":1,"href":"https:\/\/xnet-x.net\/es\/wp-json\/wp\/v2\/pages\/145\/revisions"}],"predecessor-version":[{"id":3620,"href":"https:\/\/xnet-x.net\/es\/wp-json\/wp\/v2\/pages\/145\/revisions\/3620"}],"up":[{"embeddable":true,"href":"https:\/\/xnet-x.net\/es\/wp-json\/wp\/v2\/pages\/2992"}],"wp:attachment":[{"href":"https:\/\/xnet-x.net\/es\/wp-json\/wp\/v2\/media?parent=145"}],"curies":[{"name":"wp","href":"https:\/\/api.w.org\/{rel}","templated":true}]}}