{"id":144,"date":"2008-09-03T17:50:29","date_gmt":"2008-09-03T15:50:29","guid":{"rendered":"http:\/\/la-ex.net\/?page_id=144"},"modified":"2011-03-24T17:28:55","modified_gmt":"2011-03-24T16:28:55","slug":"griffi","status":"publish","type":"page","link":"https:\/\/xnet-x.net\/es\/los-oxcars\/programa\/griffi\/","title":{"rendered":"Griffi: S\u00f3lo Los Solo (actuaci\u00f3n hip- hop)"},"content":{"rendered":"<p><img loading=\"lazy\" decoding=\"async\" class=\"alignleft\" style=\"float: left; margin-left: 4px; margin-right: 4px;\" src=\"http:\/\/farm4.static.flickr.com\/3020\/2824903623_5d8d7f4460_m.jpg\" alt=\"\" width=\"240\" height=\"211\" \/><\/p>\n<p>Posiblemente el mejor productor y Dj de HipHop nacional del momento. A sus espaldas tiene producciones tan espectaculares como los tres discos de S\u00f3lo los Solo, gran parte del nuevo disco de Mala Rodr\u00edguez \u201cMalamarismo\u201d, el nuevo disco de Aqeel \u201cBeats &amp;Voices\u201d, todo el disco de \u201cVidalogia\u201d de Tremendo y algunos temas de \u201cM\u0153sica para Enfermos\u201d de Tote King. En concierto, Griffi hace vibrar a todo el aforo con sus idas y venidas de la aguja sobre los beats con una profunda armon\u00eda, creando una atm\u00f3sfera que casi se puede tocar. En 2007 sali\u00f3 a la venta el primer LP del proyecto Los Impresentables Chacho Brodas, un proyecto muy personal en el que colaboran artistas de la talla de Mala Rodr\u00edguez, Toteking, Tremendo y Aqeel. El objetivo de este proyecto es hacer hip hop con lo que tengas a mano y sorprender con la manera, forma y vacile.<\/p>\n<p>S\u00f3lo los Solo, es un grupo de hip-hop barcelon\u00e9s formado\u00a0 en 1997 por Juan Solo (Mc) y Griffi, DJ y productor. Ambos son integrantes del colectivo barcelon\u00e9s Funkomuna. Su primer LP se titul\u00f3 \u00abRetorno al principio. Durante el 2000, Griffi public\u00f3 un \u00e1lbum en solitario, \u00abAkay Lama en el funkarreo del 2015\u00bb, con producciones propias acompa\u00f1ado de varios artistas al micr\u00f3fono.<br \/>\nEntre ellos estaban Payo Malo, Mucho Muchacho o Tremendo. Al a\u00f1o siguiente publican un nuevo maxi (\u00abS\u00b4taway \/ Supra B-boy 2015\u00bb) adelanto de su segundo LP \u00abQuimera\u00bb, esta vez a trav\u00e9s de su propio sello discogr\u00e1fico, Del Palo. Este LP ten\u00eda unas producciones m\u00e1s experimentales y en cierto modo demostr\u00f3 la variedad de registros de que dispon\u00eda el grupo. Con este disco obtuvieron el reconocimiento en varias publicaciones como mejor disco y mejor directo nacional (Go Mag) o los premios Micro de platino bajo criterio de los lectores de Hip Hop Nation a la mejor canci\u00f3n y mejor portada. Despu\u00e9s de ese ritmo fren\u00e9tico de producci\u00f3n, tuvieron que pasar cuatro a\u00f1os hasta que en 2005 publicaron su nuevo LP titulado \u00abTodo el mundo lo sabe\u00bb y como ven\u00eda siendo habitual, precedido de un maxi adelanto \u00abEl chico del 9\u00bb.<\/p>\n<p><a rel=\"nofollow\" href=\"http:\/\/www.myspace.com\/delpalorecords\" target=\"_blank\">www.myspace.com\/delpalorecords<\/a><\/p>","protected":false},"excerpt":{"rendered":"<p>Posiblemente el mejor productor y Dj de HipHop nacional del momento. A sus espaldas tiene producciones tan espectaculares como los tres discos de S\u00f3lo los Solo, gran parte del nuevo disco de Mala Rodr\u00edguez \u201cMalamarismo\u201d, el nuevo disco de Aqeel \u201cBeats &amp;Voices\u201d, todo el disco de \u201cVidalogia\u201d de Tremendo y algunos temas de \u201cM\u0153sica para [&hellip;]<\/p>\n","protected":false},"author":5,"featured_media":0,"parent":136,"menu_order":0,"comment_status":"open","ping_status":"closed","template":"","meta":{"footnotes":""},"class_list":["post-144","page","type-page","status-publish","hentry"],"yoast_head":"<!-- This site is optimized with the Yoast SEO plugin v26.7 - https:\/\/yoast.com\/wordpress\/plugins\/seo\/ -->\n<title>Griffi: S\u00f3lo Los Solo (actuaci\u00f3n hip- hop)  -<\/title>\n<meta name=\"robots\" content=\"index, follow, max-snippet:-1, max-image-preview:large, max-video-preview:-1\" \/>\n<link rel=\"canonical\" href=\"https:\/\/xnet-x.net\/es\/los-oxcars\/programa\/griffi\/\" \/>\n<meta name=\"twitter:label1\" content=\"Tiempo de lectura\" \/>\n\t<meta name=\"twitter:data1\" content=\"4 minutos\" \/>\n<script type=\"application\/ld+json\" class=\"yoast-schema-graph\">{\"@context\":\"https:\/\/schema.org\",\"@graph\":[{\"@type\":\"WebPage\",\"@id\":\"https:\/\/xnet-x.net\/es\/los-oxcars\/programa\/griffi\/\",\"url\":\"https:\/\/xnet-x.net\/es\/los-oxcars\/programa\/griffi\/\",\"name\":\"Griffi: S\u00f3lo Los Solo (actuaci\u00f3n hip- hop) -\",\"isPartOf\":{\"@id\":\"https:\/\/xnet-x.net\/es\/#website\"},\"primaryImageOfPage\":{\"@id\":\"https:\/\/xnet-x.net\/es\/los-oxcars\/programa\/griffi\/#primaryimage\"},\"image\":{\"@id\":\"https:\/\/xnet-x.net\/es\/los-oxcars\/programa\/griffi\/#primaryimage\"},\"thumbnailUrl\":\"http:\/\/farm4.static.flickr.com\/3020\/2824903623_5d8d7f4460_m.jpg\",\"datePublished\":\"2008-09-03T15:50:29+00:00\",\"dateModified\":\"2011-03-24T16:28:55+00:00\",\"breadcrumb\":{\"@id\":\"https:\/\/xnet-x.net\/es\/los-oxcars\/programa\/griffi\/#breadcrumb\"},\"inLanguage\":\"es\",\"potentialAction\":[{\"@type\":\"ReadAction\",\"target\":[[\"https:\/\/xnet-x.net\/es\/los-oxcars\/programa\/griffi\/\"]]}]},{\"@type\":\"ImageObject\",\"inLanguage\":\"es\",\"@id\":\"https:\/\/xnet-x.net\/es\/los-oxcars\/programa\/griffi\/#primaryimage\",\"url\":\"http:\/\/farm4.static.flickr.com\/3020\/2824903623_5d8d7f4460_m.jpg\",\"contentUrl\":\"http:\/\/farm4.static.flickr.com\/3020\/2824903623_5d8d7f4460_m.jpg\"},{\"@type\":\"BreadcrumbList\",\"@id\":\"https:\/\/xnet-x.net\/es\/los-oxcars\/programa\/griffi\/#breadcrumb\",\"itemListElement\":[{\"@type\":\"ListItem\",\"position\":1,\"name\":\"Portada\",\"item\":\"https:\/\/xnet-x.net\/es\/\"},{\"@type\":\"ListItem\",\"position\":2,\"name\":\"Los OXcars\",\"item\":\"https:\/\/xnet-x.net\/es\/los-oxcars\/\"},{\"@type\":\"ListItem\",\"position\":3,\"name\":\"Programa\",\"item\":\"https:\/\/xnet-x.net\/es\/los-oxcars\/programa\/\"},{\"@type\":\"ListItem\",\"position\":4,\"name\":\"Griffi: S\u00f3lo Los Solo (actuaci\u00f3n hip- hop)\"}]},{\"@type\":\"WebSite\",\"@id\":\"https:\/\/xnet-x.net\/es\/#website\",\"url\":\"https:\/\/xnet-x.net\/es\/\",\"name\":\"[:es]Xnet - Internet, derechos y democracia en la era digital[:ca]Xnet - Internet, drets i democr\u00e0cia en l'era digital[:en]Xnet - Internet freedoms & digital rights[:]\",\"description\":\"Xnet: Internet, informaci\u00f3n y cultura libres. Tecnopol\u00edtica. Datos, algoritmos y derechos digitales. Libertad de expresi\u00f3n. Democracia y anticorrupci\u00f3n\",\"publisher\":{\"@id\":\"https:\/\/xnet-x.net\/es\/#organization\"},\"potentialAction\":[{\"@type\":\"SearchAction\",\"target\":{\"@type\":\"EntryPoint\",\"urlTemplate\":\"https:\/\/xnet-x.net\/es\/?s={search_term_string}\"},\"query-input\":{\"@type\":\"PropertyValueSpecification\",\"valueRequired\":true,\"valueName\":\"search_term_string\"}}],\"inLanguage\":\"es\"},{\"@type\":\"Organization\",\"@id\":\"https:\/\/xnet-x.net\/es\/#organization\",\"name\":\"Xnet - Internet, derechos y democracia en la era digital\",\"url\":\"https:\/\/xnet-x.net\/es\/\",\"logo\":{\"@type\":\"ImageObject\",\"inLanguage\":\"es\",\"@id\":\"https:\/\/xnet-x.net\/es\/#\/schema\/logo\/image\/\",\"url\":\"https:\/\/xnet-x.net\/img\/xnet-logo.png\",\"contentUrl\":\"https:\/\/xnet-x.net\/img\/xnet-logo.png\",\"width\":512,\"height\":512,\"caption\":\"Xnet - Internet, derechos y democracia en la era digital\"},\"image\":{\"@id\":\"https:\/\/xnet-x.net\/es\/#\/schema\/logo\/image\/\"},\"sameAs\":[\"http:\/\/facebook.com\/RedX.Net\/\",\"https:\/\/x.com\/x_net_\",\"https:\/\/es.wikipedia.org\/wiki\/Xnet\"]}]}<\/script>\n<!-- \/ Yoast SEO plugin. -->","yoast_head_json":{"title":"Griffi: S\u00f3lo Los Solo (actuaci\u00f3n hip- hop)  -","robots":{"index":"index","follow":"follow","max-snippet":"max-snippet:-1","max-image-preview":"max-image-preview:large","max-video-preview":"max-video-preview:-1"},"canonical":"https:\/\/xnet-x.net\/es\/los-oxcars\/programa\/griffi\/","twitter_misc":{"Tiempo de lectura":"4 minutos"},"schema":{"@context":"https:\/\/schema.org","@graph":[{"@type":"WebPage","@id":"https:\/\/xnet-x.net\/es\/los-oxcars\/programa\/griffi\/","url":"https:\/\/xnet-x.net\/es\/los-oxcars\/programa\/griffi\/","name":"Griffi: S\u00f3lo Los Solo (actuaci\u00f3n hip- hop) -","isPartOf":{"@id":"https:\/\/xnet-x.net\/es\/#website"},"primaryImageOfPage":{"@id":"https:\/\/xnet-x.net\/es\/los-oxcars\/programa\/griffi\/#primaryimage"},"image":{"@id":"https:\/\/xnet-x.net\/es\/los-oxcars\/programa\/griffi\/#primaryimage"},"thumbnailUrl":"http:\/\/farm4.static.flickr.com\/3020\/2824903623_5d8d7f4460_m.jpg","datePublished":"2008-09-03T15:50:29+00:00","dateModified":"2011-03-24T16:28:55+00:00","breadcrumb":{"@id":"https:\/\/xnet-x.net\/es\/los-oxcars\/programa\/griffi\/#breadcrumb"},"inLanguage":"es","potentialAction":[{"@type":"ReadAction","target":[["https:\/\/xnet-x.net\/es\/los-oxcars\/programa\/griffi\/"]]}]},{"@type":"ImageObject","inLanguage":"es","@id":"https:\/\/xnet-x.net\/es\/los-oxcars\/programa\/griffi\/#primaryimage","url":"http:\/\/farm4.static.flickr.com\/3020\/2824903623_5d8d7f4460_m.jpg","contentUrl":"http:\/\/farm4.static.flickr.com\/3020\/2824903623_5d8d7f4460_m.jpg"},{"@type":"BreadcrumbList","@id":"https:\/\/xnet-x.net\/es\/los-oxcars\/programa\/griffi\/#breadcrumb","itemListElement":[{"@type":"ListItem","position":1,"name":"Portada","item":"https:\/\/xnet-x.net\/es\/"},{"@type":"ListItem","position":2,"name":"Los OXcars","item":"https:\/\/xnet-x.net\/es\/los-oxcars\/"},{"@type":"ListItem","position":3,"name":"Programa","item":"https:\/\/xnet-x.net\/es\/los-oxcars\/programa\/"},{"@type":"ListItem","position":4,"name":"Griffi: S\u00f3lo Los Solo (actuaci\u00f3n hip- hop)"}]},{"@type":"WebSite","@id":"https:\/\/xnet-x.net\/es\/#website","url":"https:\/\/xnet-x.net\/es\/","name":"[:es]Xnet - Internet, derechos y democracia en la era digital[:ca]Xnet - Internet, drets i democr\u00e0cia en l'era digital[:en]Xnet - Internet freedoms & digital rights[:]","description":"Xnet: Internet, informaci\u00f3n y cultura libres. Tecnopol\u00edtica. Datos, algoritmos y derechos digitales. Libertad de expresi\u00f3n. Democracia y anticorrupci\u00f3n","publisher":{"@id":"https:\/\/xnet-x.net\/es\/#organization"},"potentialAction":[{"@type":"SearchAction","target":{"@type":"EntryPoint","urlTemplate":"https:\/\/xnet-x.net\/es\/?s={search_term_string}"},"query-input":{"@type":"PropertyValueSpecification","valueRequired":true,"valueName":"search_term_string"}}],"inLanguage":"es"},{"@type":"Organization","@id":"https:\/\/xnet-x.net\/es\/#organization","name":"Xnet - Internet, derechos y democracia en la era digital","url":"https:\/\/xnet-x.net\/es\/","logo":{"@type":"ImageObject","inLanguage":"es","@id":"https:\/\/xnet-x.net\/es\/#\/schema\/logo\/image\/","url":"https:\/\/xnet-x.net\/img\/xnet-logo.png","contentUrl":"https:\/\/xnet-x.net\/img\/xnet-logo.png","width":512,"height":512,"caption":"Xnet - Internet, derechos y democracia en la era digital"},"image":{"@id":"https:\/\/xnet-x.net\/es\/#\/schema\/logo\/image\/"},"sameAs":["http:\/\/facebook.com\/RedX.Net\/","https:\/\/x.com\/x_net_","https:\/\/es.wikipedia.org\/wiki\/Xnet"]}]}},"_links":{"self":[{"href":"https:\/\/xnet-x.net\/es\/wp-json\/wp\/v2\/pages\/144","targetHints":{"allow":["GET"]}}],"collection":[{"href":"https:\/\/xnet-x.net\/es\/wp-json\/wp\/v2\/pages"}],"about":[{"href":"https:\/\/xnet-x.net\/es\/wp-json\/wp\/v2\/types\/page"}],"author":[{"embeddable":true,"href":"https:\/\/xnet-x.net\/es\/wp-json\/wp\/v2\/users\/5"}],"replies":[{"embeddable":true,"href":"https:\/\/xnet-x.net\/es\/wp-json\/wp\/v2\/comments?post=144"}],"version-history":[{"count":1,"href":"https:\/\/xnet-x.net\/es\/wp-json\/wp\/v2\/pages\/144\/revisions"}],"predecessor-version":[{"id":3602,"href":"https:\/\/xnet-x.net\/es\/wp-json\/wp\/v2\/pages\/144\/revisions\/3602"}],"up":[{"embeddable":true,"href":"https:\/\/xnet-x.net\/es\/wp-json\/wp\/v2\/pages\/136"}],"wp:attachment":[{"href":"https:\/\/xnet-x.net\/es\/wp-json\/wp\/v2\/media?parent=144"}],"curies":[{"name":"wp","href":"https:\/\/api.w.org\/{rel}","templated":true}]}}