{"id":142,"date":"2008-09-03T17:46:04","date_gmt":"2008-09-03T15:46:04","guid":{"rendered":"http:\/\/la-ex.net\/?page_id=142"},"modified":"2011-03-24T17:01:45","modified_gmt":"2011-03-24T16:01:45","slug":"wuming","status":"publish","type":"page","link":"https:\/\/xnet-x.net\/es\/los-oxcars\/programa\/wuming\/","title":{"rendered":"Wu Ming Foundation: The new  thing (lectura musical)"},"content":{"rendered":"<p><img loading=\"lazy\" decoding=\"async\" style=\"border: 2px solid black; vertical-align: top; margin-left: 4px; margin-right: 4px;\" src=\"http:\/\/farm4.static.flickr.com\/3098\/2824906771_8752b09736.jpg\" alt=\"\" width=\"500\" height=\"222\" \/><\/p>\n<p>En 1994 un grupo de artistas y activistas deciden adoptar una identidad com\u00fan y denominarse Luther Blisset.\u00a0 Su finalidad es provocar un infierno en la industria cultural. Juntos quieren contar una gran historia y crear una leyenda, dando luz a un nuevo h\u00e9roe popular: <strong>Luther Blissett<\/strong>. Esta \u201cguerrilla\u201d\u00a0 organiza campa\u00f1as de solidaridad con v\u00edctimas de la censura o la represi\u00f3n. Pero sobre todo realiza burlas medi\u00e1ticas como forma de arte, explicando o reivindicando qu\u00e9 defectos del sistema ha utilizado para publicar o hacer p\u00fablicas noticias falsas. En 1999 tuvo lugar la aparici\u00f3n m\u00e1s conocida de Luther Blissett, al figurar como autor de la novela an\u00f3nima y colectiva Q, publicada en marzo por la editorial Einaudi y traducida con rapidez al castellano (por la editorial Mondadori), ingl\u00e9s, alem\u00e1n, holand\u00e9s, franc\u00e9s, portugu\u00e9s del brasil, dan\u00e9s y griego. A pesar de su inusitada factura y de las peculiares caracter\u00edsticas de la edici\u00f3n (que, anticip\u00e1ndose a las licencias creative commons, autorizaba en el pie de imprenta a la manipulaci\u00f3n y a la reproducci\u00f3n total o parcial de la novela, siempre y cuando fuera sin \u00e1nimo de lucro) la novela Q lleg\u00f3 a ser un importante \u00e9xito de ventas vendiendo miles de copias.<\/p>\n<p>En 1999 el proyecto Blissett finaliza y algunos de sus integrantes forman, a partir del 2000, Wu Ming. De 2000 a 2006 el proyecto m\u00e1s ambicioso de Wu Ming ha sido 54, una novela con decenas de personajes ambientada en 1954 y traducida al ingl\u00e9s, holand\u00e9s, espa\u00f1ol y portugu\u00e9s. En el 2007 Wu Ming edita una historia de jazz radical de los a\u00f1os sesenta: The Old New Thing (2 cd + libro). . El libro narra una historia de jazz y de luchas por los derechos de los afroamericanos, en el Brooklyn de la primavera de 1967.<br \/>\nWu Ming1 participar\u00e1 en la gala de los premios oXcars con una presentaci\u00f3n m\u00fasico-literaria. Adem\u00e1s presentar\u00e1 <strong>su libro The New Thing el d\u00eda 29<\/strong> de octubre en la Sala Conservas (v\u00e9ase <a href=\"\/proyectos\/programa\/miercoles\" target=\"_blank\">ACTIVIDADES PARALELAS<\/a>).<br \/>\n<a href=\"http:\/\/www.wumingfoundation.com\" target=\"_blank\">http:\/\/www.wumingfoundation.com<\/a><\/p>","protected":false},"excerpt":{"rendered":"<p>En 1994 un grupo de artistas y activistas deciden adoptar una identidad com\u00fan y denominarse Luther Blisset.\u00a0 Su finalidad es provocar un infierno en la industria cultural. Juntos quieren contar una gran historia y crear una leyenda, dando luz a un nuevo h\u00e9roe popular: Luther Blissett. Esta \u201cguerrilla\u201d\u00a0 organiza campa\u00f1as de solidaridad con v\u00edctimas de [&hellip;]<\/p>\n","protected":false},"author":5,"featured_media":0,"parent":136,"menu_order":0,"comment_status":"open","ping_status":"closed","template":"","meta":{"footnotes":""},"class_list":["post-142","page","type-page","status-publish","hentry"],"yoast_head":"<!-- This site is optimized with the Yoast SEO plugin v26.7 - https:\/\/yoast.com\/wordpress\/plugins\/seo\/ -->\n<title>Wu Ming Foundation: The new thing (lectura musical)  -<\/title>\n<meta name=\"robots\" content=\"index, follow, max-snippet:-1, max-image-preview:large, max-video-preview:-1\" \/>\n<link rel=\"canonical\" href=\"https:\/\/xnet-x.net\/es\/los-oxcars\/programa\/wuming\/\" \/>\n<meta name=\"twitter:label1\" content=\"Tiempo de lectura\" \/>\n\t<meta name=\"twitter:data1\" content=\"4 minutos\" \/>\n<script type=\"application\/ld+json\" class=\"yoast-schema-graph\">{\"@context\":\"https:\/\/schema.org\",\"@graph\":[{\"@type\":\"WebPage\",\"@id\":\"https:\/\/xnet-x.net\/es\/los-oxcars\/programa\/wuming\/\",\"url\":\"https:\/\/xnet-x.net\/es\/los-oxcars\/programa\/wuming\/\",\"name\":\"Wu Ming Foundation: The new thing (lectura musical) -\",\"isPartOf\":{\"@id\":\"https:\/\/xnet-x.net\/es\/#website\"},\"primaryImageOfPage\":{\"@id\":\"https:\/\/xnet-x.net\/es\/los-oxcars\/programa\/wuming\/#primaryimage\"},\"image\":{\"@id\":\"https:\/\/xnet-x.net\/es\/los-oxcars\/programa\/wuming\/#primaryimage\"},\"thumbnailUrl\":\"http:\/\/farm4.static.flickr.com\/3098\/2824906771_8752b09736.jpg\",\"datePublished\":\"2008-09-03T15:46:04+00:00\",\"dateModified\":\"2011-03-24T16:01:45+00:00\",\"breadcrumb\":{\"@id\":\"https:\/\/xnet-x.net\/es\/los-oxcars\/programa\/wuming\/#breadcrumb\"},\"inLanguage\":\"es\",\"potentialAction\":[{\"@type\":\"ReadAction\",\"target\":[[\"https:\/\/xnet-x.net\/es\/los-oxcars\/programa\/wuming\/\"]]}]},{\"@type\":\"ImageObject\",\"inLanguage\":\"es\",\"@id\":\"https:\/\/xnet-x.net\/es\/los-oxcars\/programa\/wuming\/#primaryimage\",\"url\":\"http:\/\/farm4.static.flickr.com\/3098\/2824906771_8752b09736.jpg\",\"contentUrl\":\"http:\/\/farm4.static.flickr.com\/3098\/2824906771_8752b09736.jpg\"},{\"@type\":\"BreadcrumbList\",\"@id\":\"https:\/\/xnet-x.net\/es\/los-oxcars\/programa\/wuming\/#breadcrumb\",\"itemListElement\":[{\"@type\":\"ListItem\",\"position\":1,\"name\":\"Portada\",\"item\":\"https:\/\/xnet-x.net\/es\/\"},{\"@type\":\"ListItem\",\"position\":2,\"name\":\"Los OXcars\",\"item\":\"https:\/\/xnet-x.net\/es\/los-oxcars\/\"},{\"@type\":\"ListItem\",\"position\":3,\"name\":\"Programa\",\"item\":\"https:\/\/xnet-x.net\/es\/los-oxcars\/programa\/\"},{\"@type\":\"ListItem\",\"position\":4,\"name\":\"Wu Ming Foundation: The new thing (lectura musical)\"}]},{\"@type\":\"WebSite\",\"@id\":\"https:\/\/xnet-x.net\/es\/#website\",\"url\":\"https:\/\/xnet-x.net\/es\/\",\"name\":\"[:es]Xnet - Internet, derechos y democracia en la era digital[:ca]Xnet - Internet, drets i democr\u00e0cia en l'era digital[:en]Xnet - Internet freedoms & digital rights[:]\",\"description\":\"Xnet: Internet, informaci\u00f3n y cultura libres. Tecnopol\u00edtica. Datos, algoritmos y derechos digitales. Libertad de expresi\u00f3n. Democracia y anticorrupci\u00f3n\",\"publisher\":{\"@id\":\"https:\/\/xnet-x.net\/es\/#organization\"},\"potentialAction\":[{\"@type\":\"SearchAction\",\"target\":{\"@type\":\"EntryPoint\",\"urlTemplate\":\"https:\/\/xnet-x.net\/es\/?s={search_term_string}\"},\"query-input\":{\"@type\":\"PropertyValueSpecification\",\"valueRequired\":true,\"valueName\":\"search_term_string\"}}],\"inLanguage\":\"es\"},{\"@type\":\"Organization\",\"@id\":\"https:\/\/xnet-x.net\/es\/#organization\",\"name\":\"Xnet - Internet, derechos y democracia en la era digital\",\"url\":\"https:\/\/xnet-x.net\/es\/\",\"logo\":{\"@type\":\"ImageObject\",\"inLanguage\":\"es\",\"@id\":\"https:\/\/xnet-x.net\/es\/#\/schema\/logo\/image\/\",\"url\":\"https:\/\/xnet-x.net\/img\/xnet-logo.png\",\"contentUrl\":\"https:\/\/xnet-x.net\/img\/xnet-logo.png\",\"width\":512,\"height\":512,\"caption\":\"Xnet - Internet, derechos y democracia en la era digital\"},\"image\":{\"@id\":\"https:\/\/xnet-x.net\/es\/#\/schema\/logo\/image\/\"},\"sameAs\":[\"http:\/\/facebook.com\/RedX.Net\/\",\"https:\/\/x.com\/x_net_\",\"https:\/\/es.wikipedia.org\/wiki\/Xnet\"]}]}<\/script>\n<!-- \/ Yoast SEO plugin. -->","yoast_head_json":{"title":"Wu Ming Foundation: The new thing (lectura musical)  -","robots":{"index":"index","follow":"follow","max-snippet":"max-snippet:-1","max-image-preview":"max-image-preview:large","max-video-preview":"max-video-preview:-1"},"canonical":"https:\/\/xnet-x.net\/es\/los-oxcars\/programa\/wuming\/","twitter_misc":{"Tiempo de lectura":"4 minutos"},"schema":{"@context":"https:\/\/schema.org","@graph":[{"@type":"WebPage","@id":"https:\/\/xnet-x.net\/es\/los-oxcars\/programa\/wuming\/","url":"https:\/\/xnet-x.net\/es\/los-oxcars\/programa\/wuming\/","name":"Wu Ming Foundation: The new thing (lectura musical) -","isPartOf":{"@id":"https:\/\/xnet-x.net\/es\/#website"},"primaryImageOfPage":{"@id":"https:\/\/xnet-x.net\/es\/los-oxcars\/programa\/wuming\/#primaryimage"},"image":{"@id":"https:\/\/xnet-x.net\/es\/los-oxcars\/programa\/wuming\/#primaryimage"},"thumbnailUrl":"http:\/\/farm4.static.flickr.com\/3098\/2824906771_8752b09736.jpg","datePublished":"2008-09-03T15:46:04+00:00","dateModified":"2011-03-24T16:01:45+00:00","breadcrumb":{"@id":"https:\/\/xnet-x.net\/es\/los-oxcars\/programa\/wuming\/#breadcrumb"},"inLanguage":"es","potentialAction":[{"@type":"ReadAction","target":[["https:\/\/xnet-x.net\/es\/los-oxcars\/programa\/wuming\/"]]}]},{"@type":"ImageObject","inLanguage":"es","@id":"https:\/\/xnet-x.net\/es\/los-oxcars\/programa\/wuming\/#primaryimage","url":"http:\/\/farm4.static.flickr.com\/3098\/2824906771_8752b09736.jpg","contentUrl":"http:\/\/farm4.static.flickr.com\/3098\/2824906771_8752b09736.jpg"},{"@type":"BreadcrumbList","@id":"https:\/\/xnet-x.net\/es\/los-oxcars\/programa\/wuming\/#breadcrumb","itemListElement":[{"@type":"ListItem","position":1,"name":"Portada","item":"https:\/\/xnet-x.net\/es\/"},{"@type":"ListItem","position":2,"name":"Los OXcars","item":"https:\/\/xnet-x.net\/es\/los-oxcars\/"},{"@type":"ListItem","position":3,"name":"Programa","item":"https:\/\/xnet-x.net\/es\/los-oxcars\/programa\/"},{"@type":"ListItem","position":4,"name":"Wu Ming Foundation: The new thing (lectura musical)"}]},{"@type":"WebSite","@id":"https:\/\/xnet-x.net\/es\/#website","url":"https:\/\/xnet-x.net\/es\/","name":"[:es]Xnet - Internet, derechos y democracia en la era digital[:ca]Xnet - Internet, drets i democr\u00e0cia en l'era digital[:en]Xnet - Internet freedoms & digital rights[:]","description":"Xnet: Internet, informaci\u00f3n y cultura libres. Tecnopol\u00edtica. Datos, algoritmos y derechos digitales. Libertad de expresi\u00f3n. Democracia y anticorrupci\u00f3n","publisher":{"@id":"https:\/\/xnet-x.net\/es\/#organization"},"potentialAction":[{"@type":"SearchAction","target":{"@type":"EntryPoint","urlTemplate":"https:\/\/xnet-x.net\/es\/?s={search_term_string}"},"query-input":{"@type":"PropertyValueSpecification","valueRequired":true,"valueName":"search_term_string"}}],"inLanguage":"es"},{"@type":"Organization","@id":"https:\/\/xnet-x.net\/es\/#organization","name":"Xnet - Internet, derechos y democracia en la era digital","url":"https:\/\/xnet-x.net\/es\/","logo":{"@type":"ImageObject","inLanguage":"es","@id":"https:\/\/xnet-x.net\/es\/#\/schema\/logo\/image\/","url":"https:\/\/xnet-x.net\/img\/xnet-logo.png","contentUrl":"https:\/\/xnet-x.net\/img\/xnet-logo.png","width":512,"height":512,"caption":"Xnet - Internet, derechos y democracia en la era digital"},"image":{"@id":"https:\/\/xnet-x.net\/es\/#\/schema\/logo\/image\/"},"sameAs":["http:\/\/facebook.com\/RedX.Net\/","https:\/\/x.com\/x_net_","https:\/\/es.wikipedia.org\/wiki\/Xnet"]}]}},"_links":{"self":[{"href":"https:\/\/xnet-x.net\/es\/wp-json\/wp\/v2\/pages\/142","targetHints":{"allow":["GET"]}}],"collection":[{"href":"https:\/\/xnet-x.net\/es\/wp-json\/wp\/v2\/pages"}],"about":[{"href":"https:\/\/xnet-x.net\/es\/wp-json\/wp\/v2\/types\/page"}],"author":[{"embeddable":true,"href":"https:\/\/xnet-x.net\/es\/wp-json\/wp\/v2\/users\/5"}],"replies":[{"embeddable":true,"href":"https:\/\/xnet-x.net\/es\/wp-json\/wp\/v2\/comments?post=142"}],"version-history":[{"count":2,"href":"https:\/\/xnet-x.net\/es\/wp-json\/wp\/v2\/pages\/142\/revisions"}],"predecessor-version":[{"id":3585,"href":"https:\/\/xnet-x.net\/es\/wp-json\/wp\/v2\/pages\/142\/revisions\/3585"}],"up":[{"embeddable":true,"href":"https:\/\/xnet-x.net\/es\/wp-json\/wp\/v2\/pages\/136"}],"wp:attachment":[{"href":"https:\/\/xnet-x.net\/es\/wp-json\/wp\/v2\/media?parent=142"}],"curies":[{"name":"wp","href":"https:\/\/api.w.org\/{rel}","templated":true}]}}