{"id":13987,"date":"2018-02-19T18:00:23","date_gmt":"2018-02-19T17:00:23","guid":{"rendered":"https:\/\/xnet-x.net\/?page_id=13987"},"modified":"2023-07-19T11:05:28","modified_gmt":"2023-07-19T09:05:28","slug":"contacto","status":"publish","type":"page","link":"https:\/\/xnet-x.net\/es\/contact\/","title":{"rendered":"contacto"},"content":{"rendered":"<p><\/p>\n<h3><em>Mail de contacto:<\/em><br \/>\n<span style=\"color:#0000CD \">contact [arroba] xnet-x.net<\/span><\/p>\n<p>* * *<\/p>\n<p><em>Para recibir informaciones sobre nuestras actividades:<\/em><br \/>\n<a href=\"https:\/\/xnetmails.maadix.org\/mailman\/postorius\/lists\/xnet-info.listas.xnet-x.net\/\" rel=\"noopener noreferrer\" target=\"_blank\">Clica aqu\u00ed para darte de alta en la Newsletter informativa<\/a><\/h3>\n<p><a href=\"https:\/\/xnet-x.net\/privacidad-y-condiciones\/\" rel=\"noopener noreferrer\" target=\"_blank\">Pol\u00edtica de privacidad y condiciones<\/a><\/p>\n<p><em>[Por la ley de protecci\u00f3n de datos, si eres menor de 16 a\u00f1os, NO debes inscribirte sin permiso de tu familia o tutores legales]<\/em><\/p>\n<h3>\nTambi\u00e9n puedes seguir nuestro canal informativo en Telegram:<br \/>\n<a href=\"https:\/\/t.me\/XnetInfo\" rel=\"noopener noreferrer\" target=\"_blank\">https:\/\/t.me\/XnetInfo<\/a><\/h3>\n<h4><strong>Otros sitios donde encontrarnos:<\/strong><br \/>\n<a href=\"https:\/\/linktr.ee\/x_net_\" rel=\"noopener\" target=\"_blank\"><strong>https:\/\/linktr.ee\/x_net_<\/strong><\/a><\/h4>\n<p>* * *<br \/>\n<img loading=\"lazy\" decoding=\"async\" src=\"https:\/\/xnet-x.net\/img\/localizacion-simbolo.jpg\" alt=\"\" width=\"20\" height=\"22\" class=\"aligncenter size-full wp-image-22860\" \/>Estamos en <strong>Barcelona<\/strong>, barrio de Internet.<\/p>","protected":false},"excerpt":{"rendered":"<p>Mail de contacto: contact [arroba] xnet-x.net * * * Para recibir informaciones sobre nuestras actividades: Clica aqu\u00ed para darte de alta en la Newsletter informativa Pol\u00edtica de privacidad y condiciones [Por la ley de protecci\u00f3n de datos, si eres menor de 16 a\u00f1os, NO debes inscribirte sin permiso de tu familia o tutores legales] Tambi\u00e9n [&hellip;]<\/p>\n","protected":false},"author":11,"featured_media":0,"parent":0,"menu_order":0,"comment_status":"closed","ping_status":"closed","template":"","meta":{"footnotes":""},"class_list":["post-13987","page","type-page","status-publish","hentry"],"yoast_head":"<!-- This site is optimized with the Yoast SEO plugin v26.7 - https:\/\/yoast.com\/wordpress\/plugins\/seo\/ -->\n<title>contacto -<\/title>\n<meta name=\"robots\" content=\"index, follow, max-snippet:-1, max-image-preview:large, max-video-preview:-1\" \/>\n<link rel=\"canonical\" href=\"https:\/\/xnet-x.net\/es\/contact\/\" \/>\n<meta name=\"twitter:label1\" content=\"Tiempo de lectura\" \/>\n\t<meta name=\"twitter:data1\" content=\"1 minuto\" \/>\n<script type=\"application\/ld+json\" class=\"yoast-schema-graph\">{\"@context\":\"https:\/\/schema.org\",\"@graph\":[{\"@type\":\"WebPage\",\"@id\":\"https:\/\/xnet-x.net\/es\/contact\/\",\"url\":\"https:\/\/xnet-x.net\/es\/contact\/\",\"name\":\"contacto -\",\"isPartOf\":{\"@id\":\"https:\/\/xnet-x.net\/es\/#website\"},\"primaryImageOfPage\":{\"@id\":\"https:\/\/xnet-x.net\/es\/contact\/#primaryimage\"},\"image\":{\"@id\":\"https:\/\/xnet-x.net\/es\/contact\/#primaryimage\"},\"thumbnailUrl\":\"https:\/\/xnet-x.net\/img\/localizacion-simbolo.jpg\",\"datePublished\":\"2018-02-19T17:00:23+00:00\",\"dateModified\":\"2023-07-19T09:05:28+00:00\",\"breadcrumb\":{\"@id\":\"https:\/\/xnet-x.net\/es\/contact\/#breadcrumb\"},\"inLanguage\":\"es\",\"potentialAction\":[{\"@type\":\"ReadAction\",\"target\":[[\"https:\/\/xnet-x.net\/es\/contact\/\"]]}]},{\"@type\":\"ImageObject\",\"inLanguage\":\"es\",\"@id\":\"https:\/\/xnet-x.net\/es\/contact\/#primaryimage\",\"url\":\"https:\/\/xnet-x.net\/img\/localizacion-simbolo.jpg\",\"contentUrl\":\"https:\/\/xnet-x.net\/img\/localizacion-simbolo.jpg\"},{\"@type\":\"BreadcrumbList\",\"@id\":\"https:\/\/xnet-x.net\/es\/contact\/#breadcrumb\",\"itemListElement\":[{\"@type\":\"ListItem\",\"position\":1,\"name\":\"Portada\",\"item\":\"https:\/\/xnet-x.net\/es\/\"},{\"@type\":\"ListItem\",\"position\":2,\"name\":\"contacto\"}]},{\"@type\":\"WebSite\",\"@id\":\"https:\/\/xnet-x.net\/es\/#website\",\"url\":\"https:\/\/xnet-x.net\/es\/\",\"name\":\"[:es]Xnet - Internet, derechos y democracia en la era digital[:ca]Xnet - Internet, drets i democr\u00e0cia en l'era digital[:en]Xnet - Internet freedoms & digital rights[:]\",\"description\":\"Xnet: Internet, informaci\u00f3n y cultura libres. Tecnopol\u00edtica. Datos, algoritmos y derechos digitales. Libertad de expresi\u00f3n. Democracia y anticorrupci\u00f3n\",\"publisher\":{\"@id\":\"https:\/\/xnet-x.net\/es\/#organization\"},\"potentialAction\":[{\"@type\":\"SearchAction\",\"target\":{\"@type\":\"EntryPoint\",\"urlTemplate\":\"https:\/\/xnet-x.net\/es\/?s={search_term_string}\"},\"query-input\":{\"@type\":\"PropertyValueSpecification\",\"valueRequired\":true,\"valueName\":\"search_term_string\"}}],\"inLanguage\":\"es\"},{\"@type\":\"Organization\",\"@id\":\"https:\/\/xnet-x.net\/es\/#organization\",\"name\":\"Xnet - Internet, derechos y democracia en la era digital\",\"url\":\"https:\/\/xnet-x.net\/es\/\",\"logo\":{\"@type\":\"ImageObject\",\"inLanguage\":\"es\",\"@id\":\"https:\/\/xnet-x.net\/es\/#\/schema\/logo\/image\/\",\"url\":\"https:\/\/xnet-x.net\/img\/xnet-logo.png\",\"contentUrl\":\"https:\/\/xnet-x.net\/img\/xnet-logo.png\",\"width\":512,\"height\":512,\"caption\":\"Xnet - Internet, derechos y democracia en la era digital\"},\"image\":{\"@id\":\"https:\/\/xnet-x.net\/es\/#\/schema\/logo\/image\/\"},\"sameAs\":[\"http:\/\/facebook.com\/RedX.Net\/\",\"https:\/\/x.com\/x_net_\",\"https:\/\/es.wikipedia.org\/wiki\/Xnet\"]}]}<\/script>\n<!-- \/ Yoast SEO plugin. -->","yoast_head_json":{"title":"contacto -","robots":{"index":"index","follow":"follow","max-snippet":"max-snippet:-1","max-image-preview":"max-image-preview:large","max-video-preview":"max-video-preview:-1"},"canonical":"https:\/\/xnet-x.net\/es\/contact\/","twitter_misc":{"Tiempo de lectura":"1 minuto"},"schema":{"@context":"https:\/\/schema.org","@graph":[{"@type":"WebPage","@id":"https:\/\/xnet-x.net\/es\/contact\/","url":"https:\/\/xnet-x.net\/es\/contact\/","name":"contacto -","isPartOf":{"@id":"https:\/\/xnet-x.net\/es\/#website"},"primaryImageOfPage":{"@id":"https:\/\/xnet-x.net\/es\/contact\/#primaryimage"},"image":{"@id":"https:\/\/xnet-x.net\/es\/contact\/#primaryimage"},"thumbnailUrl":"https:\/\/xnet-x.net\/img\/localizacion-simbolo.jpg","datePublished":"2018-02-19T17:00:23+00:00","dateModified":"2023-07-19T09:05:28+00:00","breadcrumb":{"@id":"https:\/\/xnet-x.net\/es\/contact\/#breadcrumb"},"inLanguage":"es","potentialAction":[{"@type":"ReadAction","target":[["https:\/\/xnet-x.net\/es\/contact\/"]]}]},{"@type":"ImageObject","inLanguage":"es","@id":"https:\/\/xnet-x.net\/es\/contact\/#primaryimage","url":"https:\/\/xnet-x.net\/img\/localizacion-simbolo.jpg","contentUrl":"https:\/\/xnet-x.net\/img\/localizacion-simbolo.jpg"},{"@type":"BreadcrumbList","@id":"https:\/\/xnet-x.net\/es\/contact\/#breadcrumb","itemListElement":[{"@type":"ListItem","position":1,"name":"Portada","item":"https:\/\/xnet-x.net\/es\/"},{"@type":"ListItem","position":2,"name":"contacto"}]},{"@type":"WebSite","@id":"https:\/\/xnet-x.net\/es\/#website","url":"https:\/\/xnet-x.net\/es\/","name":"[:es]Xnet - Internet, derechos y democracia en la era digital[:ca]Xnet - Internet, drets i democr\u00e0cia en l'era digital[:en]Xnet - Internet freedoms & digital rights[:]","description":"Xnet: Internet, informaci\u00f3n y cultura libres. Tecnopol\u00edtica. Datos, algoritmos y derechos digitales. Libertad de expresi\u00f3n. Democracia y anticorrupci\u00f3n","publisher":{"@id":"https:\/\/xnet-x.net\/es\/#organization"},"potentialAction":[{"@type":"SearchAction","target":{"@type":"EntryPoint","urlTemplate":"https:\/\/xnet-x.net\/es\/?s={search_term_string}"},"query-input":{"@type":"PropertyValueSpecification","valueRequired":true,"valueName":"search_term_string"}}],"inLanguage":"es"},{"@type":"Organization","@id":"https:\/\/xnet-x.net\/es\/#organization","name":"Xnet - Internet, derechos y democracia en la era digital","url":"https:\/\/xnet-x.net\/es\/","logo":{"@type":"ImageObject","inLanguage":"es","@id":"https:\/\/xnet-x.net\/es\/#\/schema\/logo\/image\/","url":"https:\/\/xnet-x.net\/img\/xnet-logo.png","contentUrl":"https:\/\/xnet-x.net\/img\/xnet-logo.png","width":512,"height":512,"caption":"Xnet - Internet, derechos y democracia en la era digital"},"image":{"@id":"https:\/\/xnet-x.net\/es\/#\/schema\/logo\/image\/"},"sameAs":["http:\/\/facebook.com\/RedX.Net\/","https:\/\/x.com\/x_net_","https:\/\/es.wikipedia.org\/wiki\/Xnet"]}]}},"_links":{"self":[{"href":"https:\/\/xnet-x.net\/es\/wp-json\/wp\/v2\/pages\/13987","targetHints":{"allow":["GET"]}}],"collection":[{"href":"https:\/\/xnet-x.net\/es\/wp-json\/wp\/v2\/pages"}],"about":[{"href":"https:\/\/xnet-x.net\/es\/wp-json\/wp\/v2\/types\/page"}],"author":[{"embeddable":true,"href":"https:\/\/xnet-x.net\/es\/wp-json\/wp\/v2\/users\/11"}],"replies":[{"embeddable":true,"href":"https:\/\/xnet-x.net\/es\/wp-json\/wp\/v2\/comments?post=13987"}],"version-history":[{"count":20,"href":"https:\/\/xnet-x.net\/es\/wp-json\/wp\/v2\/pages\/13987\/revisions"}],"predecessor-version":[{"id":15500,"href":"https:\/\/xnet-x.net\/es\/wp-json\/wp\/v2\/pages\/13987\/revisions\/15500"}],"wp:attachment":[{"href":"https:\/\/xnet-x.net\/es\/wp-json\/wp\/v2\/media?parent=13987"}],"curies":[{"name":"wp","href":"https:\/\/api.w.org\/{rel}","templated":true}]}}