{"id":12337,"date":"2017-06-14T19:17:33","date_gmt":"2017-06-14T18:17:33","guid":{"rendered":"https:\/\/xnet-x.net\/?page_id=12337"},"modified":"2025-01-03T12:15:55","modified_gmt":"2025-01-03T10:15:55","slug":"xnet-digital-rights-updating-democracy","status":"publish","type":"page","link":"https:\/\/xnet-x.net\/es\/xnet\/","title":{"rendered":"Xnet"},"content":{"rendered":"<p><\/p>\n<p style= \"font-size:130%; text-align: none; color:#FFFFFF\"><strong>INSTITUTO PARA LA DIGITALIZACI\u00d3N DEMOCR\u00c1TICA<\/strong><\/p>\n<p>&nbsp;<\/p>\n<p>Xnet es una red de especialistas y activistas que realiza acciones y propone soluciones avanzadas en diferentes campos relacionados con los derechos digitales y la actualizaci\u00f3n de la democracia en el siglo XXI.<\/p>\n<p>Desde 2008, por un Internet libre y una democracia real.<\/p>","protected":false},"excerpt":{"rendered":"<p>INSTITUTO PARA LA DIGITALIZACI\u00d3N DEMOCR\u00c1TICA &nbsp; Xnet es una red de especialistas y activistas que realiza acciones y propone soluciones avanzadas en diferentes campos relacionados con los derechos digitales y la actualizaci\u00f3n de la democracia en el siglo XXI. Desde 2008, por un Internet libre y una democracia real.<\/p>\n","protected":false},"author":8,"featured_media":5353,"parent":0,"menu_order":0,"comment_status":"closed","ping_status":"closed","template":"","meta":{"footnotes":""},"class_list":["post-12337","page","type-page","status-publish","has-post-thumbnail","hentry"],"yoast_head":"<!-- This site is optimized with the Yoast SEO plugin v26.7 - https:\/\/yoast.com\/wordpress\/plugins\/seo\/ -->\n<title>Xnet - Internet, derechos y democracia en la era digital<\/title>\n<meta name=\"description\" content=\"Xnet es una red de especialistas que propone soluciones avanzadas en campos relacionados con los derechos digitales y la democracia.\" \/>\n<meta name=\"robots\" content=\"index, follow, max-snippet:-1, max-image-preview:large, max-video-preview:-1\" \/>\n<link rel=\"canonical\" href=\"https:\/\/xnet-x.net\/es\/xnet\/\" \/>\n<meta name=\"twitter:label1\" content=\"Tiempo de lectura\" \/>\n\t<meta name=\"twitter:data1\" content=\"1 minuto\" \/>\n<script type=\"application\/ld+json\" class=\"yoast-schema-graph\">{\"@context\":\"https:\/\/schema.org\",\"@graph\":[{\"@type\":\"WebPage\",\"@id\":\"https:\/\/xnet-x.net\/es\/xnet\/\",\"url\":\"https:\/\/xnet-x.net\/es\/xnet\/\",\"name\":\"Xnet - Internet, derechos y democracia en la era digital\",\"isPartOf\":{\"@id\":\"https:\/\/xnet-x.net\/es\/#website\"},\"primaryImageOfPage\":{\"@id\":\"https:\/\/xnet-x.net\/es\/xnet\/#primaryimage\"},\"image\":{\"@id\":\"https:\/\/xnet-x.net\/es\/xnet\/#primaryimage\"},\"thumbnailUrl\":\"https:\/\/xnet-x.net\/img\/oxcars12.jpg\",\"datePublished\":\"2017-06-14T18:17:33+00:00\",\"dateModified\":\"2025-01-03T10:15:55+00:00\",\"description\":\"Xnet es una red de especialistas que propone soluciones avanzadas en campos relacionados con los derechos digitales y la democracia.\",\"breadcrumb\":{\"@id\":\"https:\/\/xnet-x.net\/es\/xnet\/#breadcrumb\"},\"inLanguage\":\"es\",\"potentialAction\":[{\"@type\":\"ReadAction\",\"target\":[[\"https:\/\/xnet-x.net\/es\/xnet\/\"]]}]},{\"@type\":\"ImageObject\",\"inLanguage\":\"es\",\"@id\":\"https:\/\/xnet-x.net\/es\/xnet\/#primaryimage\",\"url\":\"https:\/\/xnet-x.net\/img\/oxcars12.jpg\",\"contentUrl\":\"https:\/\/xnet-x.net\/img\/oxcars12.jpg\",\"width\":1000,\"height\":667,\"caption\":\"Xnet\"},{\"@type\":\"BreadcrumbList\",\"@id\":\"https:\/\/xnet-x.net\/es\/xnet\/#breadcrumb\",\"itemListElement\":[{\"@type\":\"ListItem\",\"position\":1,\"name\":\"Portada\",\"item\":\"https:\/\/xnet-x.net\/es\/\"},{\"@type\":\"ListItem\",\"position\":2,\"name\":\"Xnet\"}]},{\"@type\":\"WebSite\",\"@id\":\"https:\/\/xnet-x.net\/es\/#website\",\"url\":\"https:\/\/xnet-x.net\/es\/\",\"name\":\"[:es]Xnet - Internet, derechos y democracia en la era digital[:ca]Xnet - Internet, drets i democr\u00e0cia en l'era digital[:en]Xnet - Internet freedoms & digital rights[:]\",\"description\":\"Xnet: Internet, informaci\u00f3n y cultura libres. Tecnopol\u00edtica. Datos, algoritmos y derechos digitales. Libertad de expresi\u00f3n. Democracia y anticorrupci\u00f3n\",\"publisher\":{\"@id\":\"https:\/\/xnet-x.net\/es\/#organization\"},\"potentialAction\":[{\"@type\":\"SearchAction\",\"target\":{\"@type\":\"EntryPoint\",\"urlTemplate\":\"https:\/\/xnet-x.net\/es\/?s={search_term_string}\"},\"query-input\":{\"@type\":\"PropertyValueSpecification\",\"valueRequired\":true,\"valueName\":\"search_term_string\"}}],\"inLanguage\":\"es\"},{\"@type\":\"Organization\",\"@id\":\"https:\/\/xnet-x.net\/es\/#organization\",\"name\":\"Xnet - Internet, derechos y democracia en la era digital\",\"url\":\"https:\/\/xnet-x.net\/es\/\",\"logo\":{\"@type\":\"ImageObject\",\"inLanguage\":\"es\",\"@id\":\"https:\/\/xnet-x.net\/es\/#\/schema\/logo\/image\/\",\"url\":\"https:\/\/xnet-x.net\/img\/xnet-logo.png\",\"contentUrl\":\"https:\/\/xnet-x.net\/img\/xnet-logo.png\",\"width\":512,\"height\":512,\"caption\":\"Xnet - Internet, derechos y democracia en la era digital\"},\"image\":{\"@id\":\"https:\/\/xnet-x.net\/es\/#\/schema\/logo\/image\/\"},\"sameAs\":[\"http:\/\/facebook.com\/RedX.Net\/\",\"https:\/\/x.com\/x_net_\",\"https:\/\/es.wikipedia.org\/wiki\/Xnet\"]}]}<\/script>\n<!-- \/ Yoast SEO plugin. -->","yoast_head_json":{"title":"Xnet - Internet, derechos y democracia en la era digital","description":"Xnet es una red de especialistas que propone soluciones avanzadas en campos relacionados con los derechos digitales y la democracia.","robots":{"index":"index","follow":"follow","max-snippet":"max-snippet:-1","max-image-preview":"max-image-preview:large","max-video-preview":"max-video-preview:-1"},"canonical":"https:\/\/xnet-x.net\/es\/xnet\/","twitter_misc":{"Tiempo de lectura":"1 minuto"},"schema":{"@context":"https:\/\/schema.org","@graph":[{"@type":"WebPage","@id":"https:\/\/xnet-x.net\/es\/xnet\/","url":"https:\/\/xnet-x.net\/es\/xnet\/","name":"Xnet - Internet, derechos y democracia en la era digital","isPartOf":{"@id":"https:\/\/xnet-x.net\/es\/#website"},"primaryImageOfPage":{"@id":"https:\/\/xnet-x.net\/es\/xnet\/#primaryimage"},"image":{"@id":"https:\/\/xnet-x.net\/es\/xnet\/#primaryimage"},"thumbnailUrl":"https:\/\/xnet-x.net\/img\/oxcars12.jpg","datePublished":"2017-06-14T18:17:33+00:00","dateModified":"2025-01-03T10:15:55+00:00","description":"Xnet es una red de especialistas que propone soluciones avanzadas en campos relacionados con los derechos digitales y la democracia.","breadcrumb":{"@id":"https:\/\/xnet-x.net\/es\/xnet\/#breadcrumb"},"inLanguage":"es","potentialAction":[{"@type":"ReadAction","target":[["https:\/\/xnet-x.net\/es\/xnet\/"]]}]},{"@type":"ImageObject","inLanguage":"es","@id":"https:\/\/xnet-x.net\/es\/xnet\/#primaryimage","url":"https:\/\/xnet-x.net\/img\/oxcars12.jpg","contentUrl":"https:\/\/xnet-x.net\/img\/oxcars12.jpg","width":1000,"height":667,"caption":"Xnet"},{"@type":"BreadcrumbList","@id":"https:\/\/xnet-x.net\/es\/xnet\/#breadcrumb","itemListElement":[{"@type":"ListItem","position":1,"name":"Portada","item":"https:\/\/xnet-x.net\/es\/"},{"@type":"ListItem","position":2,"name":"Xnet"}]},{"@type":"WebSite","@id":"https:\/\/xnet-x.net\/es\/#website","url":"https:\/\/xnet-x.net\/es\/","name":"[:es]Xnet - Internet, derechos y democracia en la era digital[:ca]Xnet - Internet, drets i democr\u00e0cia en l'era digital[:en]Xnet - Internet freedoms & digital rights[:]","description":"Xnet: Internet, informaci\u00f3n y cultura libres. Tecnopol\u00edtica. Datos, algoritmos y derechos digitales. Libertad de expresi\u00f3n. Democracia y anticorrupci\u00f3n","publisher":{"@id":"https:\/\/xnet-x.net\/es\/#organization"},"potentialAction":[{"@type":"SearchAction","target":{"@type":"EntryPoint","urlTemplate":"https:\/\/xnet-x.net\/es\/?s={search_term_string}"},"query-input":{"@type":"PropertyValueSpecification","valueRequired":true,"valueName":"search_term_string"}}],"inLanguage":"es"},{"@type":"Organization","@id":"https:\/\/xnet-x.net\/es\/#organization","name":"Xnet - Internet, derechos y democracia en la era digital","url":"https:\/\/xnet-x.net\/es\/","logo":{"@type":"ImageObject","inLanguage":"es","@id":"https:\/\/xnet-x.net\/es\/#\/schema\/logo\/image\/","url":"https:\/\/xnet-x.net\/img\/xnet-logo.png","contentUrl":"https:\/\/xnet-x.net\/img\/xnet-logo.png","width":512,"height":512,"caption":"Xnet - Internet, derechos y democracia en la era digital"},"image":{"@id":"https:\/\/xnet-x.net\/es\/#\/schema\/logo\/image\/"},"sameAs":["http:\/\/facebook.com\/RedX.Net\/","https:\/\/x.com\/x_net_","https:\/\/es.wikipedia.org\/wiki\/Xnet"]}]}},"_links":{"self":[{"href":"https:\/\/xnet-x.net\/es\/wp-json\/wp\/v2\/pages\/12337","targetHints":{"allow":["GET"]}}],"collection":[{"href":"https:\/\/xnet-x.net\/es\/wp-json\/wp\/v2\/pages"}],"about":[{"href":"https:\/\/xnet-x.net\/es\/wp-json\/wp\/v2\/types\/page"}],"author":[{"embeddable":true,"href":"https:\/\/xnet-x.net\/es\/wp-json\/wp\/v2\/users\/8"}],"replies":[{"embeddable":true,"href":"https:\/\/xnet-x.net\/es\/wp-json\/wp\/v2\/comments?post=12337"}],"version-history":[{"count":20,"href":"https:\/\/xnet-x.net\/es\/wp-json\/wp\/v2\/pages\/12337\/revisions"}],"predecessor-version":[{"id":27832,"href":"https:\/\/xnet-x.net\/es\/wp-json\/wp\/v2\/pages\/12337\/revisions\/27832"}],"wp:featuredmedia":[{"embeddable":true,"href":"https:\/\/xnet-x.net\/es\/wp-json\/wp\/v2\/media\/5353"}],"wp:attachment":[{"href":"https:\/\/xnet-x.net\/es\/wp-json\/wp\/v2\/media?parent=12337"}],"curies":[{"name":"wp","href":"https:\/\/api.w.org\/{rel}","templated":true}]}}