{"id":100,"date":"2008-05-11T21:19:56","date_gmt":"2008-05-11T19:19:56","guid":{"rendered":"http:\/\/la-ex.net\/?page_id=100"},"modified":"2021-08-17T12:07:17","modified_gmt":"2021-08-17T10:07:17","slug":"tienda-pagar-o-no","status":"publish","type":"page","link":"https:\/\/xnet-x.net\/es\/herramientas\/documentos\/puedes-decidir-pagar-a-entidades-privadas-o-no\/","title":{"rendered":"Puedes decidir: pagar a entidades privadas o no"},"content":{"rendered":"<p><em>[Atenci\u00f3n. Todos estos recursos, los de la secci\u00f3n <a href=\"https:\/\/xnet-x.net\/contactanos-para\/portal-de-cultura-libre\/\" rel=\"noopener noreferrer\" target=\"_blank\">Recursos de Cultura Libre <\/a>est\u00e1n desactualizados desde 2010. Aunque muchos todav\u00eda pueden servir, antes de usarlos se deben revisar seg\u00fan la legislaci\u00f3n vigente.]<\/em><br \/>\n&nbsp;<\/p>\n<p><strong>Si decides pagar a SGAE y resto de entidades de gesti\u00f3n procura tres cosas:<\/strong><\/p>\n<p>1\u00ba.- Que realmente sea elecci\u00f3n y decisi\u00f3n tuya.<\/p>\n<p>2\u00ba.- Haz un \u201cmaster\u201d para descifrar las tarifas que te van a aplicar, publicadas en la <a rel=\"nofollow noopener noreferrer\" href=\"http:\/\/www.mcu.es\/propiedadInt\/CE\/GestionColectiva\/DireccionesTarifas.html\" target=\"_blank\">p\u00e1gina del ministerio de cultura.<\/a><\/p>\n<p>3\u00ba.- Suscribe el contrato con cada una de las entidades, bajo la supervisi\u00f3n de un abogado, ya que todo lo que firmes podr\u00eda ser utilizado en tu contra. Y&#8230;! Suerte!<\/p>\n<p><strong>Si decides no consumir los productos gestionados por SGAE y resto de entidades de gesti\u00f3n ten en cuenta dos cosas:<\/strong><\/p>\n<p>1\u00ba.- Comunica tu elecci\u00f3n de renunciar a la utilizaci\u00f3n del repertorio gestionado por SGAE &amp; Cia. En caso contrario, \u00e9stas dan por sentado que consumes y difundes sus productos a todas horas y ante la ley no est\u00e1n obligadas a demostrar que sea cierto. Puedes espera a que te lo reclamen para hacerlo.<a href=\"\/herramientas\/documentos\/carta-uso-repertorio\"><br \/>\n<\/a><\/p>\n<p>2\u00ba.- Ten, utiliza obras de autores que no son socios de ninguna entidad de gesti\u00f3n. <a title=\"Consulta repertorio libre\"href=\"\/repertorio\">Aqu\u00ed<\/a> algunos ejemplos de repertorio libre.<\/p>\n<p>* Si te pillaron con la \u201cguardia baja\u201d o simplemente no sabes por que pagas a SGAE y\/o otras entidades  recuerda: puedes consultar tus dudas a ellos o puedes consultar tus dudas a <a title=\"Ir a nuestra p\u00e1gina de consultas\" href=\"\/consulta-abogados\">nosotros<\/a>.<\/p>\n<p>\u00bfLa diferencia? No necesitamos cobrarte recibos ni demandarte.<br \/>\nPara mantener nuestros ingresos, trabajamos como t\u00fa.<\/p>","protected":false},"excerpt":{"rendered":"<p>[Atenci\u00f3n. Todos estos recursos, los de la secci\u00f3n Recursos de Cultura Libre est\u00e1n desactualizados desde 2010. Aunque muchos todav\u00eda pueden servir, antes de usarlos se deben revisar seg\u00fan la legislaci\u00f3n vigente.] &nbsp; Si decides pagar a SGAE y resto de entidades de gesti\u00f3n procura tres cosas: 1\u00ba.- Que realmente sea elecci\u00f3n y decisi\u00f3n tuya. 2\u00ba.- [&hellip;]<\/p>\n","protected":false},"author":5,"featured_media":0,"parent":43,"menu_order":0,"comment_status":"open","ping_status":"closed","template":"","meta":{"footnotes":""},"class_list":["post-100","page","type-page","status-publish","hentry"],"yoast_head":"<!-- This site is optimized with the Yoast SEO plugin v26.7 - https:\/\/yoast.com\/wordpress\/plugins\/seo\/ -->\n<title>Puedes decidir: pagar a entidades privadas o no -<\/title>\n<meta name=\"robots\" content=\"index, follow, max-snippet:-1, max-image-preview:large, max-video-preview:-1\" \/>\n<link rel=\"canonical\" href=\"https:\/\/xnet-x.net\/es\/herramientas\/documentos\/puedes-decidir-pagar-a-entidades-privadas-o-no\/\" \/>\n<meta name=\"twitter:label1\" content=\"Tiempo de lectura\" \/>\n\t<meta name=\"twitter:data1\" content=\"3 minutos\" \/>\n<script type=\"application\/ld+json\" class=\"yoast-schema-graph\">{\"@context\":\"https:\/\/schema.org\",\"@graph\":[{\"@type\":\"WebPage\",\"@id\":\"https:\/\/xnet-x.net\/es\/herramientas\/documentos\/puedes-decidir-pagar-a-entidades-privadas-o-no\/\",\"url\":\"https:\/\/xnet-x.net\/es\/herramientas\/documentos\/puedes-decidir-pagar-a-entidades-privadas-o-no\/\",\"name\":\"Puedes decidir: pagar a entidades privadas o no -\",\"isPartOf\":{\"@id\":\"https:\/\/xnet-x.net\/es\/#website\"},\"datePublished\":\"2008-05-11T19:19:56+00:00\",\"dateModified\":\"2021-08-17T10:07:17+00:00\",\"breadcrumb\":{\"@id\":\"https:\/\/xnet-x.net\/es\/herramientas\/documentos\/puedes-decidir-pagar-a-entidades-privadas-o-no\/#breadcrumb\"},\"inLanguage\":\"es\",\"potentialAction\":[{\"@type\":\"ReadAction\",\"target\":[[\"https:\/\/xnet-x.net\/es\/herramientas\/documentos\/puedes-decidir-pagar-a-entidades-privadas-o-no\/\"]]}]},{\"@type\":\"BreadcrumbList\",\"@id\":\"https:\/\/xnet-x.net\/es\/herramientas\/documentos\/puedes-decidir-pagar-a-entidades-privadas-o-no\/#breadcrumb\",\"itemListElement\":[{\"@type\":\"ListItem\",\"position\":1,\"name\":\"Portada\",\"item\":\"https:\/\/xnet-x.net\/es\/\"},{\"@type\":\"ListItem\",\"position\":2,\"name\":\"(Es) Herramientas\",\"item\":\"https:\/\/xnet-x.net\/es\/herramientas\/\"},{\"@type\":\"ListItem\",\"position\":3,\"name\":\"(Es) \u00cdndice documentos\",\"item\":\"https:\/\/xnet-x.net\/es\/herramientas\/documentos\/\"},{\"@type\":\"ListItem\",\"position\":4,\"name\":\"Puedes decidir: pagar a entidades privadas o no\"}]},{\"@type\":\"WebSite\",\"@id\":\"https:\/\/xnet-x.net\/es\/#website\",\"url\":\"https:\/\/xnet-x.net\/es\/\",\"name\":\"[:es]Xnet - Internet, derechos y democracia en la era digital[:ca]Xnet - Internet, drets i democr\u00e0cia en l'era digital[:en]Xnet - Internet freedoms & digital rights[:]\",\"description\":\"Xnet: Internet, informaci\u00f3n y cultura libres. Tecnopol\u00edtica. Datos, algoritmos y derechos digitales. Libertad de expresi\u00f3n. Democracia y anticorrupci\u00f3n\",\"publisher\":{\"@id\":\"https:\/\/xnet-x.net\/es\/#organization\"},\"potentialAction\":[{\"@type\":\"SearchAction\",\"target\":{\"@type\":\"EntryPoint\",\"urlTemplate\":\"https:\/\/xnet-x.net\/es\/?s={search_term_string}\"},\"query-input\":{\"@type\":\"PropertyValueSpecification\",\"valueRequired\":true,\"valueName\":\"search_term_string\"}}],\"inLanguage\":\"es\"},{\"@type\":\"Organization\",\"@id\":\"https:\/\/xnet-x.net\/es\/#organization\",\"name\":\"Xnet - Internet, derechos y democracia en la era digital\",\"url\":\"https:\/\/xnet-x.net\/es\/\",\"logo\":{\"@type\":\"ImageObject\",\"inLanguage\":\"es\",\"@id\":\"https:\/\/xnet-x.net\/es\/#\/schema\/logo\/image\/\",\"url\":\"https:\/\/xnet-x.net\/img\/xnet-logo.png\",\"contentUrl\":\"https:\/\/xnet-x.net\/img\/xnet-logo.png\",\"width\":512,\"height\":512,\"caption\":\"Xnet - Internet, derechos y democracia en la era digital\"},\"image\":{\"@id\":\"https:\/\/xnet-x.net\/es\/#\/schema\/logo\/image\/\"},\"sameAs\":[\"http:\/\/facebook.com\/RedX.Net\/\",\"https:\/\/x.com\/x_net_\",\"https:\/\/es.wikipedia.org\/wiki\/Xnet\"]}]}<\/script>\n<!-- \/ Yoast SEO plugin. -->","yoast_head_json":{"title":"Puedes decidir: pagar a entidades privadas o no -","robots":{"index":"index","follow":"follow","max-snippet":"max-snippet:-1","max-image-preview":"max-image-preview:large","max-video-preview":"max-video-preview:-1"},"canonical":"https:\/\/xnet-x.net\/es\/herramientas\/documentos\/puedes-decidir-pagar-a-entidades-privadas-o-no\/","twitter_misc":{"Tiempo de lectura":"3 minutos"},"schema":{"@context":"https:\/\/schema.org","@graph":[{"@type":"WebPage","@id":"https:\/\/xnet-x.net\/es\/herramientas\/documentos\/puedes-decidir-pagar-a-entidades-privadas-o-no\/","url":"https:\/\/xnet-x.net\/es\/herramientas\/documentos\/puedes-decidir-pagar-a-entidades-privadas-o-no\/","name":"Puedes decidir: pagar a entidades privadas o no -","isPartOf":{"@id":"https:\/\/xnet-x.net\/es\/#website"},"datePublished":"2008-05-11T19:19:56+00:00","dateModified":"2021-08-17T10:07:17+00:00","breadcrumb":{"@id":"https:\/\/xnet-x.net\/es\/herramientas\/documentos\/puedes-decidir-pagar-a-entidades-privadas-o-no\/#breadcrumb"},"inLanguage":"es","potentialAction":[{"@type":"ReadAction","target":[["https:\/\/xnet-x.net\/es\/herramientas\/documentos\/puedes-decidir-pagar-a-entidades-privadas-o-no\/"]]}]},{"@type":"BreadcrumbList","@id":"https:\/\/xnet-x.net\/es\/herramientas\/documentos\/puedes-decidir-pagar-a-entidades-privadas-o-no\/#breadcrumb","itemListElement":[{"@type":"ListItem","position":1,"name":"Portada","item":"https:\/\/xnet-x.net\/es\/"},{"@type":"ListItem","position":2,"name":"(Es) Herramientas","item":"https:\/\/xnet-x.net\/es\/herramientas\/"},{"@type":"ListItem","position":3,"name":"(Es) \u00cdndice documentos","item":"https:\/\/xnet-x.net\/es\/herramientas\/documentos\/"},{"@type":"ListItem","position":4,"name":"Puedes decidir: pagar a entidades privadas o no"}]},{"@type":"WebSite","@id":"https:\/\/xnet-x.net\/es\/#website","url":"https:\/\/xnet-x.net\/es\/","name":"[:es]Xnet - Internet, derechos y democracia en la era digital[:ca]Xnet - Internet, drets i democr\u00e0cia en l'era digital[:en]Xnet - Internet freedoms & digital rights[:]","description":"Xnet: Internet, informaci\u00f3n y cultura libres. Tecnopol\u00edtica. Datos, algoritmos y derechos digitales. Libertad de expresi\u00f3n. Democracia y anticorrupci\u00f3n","publisher":{"@id":"https:\/\/xnet-x.net\/es\/#organization"},"potentialAction":[{"@type":"SearchAction","target":{"@type":"EntryPoint","urlTemplate":"https:\/\/xnet-x.net\/es\/?s={search_term_string}"},"query-input":{"@type":"PropertyValueSpecification","valueRequired":true,"valueName":"search_term_string"}}],"inLanguage":"es"},{"@type":"Organization","@id":"https:\/\/xnet-x.net\/es\/#organization","name":"Xnet - Internet, derechos y democracia en la era digital","url":"https:\/\/xnet-x.net\/es\/","logo":{"@type":"ImageObject","inLanguage":"es","@id":"https:\/\/xnet-x.net\/es\/#\/schema\/logo\/image\/","url":"https:\/\/xnet-x.net\/img\/xnet-logo.png","contentUrl":"https:\/\/xnet-x.net\/img\/xnet-logo.png","width":512,"height":512,"caption":"Xnet - Internet, derechos y democracia en la era digital"},"image":{"@id":"https:\/\/xnet-x.net\/es\/#\/schema\/logo\/image\/"},"sameAs":["http:\/\/facebook.com\/RedX.Net\/","https:\/\/x.com\/x_net_","https:\/\/es.wikipedia.org\/wiki\/Xnet"]}]}},"_links":{"self":[{"href":"https:\/\/xnet-x.net\/es\/wp-json\/wp\/v2\/pages\/100","targetHints":{"allow":["GET"]}}],"collection":[{"href":"https:\/\/xnet-x.net\/es\/wp-json\/wp\/v2\/pages"}],"about":[{"href":"https:\/\/xnet-x.net\/es\/wp-json\/wp\/v2\/types\/page"}],"author":[{"embeddable":true,"href":"https:\/\/xnet-x.net\/es\/wp-json\/wp\/v2\/users\/5"}],"replies":[{"embeddable":true,"href":"https:\/\/xnet-x.net\/es\/wp-json\/wp\/v2\/comments?post=100"}],"version-history":[{"count":5,"href":"https:\/\/xnet-x.net\/es\/wp-json\/wp\/v2\/pages\/100\/revisions"}],"predecessor-version":[{"id":22790,"href":"https:\/\/xnet-x.net\/es\/wp-json\/wp\/v2\/pages\/100\/revisions\/22790"}],"up":[{"embeddable":true,"href":"https:\/\/xnet-x.net\/es\/wp-json\/wp\/v2\/pages\/43"}],"wp:attachment":[{"href":"https:\/\/xnet-x.net\/es\/wp-json\/wp\/v2\/media?parent=100"}],"curies":[{"name":"wp","href":"https:\/\/api.w.org\/{rel}","templated":true}]}}