{"id":223,"date":"2008-09-16T17:57:45","date_gmt":"2008-09-16T15:57:45","guid":{"rendered":"http:\/\/la-ex.net\/?page_id=223"},"modified":"2015-01-23T15:30:51","modified_gmt":"2015-01-23T14:30:51","slug":"posible","status":"publish","type":"page","link":"https:\/\/xnet-x.net\/en\/proyectos\/informacion-practica\/posible\/","title":{"rendered":"Lo hacen posible:"},"content":{"rendered":"<p><br \/>\nOrganizado por EXGAE &amp; Conservas<br \/>\n<strong>Coordinaci\u00f3n art\u00edstica y puesta en escena:<\/strong> Conservas<br \/>\n<strong>Coordinaci\u00f3n de contenidos:<\/strong> Simona Levi, Josian Llorente, Marc Sempere<br \/>\n<strong>Coordinaci\u00f3n de producci\u00f3n:<\/strong> Mercedes Juli\u00e1, Xavi Marx<br \/>\n<strong>Coordinaci\u00f3n t\u00e9cnica:<\/strong> Xavier Gibert, Simona Levi, Xavi Marx, Marc Sempere, Eric Corbella, Marc Koulomek, Cube<br \/>\n<strong>Coordinaci\u00f3n de regidur\u00eda:<\/strong> Maddish Falzoni, Maite Fern\u00e1ndez, Elena Fraj<br \/>\n<strong>Actores:<\/strong> Judit Saula, Elisa Blanco, Albert Rial, JR Pinto, Equipo Exgae<br \/>\n<strong>M\u00fasica:<\/strong> La m\u00e0quina de Turing<br \/>\n<strong>Dise\u00f1o gr\u00e1fico:<\/strong> Angel Uzkiano<br \/>\n<strong>V\u00eddeo:<\/strong> Lectrovision<br \/>\n<strong>Motion Graphics:<\/strong> Mart\u00edn Fern\u00e1ndez<br \/>\n<strong>Traducciones:<\/strong> Nu Rodr\u00edguez, Eva Reyes, Carles Soler, Rolando d\u2019Alessandro, Joaquim Pujol ,Pilar Monsell<br \/>\n<strong>Fotos:<\/strong> Edu Bayer<br \/>\n<strong>Catering:<\/strong> www.perecullera.org<br \/>\n<strong>Prensa:<\/strong> Sandra Costa ::: la costa comunicaci\u00f3<\/p>\n<p><strong>Gracias a:<\/strong> David Maetzu, Ada Colau, Katja Riera, Eloi, Montxo, Jose Luis, Berta, Francesca Bria, Cipri, Ana hiphop, Merc\u00e9 Garcia, Albert Salmer\u00f3n<\/p>\n<p>Making off&#8230;<br \/>\n<img loading=\"lazy\" decoding=\"async\" style=\"margin-top: 0px; margin-bottom: 0px;\" src=\"http:\/\/farm4.static.flickr.com\/3156\/3013141711_6bab2fc9b5_o.jpg\" alt=\"\" width=\"500\" height=\"3874\" \/><\/p>\n<p><a href=\"\/wp-content\/uploads\/2008\/09\/SimonaLevi1.jpg\"><img loading=\"lazy\" decoding=\"async\" style=\"margin-left: 10px; margin-right: 10px;\" title=\"Simona Levi\" src=\"\/wp-content\/uploads\/2008\/09\/SimonaLevi1.jpg\" alt=\"Simona Levi\" width=\"100\" height=\"150\" \/><\/a><a href=\"\/wp-content\/uploads\/2008\/09\/pinto.jpg\"><img loading=\"lazy\" decoding=\"async\" title=\"pinto\" src=\"\/wp-content\/uploads\/2008\/09\/pinto-150x150.jpg\" alt=\"\" width=\"150\" height=\"150\" \/><\/a><a href=\"\/wp-content\/uploads\/2008\/09\/SimonaLevi1.jpg\"><\/a><a href=\"\/wp-content\/uploads\/2008\/09\/maddish-falzoni.jpg\"><img loading=\"lazy\" decoding=\"async\" class=\"alignleft size-thumbnail wp-image-533\" style=\"margin-left: 15px; margin-right: 15px;\" title=\"maddish-falzoni\" src=\"\/wp-content\/uploads\/2008\/09\/maddish-falzoni-150x150.jpg\" alt=\"\" width=\"150\" height=\"150\" \/><\/a><\/p>\n<p>Simona Levi, Maddish Falzoni y Pinto en la rueda de prensa de presentaci\u00f3n de los oXcars.<\/p>","protected":false},"excerpt":{"rendered":"<p>Organizado por EXGAE &amp; Conservas Coordinaci\u00f3n art\u00edstica y puesta en escena: Conservas Coordinaci\u00f3n de contenidos: Simona Levi, Josian Llorente, Marc Sempere Coordinaci\u00f3n de producci\u00f3n: Mercedes Juli\u00e1, Xavi Marx Coordinaci\u00f3n t\u00e9cnica: Xavier Gibert, Simona Levi, Xavi Marx, Marc Sempere, Eric Corbella, Marc Koulomek, Cube Coordinaci\u00f3n de regidur\u00eda: Maddish Falzoni, Maite Fern\u00e1ndez, Elena Fraj Actores: Judit Saula, [&hellip;]<\/p>\n","protected":false},"author":5,"featured_media":0,"parent":159,"menu_order":0,"comment_status":"closed","ping_status":"closed","template":"","meta":{"footnotes":""},"class_list":["post-223","page","type-page","status-publish","hentry"],"yoast_head":"<!-- This site is optimized with the Yoast SEO plugin v26.7 - https:\/\/yoast.com\/wordpress\/plugins\/seo\/ -->\n<title>Lo hacen posible: -<\/title>\n<meta name=\"robots\" content=\"index, follow, max-snippet:-1, max-image-preview:large, max-video-preview:-1\" \/>\n<link rel=\"canonical\" href=\"https:\/\/xnet-x.net\/en\/proyectos\/informacion-practica\/posible\/\" \/>\n<meta name=\"twitter:label1\" content=\"Est. reading time\" \/>\n\t<meta name=\"twitter:data1\" content=\"2 minutes\" \/>\n<script type=\"application\/ld+json\" class=\"yoast-schema-graph\">{\"@context\":\"https:\/\/schema.org\",\"@graph\":[{\"@type\":\"WebPage\",\"@id\":\"https:\/\/xnet-x.net\/en\/proyectos\/informacion-practica\/posible\/\",\"url\":\"https:\/\/xnet-x.net\/en\/proyectos\/informacion-practica\/posible\/\",\"name\":\"Lo hacen posible: -\",\"isPartOf\":{\"@id\":\"https:\/\/xnet-x.net\/en\/#website\"},\"primaryImageOfPage\":{\"@id\":\"https:\/\/xnet-x.net\/en\/proyectos\/informacion-practica\/posible\/#primaryimage\"},\"image\":{\"@id\":\"https:\/\/xnet-x.net\/es\/proyectos\/informacion-practica\/posible\/#primaryimage\"},\"thumbnailUrl\":\"http:\/\/farm4.static.flickr.com\/3156\/3013141711_6bab2fc9b5_o.jpg\",\"datePublished\":\"2008-09-16T15:57:45+00:00\",\"dateModified\":\"2015-01-23T14:30:51+00:00\",\"breadcrumb\":{\"@id\":\"https:\/\/xnet-x.net\/en\/proyectos\/informacion-practica\/posible\/#breadcrumb\"},\"inLanguage\":\"en\",\"potentialAction\":[{\"@type\":\"ReadAction\",\"target\":[[\"https:\/\/xnet-x.net\/en\/proyectos\/informacion-practica\/posible\/\"]]}]},{\"@type\":\"ImageObject\",\"inLanguage\":\"en\",\"@id\":\"https:\/\/xnet-x.net\/en\/proyectos\/informacion-practica\/posible\/#primaryimage\",\"url\":\"http:\/\/farm4.static.flickr.com\/3156\/3013141711_6bab2fc9b5_o.jpg\",\"contentUrl\":\"http:\/\/farm4.static.flickr.com\/3156\/3013141711_6bab2fc9b5_o.jpg\"},{\"@type\":\"BreadcrumbList\",\"@id\":\"https:\/\/xnet-x.net\/en\/proyectos\/informacion-practica\/posible\/#breadcrumb\",\"itemListElement\":[{\"@type\":\"ListItem\",\"position\":1,\"name\":\"Portada\",\"item\":\"https:\/\/xnet-x.net\/en\/\"},{\"@type\":\"ListItem\",\"position\":2,\"name\":\"(Es) Proyectos\",\"item\":\"https:\/\/xnet-x.net\/en\/proyectos\/\"},{\"@type\":\"ListItem\",\"position\":3,\"name\":\"Informaci\u00f3n Pr\u00e1ctica\",\"item\":\"https:\/\/xnet-x.net\/en\/proyectos\/informacion-practica\/\"},{\"@type\":\"ListItem\",\"position\":4,\"name\":\"Lo hacen posible:\"}]},{\"@type\":\"WebSite\",\"@id\":\"https:\/\/xnet-x.net\/en\/#website\",\"url\":\"https:\/\/xnet-x.net\/en\/\",\"name\":\"[:es]Xnet - Internet, derechos y democracia en la era digital[:ca]Xnet - Internet, drets i democr\u00e0cia en l'era digital[:en]Xnet - Internet freedoms & digital rights[:]\",\"description\":\"Information and Culture Freedoms. Technopolitics. Data privacy, algorithms and digital rights. Free Speech, Net Neutrality, whistleblowers, anticorruption\",\"publisher\":{\"@id\":\"https:\/\/xnet-x.net\/en\/#organization\"},\"potentialAction\":[{\"@type\":\"SearchAction\",\"target\":{\"@type\":\"EntryPoint\",\"urlTemplate\":\"https:\/\/xnet-x.net\/en\/?s={search_term_string}\"},\"query-input\":{\"@type\":\"PropertyValueSpecification\",\"valueRequired\":true,\"valueName\":\"search_term_string\"}}],\"inLanguage\":\"en\"},{\"@type\":\"Organization\",\"@id\":\"https:\/\/xnet-x.net\/en\/#organization\",\"name\":\"Xnet - Internet freedoms & digital rights\",\"url\":\"https:\/\/xnet-x.net\/en\/\",\"logo\":{\"@type\":\"ImageObject\",\"inLanguage\":\"en\",\"@id\":\"https:\/\/xnet-x.net\/en\/#\/schema\/logo\/image\/\",\"url\":\"https:\/\/xnet-x.net\/img\/xnet-logo.png\",\"contentUrl\":\"https:\/\/xnet-x.net\/img\/xnet-logo.png\",\"width\":512,\"height\":512,\"caption\":\"Xnet - Internet freedoms & digital rights\"},\"image\":{\"@id\":\"https:\/\/xnet-x.net\/en\/#\/schema\/logo\/image\/\"},\"sameAs\":[\"http:\/\/facebook.com\/RedX.Net\/\",\"https:\/\/x.com\/x_net_\",\"https:\/\/es.wikipedia.org\/wiki\/Xnet\"]}]}<\/script>\n<!-- \/ Yoast SEO plugin. -->","yoast_head_json":{"title":"Lo hacen posible: -","robots":{"index":"index","follow":"follow","max-snippet":"max-snippet:-1","max-image-preview":"max-image-preview:large","max-video-preview":"max-video-preview:-1"},"canonical":"https:\/\/xnet-x.net\/en\/proyectos\/informacion-practica\/posible\/","twitter_misc":{"Est. reading time":"2 minutes"},"schema":{"@context":"https:\/\/schema.org","@graph":[{"@type":"WebPage","@id":"https:\/\/xnet-x.net\/en\/proyectos\/informacion-practica\/posible\/","url":"https:\/\/xnet-x.net\/en\/proyectos\/informacion-practica\/posible\/","name":"Lo hacen posible: -","isPartOf":{"@id":"https:\/\/xnet-x.net\/en\/#website"},"primaryImageOfPage":{"@id":"https:\/\/xnet-x.net\/en\/proyectos\/informacion-practica\/posible\/#primaryimage"},"image":{"@id":"https:\/\/xnet-x.net\/es\/proyectos\/informacion-practica\/posible\/#primaryimage"},"thumbnailUrl":"http:\/\/farm4.static.flickr.com\/3156\/3013141711_6bab2fc9b5_o.jpg","datePublished":"2008-09-16T15:57:45+00:00","dateModified":"2015-01-23T14:30:51+00:00","breadcrumb":{"@id":"https:\/\/xnet-x.net\/en\/proyectos\/informacion-practica\/posible\/#breadcrumb"},"inLanguage":"en","potentialAction":[{"@type":"ReadAction","target":[["https:\/\/xnet-x.net\/en\/proyectos\/informacion-practica\/posible\/"]]}]},{"@type":"ImageObject","inLanguage":"en","@id":"https:\/\/xnet-x.net\/en\/proyectos\/informacion-practica\/posible\/#primaryimage","url":"http:\/\/farm4.static.flickr.com\/3156\/3013141711_6bab2fc9b5_o.jpg","contentUrl":"http:\/\/farm4.static.flickr.com\/3156\/3013141711_6bab2fc9b5_o.jpg"},{"@type":"BreadcrumbList","@id":"https:\/\/xnet-x.net\/en\/proyectos\/informacion-practica\/posible\/#breadcrumb","itemListElement":[{"@type":"ListItem","position":1,"name":"Portada","item":"https:\/\/xnet-x.net\/en\/"},{"@type":"ListItem","position":2,"name":"(Es) Proyectos","item":"https:\/\/xnet-x.net\/en\/proyectos\/"},{"@type":"ListItem","position":3,"name":"Informaci\u00f3n Pr\u00e1ctica","item":"https:\/\/xnet-x.net\/en\/proyectos\/informacion-practica\/"},{"@type":"ListItem","position":4,"name":"Lo hacen posible:"}]},{"@type":"WebSite","@id":"https:\/\/xnet-x.net\/en\/#website","url":"https:\/\/xnet-x.net\/en\/","name":"[:es]Xnet - Internet, derechos y democracia en la era digital[:ca]Xnet - Internet, drets i democr\u00e0cia en l'era digital[:en]Xnet - Internet freedoms & digital rights[:]","description":"Information and Culture Freedoms. Technopolitics. Data privacy, algorithms and digital rights. Free Speech, Net Neutrality, whistleblowers, anticorruption","publisher":{"@id":"https:\/\/xnet-x.net\/en\/#organization"},"potentialAction":[{"@type":"SearchAction","target":{"@type":"EntryPoint","urlTemplate":"https:\/\/xnet-x.net\/en\/?s={search_term_string}"},"query-input":{"@type":"PropertyValueSpecification","valueRequired":true,"valueName":"search_term_string"}}],"inLanguage":"en"},{"@type":"Organization","@id":"https:\/\/xnet-x.net\/en\/#organization","name":"Xnet - Internet freedoms & digital rights","url":"https:\/\/xnet-x.net\/en\/","logo":{"@type":"ImageObject","inLanguage":"en","@id":"https:\/\/xnet-x.net\/en\/#\/schema\/logo\/image\/","url":"https:\/\/xnet-x.net\/img\/xnet-logo.png","contentUrl":"https:\/\/xnet-x.net\/img\/xnet-logo.png","width":512,"height":512,"caption":"Xnet - Internet freedoms & digital rights"},"image":{"@id":"https:\/\/xnet-x.net\/en\/#\/schema\/logo\/image\/"},"sameAs":["http:\/\/facebook.com\/RedX.Net\/","https:\/\/x.com\/x_net_","https:\/\/es.wikipedia.org\/wiki\/Xnet"]}]}},"_links":{"self":[{"href":"https:\/\/xnet-x.net\/en\/wp-json\/wp\/v2\/pages\/223","targetHints":{"allow":["GET"]}}],"collection":[{"href":"https:\/\/xnet-x.net\/en\/wp-json\/wp\/v2\/pages"}],"about":[{"href":"https:\/\/xnet-x.net\/en\/wp-json\/wp\/v2\/types\/page"}],"author":[{"embeddable":true,"href":"https:\/\/xnet-x.net\/en\/wp-json\/wp\/v2\/users\/5"}],"replies":[{"embeddable":true,"href":"https:\/\/xnet-x.net\/en\/wp-json\/wp\/v2\/comments?post=223"}],"version-history":[{"count":5,"href":"https:\/\/xnet-x.net\/en\/wp-json\/wp\/v2\/pages\/223\/revisions"}],"predecessor-version":[{"id":7156,"href":"https:\/\/xnet-x.net\/en\/wp-json\/wp\/v2\/pages\/223\/revisions\/7156"}],"up":[{"embeddable":true,"href":"https:\/\/xnet-x.net\/en\/wp-json\/wp\/v2\/pages\/159"}],"wp:attachment":[{"href":"https:\/\/xnet-x.net\/en\/wp-json\/wp\/v2\/media?parent=223"}],"curies":[{"name":"wp","href":"https:\/\/api.w.org\/{rel}","templated":true}]}}