{"id":139,"date":"2008-09-03T17:33:46","date_gmt":"2008-09-03T15:33:46","guid":{"rendered":"http:\/\/la-ex.net\/?page_id=139"},"modified":"2008-10-23T18:10:53","modified_gmt":"2008-10-23T16:10:53","slug":"mattblack","status":"publish","type":"page","link":"https:\/\/xnet-x.net\/en\/los-oxcars\/programa\/mattblack\/","title":{"rendered":"MattBlack (ColdCut) + Tantric Billy: LiveLoom(show AV)"},"content":{"rendered":"<p><img loading=\"lazy\" decoding=\"async\" class=\"alignleft\" style=\"float: left;\" src=\"http:\/\/farm4.static.flickr.com\/3141\/2964545053_df44b0f414_m.jpg\" alt=\"\" width=\"160\" height=\"240\" \/><\/p>\n<p>Matt Black y Jonathan More forman ColdCut. En 1991 fundaron Ninja Tune, una discogr\u00e1fica brit\u00e1nica independiente con sede en Londres. Matt Black fue pionero del concepto VJing. Entre sus muchas actividades destaca el lanzamiento de \u201cRe:volution&#8221; en 2001, que\u00a0\u00a0 coincidi\u00f3 con las\u00a0 elecciones generales en el Reino Unido. Matt Black lo describe como &#8220;celebration\/diss de las pol\u00edticas brit\u00e1nicas y de las elecciones 2001\u201d. M\u00e1s tarde fundaron\u00a0 piratetv.net que,\u00a0 desde el estudio de Spacelab de Coldcut, emit\u00eda a todo el mundo,\u00a0 iniciando un g\u00e9nero descrito por ellos mismos como &#8220;guerrilla netcasting&#8221;.<br \/>\nEn los oXcars Matt Black har\u00e1 un one man show utilizando un nuevo mezclador audiovisual colaborativo llamado LiveLoom. Creado por Matt y su maverick amigo matem\u00e1tico Tantric Billy, el sistema est\u00e1 todav\u00eda en fase de desarrollo. LiveLoom, que ser\u00e1 gratuito, es un sistema de montaje para hacer arte compartiendo media online. Coldcut llevan muchos a\u00f1os apoyado la m\u00e1xima de &#8220;la informaci\u00f3n quiere ser libre&#8221;, por ejemplo colgando en internet las multitracks de su \u00faltimo album, Sound Mirrors, para que la gente pueda escucharlas bajo una licencia creative commons.<br \/>\nOtro de sus axiomas es\u00a0 &#8216;Commune, communicate, collaborate, create&#8217; (Conversar, comunicar, colaborar, crear). Otros proyectos de arte- pol\u00edtica online, como revusa.net tambi\u00e9n fomentan esta visi\u00f3n.<br \/>\nSu actuaci\u00f3n en los oXcars contribuir\u00e1 a dar m\u00e1s vida a estas ideas.<br \/>\n<a href=\"http:\/\/www.myspace.com\/coldcut\" target=\"_blank\">http:\/\/www.myspace.com\/coldcut<\/a><\/p>\n","protected":false},"excerpt":{"rendered":"<p>Matt Black y Jonathan More forman ColdCut. En 1991 fundaron Ninja Tune, una discogr\u00e1fica brit\u00e1nica independiente con sede en Londres. Matt Black fue pionero del concepto VJing. Entre sus muchas actividades destaca el lanzamiento de \u201cRe:volution&#8221; en 2001, que\u00a0\u00a0 coincidi\u00f3 con las\u00a0 elecciones generales en el Reino Unido. Matt Black lo describe como &#8220;celebration\/diss de [&hellip;]<\/p>\n","protected":false},"author":5,"featured_media":0,"parent":136,"menu_order":0,"comment_status":"open","ping_status":"closed","template":"","meta":{"footnotes":""},"class_list":["post-139","page","type-page","status-publish","hentry"],"yoast_head":"<!-- This site is optimized with the Yoast SEO plugin v26.7 - https:\/\/yoast.com\/wordpress\/plugins\/seo\/ -->\n<title>MattBlack (ColdCut) + Tantric Billy: LiveLoom(show AV)  -<\/title>\n<meta name=\"robots\" content=\"index, follow, max-snippet:-1, max-image-preview:large, max-video-preview:-1\" \/>\n<link rel=\"canonical\" href=\"https:\/\/xnet-x.net\/en\/los-oxcars\/programa\/mattblack\/\" \/>\n<meta name=\"twitter:label1\" content=\"Est. reading time\" \/>\n\t<meta name=\"twitter:data1\" content=\"1 minute\" \/>\n<script type=\"application\/ld+json\" class=\"yoast-schema-graph\">{\"@context\":\"https:\/\/schema.org\",\"@graph\":[{\"@type\":\"WebPage\",\"@id\":\"https:\/\/xnet-x.net\/en\/los-oxcars\/programa\/mattblack\/\",\"url\":\"https:\/\/xnet-x.net\/en\/los-oxcars\/programa\/mattblack\/\",\"name\":\"MattBlack (ColdCut) + Tantric Billy: LiveLoom(show AV) -\",\"isPartOf\":{\"@id\":\"https:\/\/xnet-x.net\/en\/#website\"},\"primaryImageOfPage\":{\"@id\":\"https:\/\/xnet-x.net\/en\/los-oxcars\/programa\/mattblack\/#primaryimage\"},\"image\":{\"@id\":\"https:\/\/xnet-x.net\/es\/los-oxcars\/programa\/mattblack\/#primaryimage\"},\"thumbnailUrl\":\"http:\/\/farm4.static.flickr.com\/3141\/2964545053_df44b0f414_m.jpg\",\"datePublished\":\"2008-09-03T15:33:46+00:00\",\"dateModified\":\"2008-10-23T16:10:53+00:00\",\"breadcrumb\":{\"@id\":\"https:\/\/xnet-x.net\/en\/los-oxcars\/programa\/mattblack\/#breadcrumb\"},\"inLanguage\":\"en\",\"potentialAction\":[{\"@type\":\"ReadAction\",\"target\":[[\"https:\/\/xnet-x.net\/en\/los-oxcars\/programa\/mattblack\/\"]]}]},{\"@type\":\"ImageObject\",\"inLanguage\":\"en\",\"@id\":\"https:\/\/xnet-x.net\/en\/los-oxcars\/programa\/mattblack\/#primaryimage\",\"url\":\"http:\/\/farm4.static.flickr.com\/3141\/2964545053_df44b0f414_m.jpg\",\"contentUrl\":\"http:\/\/farm4.static.flickr.com\/3141\/2964545053_df44b0f414_m.jpg\"},{\"@type\":\"BreadcrumbList\",\"@id\":\"https:\/\/xnet-x.net\/en\/los-oxcars\/programa\/mattblack\/#breadcrumb\",\"itemListElement\":[{\"@type\":\"ListItem\",\"position\":1,\"name\":\"Portada\",\"item\":\"https:\/\/xnet-x.net\/en\/\"},{\"@type\":\"ListItem\",\"position\":2,\"name\":\"Los OXcars\",\"item\":\"https:\/\/xnet-x.net\/en\/los-oxcars\/\"},{\"@type\":\"ListItem\",\"position\":3,\"name\":\"Programa\",\"item\":\"https:\/\/xnet-x.net\/en\/los-oxcars\/programa\/\"},{\"@type\":\"ListItem\",\"position\":4,\"name\":\"MattBlack (ColdCut) + Tantric Billy: LiveLoom(show AV)\"}]},{\"@type\":\"WebSite\",\"@id\":\"https:\/\/xnet-x.net\/en\/#website\",\"url\":\"https:\/\/xnet-x.net\/en\/\",\"name\":\"[:es]Xnet - Internet, derechos y democracia en la era digital[:ca]Xnet - Internet, drets i democr\u00e0cia en l'era digital[:en]Xnet - Internet freedoms & digital rights[:]\",\"description\":\"Information and Culture Freedoms. Technopolitics. Data privacy, algorithms and digital rights. Free Speech, Net Neutrality, whistleblowers, anticorruption\",\"publisher\":{\"@id\":\"https:\/\/xnet-x.net\/en\/#organization\"},\"potentialAction\":[{\"@type\":\"SearchAction\",\"target\":{\"@type\":\"EntryPoint\",\"urlTemplate\":\"https:\/\/xnet-x.net\/en\/?s={search_term_string}\"},\"query-input\":{\"@type\":\"PropertyValueSpecification\",\"valueRequired\":true,\"valueName\":\"search_term_string\"}}],\"inLanguage\":\"en\"},{\"@type\":\"Organization\",\"@id\":\"https:\/\/xnet-x.net\/en\/#organization\",\"name\":\"Xnet - Internet freedoms & digital rights\",\"url\":\"https:\/\/xnet-x.net\/en\/\",\"logo\":{\"@type\":\"ImageObject\",\"inLanguage\":\"en\",\"@id\":\"https:\/\/xnet-x.net\/en\/#\/schema\/logo\/image\/\",\"url\":\"https:\/\/xnet-x.net\/img\/xnet-logo.png\",\"contentUrl\":\"https:\/\/xnet-x.net\/img\/xnet-logo.png\",\"width\":512,\"height\":512,\"caption\":\"Xnet - Internet freedoms & digital rights\"},\"image\":{\"@id\":\"https:\/\/xnet-x.net\/en\/#\/schema\/logo\/image\/\"},\"sameAs\":[\"http:\/\/facebook.com\/RedX.Net\/\",\"https:\/\/x.com\/x_net_\",\"https:\/\/es.wikipedia.org\/wiki\/Xnet\"]}]}<\/script>\n<!-- \/ Yoast SEO plugin. -->","yoast_head_json":{"title":"MattBlack (ColdCut) + Tantric Billy: LiveLoom(show AV)  -","robots":{"index":"index","follow":"follow","max-snippet":"max-snippet:-1","max-image-preview":"max-image-preview:large","max-video-preview":"max-video-preview:-1"},"canonical":"https:\/\/xnet-x.net\/en\/los-oxcars\/programa\/mattblack\/","twitter_misc":{"Est. reading time":"1 minute"},"schema":{"@context":"https:\/\/schema.org","@graph":[{"@type":"WebPage","@id":"https:\/\/xnet-x.net\/en\/los-oxcars\/programa\/mattblack\/","url":"https:\/\/xnet-x.net\/en\/los-oxcars\/programa\/mattblack\/","name":"MattBlack (ColdCut) + Tantric Billy: LiveLoom(show AV) -","isPartOf":{"@id":"https:\/\/xnet-x.net\/en\/#website"},"primaryImageOfPage":{"@id":"https:\/\/xnet-x.net\/en\/los-oxcars\/programa\/mattblack\/#primaryimage"},"image":{"@id":"https:\/\/xnet-x.net\/es\/los-oxcars\/programa\/mattblack\/#primaryimage"},"thumbnailUrl":"http:\/\/farm4.static.flickr.com\/3141\/2964545053_df44b0f414_m.jpg","datePublished":"2008-09-03T15:33:46+00:00","dateModified":"2008-10-23T16:10:53+00:00","breadcrumb":{"@id":"https:\/\/xnet-x.net\/en\/los-oxcars\/programa\/mattblack\/#breadcrumb"},"inLanguage":"en","potentialAction":[{"@type":"ReadAction","target":[["https:\/\/xnet-x.net\/en\/los-oxcars\/programa\/mattblack\/"]]}]},{"@type":"ImageObject","inLanguage":"en","@id":"https:\/\/xnet-x.net\/en\/los-oxcars\/programa\/mattblack\/#primaryimage","url":"http:\/\/farm4.static.flickr.com\/3141\/2964545053_df44b0f414_m.jpg","contentUrl":"http:\/\/farm4.static.flickr.com\/3141\/2964545053_df44b0f414_m.jpg"},{"@type":"BreadcrumbList","@id":"https:\/\/xnet-x.net\/en\/los-oxcars\/programa\/mattblack\/#breadcrumb","itemListElement":[{"@type":"ListItem","position":1,"name":"Portada","item":"https:\/\/xnet-x.net\/en\/"},{"@type":"ListItem","position":2,"name":"Los OXcars","item":"https:\/\/xnet-x.net\/en\/los-oxcars\/"},{"@type":"ListItem","position":3,"name":"Programa","item":"https:\/\/xnet-x.net\/en\/los-oxcars\/programa\/"},{"@type":"ListItem","position":4,"name":"MattBlack (ColdCut) + Tantric Billy: LiveLoom(show AV)"}]},{"@type":"WebSite","@id":"https:\/\/xnet-x.net\/en\/#website","url":"https:\/\/xnet-x.net\/en\/","name":"[:es]Xnet - Internet, derechos y democracia en la era digital[:ca]Xnet - Internet, drets i democr\u00e0cia en l'era digital[:en]Xnet - Internet freedoms & digital rights[:]","description":"Information and Culture Freedoms. Technopolitics. Data privacy, algorithms and digital rights. Free Speech, Net Neutrality, whistleblowers, anticorruption","publisher":{"@id":"https:\/\/xnet-x.net\/en\/#organization"},"potentialAction":[{"@type":"SearchAction","target":{"@type":"EntryPoint","urlTemplate":"https:\/\/xnet-x.net\/en\/?s={search_term_string}"},"query-input":{"@type":"PropertyValueSpecification","valueRequired":true,"valueName":"search_term_string"}}],"inLanguage":"en"},{"@type":"Organization","@id":"https:\/\/xnet-x.net\/en\/#organization","name":"Xnet - Internet freedoms & digital rights","url":"https:\/\/xnet-x.net\/en\/","logo":{"@type":"ImageObject","inLanguage":"en","@id":"https:\/\/xnet-x.net\/en\/#\/schema\/logo\/image\/","url":"https:\/\/xnet-x.net\/img\/xnet-logo.png","contentUrl":"https:\/\/xnet-x.net\/img\/xnet-logo.png","width":512,"height":512,"caption":"Xnet - Internet freedoms & digital rights"},"image":{"@id":"https:\/\/xnet-x.net\/en\/#\/schema\/logo\/image\/"},"sameAs":["http:\/\/facebook.com\/RedX.Net\/","https:\/\/x.com\/x_net_","https:\/\/es.wikipedia.org\/wiki\/Xnet"]}]}},"_links":{"self":[{"href":"https:\/\/xnet-x.net\/en\/wp-json\/wp\/v2\/pages\/139","targetHints":{"allow":["GET"]}}],"collection":[{"href":"https:\/\/xnet-x.net\/en\/wp-json\/wp\/v2\/pages"}],"about":[{"href":"https:\/\/xnet-x.net\/en\/wp-json\/wp\/v2\/types\/page"}],"author":[{"embeddable":true,"href":"https:\/\/xnet-x.net\/en\/wp-json\/wp\/v2\/users\/5"}],"replies":[{"embeddable":true,"href":"https:\/\/xnet-x.net\/en\/wp-json\/wp\/v2\/comments?post=139"}],"version-history":[{"count":0,"href":"https:\/\/xnet-x.net\/en\/wp-json\/wp\/v2\/pages\/139\/revisions"}],"up":[{"embeddable":true,"href":"https:\/\/xnet-x.net\/en\/wp-json\/wp\/v2\/pages\/136"}],"wp:attachment":[{"href":"https:\/\/xnet-x.net\/en\/wp-json\/wp\/v2\/media?parent=139"}],"curies":[{"name":"wp","href":"https:\/\/api.w.org\/{rel}","templated":true}]}}