{"id":88,"date":"2008-05-20T17:10:15","date_gmt":"2008-05-20T15:10:15","guid":{"rendered":"http:\/\/la-ex.net\/?page_id=88"},"modified":"2021-08-17T12:14:08","modified_gmt":"2021-08-17T10:14:08","slug":"baja-socio-carta","status":"publish","type":"page","link":"https:\/\/xnet-x.net\/ca\/herramientas\/documentos\/carta-para-darse-de-baja-de-la-sgae-u-otra-entidad-de-gestion\/","title":{"rendered":"Carta para darse de baja de la SGAE u otra entidad de gesti\u00f3n"},"content":{"rendered":"<p><em>[Atenci\u00f3. Tots aquests recursos, els de la secci\u00f3 <a href=\"https:\/\/xnet-x.net\/ca\/contacta-per\/portal-de-cultura-lliure\/\">Recursos de Cultura Lliure<\/a> estan desactualitzats des de 2010. Encara que molts encara poden servir, abans d&#8217;usar-los s&#8217;han de revisar segons la legislaci\u00f3 vigent.] <\/em><\/p>\n<p>[Per falta de temps i recursos, la traducci\u00f3 al catal\u00e0 d&#8217;aquesta web no est\u00e0 acabada. Si trobes interessants alguns dels nostres documents i tens temps de traduir-los, ens ho pot enviar (si us plau, reproduint la maquetaci\u00f3). Moltes gr\u00e0cies!]<br \/>\n&nbsp;<\/p>\n<p><strong> Documento para darse de baja de la SGAE u otras entidades de gesti\u00f3n<\/strong><br \/>\n<a href=\"\/docs\/CARTA PARA DARSE DE BAJA DE LA SGAE.pdf\">descarga PDF<\/a><\/p>\n<p>El abajo firmante Don\/Do\u00f1a\u2026\u2026\u2026\u2026\u2026\u2026\u2026\u2026\u2026\u2026\u2026\u2026\u2026\u2026\u2026\u2026\u2026\u2026\u2026\u2026.         Con D.N.I\u2026\u2026\u2026\u2026\u2026\u2026\u2026.. socio de la entidad de gesti\u00f3n\u2026\u2026\u2026\u2026\u2026.. con   n\u00famero\u2026\u2026\u2026\u2026\u2026\u2026\u2026.. solicita con la presente carta darse de baja de esta entidad.<\/p>\n<p>En\u2026\u2026\u2026\u2026\u2026\u2026\u2026. a \u2026\u2026\u2026\u2026\u2026\u2026\u2026\u2026\u2026<br \/>\nFirma:<\/p>","protected":false},"excerpt":{"rendered":"<p>[Atenci\u00f3. Tots aquests recursos, els de la secci\u00f3 Recursos de Cultura Lliure estan desactualitzats des de 2010. Encara que molts encara poden servir, abans d&#8217;usar-los s&#8217;han de revisar segons la legislaci\u00f3 vigent.] [Per falta de temps i recursos, la traducci\u00f3 al catal\u00e0 d&#8217;aquesta web no est\u00e0 acabada. Si trobes interessants alguns dels nostres documents i [&hellip;]<\/p>\n","protected":false},"author":5,"featured_media":0,"parent":43,"menu_order":0,"comment_status":"open","ping_status":"closed","template":"","meta":{"footnotes":""},"class_list":["post-88","page","type-page","status-publish","hentry"],"yoast_head":"<!-- This site is optimized with the Yoast SEO plugin v26.7 - https:\/\/yoast.com\/wordpress\/plugins\/seo\/ -->\n<title>Carta para darse de baja de la SGAE u otra entidad de gesti\u00f3n -<\/title>\n<meta name=\"robots\" content=\"index, follow, max-snippet:-1, max-image-preview:large, max-video-preview:-1\" \/>\n<link rel=\"canonical\" href=\"https:\/\/xnet-x.net\/ca\/herramientas\/documentos\/carta-para-darse-de-baja-de-la-sgae-u-otra-entidad-de-gestion\/\" \/>\n<meta name=\"twitter:label1\" content=\"Est. reading time\" \/>\n\t<meta name=\"twitter:data1\" content=\"1 minute\" \/>\n<script type=\"application\/ld+json\" class=\"yoast-schema-graph\">{\"@context\":\"https:\/\/schema.org\",\"@graph\":[{\"@type\":\"WebPage\",\"@id\":\"https:\/\/xnet-x.net\/ca\/herramientas\/documentos\/carta-para-darse-de-baja-de-la-sgae-u-otra-entidad-de-gestion\/\",\"url\":\"https:\/\/xnet-x.net\/ca\/herramientas\/documentos\/carta-para-darse-de-baja-de-la-sgae-u-otra-entidad-de-gestion\/\",\"name\":\"Carta para darse de baja de la SGAE u otra entidad de gesti\u00f3n -\",\"isPartOf\":{\"@id\":\"https:\/\/xnet-x.net\/ca\/#website\"},\"datePublished\":\"2008-05-20T15:10:15+00:00\",\"dateModified\":\"2021-08-17T10:14:08+00:00\",\"breadcrumb\":{\"@id\":\"https:\/\/xnet-x.net\/ca\/herramientas\/documentos\/carta-para-darse-de-baja-de-la-sgae-u-otra-entidad-de-gestion\/#breadcrumb\"},\"inLanguage\":\"ca-ES\",\"potentialAction\":[{\"@type\":\"ReadAction\",\"target\":[[\"https:\/\/xnet-x.net\/ca\/herramientas\/documentos\/carta-para-darse-de-baja-de-la-sgae-u-otra-entidad-de-gestion\/\"]]}]},{\"@type\":\"BreadcrumbList\",\"@id\":\"https:\/\/xnet-x.net\/ca\/herramientas\/documentos\/carta-para-darse-de-baja-de-la-sgae-u-otra-entidad-de-gestion\/#breadcrumb\",\"itemListElement\":[{\"@type\":\"ListItem\",\"position\":1,\"name\":\"Portada\",\"item\":\"https:\/\/xnet-x.net\/ca\/\"},{\"@type\":\"ListItem\",\"position\":2,\"name\":\"(Es) Herramientas\",\"item\":\"https:\/\/xnet-x.net\/ca\/herramientas\/\"},{\"@type\":\"ListItem\",\"position\":3,\"name\":\"(Es) \u00cdndice documentos\",\"item\":\"https:\/\/xnet-x.net\/ca\/herramientas\/documentos\/\"},{\"@type\":\"ListItem\",\"position\":4,\"name\":\"Carta para darse de baja de la SGAE u otra entidad de gesti\u00f3n\"}]},{\"@type\":\"WebSite\",\"@id\":\"https:\/\/xnet-x.net\/ca\/#website\",\"url\":\"https:\/\/xnet-x.net\/ca\/\",\"name\":\"[:es]Xnet - Internet, derechos y democracia en la era digital[:ca]Xnet - Internet, drets i democr\u00e0cia en l'era digital[:en]Xnet - Internet freedoms & digital rights[:]\",\"description\":\"Xnet: Internet, informaci\u00f3 i cultura lliures. Tecnopol\u00edtica. Dades, algoritmes i drets digitals. Llibertat d&#039;expressi\u00f3. Democr\u00e0cia i anticorrupci\u00f3\",\"publisher\":{\"@id\":\"https:\/\/xnet-x.net\/ca\/#organization\"},\"potentialAction\":[{\"@type\":\"SearchAction\",\"target\":{\"@type\":\"EntryPoint\",\"urlTemplate\":\"https:\/\/xnet-x.net\/ca\/?s={search_term_string}\"},\"query-input\":{\"@type\":\"PropertyValueSpecification\",\"valueRequired\":true,\"valueName\":\"search_term_string\"}}],\"inLanguage\":\"ca-ES\"},{\"@type\":\"Organization\",\"@id\":\"https:\/\/xnet-x.net\/ca\/#organization\",\"name\":\"Xnet - Internet, drets i democr\u00e0cia en l'era digital\",\"url\":\"https:\/\/xnet-x.net\/ca\/\",\"logo\":{\"@type\":\"ImageObject\",\"inLanguage\":\"ca-ES\",\"@id\":\"https:\/\/xnet-x.net\/ca\/#\/schema\/logo\/image\/\",\"url\":\"https:\/\/xnet-x.net\/img\/xnet-logo.png\",\"contentUrl\":\"https:\/\/xnet-x.net\/img\/xnet-logo.png\",\"width\":512,\"height\":512,\"caption\":\"Xnet - Internet, drets i democr\u00e0cia en l'era digital\"},\"image\":{\"@id\":\"https:\/\/xnet-x.net\/ca\/#\/schema\/logo\/image\/\"},\"sameAs\":[\"http:\/\/facebook.com\/RedX.Net\/\",\"https:\/\/x.com\/x_net_\",\"https:\/\/es.wikipedia.org\/wiki\/Xnet\"]}]}<\/script>\n<!-- \/ Yoast SEO plugin. -->","yoast_head_json":{"title":"Carta para darse de baja de la SGAE u otra entidad de gesti\u00f3n -","robots":{"index":"index","follow":"follow","max-snippet":"max-snippet:-1","max-image-preview":"max-image-preview:large","max-video-preview":"max-video-preview:-1"},"canonical":"https:\/\/xnet-x.net\/ca\/herramientas\/documentos\/carta-para-darse-de-baja-de-la-sgae-u-otra-entidad-de-gestion\/","twitter_misc":{"Est. reading time":"1 minute"},"schema":{"@context":"https:\/\/schema.org","@graph":[{"@type":"WebPage","@id":"https:\/\/xnet-x.net\/ca\/herramientas\/documentos\/carta-para-darse-de-baja-de-la-sgae-u-otra-entidad-de-gestion\/","url":"https:\/\/xnet-x.net\/ca\/herramientas\/documentos\/carta-para-darse-de-baja-de-la-sgae-u-otra-entidad-de-gestion\/","name":"Carta para darse de baja de la SGAE u otra entidad de gesti\u00f3n -","isPartOf":{"@id":"https:\/\/xnet-x.net\/ca\/#website"},"datePublished":"2008-05-20T15:10:15+00:00","dateModified":"2021-08-17T10:14:08+00:00","breadcrumb":{"@id":"https:\/\/xnet-x.net\/ca\/herramientas\/documentos\/carta-para-darse-de-baja-de-la-sgae-u-otra-entidad-de-gestion\/#breadcrumb"},"inLanguage":"ca-ES","potentialAction":[{"@type":"ReadAction","target":[["https:\/\/xnet-x.net\/ca\/herramientas\/documentos\/carta-para-darse-de-baja-de-la-sgae-u-otra-entidad-de-gestion\/"]]}]},{"@type":"BreadcrumbList","@id":"https:\/\/xnet-x.net\/ca\/herramientas\/documentos\/carta-para-darse-de-baja-de-la-sgae-u-otra-entidad-de-gestion\/#breadcrumb","itemListElement":[{"@type":"ListItem","position":1,"name":"Portada","item":"https:\/\/xnet-x.net\/ca\/"},{"@type":"ListItem","position":2,"name":"(Es) Herramientas","item":"https:\/\/xnet-x.net\/ca\/herramientas\/"},{"@type":"ListItem","position":3,"name":"(Es) \u00cdndice documentos","item":"https:\/\/xnet-x.net\/ca\/herramientas\/documentos\/"},{"@type":"ListItem","position":4,"name":"Carta para darse de baja de la SGAE u otra entidad de gesti\u00f3n"}]},{"@type":"WebSite","@id":"https:\/\/xnet-x.net\/ca\/#website","url":"https:\/\/xnet-x.net\/ca\/","name":"[:es]Xnet - Internet, derechos y democracia en la era digital[:ca]Xnet - Internet, drets i democr\u00e0cia en l'era digital[:en]Xnet - Internet freedoms & digital rights[:]","description":"Xnet: Internet, informaci\u00f3 i cultura lliures. Tecnopol\u00edtica. Dades, algoritmes i drets digitals. Llibertat d&#039;expressi\u00f3. Democr\u00e0cia i anticorrupci\u00f3","publisher":{"@id":"https:\/\/xnet-x.net\/ca\/#organization"},"potentialAction":[{"@type":"SearchAction","target":{"@type":"EntryPoint","urlTemplate":"https:\/\/xnet-x.net\/ca\/?s={search_term_string}"},"query-input":{"@type":"PropertyValueSpecification","valueRequired":true,"valueName":"search_term_string"}}],"inLanguage":"ca-ES"},{"@type":"Organization","@id":"https:\/\/xnet-x.net\/ca\/#organization","name":"Xnet - Internet, drets i democr\u00e0cia en l'era digital","url":"https:\/\/xnet-x.net\/ca\/","logo":{"@type":"ImageObject","inLanguage":"ca-ES","@id":"https:\/\/xnet-x.net\/ca\/#\/schema\/logo\/image\/","url":"https:\/\/xnet-x.net\/img\/xnet-logo.png","contentUrl":"https:\/\/xnet-x.net\/img\/xnet-logo.png","width":512,"height":512,"caption":"Xnet - Internet, drets i democr\u00e0cia en l'era digital"},"image":{"@id":"https:\/\/xnet-x.net\/ca\/#\/schema\/logo\/image\/"},"sameAs":["http:\/\/facebook.com\/RedX.Net\/","https:\/\/x.com\/x_net_","https:\/\/es.wikipedia.org\/wiki\/Xnet"]}]}},"_links":{"self":[{"href":"https:\/\/xnet-x.net\/ca\/wp-json\/wp\/v2\/pages\/88","targetHints":{"allow":["GET"]}}],"collection":[{"href":"https:\/\/xnet-x.net\/ca\/wp-json\/wp\/v2\/pages"}],"about":[{"href":"https:\/\/xnet-x.net\/ca\/wp-json\/wp\/v2\/types\/page"}],"author":[{"embeddable":true,"href":"https:\/\/xnet-x.net\/ca\/wp-json\/wp\/v2\/users\/5"}],"replies":[{"embeddable":true,"href":"https:\/\/xnet-x.net\/ca\/wp-json\/wp\/v2\/comments?post=88"}],"version-history":[{"count":4,"href":"https:\/\/xnet-x.net\/ca\/wp-json\/wp\/v2\/pages\/88\/revisions"}],"predecessor-version":[{"id":22798,"href":"https:\/\/xnet-x.net\/ca\/wp-json\/wp\/v2\/pages\/88\/revisions\/22798"}],"up":[{"embeddable":true,"href":"https:\/\/xnet-x.net\/ca\/wp-json\/wp\/v2\/pages\/43"}],"wp:attachment":[{"href":"https:\/\/xnet-x.net\/ca\/wp-json\/wp\/v2\/media?parent=88"}],"curies":[{"name":"wp","href":"https:\/\/api.w.org\/{rel}","templated":true}]}}