{"id":84,"date":"2008-05-11T19:36:13","date_gmt":"2008-05-11T17:36:13","guid":{"rendered":"http:\/\/la-ex.net\/?page_id=84"},"modified":"2021-08-17T11:56:46","modified_gmt":"2021-08-17T09:56:46","slug":"tienda-informatica","status":"publish","type":"page","link":"https:\/\/xnet-x.net\/ca\/herramientas\/botiga-dinformatica\/","title":{"rendered":"Botiga d&#8217;inform\u00e0tica"},"content":{"rendered":"<p>[Per falta de temps i recursos, la traducci\u00f3 al catal\u00e0 d&#8217;aquesta web no est\u00e0 acabada. Si trobes interessants alguns dels nostres documents i tens temps de traduir-los, ens ho pot enviar (si us plau, reproduint la maquetaci\u00f3). Moltes gr\u00e0cies!]<\/p>\n<p><em>[Atenci\u00f3. Tots aquests recursos, els de la secci\u00f3 <a href=\"https:\/\/xnet-x.net\/ca\/contacta-per\/portal-de-cultura-lliure\/\">Recursos de Cultura Lliure<\/a> estan desactualitzats des de 2010. Encara que molts encara poden servir, abans d&#8217;usar-los s&#8217;han de revisar segons la legislaci\u00f3 vigent.] <\/em><\/p>\n<h2>Informaci\u00f3n para tiendas de inform\u00e1tica y\/o tiendas de peque\u00f1os electrodom\u00e9sticos.<\/h2>\n<p style=\"margin-bottom: 0cm;\">Hay toda una serie de productos que son considerados id\u00f3neos para la copia privada y por tanto se les aplica el famoso canon. Id\u00f3neo es cualquier soporte o aparato que sirva para reproducir o grabar obras del repertorio de la SGAE de forma temporal o fija.  Si vendes alguno de estos art\u00edculos no te queda m\u00e1s remedio que pagar. Para m\u00e1s informaci\u00f3n consulta las siguientes preguntas frecuentes:<\/p>\n<h3>1.- Vendo: Grabadoras, mp3, CD, DVD, pendrive, impresoras, tarjetas de memoria, etc. \u00bfPuede SGAE reclamarme el Canon si mis proveedores no me lo cobran y yo tampoco se lo cobro a mis clientes?<\/h3>\n<p>Si. Actualmente las reclamaciones son por la idoneidad de esos productos para reproducir material audiovisual gestionado por entidades privadas<\/p>\n<h3>2.- He o\u00eddo que demandan con car\u00e1cter retroactivo, \u00bfDesde cuando pueden reclamarme el canon?<\/h3>\n<p>Pueden reclamarte el canon de todo lo que hayas comercializado desde el a\u00f1o 2000 aunque, seg\u00fan las propias entidades, podr\u00edan remontarse al 1995-96.<\/p>\n<h3>3.- SGAE (o EGEDA o AISGE o AIE\u2026) me ha enviado una carta solicitando auditar mi contabilidad.<\/h3>\n<p>Las entidades est\u00e1n legitimadas por el Ministerio de Cultura para realizar las averiguaciones necesarias a fin de comprobar la correcta liquidaci\u00f3n del canon.<\/p>\n<h3>4.- Me presionan con el env\u00edo de un requerimiento judicial sino les permito auditar. \u00bfDebo ceder?<\/h3>\n<p>NO. El requerimiento judicial te dar\u00e1 la opci\u00f3n a responder a las pretensiones de las entidades y exigir informaci\u00f3n sobre que productos, que tarifas, que documentos\u2026 En cambio, las auditorias \u201camistosas\u201d, suelen tener como resultado una reclamaci\u00f3n ambigua, dif\u00edcil de descifrar y defender por el comerciante. Recuerda que de la auditoria casi siempre resulta una cifra que ser\u00e1 utilizada como prueba de deuda ante un tribunal si no accedes a liquidarla.<\/p>\n<h3>5.- Si decido pagar a SGAE o cualquier otra entidad de gesti\u00f3n, \u00bfevito futuras reclamaciones?<\/h3>\n<p>No. Pagar a una entidad es reconocer el derecho al resto de entidades a reclamar su parte de copia privada<\/p>\n<h3>6.- Mi proveedor asegura que los productos que compro ya llevan canon pero no lo especifica en la factura. \u00bfEs correcto?<\/h3>\n<p>No es correcto. Si te dice que lo lleva ha de desglosarlo y\/o especificarlo en la factura. Si no aparece en factura es como si no se hubiera liquidado.<\/p>","protected":false},"excerpt":{"rendered":"<p>[Per falta de temps i recursos, la traducci\u00f3 al catal\u00e0 d&#8217;aquesta web no est\u00e0 acabada. Si trobes interessants alguns dels nostres documents i tens temps de traduir-los, ens ho pot enviar (si us plau, reproduint la maquetaci\u00f3). Moltes gr\u00e0cies!] [Atenci\u00f3. Tots aquests recursos, els de la secci\u00f3 Recursos de Cultura Lliure estan desactualitzats des de [&hellip;]<\/p>\n","protected":false},"author":5,"featured_media":0,"parent":6,"menu_order":9,"comment_status":"open","ping_status":"closed","template":"","meta":{"footnotes":""},"class_list":["post-84","page","type-page","status-publish","hentry"],"yoast_head":"<!-- This site is optimized with the Yoast SEO plugin v26.7 - https:\/\/yoast.com\/wordpress\/plugins\/seo\/ -->\n<title>Botiga d&#039;inform\u00e0tica -<\/title>\n<meta name=\"robots\" content=\"index, follow, max-snippet:-1, max-image-preview:large, max-video-preview:-1\" \/>\n<link rel=\"canonical\" href=\"https:\/\/xnet-x.net\/ca\/herramientas\/tienda-de-informatica\/\" \/>\n<meta name=\"twitter:label1\" content=\"Est. reading time\" \/>\n\t<meta name=\"twitter:data1\" content=\"5 minutes\" \/>\n<script type=\"application\/ld+json\" class=\"yoast-schema-graph\">{\"@context\":\"https:\/\/schema.org\",\"@graph\":[{\"@type\":\"WebPage\",\"@id\":\"https:\/\/xnet-x.net\/ca\/herramientas\/tienda-de-informatica\/\",\"url\":\"https:\/\/xnet-x.net\/ca\/herramientas\/tienda-de-informatica\/\",\"name\":\"Botiga d'inform\u00e0tica -\",\"isPartOf\":{\"@id\":\"https:\/\/xnet-x.net\/ca\/#website\"},\"datePublished\":\"2008-05-11T17:36:13+00:00\",\"dateModified\":\"2021-08-17T09:56:46+00:00\",\"breadcrumb\":{\"@id\":\"https:\/\/xnet-x.net\/ca\/herramientas\/tienda-de-informatica\/#breadcrumb\"},\"inLanguage\":\"ca-ES\",\"potentialAction\":[{\"@type\":\"ReadAction\",\"target\":[[\"https:\/\/xnet-x.net\/ca\/herramientas\/tienda-de-informatica\/\"]]}]},{\"@type\":\"BreadcrumbList\",\"@id\":\"https:\/\/xnet-x.net\/ca\/herramientas\/tienda-de-informatica\/#breadcrumb\",\"itemListElement\":[{\"@type\":\"ListItem\",\"position\":1,\"name\":\"Portada\",\"item\":\"https:\/\/xnet-x.net\/ca\/\"},{\"@type\":\"ListItem\",\"position\":2,\"name\":\"(Es) Herramientas\",\"item\":\"https:\/\/xnet-x.net\/ca\/herramientas\/\"},{\"@type\":\"ListItem\",\"position\":3,\"name\":\"Tienda de inform\u00e1tica\"}]},{\"@type\":\"WebSite\",\"@id\":\"https:\/\/xnet-x.net\/ca\/#website\",\"url\":\"https:\/\/xnet-x.net\/ca\/\",\"name\":\"[:es]Xnet - Internet, derechos y democracia en la era digital[:ca]Xnet - Internet, drets i democr\u00e0cia en l'era digital[:en]Xnet - Internet freedoms & digital rights[:]\",\"description\":\"Xnet: Internet, informaci\u00f3 i cultura lliures. Tecnopol\u00edtica. Dades, algoritmes i drets digitals. Llibertat d&#039;expressi\u00f3. Democr\u00e0cia i anticorrupci\u00f3\",\"publisher\":{\"@id\":\"https:\/\/xnet-x.net\/ca\/#organization\"},\"potentialAction\":[{\"@type\":\"SearchAction\",\"target\":{\"@type\":\"EntryPoint\",\"urlTemplate\":\"https:\/\/xnet-x.net\/ca\/?s={search_term_string}\"},\"query-input\":{\"@type\":\"PropertyValueSpecification\",\"valueRequired\":true,\"valueName\":\"search_term_string\"}}],\"inLanguage\":\"ca-ES\"},{\"@type\":\"Organization\",\"@id\":\"https:\/\/xnet-x.net\/ca\/#organization\",\"name\":\"Xnet - Internet, drets i democr\u00e0cia en l'era digital\",\"url\":\"https:\/\/xnet-x.net\/ca\/\",\"logo\":{\"@type\":\"ImageObject\",\"inLanguage\":\"ca-ES\",\"@id\":\"https:\/\/xnet-x.net\/ca\/#\/schema\/logo\/image\/\",\"url\":\"https:\/\/xnet-x.net\/img\/xnet-logo.png\",\"contentUrl\":\"https:\/\/xnet-x.net\/img\/xnet-logo.png\",\"width\":512,\"height\":512,\"caption\":\"Xnet - Internet, drets i democr\u00e0cia en l'era digital\"},\"image\":{\"@id\":\"https:\/\/xnet-x.net\/ca\/#\/schema\/logo\/image\/\"},\"sameAs\":[\"http:\/\/facebook.com\/RedX.Net\/\",\"https:\/\/x.com\/x_net_\",\"https:\/\/es.wikipedia.org\/wiki\/Xnet\"]}]}<\/script>\n<!-- \/ Yoast SEO plugin. -->","yoast_head_json":{"title":"Botiga d'inform\u00e0tica -","robots":{"index":"index","follow":"follow","max-snippet":"max-snippet:-1","max-image-preview":"max-image-preview:large","max-video-preview":"max-video-preview:-1"},"canonical":"https:\/\/xnet-x.net\/ca\/herramientas\/tienda-de-informatica\/","twitter_misc":{"Est. reading time":"5 minutes"},"schema":{"@context":"https:\/\/schema.org","@graph":[{"@type":"WebPage","@id":"https:\/\/xnet-x.net\/ca\/herramientas\/tienda-de-informatica\/","url":"https:\/\/xnet-x.net\/ca\/herramientas\/tienda-de-informatica\/","name":"Botiga d'inform\u00e0tica -","isPartOf":{"@id":"https:\/\/xnet-x.net\/ca\/#website"},"datePublished":"2008-05-11T17:36:13+00:00","dateModified":"2021-08-17T09:56:46+00:00","breadcrumb":{"@id":"https:\/\/xnet-x.net\/ca\/herramientas\/tienda-de-informatica\/#breadcrumb"},"inLanguage":"ca-ES","potentialAction":[{"@type":"ReadAction","target":[["https:\/\/xnet-x.net\/ca\/herramientas\/tienda-de-informatica\/"]]}]},{"@type":"BreadcrumbList","@id":"https:\/\/xnet-x.net\/ca\/herramientas\/tienda-de-informatica\/#breadcrumb","itemListElement":[{"@type":"ListItem","position":1,"name":"Portada","item":"https:\/\/xnet-x.net\/ca\/"},{"@type":"ListItem","position":2,"name":"(Es) Herramientas","item":"https:\/\/xnet-x.net\/ca\/herramientas\/"},{"@type":"ListItem","position":3,"name":"Tienda de inform\u00e1tica"}]},{"@type":"WebSite","@id":"https:\/\/xnet-x.net\/ca\/#website","url":"https:\/\/xnet-x.net\/ca\/","name":"[:es]Xnet - Internet, derechos y democracia en la era digital[:ca]Xnet - Internet, drets i democr\u00e0cia en l'era digital[:en]Xnet - Internet freedoms & digital rights[:]","description":"Xnet: Internet, informaci\u00f3 i cultura lliures. Tecnopol\u00edtica. Dades, algoritmes i drets digitals. Llibertat d&#039;expressi\u00f3. Democr\u00e0cia i anticorrupci\u00f3","publisher":{"@id":"https:\/\/xnet-x.net\/ca\/#organization"},"potentialAction":[{"@type":"SearchAction","target":{"@type":"EntryPoint","urlTemplate":"https:\/\/xnet-x.net\/ca\/?s={search_term_string}"},"query-input":{"@type":"PropertyValueSpecification","valueRequired":true,"valueName":"search_term_string"}}],"inLanguage":"ca-ES"},{"@type":"Organization","@id":"https:\/\/xnet-x.net\/ca\/#organization","name":"Xnet - Internet, drets i democr\u00e0cia en l'era digital","url":"https:\/\/xnet-x.net\/ca\/","logo":{"@type":"ImageObject","inLanguage":"ca-ES","@id":"https:\/\/xnet-x.net\/ca\/#\/schema\/logo\/image\/","url":"https:\/\/xnet-x.net\/img\/xnet-logo.png","contentUrl":"https:\/\/xnet-x.net\/img\/xnet-logo.png","width":512,"height":512,"caption":"Xnet - Internet, drets i democr\u00e0cia en l'era digital"},"image":{"@id":"https:\/\/xnet-x.net\/ca\/#\/schema\/logo\/image\/"},"sameAs":["http:\/\/facebook.com\/RedX.Net\/","https:\/\/x.com\/x_net_","https:\/\/es.wikipedia.org\/wiki\/Xnet"]}]}},"_links":{"self":[{"href":"https:\/\/xnet-x.net\/ca\/wp-json\/wp\/v2\/pages\/84","targetHints":{"allow":["GET"]}}],"collection":[{"href":"https:\/\/xnet-x.net\/ca\/wp-json\/wp\/v2\/pages"}],"about":[{"href":"https:\/\/xnet-x.net\/ca\/wp-json\/wp\/v2\/types\/page"}],"author":[{"embeddable":true,"href":"https:\/\/xnet-x.net\/ca\/wp-json\/wp\/v2\/users\/5"}],"replies":[{"embeddable":true,"href":"https:\/\/xnet-x.net\/ca\/wp-json\/wp\/v2\/comments?post=84"}],"version-history":[{"count":8,"href":"https:\/\/xnet-x.net\/ca\/wp-json\/wp\/v2\/pages\/84\/revisions"}],"predecessor-version":[{"id":22776,"href":"https:\/\/xnet-x.net\/ca\/wp-json\/wp\/v2\/pages\/84\/revisions\/22776"}],"up":[{"embeddable":true,"href":"https:\/\/xnet-x.net\/ca\/wp-json\/wp\/v2\/pages\/6"}],"wp:attachment":[{"href":"https:\/\/xnet-x.net\/ca\/wp-json\/wp\/v2\/media?parent=84"}],"curies":[{"name":"wp","href":"https:\/\/api.w.org\/{rel}","templated":true}]}}