{"id":83,"date":"2008-05-11T19:48:55","date_gmt":"2008-05-11T17:48:55","guid":{"rendered":"http:\/\/la-ex.net\/?page_id=83"},"modified":"2021-08-17T12:00:12","modified_gmt":"2021-08-17T10:00:12","slug":"no-socio-cobrar-derechos-de-autor","status":"publish","type":"page","link":"https:\/\/xnet-x.net\/ca\/herramientas\/autors-i-interprets\/soy-autor-interprete-no-soy-socio-de-sgae-y-actuo-en-salas-festivales-etco-firmo-con-una-productora-puedo-cobrar-derechos-de-autor\/","title":{"rendered":"Soy autor\/int\u00e9rprete, no soy socio de SGAE y act\u00fao en salas, festivales etc\u2026o firmo con una productora. \u00bfPuedo cobrar derechos de autor?"},"content":{"rendered":"<p>[Per falta de temps i recursos, la traducci\u00f3 al catal\u00e0 d&#8217;aquesta web no est\u00e0 acabada. Si trobes interessants alguns dels nostres documents i tens temps de traduir-los, ens ho pot enviar (si us plau, reproduint la maquetaci\u00f3). Moltes gr\u00e0cies!]<\/p>\n<p><em>[Atenci\u00f3. Tots aquests recursos, els de la secci\u00f3 <a href=\"https:\/\/xnet-x.net\/ca\/contacta-per\/portal-de-cultura-lliure\/\">Recursos de Cultura Lliure<\/a> estan desactualitzats des de 2010. Encara que molts encara poden servir, abans d&#8217;usar-los s&#8217;han de revisar segons la legislaci\u00f3 vigent.] <\/em><br \/>\n&nbsp;<\/p>\n<h2><strong>Recauda t\u00fa mismo: como hacer para cobrar tus derechos de autor<\/strong><\/h2>\n<p>Invitamos a todos los creadores no asociados a la SGAE u otras entidades de gesti\u00f3n a eliminar todas las cl\u00e1usulas referentes a los derechos econ\u00f3micos de autor que se le suelen proponer cuando firman sus contratos con salas, festivales o cualquier evento p\u00fablico y a sustituirlas por la siguiente cl\u00e1usula.<\/p>\n<p style=\"margin-bottom: 0cm;\">Los representantes de la SGAE suelen recaudar los derechos de autor directamente a las salas donde tienen lugar las actuaciones a menudo sin averiguar si los artistas programados (en este caso t\u00fa) son socios de la SGAE o no. <a href=\"\/herramientas\/documentos\/no-socio-recaudar-derechos\">Deja claro con una cla\u00fasula en el contracto con la sala\/productora<\/a> que nadie m\u00e1s que t\u00fa gestiona tus derechos de autor.<\/p>\n<p style=\"margin-bottom: 0cm;\">Es necesario para que el organizador se libre de pagar que le dejes una <a href=\"\/herramientas\/documentos\/certificado-actuaciones\">declaraci\u00f3n firmada de tu no pertenencia a ninguna sociedad de gesti\u00f3n<\/a>. <a href=\"\/herramientas\/documentos\/declaracion-derechos-no-cedidos\" target=\"_self\" rel=\"noopener noreferrer\"><\/a><\/p>\n<p style=\"margin-bottom: 0cm;\"><a name=\"DDE_LINK\"><\/a>Si quieres puedes pactar dir\u00e9ctamente con la organizaci\u00f3n para que incluya un porcentaje en concepto de derechos de autor en tu contrato que te pagar\u00eda juntamente con el cach\u00e9. Ten en cuenta que, por ejemplo, en un concierto la SGAE recauda un 10 % de la taquilla, pero t\u00fa puedes ofrecer al programador un porcentaje inferior para convencerlo y salir ambos beneficiados.<\/p>\n<p style=\"margin-bottom: 0cm;\">\n<p><\/p>","protected":false},"excerpt":{"rendered":"<p>[Per falta de temps i recursos, la traducci\u00f3 al catal\u00e0 d&#8217;aquesta web no est\u00e0 acabada. Si trobes interessants alguns dels nostres documents i tens temps de traduir-los, ens ho pot enviar (si us plau, reproduint la maquetaci\u00f3). Moltes gr\u00e0cies!] [Atenci\u00f3. Tots aquests recursos, els de la secci\u00f3 Recursos de Cultura Lliure estan desactualitzats des de [&hellip;]<\/p>\n","protected":false},"author":5,"featured_media":0,"parent":2441,"menu_order":0,"comment_status":"open","ping_status":"closed","template":"","meta":{"footnotes":""},"class_list":["post-83","page","type-page","status-publish","hentry"],"yoast_head":"<!-- This site is optimized with the Yoast SEO plugin v26.7 - https:\/\/yoast.com\/wordpress\/plugins\/seo\/ -->\n<title>Soy autor\/int\u00e9rprete, no soy socio de SGAE y act\u00fao en salas, festivales etc\u2026o firmo con una productora. \u00bfPuedo cobrar derechos de autor? -<\/title>\n<meta name=\"robots\" content=\"index, follow, max-snippet:-1, max-image-preview:large, max-video-preview:-1\" \/>\n<link rel=\"canonical\" href=\"https:\/\/xnet-x.net\/ca\/herramientas\/autores-e-interpretes\/soy-autor-interprete-no-soy-socio-de-sgae-y-actuo-en-salas-festivales-etco-firmo-con-una-productora-puedo-cobrar-derechos-de-autor\/\" \/>\n<meta name=\"twitter:label1\" content=\"Est. reading time\" \/>\n\t<meta name=\"twitter:data1\" content=\"3 minutes\" \/>\n<script type=\"application\/ld+json\" class=\"yoast-schema-graph\">{\"@context\":\"https:\/\/schema.org\",\"@graph\":[{\"@type\":\"WebPage\",\"@id\":\"https:\/\/xnet-x.net\/ca\/herramientas\/autores-e-interpretes\/soy-autor-interprete-no-soy-socio-de-sgae-y-actuo-en-salas-festivales-etco-firmo-con-una-productora-puedo-cobrar-derechos-de-autor\/\",\"url\":\"https:\/\/xnet-x.net\/ca\/herramientas\/autores-e-interpretes\/soy-autor-interprete-no-soy-socio-de-sgae-y-actuo-en-salas-festivales-etco-firmo-con-una-productora-puedo-cobrar-derechos-de-autor\/\",\"name\":\"Soy autor\/int\u00e9rprete, no soy socio de SGAE y act\u00fao en salas, festivales etc\u2026o firmo con una productora. \u00bfPuedo cobrar derechos de autor? -\",\"isPartOf\":{\"@id\":\"https:\/\/xnet-x.net\/ca\/#website\"},\"datePublished\":\"2008-05-11T17:48:55+00:00\",\"dateModified\":\"2021-08-17T10:00:12+00:00\",\"breadcrumb\":{\"@id\":\"https:\/\/xnet-x.net\/ca\/herramientas\/autores-e-interpretes\/soy-autor-interprete-no-soy-socio-de-sgae-y-actuo-en-salas-festivales-etco-firmo-con-una-productora-puedo-cobrar-derechos-de-autor\/#breadcrumb\"},\"inLanguage\":\"ca-ES\",\"potentialAction\":[{\"@type\":\"ReadAction\",\"target\":[[\"https:\/\/xnet-x.net\/ca\/herramientas\/autores-e-interpretes\/soy-autor-interprete-no-soy-socio-de-sgae-y-actuo-en-salas-festivales-etco-firmo-con-una-productora-puedo-cobrar-derechos-de-autor\/\"]]}]},{\"@type\":\"BreadcrumbList\",\"@id\":\"https:\/\/xnet-x.net\/ca\/herramientas\/autores-e-interpretes\/soy-autor-interprete-no-soy-socio-de-sgae-y-actuo-en-salas-festivales-etco-firmo-con-una-productora-puedo-cobrar-derechos-de-autor\/#breadcrumb\",\"itemListElement\":[{\"@type\":\"ListItem\",\"position\":1,\"name\":\"Portada\",\"item\":\"https:\/\/xnet-x.net\/ca\/\"},{\"@type\":\"ListItem\",\"position\":2,\"name\":\"(Es) Herramientas\",\"item\":\"https:\/\/xnet-x.net\/ca\/herramientas\/\"},{\"@type\":\"ListItem\",\"position\":3,\"name\":\"Autores e int\u00e9rpretes\",\"item\":\"https:\/\/xnet-x.net\/ca\/herramientas\/autores-e-interpretes\/\"},{\"@type\":\"ListItem\",\"position\":4,\"name\":\"Soy autor\/int\u00e9rprete, no soy socio de SGAE y act\u00fao en salas, festivales etc\u2026o firmo con una productora. \u00bfPuedo cobrar derechos de autor?\"}]},{\"@type\":\"WebSite\",\"@id\":\"https:\/\/xnet-x.net\/ca\/#website\",\"url\":\"https:\/\/xnet-x.net\/ca\/\",\"name\":\"[:es]Xnet - Internet, derechos y democracia en la era digital[:ca]Xnet - Internet, drets i democr\u00e0cia en l'era digital[:en]Xnet - Internet freedoms & digital rights[:]\",\"description\":\"Xnet: Internet, informaci\u00f3 i cultura lliures. Tecnopol\u00edtica. Dades, algoritmes i drets digitals. Llibertat d&#039;expressi\u00f3. Democr\u00e0cia i anticorrupci\u00f3\",\"publisher\":{\"@id\":\"https:\/\/xnet-x.net\/ca\/#organization\"},\"potentialAction\":[{\"@type\":\"SearchAction\",\"target\":{\"@type\":\"EntryPoint\",\"urlTemplate\":\"https:\/\/xnet-x.net\/ca\/?s={search_term_string}\"},\"query-input\":{\"@type\":\"PropertyValueSpecification\",\"valueRequired\":true,\"valueName\":\"search_term_string\"}}],\"inLanguage\":\"ca-ES\"},{\"@type\":\"Organization\",\"@id\":\"https:\/\/xnet-x.net\/ca\/#organization\",\"name\":\"Xnet - Internet, drets i democr\u00e0cia en l'era digital\",\"url\":\"https:\/\/xnet-x.net\/ca\/\",\"logo\":{\"@type\":\"ImageObject\",\"inLanguage\":\"ca-ES\",\"@id\":\"https:\/\/xnet-x.net\/ca\/#\/schema\/logo\/image\/\",\"url\":\"https:\/\/xnet-x.net\/img\/xnet-logo.png\",\"contentUrl\":\"https:\/\/xnet-x.net\/img\/xnet-logo.png\",\"width\":512,\"height\":512,\"caption\":\"Xnet - Internet, drets i democr\u00e0cia en l'era digital\"},\"image\":{\"@id\":\"https:\/\/xnet-x.net\/ca\/#\/schema\/logo\/image\/\"},\"sameAs\":[\"http:\/\/facebook.com\/RedX.Net\/\",\"https:\/\/x.com\/x_net_\",\"https:\/\/es.wikipedia.org\/wiki\/Xnet\"]}]}<\/script>\n<!-- \/ Yoast SEO plugin. -->","yoast_head_json":{"title":"Soy autor\/int\u00e9rprete, no soy socio de SGAE y act\u00fao en salas, festivales etc\u2026o firmo con una productora. \u00bfPuedo cobrar derechos de autor? -","robots":{"index":"index","follow":"follow","max-snippet":"max-snippet:-1","max-image-preview":"max-image-preview:large","max-video-preview":"max-video-preview:-1"},"canonical":"https:\/\/xnet-x.net\/ca\/herramientas\/autores-e-interpretes\/soy-autor-interprete-no-soy-socio-de-sgae-y-actuo-en-salas-festivales-etco-firmo-con-una-productora-puedo-cobrar-derechos-de-autor\/","twitter_misc":{"Est. reading time":"3 minutes"},"schema":{"@context":"https:\/\/schema.org","@graph":[{"@type":"WebPage","@id":"https:\/\/xnet-x.net\/ca\/herramientas\/autores-e-interpretes\/soy-autor-interprete-no-soy-socio-de-sgae-y-actuo-en-salas-festivales-etco-firmo-con-una-productora-puedo-cobrar-derechos-de-autor\/","url":"https:\/\/xnet-x.net\/ca\/herramientas\/autores-e-interpretes\/soy-autor-interprete-no-soy-socio-de-sgae-y-actuo-en-salas-festivales-etco-firmo-con-una-productora-puedo-cobrar-derechos-de-autor\/","name":"Soy autor\/int\u00e9rprete, no soy socio de SGAE y act\u00fao en salas, festivales etc\u2026o firmo con una productora. \u00bfPuedo cobrar derechos de autor? -","isPartOf":{"@id":"https:\/\/xnet-x.net\/ca\/#website"},"datePublished":"2008-05-11T17:48:55+00:00","dateModified":"2021-08-17T10:00:12+00:00","breadcrumb":{"@id":"https:\/\/xnet-x.net\/ca\/herramientas\/autores-e-interpretes\/soy-autor-interprete-no-soy-socio-de-sgae-y-actuo-en-salas-festivales-etco-firmo-con-una-productora-puedo-cobrar-derechos-de-autor\/#breadcrumb"},"inLanguage":"ca-ES","potentialAction":[{"@type":"ReadAction","target":[["https:\/\/xnet-x.net\/ca\/herramientas\/autores-e-interpretes\/soy-autor-interprete-no-soy-socio-de-sgae-y-actuo-en-salas-festivales-etco-firmo-con-una-productora-puedo-cobrar-derechos-de-autor\/"]]}]},{"@type":"BreadcrumbList","@id":"https:\/\/xnet-x.net\/ca\/herramientas\/autores-e-interpretes\/soy-autor-interprete-no-soy-socio-de-sgae-y-actuo-en-salas-festivales-etco-firmo-con-una-productora-puedo-cobrar-derechos-de-autor\/#breadcrumb","itemListElement":[{"@type":"ListItem","position":1,"name":"Portada","item":"https:\/\/xnet-x.net\/ca\/"},{"@type":"ListItem","position":2,"name":"(Es) Herramientas","item":"https:\/\/xnet-x.net\/ca\/herramientas\/"},{"@type":"ListItem","position":3,"name":"Autores e int\u00e9rpretes","item":"https:\/\/xnet-x.net\/ca\/herramientas\/autores-e-interpretes\/"},{"@type":"ListItem","position":4,"name":"Soy autor\/int\u00e9rprete, no soy socio de SGAE y act\u00fao en salas, festivales etc\u2026o firmo con una productora. \u00bfPuedo cobrar derechos de autor?"}]},{"@type":"WebSite","@id":"https:\/\/xnet-x.net\/ca\/#website","url":"https:\/\/xnet-x.net\/ca\/","name":"[:es]Xnet - Internet, derechos y democracia en la era digital[:ca]Xnet - Internet, drets i democr\u00e0cia en l'era digital[:en]Xnet - Internet freedoms & digital rights[:]","description":"Xnet: Internet, informaci\u00f3 i cultura lliures. Tecnopol\u00edtica. Dades, algoritmes i drets digitals. Llibertat d&#039;expressi\u00f3. Democr\u00e0cia i anticorrupci\u00f3","publisher":{"@id":"https:\/\/xnet-x.net\/ca\/#organization"},"potentialAction":[{"@type":"SearchAction","target":{"@type":"EntryPoint","urlTemplate":"https:\/\/xnet-x.net\/ca\/?s={search_term_string}"},"query-input":{"@type":"PropertyValueSpecification","valueRequired":true,"valueName":"search_term_string"}}],"inLanguage":"ca-ES"},{"@type":"Organization","@id":"https:\/\/xnet-x.net\/ca\/#organization","name":"Xnet - Internet, drets i democr\u00e0cia en l'era digital","url":"https:\/\/xnet-x.net\/ca\/","logo":{"@type":"ImageObject","inLanguage":"ca-ES","@id":"https:\/\/xnet-x.net\/ca\/#\/schema\/logo\/image\/","url":"https:\/\/xnet-x.net\/img\/xnet-logo.png","contentUrl":"https:\/\/xnet-x.net\/img\/xnet-logo.png","width":512,"height":512,"caption":"Xnet - Internet, drets i democr\u00e0cia en l'era digital"},"image":{"@id":"https:\/\/xnet-x.net\/ca\/#\/schema\/logo\/image\/"},"sameAs":["http:\/\/facebook.com\/RedX.Net\/","https:\/\/x.com\/x_net_","https:\/\/es.wikipedia.org\/wiki\/Xnet"]}]}},"_links":{"self":[{"href":"https:\/\/xnet-x.net\/ca\/wp-json\/wp\/v2\/pages\/83","targetHints":{"allow":["GET"]}}],"collection":[{"href":"https:\/\/xnet-x.net\/ca\/wp-json\/wp\/v2\/pages"}],"about":[{"href":"https:\/\/xnet-x.net\/ca\/wp-json\/wp\/v2\/types\/page"}],"author":[{"embeddable":true,"href":"https:\/\/xnet-x.net\/ca\/wp-json\/wp\/v2\/users\/5"}],"replies":[{"embeddable":true,"href":"https:\/\/xnet-x.net\/ca\/wp-json\/wp\/v2\/comments?post=83"}],"version-history":[{"count":5,"href":"https:\/\/xnet-x.net\/ca\/wp-json\/wp\/v2\/pages\/83\/revisions"}],"predecessor-version":[{"id":22778,"href":"https:\/\/xnet-x.net\/ca\/wp-json\/wp\/v2\/pages\/83\/revisions\/22778"}],"up":[{"embeddable":true,"href":"https:\/\/xnet-x.net\/ca\/wp-json\/wp\/v2\/pages\/2441"}],"wp:attachment":[{"href":"https:\/\/xnet-x.net\/ca\/wp-json\/wp\/v2\/media?parent=83"}],"curies":[{"name":"wp","href":"https:\/\/api.w.org\/{rel}","templated":true}]}}