{"id":81,"date":"2008-05-11T19:26:17","date_gmt":"2008-05-11T17:26:17","guid":{"rendered":"http:\/\/la-ex.net\/?page_id=81"},"modified":"2021-08-17T11:53:58","modified_gmt":"2021-08-17T09:53:58","slug":"no-programo-socios","status":"publish","type":"page","link":"https:\/\/xnet-x.net\/ca\/herramientas\/documentos\/plantilla-1-0-artistas-contratados-son-socios-de-entidades-de-gestion\/","title":{"rendered":"plantilla 1: 0% artistas contratados son socios de entidades de gesti\u00f3n"},"content":{"rendered":"<p>[Per falta de temps i recursos, la traducci\u00f3 al catal\u00e0 d&#8217;aquesta web no est\u00e0 acabada. Si trobes interessants alguns dels nostres documents i tens temps de traduir-los, ens ho pot enviar (si us plau, reproduint la maquetaci\u00f3). Moltes gr\u00e0cies!]<\/p>\n<p><em>[Atenci\u00f3. Tots aquests recursos, els de la secci\u00f3 <a href=\"https:\/\/xnet-x.net\/ca\/contacta-per\/portal-de-cultura-lliure\/\">Recursos de Cultura Lliure<\/a> estan desactualitzats des de 2010. Encara que molts encara poden servir, abans d&#8217;usar-los s&#8217;han de revisar segons la legislaci\u00f3 vigent.] <\/em><br \/>\n&nbsp;<\/p>\n<p><strong>Manifestaci\u00f3n de No pertenecia a Entidades de gesti\u00f3n<\/strong><\/p>\n<p><a href=\"\/docs\/plantilla 1 artistas contratados no SGAE.pdf\">Descarga PDF<\/a><\/p>\n<p>La sala, festival (organizador) declara que ninguna de las compa\u00f1\u00edas\/grupos contratadas ni ninguno de sus miembros ni ninguno de los autores de ninguno de los elementos que constituyen las obras aqu\u00ed contratada es socio de la SGAE u otra entidad de gesti\u00f3n nacional o extranjera, tal como ellos mismos han declarado a la organizaci\u00f3n. Por tanto no corresponde a ninguna Entidad de gesti\u00f3n recaudaci\u00f3n alguna en concepto de derechos de autor.<\/p>","protected":false},"excerpt":{"rendered":"<p>[Per falta de temps i recursos, la traducci\u00f3 al catal\u00e0 d&#8217;aquesta web no est\u00e0 acabada. Si trobes interessants alguns dels nostres documents i tens temps de traduir-los, ens ho pot enviar (si us plau, reproduint la maquetaci\u00f3). Moltes gr\u00e0cies!] [Atenci\u00f3. Tots aquests recursos, els de la secci\u00f3 Recursos de Cultura Lliure estan desactualitzats des de [&hellip;]<\/p>\n","protected":false},"author":5,"featured_media":0,"parent":43,"menu_order":0,"comment_status":"open","ping_status":"closed","template":"","meta":{"footnotes":""},"class_list":["post-81","page","type-page","status-publish","hentry"],"yoast_head":"<!-- This site is optimized with the Yoast SEO plugin v26.7 - https:\/\/yoast.com\/wordpress\/plugins\/seo\/ -->\n<title>plantilla 1: 0% artistas contratados son socios de entidades de gesti\u00f3n -<\/title>\n<meta name=\"robots\" content=\"index, follow, max-snippet:-1, max-image-preview:large, max-video-preview:-1\" \/>\n<link rel=\"canonical\" href=\"https:\/\/xnet-x.net\/ca\/herramientas\/documentos\/plantilla-1-0-artistas-contratados-son-socios-de-entidades-de-gestion\/\" \/>\n<meta name=\"twitter:label1\" content=\"Est. reading time\" \/>\n\t<meta name=\"twitter:data1\" content=\"1 minute\" \/>\n<script type=\"application\/ld+json\" class=\"yoast-schema-graph\">{\"@context\":\"https:\/\/schema.org\",\"@graph\":[{\"@type\":\"WebPage\",\"@id\":\"https:\/\/xnet-x.net\/ca\/herramientas\/documentos\/plantilla-1-0-artistas-contratados-son-socios-de-entidades-de-gestion\/\",\"url\":\"https:\/\/xnet-x.net\/ca\/herramientas\/documentos\/plantilla-1-0-artistas-contratados-son-socios-de-entidades-de-gestion\/\",\"name\":\"plantilla 1: 0% artistas contratados son socios de entidades de gesti\u00f3n -\",\"isPartOf\":{\"@id\":\"https:\/\/xnet-x.net\/ca\/#website\"},\"datePublished\":\"2008-05-11T17:26:17+00:00\",\"dateModified\":\"2021-08-17T09:53:58+00:00\",\"breadcrumb\":{\"@id\":\"https:\/\/xnet-x.net\/ca\/herramientas\/documentos\/plantilla-1-0-artistas-contratados-son-socios-de-entidades-de-gestion\/#breadcrumb\"},\"inLanguage\":\"ca-ES\",\"potentialAction\":[{\"@type\":\"ReadAction\",\"target\":[[\"https:\/\/xnet-x.net\/ca\/herramientas\/documentos\/plantilla-1-0-artistas-contratados-son-socios-de-entidades-de-gestion\/\"]]}]},{\"@type\":\"BreadcrumbList\",\"@id\":\"https:\/\/xnet-x.net\/ca\/herramientas\/documentos\/plantilla-1-0-artistas-contratados-son-socios-de-entidades-de-gestion\/#breadcrumb\",\"itemListElement\":[{\"@type\":\"ListItem\",\"position\":1,\"name\":\"Portada\",\"item\":\"https:\/\/xnet-x.net\/ca\/\"},{\"@type\":\"ListItem\",\"position\":2,\"name\":\"(Es) Herramientas\",\"item\":\"https:\/\/xnet-x.net\/ca\/herramientas\/\"},{\"@type\":\"ListItem\",\"position\":3,\"name\":\"(Es) \u00cdndice documentos\",\"item\":\"https:\/\/xnet-x.net\/ca\/herramientas\/documentos\/\"},{\"@type\":\"ListItem\",\"position\":4,\"name\":\"plantilla1: 0% artistas contratados son socios de entidades de gesti\u00f3n\"}]},{\"@type\":\"WebSite\",\"@id\":\"https:\/\/xnet-x.net\/ca\/#website\",\"url\":\"https:\/\/xnet-x.net\/ca\/\",\"name\":\"[:es]Xnet - Internet, derechos y democracia en la era digital[:ca]Xnet - Internet, drets i democr\u00e0cia en l'era digital[:en]Xnet - Internet freedoms & digital rights[:]\",\"description\":\"Xnet: Internet, informaci\u00f3 i cultura lliures. Tecnopol\u00edtica. Dades, algoritmes i drets digitals. Llibertat d&#039;expressi\u00f3. Democr\u00e0cia i anticorrupci\u00f3\",\"publisher\":{\"@id\":\"https:\/\/xnet-x.net\/ca\/#organization\"},\"potentialAction\":[{\"@type\":\"SearchAction\",\"target\":{\"@type\":\"EntryPoint\",\"urlTemplate\":\"https:\/\/xnet-x.net\/ca\/?s={search_term_string}\"},\"query-input\":{\"@type\":\"PropertyValueSpecification\",\"valueRequired\":true,\"valueName\":\"search_term_string\"}}],\"inLanguage\":\"ca-ES\"},{\"@type\":\"Organization\",\"@id\":\"https:\/\/xnet-x.net\/ca\/#organization\",\"name\":\"Xnet - Internet, drets i democr\u00e0cia en l'era digital\",\"url\":\"https:\/\/xnet-x.net\/ca\/\",\"logo\":{\"@type\":\"ImageObject\",\"inLanguage\":\"ca-ES\",\"@id\":\"https:\/\/xnet-x.net\/ca\/#\/schema\/logo\/image\/\",\"url\":\"https:\/\/xnet-x.net\/img\/xnet-logo.png\",\"contentUrl\":\"https:\/\/xnet-x.net\/img\/xnet-logo.png\",\"width\":512,\"height\":512,\"caption\":\"Xnet - Internet, drets i democr\u00e0cia en l'era digital\"},\"image\":{\"@id\":\"https:\/\/xnet-x.net\/ca\/#\/schema\/logo\/image\/\"},\"sameAs\":[\"http:\/\/facebook.com\/RedX.Net\/\",\"https:\/\/x.com\/x_net_\",\"https:\/\/es.wikipedia.org\/wiki\/Xnet\"]}]}<\/script>\n<!-- \/ Yoast SEO plugin. -->","yoast_head_json":{"title":"plantilla 1: 0% artistas contratados son socios de entidades de gesti\u00f3n -","robots":{"index":"index","follow":"follow","max-snippet":"max-snippet:-1","max-image-preview":"max-image-preview:large","max-video-preview":"max-video-preview:-1"},"canonical":"https:\/\/xnet-x.net\/ca\/herramientas\/documentos\/plantilla-1-0-artistas-contratados-son-socios-de-entidades-de-gestion\/","twitter_misc":{"Est. reading time":"1 minute"},"schema":{"@context":"https:\/\/schema.org","@graph":[{"@type":"WebPage","@id":"https:\/\/xnet-x.net\/ca\/herramientas\/documentos\/plantilla-1-0-artistas-contratados-son-socios-de-entidades-de-gestion\/","url":"https:\/\/xnet-x.net\/ca\/herramientas\/documentos\/plantilla-1-0-artistas-contratados-son-socios-de-entidades-de-gestion\/","name":"plantilla 1: 0% artistas contratados son socios de entidades de gesti\u00f3n -","isPartOf":{"@id":"https:\/\/xnet-x.net\/ca\/#website"},"datePublished":"2008-05-11T17:26:17+00:00","dateModified":"2021-08-17T09:53:58+00:00","breadcrumb":{"@id":"https:\/\/xnet-x.net\/ca\/herramientas\/documentos\/plantilla-1-0-artistas-contratados-son-socios-de-entidades-de-gestion\/#breadcrumb"},"inLanguage":"ca-ES","potentialAction":[{"@type":"ReadAction","target":[["https:\/\/xnet-x.net\/ca\/herramientas\/documentos\/plantilla-1-0-artistas-contratados-son-socios-de-entidades-de-gestion\/"]]}]},{"@type":"BreadcrumbList","@id":"https:\/\/xnet-x.net\/ca\/herramientas\/documentos\/plantilla-1-0-artistas-contratados-son-socios-de-entidades-de-gestion\/#breadcrumb","itemListElement":[{"@type":"ListItem","position":1,"name":"Portada","item":"https:\/\/xnet-x.net\/ca\/"},{"@type":"ListItem","position":2,"name":"(Es) Herramientas","item":"https:\/\/xnet-x.net\/ca\/herramientas\/"},{"@type":"ListItem","position":3,"name":"(Es) \u00cdndice documentos","item":"https:\/\/xnet-x.net\/ca\/herramientas\/documentos\/"},{"@type":"ListItem","position":4,"name":"plantilla1: 0% artistas contratados son socios de entidades de gesti\u00f3n"}]},{"@type":"WebSite","@id":"https:\/\/xnet-x.net\/ca\/#website","url":"https:\/\/xnet-x.net\/ca\/","name":"[:es]Xnet - Internet, derechos y democracia en la era digital[:ca]Xnet - Internet, drets i democr\u00e0cia en l'era digital[:en]Xnet - Internet freedoms & digital rights[:]","description":"Xnet: Internet, informaci\u00f3 i cultura lliures. Tecnopol\u00edtica. Dades, algoritmes i drets digitals. Llibertat d&#039;expressi\u00f3. Democr\u00e0cia i anticorrupci\u00f3","publisher":{"@id":"https:\/\/xnet-x.net\/ca\/#organization"},"potentialAction":[{"@type":"SearchAction","target":{"@type":"EntryPoint","urlTemplate":"https:\/\/xnet-x.net\/ca\/?s={search_term_string}"},"query-input":{"@type":"PropertyValueSpecification","valueRequired":true,"valueName":"search_term_string"}}],"inLanguage":"ca-ES"},{"@type":"Organization","@id":"https:\/\/xnet-x.net\/ca\/#organization","name":"Xnet - Internet, drets i democr\u00e0cia en l'era digital","url":"https:\/\/xnet-x.net\/ca\/","logo":{"@type":"ImageObject","inLanguage":"ca-ES","@id":"https:\/\/xnet-x.net\/ca\/#\/schema\/logo\/image\/","url":"https:\/\/xnet-x.net\/img\/xnet-logo.png","contentUrl":"https:\/\/xnet-x.net\/img\/xnet-logo.png","width":512,"height":512,"caption":"Xnet - Internet, drets i democr\u00e0cia en l'era digital"},"image":{"@id":"https:\/\/xnet-x.net\/ca\/#\/schema\/logo\/image\/"},"sameAs":["http:\/\/facebook.com\/RedX.Net\/","https:\/\/x.com\/x_net_","https:\/\/es.wikipedia.org\/wiki\/Xnet"]}]}},"_links":{"self":[{"href":"https:\/\/xnet-x.net\/ca\/wp-json\/wp\/v2\/pages\/81","targetHints":{"allow":["GET"]}}],"collection":[{"href":"https:\/\/xnet-x.net\/ca\/wp-json\/wp\/v2\/pages"}],"about":[{"href":"https:\/\/xnet-x.net\/ca\/wp-json\/wp\/v2\/types\/page"}],"author":[{"embeddable":true,"href":"https:\/\/xnet-x.net\/ca\/wp-json\/wp\/v2\/users\/5"}],"replies":[{"embeddable":true,"href":"https:\/\/xnet-x.net\/ca\/wp-json\/wp\/v2\/comments?post=81"}],"version-history":[{"count":4,"href":"https:\/\/xnet-x.net\/ca\/wp-json\/wp\/v2\/pages\/81\/revisions"}],"predecessor-version":[{"id":22772,"href":"https:\/\/xnet-x.net\/ca\/wp-json\/wp\/v2\/pages\/81\/revisions\/22772"}],"up":[{"embeddable":true,"href":"https:\/\/xnet-x.net\/ca\/wp-json\/wp\/v2\/pages\/43"}],"wp:attachment":[{"href":"https:\/\/xnet-x.net\/ca\/wp-json\/wp\/v2\/media?parent=81"}],"curies":[{"name":"wp","href":"https:\/\/api.w.org\/{rel}","templated":true}]}}