{"id":74,"date":"2008-05-11T18:10:56","date_gmt":"2008-05-11T16:10:56","guid":{"rendered":"http:\/\/la-ex.net\/?page_id=74"},"modified":"2021-08-17T11:47:52","modified_gmt":"2021-08-17T09:47:52","slug":"clausula-contrato-teatro-danza","status":"publish","type":"page","link":"https:\/\/xnet-x.net\/ca\/herramientas\/documentos\/clausula-para-introducir-en-los-contratos-entre-programadores-salas-y-compania-teatro-danza\/","title":{"rendered":"Cl\u00e1usula para introducir en los contratos entre programadores\/salas y compa\u00f1\u00eda (teatro, danza\u2026)"},"content":{"rendered":"<p>[Per falta de temps i recursos, la traducci\u00f3 al catal\u00e0 d&#8217;aquesta web no est\u00e0 acabada. Si trobes interessants alguns dels nostres documents i tens temps de traduir-los, ens ho pot enviar (si us plau, reproduint la maquetaci\u00f3). Moltes gr\u00e0cies!]<\/p>\n<p><em>[Atenci\u00f3. Tots aquests recursos, els de la secci\u00f3 <a href=\"https:\/\/xnet-x.net\/ca\/contacta-per\/portal-de-cultura-lliure\/\">Recursos de Cultura Lliure<\/a> estan desactualitzats des de 2010. Encara que molts encara poden servir, abans d&#8217;usar-los s&#8217;han de revisar segons la legislaci\u00f3 vigent.] <\/em><br \/>\n&nbsp;<\/p>\n<p><strong>Cl\u00e1usulas para no pagar m\u00e1s de lo debido a la SGAE<\/strong><\/p>\n<p>introducir estas cl\u00e1usulas en los contratos entre programadores \/ salas y banda (Concierto\u2026)<br \/>\nLa COMPA\u00d1\u00cdA declara que est\u00e1 en posesi\u00f3n de las correspondientes licencias o autorizaciones de los autores  cuyas obras est\u00e1n incluidas en la obra objeto del presente contrato. De probarse lo contrario  la COMPA\u00d1\u00cdA asume todas las responsabilidades que de ello deriven, tanto econ\u00f3micas como morales.<\/p>\n<p>1.- La COMPA\u00d1\u00cdA es interprete de la obra por la que ha sido contratada por EL PROGRAMADOR.<\/p>\n<p>2.- La COMPA\u00d1\u00cdA manifiesta (escoger la opci\u00f3n correspondiente &#8211; marcar s\u00f3lo una casilla):<br \/>\n[]  -que es autor de todas las partes que componen la obra por la que ha sido contratada por Conservas.<br \/>\n[]  &#8211; que NO es autor de todas las partes que componen la obra por la que ha sido contratada por Conservas.<\/p>\n<p>3.- La COMPA\u00d1\u00cdA manifiesta (escoger la opci\u00f3n correspondiente &#8211; marcar s\u00f3lo una casilla):<br \/>\n[] &#8211;  que ninguno de sus miembros es socio de ninguna entidad de gesti\u00f3n  nacional o extranjera.<br \/>\n[] &#8211; que el n\u00ba (especificar cuantos)___________de los miembros que la componen (especificar numero total________) son socios de la\/s siguiente\/s entidad\/es de gesti\u00f3n  nacional\/es o extranjera\/s: (especificar entidad\/es)_________________<\/p>\n<p>4.- La COMPA\u00d1\u00cdA declara bajo su responsabilidad (escoger la\/s opci\u00f3n\/es correspondiente\/s):<br \/>\n[]  &#8211; que ninguna parte de la presentaci\u00f3n que va a efectuar en  \u2026.(nombre del evento-Sala)&#8230;. ha sido depositada en una entidad de gesti\u00f3n que gestione la recaudaci\u00f3n y el pago de derechos de autor, quedando la obra presentada en \u2026.(nombre del evento-Sala)&#8230;. libre de relaciones con cualquiera de las entidades de gesti\u00f3n de derechos de autor. EL PROGRAMADOR  gestionar\u00e1 directamente con el autor\/int\u00e9rprete la liquidaci\u00f3n de los derechos de autor correspondientes a la comunicaci\u00f3n p\u00fablica de la obra objeto del presente contrato.<\/p>\n<p>[] &#8211; que las piezas que componen el numero que presentar\u00e1 en la gala de los Oxcars, han sido depositadas en la\/s entidad\/es________________  que gestiona los derechos de autor de la obra. Al ser una obra dram\u00e1tica, dram\u00e1tico-musical, coreogr\u00e1fica, pantom\u00edmica o teatral el autor\/int\u00e9rprete, abajo signante, expresamente autoriza la ejecuci\u00f3n e interpretaci\u00f3n de la misma  a la ocasi\u00f3n de su presentaci\u00f3n el d\u00eda &#8230; de \u2026&#8230;&#8230;&#8230;&#8230;&#8230; 2&#8230;.. en&#8230;(nombre del evento-Sala)&#8230;..  EL PROGRAMADOR gestionar\u00e1 directamente con el autor\/int\u00e9rprete la liquidaci\u00f3n de los derechos de autor correspondientes a la comunicaci\u00f3n p\u00fablica de la obra objeto del presente contrato.<\/p>\n<p>5.- La COMPA\u00d1\u00cdA acuerda la cantidad de &#8230;.. \u20ac\/el &#8230;% de precio de las entradas vendidas en concepto de remuneraci\u00f3n obligatoria al autor para la comunicaci\u00f3n p\u00fablica de &#8230;&#8230;&#8230;&#8230;&#8230;.. en \u2026&#8230;..(nombre del evento-Sala)&#8230;..<\/p>\n<p>En ning\u00fan caso los derechos de autor exigidos podr\u00e1n ser superiores al importe<br \/>\ncorrespondiente al 10 % de los ingresos netos de taquilla por la parte correspondiente a su actuaci\u00f3n. Si el importe exigido por el autor\/int\u00e9rprete fuera superior al 10% mencionado, ser\u00e1 responsabilidad de la COMPA\u00d1\u00cdA abonar la diferencia. EL PROGRAMADOR quedar\u00e1 eximido de toda reclamaci\u00f3n que pudiera surgir al respecto y ser\u00e1 responsabilidad \u00fanica y exclusiva de la COMPA\u00d1\u00cdA.<\/p>\n<p><\/p>","protected":false},"excerpt":{"rendered":"<p>[Per falta de temps i recursos, la traducci\u00f3 al catal\u00e0 d&#8217;aquesta web no est\u00e0 acabada. Si trobes interessants alguns dels nostres documents i tens temps de traduir-los, ens ho pot enviar (si us plau, reproduint la maquetaci\u00f3). Moltes gr\u00e0cies!] [Atenci\u00f3. Tots aquests recursos, els de la secci\u00f3 Recursos de Cultura Lliure estan desactualitzats des de [&hellip;]<\/p>\n","protected":false},"author":5,"featured_media":0,"parent":43,"menu_order":0,"comment_status":"open","ping_status":"closed","template":"","meta":{"footnotes":""},"class_list":["post-74","page","type-page","status-publish","hentry"],"yoast_head":"<!-- This site is optimized with the Yoast SEO plugin v26.7 - https:\/\/yoast.com\/wordpress\/plugins\/seo\/ -->\n<title>Cl\u00e1usula para introducir en los contratos entre programadores\/salas y compa\u00f1\u00eda (teatro, danza\u2026) -<\/title>\n<meta name=\"robots\" content=\"index, follow, max-snippet:-1, max-image-preview:large, max-video-preview:-1\" \/>\n<link rel=\"canonical\" href=\"https:\/\/xnet-x.net\/ca\/herramientas\/documentos\/clausula-para-introducir-en-los-contratos-entre-programadores-salas-y-compania-teatro-danza\/\" \/>\n<meta name=\"twitter:label1\" content=\"Est. reading time\" \/>\n\t<meta name=\"twitter:data1\" content=\"6 minutes\" \/>\n<script type=\"application\/ld+json\" class=\"yoast-schema-graph\">{\"@context\":\"https:\/\/schema.org\",\"@graph\":[{\"@type\":\"WebPage\",\"@id\":\"https:\/\/xnet-x.net\/ca\/herramientas\/documentos\/clausula-para-introducir-en-los-contratos-entre-programadores-salas-y-compania-teatro-danza\/\",\"url\":\"https:\/\/xnet-x.net\/ca\/herramientas\/documentos\/clausula-para-introducir-en-los-contratos-entre-programadores-salas-y-compania-teatro-danza\/\",\"name\":\"Cl\u00e1usula para introducir en los contratos entre programadores\/salas y compa\u00f1\u00eda (teatro, danza\u2026) -\",\"isPartOf\":{\"@id\":\"https:\/\/xnet-x.net\/ca\/#website\"},\"datePublished\":\"2008-05-11T16:10:56+00:00\",\"dateModified\":\"2021-08-17T09:47:52+00:00\",\"breadcrumb\":{\"@id\":\"https:\/\/xnet-x.net\/ca\/herramientas\/documentos\/clausula-para-introducir-en-los-contratos-entre-programadores-salas-y-compania-teatro-danza\/#breadcrumb\"},\"inLanguage\":\"ca-ES\",\"potentialAction\":[{\"@type\":\"ReadAction\",\"target\":[[\"https:\/\/xnet-x.net\/ca\/herramientas\/documentos\/clausula-para-introducir-en-los-contratos-entre-programadores-salas-y-compania-teatro-danza\/\"]]}]},{\"@type\":\"BreadcrumbList\",\"@id\":\"https:\/\/xnet-x.net\/ca\/herramientas\/documentos\/clausula-para-introducir-en-los-contratos-entre-programadores-salas-y-compania-teatro-danza\/#breadcrumb\",\"itemListElement\":[{\"@type\":\"ListItem\",\"position\":1,\"name\":\"Portada\",\"item\":\"https:\/\/xnet-x.net\/ca\/\"},{\"@type\":\"ListItem\",\"position\":2,\"name\":\"(Es) Herramientas\",\"item\":\"https:\/\/xnet-x.net\/ca\/herramientas\/\"},{\"@type\":\"ListItem\",\"position\":3,\"name\":\"(Es) \u00cdndice documentos\",\"item\":\"https:\/\/xnet-x.net\/ca\/herramientas\/documentos\/\"},{\"@type\":\"ListItem\",\"position\":4,\"name\":\"Cl\u00e1usula para introducir en los contratos entre programadores\/salas y compa\u00f1\u00eda (teatro, danza\u2026)\"}]},{\"@type\":\"WebSite\",\"@id\":\"https:\/\/xnet-x.net\/ca\/#website\",\"url\":\"https:\/\/xnet-x.net\/ca\/\",\"name\":\"[:es]Xnet - Internet, derechos y democracia en la era digital[:ca]Xnet - Internet, drets i democr\u00e0cia en l'era digital[:en]Xnet - Internet freedoms & digital rights[:]\",\"description\":\"Xnet: Internet, informaci\u00f3 i cultura lliures. Tecnopol\u00edtica. Dades, algoritmes i drets digitals. Llibertat d&#039;expressi\u00f3. Democr\u00e0cia i anticorrupci\u00f3\",\"publisher\":{\"@id\":\"https:\/\/xnet-x.net\/ca\/#organization\"},\"potentialAction\":[{\"@type\":\"SearchAction\",\"target\":{\"@type\":\"EntryPoint\",\"urlTemplate\":\"https:\/\/xnet-x.net\/ca\/?s={search_term_string}\"},\"query-input\":{\"@type\":\"PropertyValueSpecification\",\"valueRequired\":true,\"valueName\":\"search_term_string\"}}],\"inLanguage\":\"ca-ES\"},{\"@type\":\"Organization\",\"@id\":\"https:\/\/xnet-x.net\/ca\/#organization\",\"name\":\"Xnet - Internet, drets i democr\u00e0cia en l'era digital\",\"url\":\"https:\/\/xnet-x.net\/ca\/\",\"logo\":{\"@type\":\"ImageObject\",\"inLanguage\":\"ca-ES\",\"@id\":\"https:\/\/xnet-x.net\/ca\/#\/schema\/logo\/image\/\",\"url\":\"https:\/\/xnet-x.net\/img\/xnet-logo.png\",\"contentUrl\":\"https:\/\/xnet-x.net\/img\/xnet-logo.png\",\"width\":512,\"height\":512,\"caption\":\"Xnet - Internet, drets i democr\u00e0cia en l'era digital\"},\"image\":{\"@id\":\"https:\/\/xnet-x.net\/ca\/#\/schema\/logo\/image\/\"},\"sameAs\":[\"http:\/\/facebook.com\/RedX.Net\/\",\"https:\/\/x.com\/x_net_\",\"https:\/\/es.wikipedia.org\/wiki\/Xnet\"]}]}<\/script>\n<!-- \/ Yoast SEO plugin. -->","yoast_head_json":{"title":"Cl\u00e1usula para introducir en los contratos entre programadores\/salas y compa\u00f1\u00eda (teatro, danza\u2026) -","robots":{"index":"index","follow":"follow","max-snippet":"max-snippet:-1","max-image-preview":"max-image-preview:large","max-video-preview":"max-video-preview:-1"},"canonical":"https:\/\/xnet-x.net\/ca\/herramientas\/documentos\/clausula-para-introducir-en-los-contratos-entre-programadores-salas-y-compania-teatro-danza\/","twitter_misc":{"Est. reading time":"6 minutes"},"schema":{"@context":"https:\/\/schema.org","@graph":[{"@type":"WebPage","@id":"https:\/\/xnet-x.net\/ca\/herramientas\/documentos\/clausula-para-introducir-en-los-contratos-entre-programadores-salas-y-compania-teatro-danza\/","url":"https:\/\/xnet-x.net\/ca\/herramientas\/documentos\/clausula-para-introducir-en-los-contratos-entre-programadores-salas-y-compania-teatro-danza\/","name":"Cl\u00e1usula para introducir en los contratos entre programadores\/salas y compa\u00f1\u00eda (teatro, danza\u2026) -","isPartOf":{"@id":"https:\/\/xnet-x.net\/ca\/#website"},"datePublished":"2008-05-11T16:10:56+00:00","dateModified":"2021-08-17T09:47:52+00:00","breadcrumb":{"@id":"https:\/\/xnet-x.net\/ca\/herramientas\/documentos\/clausula-para-introducir-en-los-contratos-entre-programadores-salas-y-compania-teatro-danza\/#breadcrumb"},"inLanguage":"ca-ES","potentialAction":[{"@type":"ReadAction","target":[["https:\/\/xnet-x.net\/ca\/herramientas\/documentos\/clausula-para-introducir-en-los-contratos-entre-programadores-salas-y-compania-teatro-danza\/"]]}]},{"@type":"BreadcrumbList","@id":"https:\/\/xnet-x.net\/ca\/herramientas\/documentos\/clausula-para-introducir-en-los-contratos-entre-programadores-salas-y-compania-teatro-danza\/#breadcrumb","itemListElement":[{"@type":"ListItem","position":1,"name":"Portada","item":"https:\/\/xnet-x.net\/ca\/"},{"@type":"ListItem","position":2,"name":"(Es) Herramientas","item":"https:\/\/xnet-x.net\/ca\/herramientas\/"},{"@type":"ListItem","position":3,"name":"(Es) \u00cdndice documentos","item":"https:\/\/xnet-x.net\/ca\/herramientas\/documentos\/"},{"@type":"ListItem","position":4,"name":"Cl\u00e1usula para introducir en los contratos entre programadores\/salas y compa\u00f1\u00eda (teatro, danza\u2026)"}]},{"@type":"WebSite","@id":"https:\/\/xnet-x.net\/ca\/#website","url":"https:\/\/xnet-x.net\/ca\/","name":"[:es]Xnet - Internet, derechos y democracia en la era digital[:ca]Xnet - Internet, drets i democr\u00e0cia en l'era digital[:en]Xnet - Internet freedoms & digital rights[:]","description":"Xnet: Internet, informaci\u00f3 i cultura lliures. Tecnopol\u00edtica. Dades, algoritmes i drets digitals. Llibertat d&#039;expressi\u00f3. Democr\u00e0cia i anticorrupci\u00f3","publisher":{"@id":"https:\/\/xnet-x.net\/ca\/#organization"},"potentialAction":[{"@type":"SearchAction","target":{"@type":"EntryPoint","urlTemplate":"https:\/\/xnet-x.net\/ca\/?s={search_term_string}"},"query-input":{"@type":"PropertyValueSpecification","valueRequired":true,"valueName":"search_term_string"}}],"inLanguage":"ca-ES"},{"@type":"Organization","@id":"https:\/\/xnet-x.net\/ca\/#organization","name":"Xnet - Internet, drets i democr\u00e0cia en l'era digital","url":"https:\/\/xnet-x.net\/ca\/","logo":{"@type":"ImageObject","inLanguage":"ca-ES","@id":"https:\/\/xnet-x.net\/ca\/#\/schema\/logo\/image\/","url":"https:\/\/xnet-x.net\/img\/xnet-logo.png","contentUrl":"https:\/\/xnet-x.net\/img\/xnet-logo.png","width":512,"height":512,"caption":"Xnet - Internet, drets i democr\u00e0cia en l'era digital"},"image":{"@id":"https:\/\/xnet-x.net\/ca\/#\/schema\/logo\/image\/"},"sameAs":["http:\/\/facebook.com\/RedX.Net\/","https:\/\/x.com\/x_net_","https:\/\/es.wikipedia.org\/wiki\/Xnet"]}]}},"_links":{"self":[{"href":"https:\/\/xnet-x.net\/ca\/wp-json\/wp\/v2\/pages\/74","targetHints":{"allow":["GET"]}}],"collection":[{"href":"https:\/\/xnet-x.net\/ca\/wp-json\/wp\/v2\/pages"}],"about":[{"href":"https:\/\/xnet-x.net\/ca\/wp-json\/wp\/v2\/types\/page"}],"author":[{"embeddable":true,"href":"https:\/\/xnet-x.net\/ca\/wp-json\/wp\/v2\/users\/5"}],"replies":[{"embeddable":true,"href":"https:\/\/xnet-x.net\/ca\/wp-json\/wp\/v2\/comments?post=74"}],"version-history":[{"count":5,"href":"https:\/\/xnet-x.net\/ca\/wp-json\/wp\/v2\/pages\/74\/revisions"}],"predecessor-version":[{"id":22765,"href":"https:\/\/xnet-x.net\/ca\/wp-json\/wp\/v2\/pages\/74\/revisions\/22765"}],"up":[{"embeddable":true,"href":"https:\/\/xnet-x.net\/ca\/wp-json\/wp\/v2\/pages\/43"}],"wp:attachment":[{"href":"https:\/\/xnet-x.net\/ca\/wp-json\/wp\/v2\/media?parent=74"}],"curies":[{"name":"wp","href":"https:\/\/api.w.org\/{rel}","templated":true}]}}