{"id":28392,"date":"2025-06-10T09:00:22","date_gmt":"2025-06-10T07:00:22","guid":{"rendered":"https:\/\/xnet-x.net\/es\/?page_id=28392"},"modified":"2025-06-10T12:02:18","modified_gmt":"2025-06-10T10:02:18","slug":"nueva-quienes-somos","status":"publish","type":"page","link":"https:\/\/xnet-x.net\/ca\/qui-som\/","title":{"rendered":"Qui som"},"content":{"rendered":"<p>Xnet \u00e9s una xarxa d\u2019especialistes i activistes que proposa solucions avan\u00e7ades en diferents camps relacionats amb els drets digitals i l\u2019actualitzaci\u00f3 de la democr\u00e0cia al segle XXI tals com els <a href=\"https:\/\/xnet-x.net\/ca\/eix\/llibertat-expressio-informacio\/\">drets digitals, la privacitat, l\u2019\u00fas de les dades, la IA, la neutralitat de la xarxa<\/a>; la <a href=\"https:\/\/xnet-x.net\/ca\/eix\/llibertat-expressio-informacio\/\">llibertat dexpressi\u00f3 i informaci\u00f3 vs les fake news, la propaganda i la desinformaci\u00f3<\/a>; la <a href=\"https:\/\/xnet-x.net\/ca\/eix\/anticorrupcio\/\">defensa d\u2019informants\/alertadors\/whistleblowers, les filtracions ciutadanes i lluita anticorrupci\u00f3<\/a>; la <a href=\"https:\/\/xnet-x.net\/ca\/eix\/tecnopolitica-hacktivisme-artivisme\/\">tecnopol\u00edtica i la incid\u00e8ncia ciutadana; l\u2019actualitzaci\u00f3 de la democr\u00e0cia amb m\u00e8tode R+D pol\u00edtic, la transpar\u00e8ncia i la participaci\u00f3<\/a> (les de veritat); la <a href=\"https:\/\/xnet-x.net\/ca\/eix\/cultura-lliure\/\">cultura lliure<\/a> i les <a href=\"https:\/\/xnet-x.net\/ca\/eix\/lluites-per-les-llibertats-civils\/\">lluites per les llibertats civils<\/a> en general.<\/p>\n<p>Des del 2008, per un Internet lliure i una democr\u00e0cia real.<\/p>","protected":false},"excerpt":{"rendered":"<p>Xnet \u00e9s una xarxa d\u2019especialistes i activistes que proposa solucions avan\u00e7ades en diferents camps relacionats amb els drets digitals i l\u2019actualitzaci\u00f3 de la democr\u00e0cia al segle XXI tals com els drets digitals, la privacitat, l\u2019\u00fas de les dades, la IA, la neutralitat de la xarxa; la llibertat dexpressi\u00f3 i informaci\u00f3 vs les fake news, la [&hellip;]<\/p>\n","protected":false},"author":14,"featured_media":0,"parent":0,"menu_order":0,"comment_status":"closed","ping_status":"closed","template":"","meta":{"footnotes":""},"class_list":["post-28392","page","type-page","status-publish","hentry"],"yoast_head":"<!-- This site is optimized with the Yoast SEO plugin v26.7 - https:\/\/yoast.com\/wordpress\/plugins\/seo\/ -->\n<title>Qui som -<\/title>\n<meta name=\"robots\" content=\"index, follow, max-snippet:-1, max-image-preview:large, max-video-preview:-1\" \/>\n<link rel=\"canonical\" href=\"https:\/\/xnet-x.net\/ca\/quienes-somos\/\" \/>\n<meta name=\"twitter:label1\" content=\"Est. reading time\" \/>\n\t<meta name=\"twitter:data1\" content=\"1 minute\" \/>\n<script type=\"application\/ld+json\" class=\"yoast-schema-graph\">{\"@context\":\"https:\/\/schema.org\",\"@graph\":[{\"@type\":\"WebPage\",\"@id\":\"https:\/\/xnet-x.net\/ca\/quienes-somos\/\",\"url\":\"https:\/\/xnet-x.net\/ca\/quienes-somos\/\",\"name\":\"Qui som -\",\"isPartOf\":{\"@id\":\"https:\/\/xnet-x.net\/ca\/#website\"},\"datePublished\":\"2025-06-10T07:00:22+00:00\",\"dateModified\":\"2025-06-10T10:02:18+00:00\",\"breadcrumb\":{\"@id\":\"https:\/\/xnet-x.net\/ca\/quienes-somos\/#breadcrumb\"},\"inLanguage\":\"ca-ES\",\"potentialAction\":[{\"@type\":\"ReadAction\",\"target\":[[\"https:\/\/xnet-x.net\/ca\/quienes-somos\/\"]]}]},{\"@type\":\"BreadcrumbList\",\"@id\":\"https:\/\/xnet-x.net\/ca\/quienes-somos\/#breadcrumb\",\"itemListElement\":[{\"@type\":\"ListItem\",\"position\":1,\"name\":\"Portada\",\"item\":\"https:\/\/xnet-x.net\/ca\/\"},{\"@type\":\"ListItem\",\"position\":2,\"name\":\"Qui\u00e9nes somos\"}]},{\"@type\":\"WebSite\",\"@id\":\"https:\/\/xnet-x.net\/ca\/#website\",\"url\":\"https:\/\/xnet-x.net\/ca\/\",\"name\":\"[:es]Xnet - Internet, derechos y democracia en la era digital[:ca]Xnet - Internet, drets i democr\u00e0cia en l'era digital[:en]Xnet - Internet freedoms & digital rights[:]\",\"description\":\"Xnet: Internet, informaci\u00f3 i cultura lliures. Tecnopol\u00edtica. Dades, algoritmes i drets digitals. Llibertat d&#039;expressi\u00f3. Democr\u00e0cia i anticorrupci\u00f3\",\"publisher\":{\"@id\":\"https:\/\/xnet-x.net\/ca\/#organization\"},\"potentialAction\":[{\"@type\":\"SearchAction\",\"target\":{\"@type\":\"EntryPoint\",\"urlTemplate\":\"https:\/\/xnet-x.net\/ca\/?s={search_term_string}\"},\"query-input\":{\"@type\":\"PropertyValueSpecification\",\"valueRequired\":true,\"valueName\":\"search_term_string\"}}],\"inLanguage\":\"ca-ES\"},{\"@type\":\"Organization\",\"@id\":\"https:\/\/xnet-x.net\/ca\/#organization\",\"name\":\"Xnet - Internet, drets i democr\u00e0cia en l'era digital\",\"url\":\"https:\/\/xnet-x.net\/ca\/\",\"logo\":{\"@type\":\"ImageObject\",\"inLanguage\":\"ca-ES\",\"@id\":\"https:\/\/xnet-x.net\/ca\/#\/schema\/logo\/image\/\",\"url\":\"https:\/\/xnet-x.net\/img\/xnet-logo.png\",\"contentUrl\":\"https:\/\/xnet-x.net\/img\/xnet-logo.png\",\"width\":512,\"height\":512,\"caption\":\"Xnet - Internet, drets i democr\u00e0cia en l'era digital\"},\"image\":{\"@id\":\"https:\/\/xnet-x.net\/ca\/#\/schema\/logo\/image\/\"},\"sameAs\":[\"http:\/\/facebook.com\/RedX.Net\/\",\"https:\/\/x.com\/x_net_\",\"https:\/\/es.wikipedia.org\/wiki\/Xnet\"]}]}<\/script>\n<!-- \/ Yoast SEO plugin. -->","yoast_head_json":{"title":"Qui som -","robots":{"index":"index","follow":"follow","max-snippet":"max-snippet:-1","max-image-preview":"max-image-preview:large","max-video-preview":"max-video-preview:-1"},"canonical":"https:\/\/xnet-x.net\/ca\/quienes-somos\/","twitter_misc":{"Est. reading time":"1 minute"},"schema":{"@context":"https:\/\/schema.org","@graph":[{"@type":"WebPage","@id":"https:\/\/xnet-x.net\/ca\/quienes-somos\/","url":"https:\/\/xnet-x.net\/ca\/quienes-somos\/","name":"Qui som -","isPartOf":{"@id":"https:\/\/xnet-x.net\/ca\/#website"},"datePublished":"2025-06-10T07:00:22+00:00","dateModified":"2025-06-10T10:02:18+00:00","breadcrumb":{"@id":"https:\/\/xnet-x.net\/ca\/quienes-somos\/#breadcrumb"},"inLanguage":"ca-ES","potentialAction":[{"@type":"ReadAction","target":[["https:\/\/xnet-x.net\/ca\/quienes-somos\/"]]}]},{"@type":"BreadcrumbList","@id":"https:\/\/xnet-x.net\/ca\/quienes-somos\/#breadcrumb","itemListElement":[{"@type":"ListItem","position":1,"name":"Portada","item":"https:\/\/xnet-x.net\/ca\/"},{"@type":"ListItem","position":2,"name":"Qui\u00e9nes somos"}]},{"@type":"WebSite","@id":"https:\/\/xnet-x.net\/ca\/#website","url":"https:\/\/xnet-x.net\/ca\/","name":"[:es]Xnet - Internet, derechos y democracia en la era digital[:ca]Xnet - Internet, drets i democr\u00e0cia en l'era digital[:en]Xnet - Internet freedoms & digital rights[:]","description":"Xnet: Internet, informaci\u00f3 i cultura lliures. Tecnopol\u00edtica. Dades, algoritmes i drets digitals. Llibertat d&#039;expressi\u00f3. Democr\u00e0cia i anticorrupci\u00f3","publisher":{"@id":"https:\/\/xnet-x.net\/ca\/#organization"},"potentialAction":[{"@type":"SearchAction","target":{"@type":"EntryPoint","urlTemplate":"https:\/\/xnet-x.net\/ca\/?s={search_term_string}"},"query-input":{"@type":"PropertyValueSpecification","valueRequired":true,"valueName":"search_term_string"}}],"inLanguage":"ca-ES"},{"@type":"Organization","@id":"https:\/\/xnet-x.net\/ca\/#organization","name":"Xnet - Internet, drets i democr\u00e0cia en l'era digital","url":"https:\/\/xnet-x.net\/ca\/","logo":{"@type":"ImageObject","inLanguage":"ca-ES","@id":"https:\/\/xnet-x.net\/ca\/#\/schema\/logo\/image\/","url":"https:\/\/xnet-x.net\/img\/xnet-logo.png","contentUrl":"https:\/\/xnet-x.net\/img\/xnet-logo.png","width":512,"height":512,"caption":"Xnet - Internet, drets i democr\u00e0cia en l'era digital"},"image":{"@id":"https:\/\/xnet-x.net\/ca\/#\/schema\/logo\/image\/"},"sameAs":["http:\/\/facebook.com\/RedX.Net\/","https:\/\/x.com\/x_net_","https:\/\/es.wikipedia.org\/wiki\/Xnet"]}]}},"_links":{"self":[{"href":"https:\/\/xnet-x.net\/ca\/wp-json\/wp\/v2\/pages\/28392","targetHints":{"allow":["GET"]}}],"collection":[{"href":"https:\/\/xnet-x.net\/ca\/wp-json\/wp\/v2\/pages"}],"about":[{"href":"https:\/\/xnet-x.net\/ca\/wp-json\/wp\/v2\/types\/page"}],"author":[{"embeddable":true,"href":"https:\/\/xnet-x.net\/ca\/wp-json\/wp\/v2\/users\/14"}],"replies":[{"embeddable":true,"href":"https:\/\/xnet-x.net\/ca\/wp-json\/wp\/v2\/comments?post=28392"}],"version-history":[{"count":3,"href":"https:\/\/xnet-x.net\/ca\/wp-json\/wp\/v2\/pages\/28392\/revisions"}],"predecessor-version":[{"id":28399,"href":"https:\/\/xnet-x.net\/ca\/wp-json\/wp\/v2\/pages\/28392\/revisions\/28399"}],"wp:attachment":[{"href":"https:\/\/xnet-x.net\/ca\/wp-json\/wp\/v2\/media?parent=28392"}],"curies":[{"name":"wp","href":"https:\/\/api.w.org\/{rel}","templated":true}]}}